{"id":50750,"date":"2026-01-08T14:45:08","date_gmt":"2026-01-08T06:45:08","guid":{"rendered":"https:\/\/ulpmat.com\/product\/oxido-de-vanadio-4\/"},"modified":"2026-01-08T14:45:08","modified_gmt":"2026-01-08T06:45:08","slug":"oxido-de-vanadio-4","status":"publish","type":"product","link":"https:\/\/ulpmat.com\/es\/producto\/oxido-de-vanadio-4\/","title":{"rendered":"\u00d3xido de vanadio"},"content":{"rendered":"<h2><span style=\"font-size: 14pt;\">Objetivos de pulverizaci\u00f3n de \u00f3xido de vanadio Descripci\u00f3n general<\/span><\/h2>\n<p>Los objetivos de pulverizaci\u00f3n<br \/>\n<span style=\"color: #0000ff;\"><a style=\"color: #0000ff;\" href=\"https:\/\/ulpmat.com\/es\/buscar\/?type=name&#038;keyword=Vanadium+Oxide\">de \u00f3xido de vanadio<\/a><\/span><br \/>\nson importantes objetivos de \u00f3xido de metal de transici\u00f3n adecuados para preparar pel\u00edculas delgadas de \u00f3xido con propiedades el\u00e9ctricas y estructurales especiales. Este producto se utiliza ampliamente en pel\u00edculas delgadas funcionales, investigaci\u00f3n de dispositivos electr\u00f3nicos y el desarrollo de materiales y procesos relacionados con el cambio de fase.<\/p>\n<p>Ofrecemos objetivos de pulverizaci\u00f3n de V\u2082O\u2083 en varios tama\u00f1os y estructuras, lo que permite la adaptaci\u00f3n de procesos y el procesamiento personalizado. P\u00f3ngase<span style=\"color: #0000ff;\"><a style=\"color: #0000ff;\" href=\"https:\/\/ulpmat.com\/es\/contacto\/\"> en contacto con nosotros<\/a><\/span><br \/>\npara obtener <span style=\"color: #0000ff;\"><a style=\"color: #0000ff;\" href=\"https:\/\/ulpmat.com\/es\/servicio\/asistencia-tecnica\/\">asistencia t\u00e9cnica.<\/a><\/span><\/p>\n<h2><span style=\"font-size: 14pt;\">Caracter\u00edsticas destacadas del producto<\/span><\/h2>\n<p>Composici\u00f3n de \u00f3xido estable.<br \/>\nAlta densidad del blanco.<br \/>\nProceso de pulverizaci\u00f3n controlable.<br \/>\nBuena repetibilidad de la pel\u00edcula.<br \/>\nCompatible con diversos procesos de deposici\u00f3n.<br \/>\nAdmite <span style=\"color: #0000ff;\"><a style=\"color: #0000ff;\" href=\"https:\/\/ulpmat.com\/es\/servicio\/vinculacion-de-objetivos\/\">uni\u00f3n<\/a><\/span><br \/>\nde placas base<\/p>\n<h2><span style=\"font-size: 14pt;\">. Aplicaciones de los blancos de pulverizaci\u00f3n de \u00f3xido de vanadio<\/span><\/h2>\n<p><strong>Preparaci\u00f3n de pel\u00edculas delgadas de \u00f3xido funcional:<\/strong><br \/>\nse pueden utilizar para depositar pel\u00edculas delgadas de \u00f3xido de metal de transici\u00f3n, cumpliendo los requisitos de aplicaciones con propiedades el\u00e9ctricas y estructurales espec\u00edficas.<\/p>\n<p><strong>Investigaci\u00f3n de materiales y dispositivos de cambio de fase:<\/strong><br \/>\neste objetivo se utiliza a menudo para estudiar el comportamiento del cambio de fase en relaci\u00f3n con la temperatura o los campos externos, y es una importante fuente de deposici\u00f3n para materiales funcionales de cambio de fase.<\/p>\n<p><strong>Aplicaciones en electr\u00f3nica y dispositivos micro\/nano:<\/strong><br \/>\nlas pel\u00edculas delgadas de V\u2082O\u2083 pueden servir como capas funcionales en el dise\u00f1o de la estructura de los dispositivos durante la fabricaci\u00f3n de dispositivos electr\u00f3nicos y estructuras micro\/nano.<\/p>\n<p><strong>Investigaci\u00f3n y desarrollo de par\u00e1metros de proceso:<\/strong><br \/>\nAdecuado para universidades e instituciones de investigaci\u00f3n para explorar las ventanas del proceso de pulverizaci\u00f3n y investigar el control del rendimiento de las pel\u00edculas delgadas.<\/p>\n<h2><span style=\"color: #0000ff; font-size: 14pt;\"><a style=\"color: #0000ff;\" href=\"https:\/\/ulpmat.com\/es\/empresa\/preguntas-frecuentes\/\">Preguntas frecuentes<\/a><\/span><\/h2>\n<p>P1: \u00bfPara qu\u00e9 m\u00e9todo de pulverizaci\u00f3n es adecuado el blanco de pulverizaci\u00f3n de \u00f3xido de vanadio?<br \/>\nR1: Este blanco se puede utilizar para la pulverizaci\u00f3n por radiofrecuencia y, en condiciones adecuadas, para la pulverizaci\u00f3n por corriente continua, dependiendo de la configuraci\u00f3n del equipo.<\/p>\n<p>P2: \u00bfEs necesario controlar la atm\u00f3sfera cuando se utilizan blancos de V\u2082O\u2083?<br \/>\nR2: Por lo general, es necesario controlar la atm\u00f3sfera de deposici\u00f3n para obtener la composici\u00f3n y la estructura deseadas de la pel\u00edcula delgada.<\/p>\n<p>P3: \u00bfSe pueden unir los blancos de pulverizaci\u00f3n de \u00f3xido de vanadio a una placa base?<br \/>\nR3: S\u00ed, dependiendo de los requisitos de la aplicaci\u00f3n, el blanco se puede unir a una placa base met\u00e1lica para mejorar la disipaci\u00f3n del calor y la estabilidad del montaje.<\/p>\n<p>P4: \u00bfEl blanco de \u00f3xido de vanadio es m\u00e1s adecuado para aplicaciones de investigaci\u00f3n o de producci\u00f3n?<br \/>\nR4: Actualmente se utiliza principalmente en la investigaci\u00f3n cient\u00edfica y el desarrollo de procesos a peque\u00f1a escala, pero tambi\u00e9n es adecuado para la producci\u00f3n piloto de pel\u00edculas delgadas funcionales espec\u00edficas.<\/p>\n<h2><span style=\"font-size: 14pt;\">Informes<\/span><\/h2>\n<p>Cada lote se suministra con:<br \/>\n<span style=\"color: #0000ff;\"><a style=\"color: #0000ff;\" href=\"https:\/\/ulpmat.com\/es\/documentos\/certificado-de-analisis\/\"><u>Certificado de an\u00e1lisis (COA)<\/u><\/a><\/span><\/p>\n<p><span style=\"color: #0000ff;\"><a style=\"color: #0000ff;\" href=\"https:\/\/ulpmat.com\/es\/documentos\/ficha-tecnica\/\"><u>Ficha t\u00e9cnica (TDS)<\/u><\/a><\/span><\/p>\n<p><span style=\"color: #0000ff;\"><a style=\"color: #0000ff;\" href=\"https:\/\/ulpmat.com\/es\/documentos\/ficha-de-datos-de-seguridad\/\"><u>Ficha de datos de seguridad (MSDS)<\/u><\/a><\/span><br \/>\nInforme de inspecci\u00f3n de tama\u00f1o<br \/>\nInformes de pruebas de terceros disponibles bajo petici\u00f3n<\/p>\n<h2><span style=\"font-size: 14pt;\">\u00bfPor qu\u00e9 elegirnos?<\/span><\/h2>\n<p>Contamos con una amplia experiencia en el suministro de blancos de pulverizaci\u00f3n de \u00f3xidos, estamos familiarizados con las caracter\u00edsticas de aplicaci\u00f3n del V\u2082O\u2083 en la deposici\u00f3n de pel\u00edculas finas y la investigaci\u00f3n de transici\u00f3n de fase, y podemos proporcionar una calidad estable de los blancos, informaci\u00f3n t\u00e9cnica clara y un soporte <span style=\"color: #0000ff;\"><a style=\"color: #0000ff;\" href=\"https:\/\/ulpmat.com\/es\/servicio\/personalizacion\/\">de personalizaci\u00f3n<\/a><\/span><br \/>\nflexible para ayudar a los clientes a avanzar de manera eficiente en sus proyectos de investigaci\u00f3n y aplicaci\u00f3n.<\/p>\n","protected":false},"excerpt":{"rendered":"<p>Objetivos de pulverizaci\u00f3n de \u00f3xido de vanadio Descripci\u00f3n general Los objetivos de pulverizaci\u00f3n de \u00f3xido de vanadio son importantes objetivos de \u00f3xido de metal de transici\u00f3n adecuados para preparar pel\u00edculas delgadas de \u00f3xido con propiedades el\u00e9ctricas y estructurales especiales. Este producto se utiliza ampliamente en pel\u00edculas delgadas funcionales, investigaci\u00f3n de dispositivos electr\u00f3nicos y el desarrollo [&hellip;]<\/p>\n","protected":false},"featured_media":50751,"template":"","meta":{"_acf_changed":false},"product_brand":[132],"product_cat":[457],"product_tag":[7537],"class_list":{"0":"post-50750","1":"product","2":"type-product","3":"status-publish","4":"has-post-thumbnail","6":"product_brand-ulpmat","7":"product_cat-blanco-ceramico-para-sputtering","8":"product_tag-catodos-para-sputtering-de-oxido-de-vanadio","10":"first","11":"instock","12":"shipping-taxable","13":"product-type-variable"},"acf":[],"_links":{"self":[{"href":"https:\/\/ulpmat.com\/es\/wp-json\/wp\/v2\/product\/50750","targetHints":{"allow":["GET"]}}],"collection":[{"href":"https:\/\/ulpmat.com\/es\/wp-json\/wp\/v2\/product"}],"about":[{"href":"https:\/\/ulpmat.com\/es\/wp-json\/wp\/v2\/types\/product"}],"wp:featuredmedia":[{"embeddable":true,"href":"https:\/\/ulpmat.com\/es\/wp-json\/wp\/v2\/media\/50751"}],"wp:attachment":[{"href":"https:\/\/ulpmat.com\/es\/wp-json\/wp\/v2\/media?parent=50750"}],"wp:term":[{"taxonomy":"product_brand","embeddable":true,"href":"https:\/\/ulpmat.com\/es\/wp-json\/wp\/v2\/product_brand?post=50750"},{"taxonomy":"product_cat","embeddable":true,"href":"https:\/\/ulpmat.com\/es\/wp-json\/wp\/v2\/product_cat?post=50750"},{"taxonomy":"product_tag","embeddable":true,"href":"https:\/\/ulpmat.com\/es\/wp-json\/wp\/v2\/product_tag?post=50750"}],"curies":[{"name":"wp","href":"https:\/\/api.w.org\/{rel}","templated":true}]}}