{"id":50720,"date":"2026-01-08T14:45:09","date_gmt":"2026-01-08T06:45:09","guid":{"rendered":"https:\/\/ulpmat.com\/product\/oxido-de-vanadio-3\/"},"modified":"2026-01-08T14:45:09","modified_gmt":"2026-01-08T06:45:09","slug":"oxido-de-vanadio-3","status":"publish","type":"product","link":"https:\/\/ulpmat.com\/es\/producto\/oxido-de-vanadio-3\/","title":{"rendered":"\u00d3xido de vanadio"},"content":{"rendered":"<h2><span style=\"font-size: 14pt;\">Objetivos de pulverizaci\u00f3n de \u00f3xido de vanadio Descripci\u00f3n general<\/span><\/h2>\n<p>Los objetivos de pulverizaci\u00f3n<br \/>\n<span style=\"color: #0000ff;\"><a style=\"color: #0000ff;\" href=\"https:\/\/ulpmat.com\/es\/buscar\/?type=name&#038;keyword=Vanadium+Oxide\">de \u00f3xido de vanadio<\/a><\/span><br \/>\nson objetivos t\u00edpicos de \u00f3xido de vanadio adecuados para preparar pel\u00edculas delgadas funcionales con propiedades de respuesta <span style=\"color: #0000ff;\"><a style=\"color: #0000ff;\" href=\"https:\/\/ulpmat.com\/es\/solicitud\/materiales-opticos\/\">\u00f3ptica<\/a><\/span><br \/>\ny el\u00e9ctrica. Este material se utiliza com\u00fanmente en campos de investigaci\u00f3n como materiales inteligentes, recubrimientos funcionales y procesos relacionados con pel\u00edculas delgadas.<\/p>\n<p>Podemos proporcionar servicios de procesamiento y suministro de objetivos de pulverizaci\u00f3n de V2O5 de acuerdo con los diferentes requisitos de los equipos. P\u00f3ngase<span style=\"color: #0000ff;\"><a style=\"color: #0000ff;\" href=\"https:\/\/ulpmat.com\/es\/contacto\/\"> en contacto con nosotros<\/a><\/span><br \/>\npara obtener las especificaciones correspondientes.<\/p>\n<h2><span style=\"font-size: 14pt;\">Caracter\u00edsticas destacadas del producto<\/span><\/h2>\n<p>Composici\u00f3n definitiva de la fase de \u00f3xido.<br \/>\nEstructura densa del blanco.<br \/>\nProceso de pulverizaci\u00f3n estable y controlable.<br \/>\nBuena consistencia de la pel\u00edcula delgada.<br \/>\nAdecuado para pulverizaci\u00f3n por radiofrecuencia.<br \/>\nCompatible con estructuras <span style=\"color: #0000ff;\"><a style=\"color: #0000ff;\" href=\"https:\/\/ulpmat.com\/es\/servicio\/vinculacion-de-objetivos\/\">de uni\u00f3n<\/a><\/span><br \/>\nde placa base<\/p>\n<h2><span style=\"font-size: 14pt;\">. Aplicaciones de los blancos de pulverizaci\u00f3n de \u00f3xido de vanadio<\/span><\/h2>\n<p><span style=\"color: #000000;\"><strong>Pel\u00edculas delgadas electrocr\u00f3micas y \u00f3pticas:<\/strong><\/span><br \/>\nse pueden utilizar para preparar pel\u00edculas delgadas con capacidades de control \u00f3ptico, con valor de aplicaci\u00f3n en la investigaci\u00f3n de ventanas inteligentes y materiales funcionales \u00f3pticos.<\/p>\n<p><strong>Pel\u00edculas delgadas relacionadas con sensores funcionales:<\/strong><br \/>\nlas pel\u00edculas delgadas preparadas con este objetivo presentan buenas caracter\u00edsticas de respuesta a los cambios en el entorno externo, adecuadas para la investigaci\u00f3n y el desarrollo de materiales para sensores.<\/p>\n<p><strong>Investigaci\u00f3n de pel\u00edculas delgadas de materiales energ\u00e9ticos y de almacenamiento de energ\u00eda:<\/strong><br \/>\nlas pel\u00edculas delgadas de V2O5 tienen importancia para la investigaci\u00f3n en el campo de los materiales relacionados con la energ\u00eda, y los objetivos de pulverizaci\u00f3n proporcionan una fuente estable para su preparaci\u00f3n.<\/p>\n<p><strong>Investigaci\u00f3n y optimizaci\u00f3n de los par\u00e1metros del proceso:<\/strong><br \/>\nAdecuado para universidades e instituciones de investigaci\u00f3n, se utiliza para la optimizaci\u00f3n de los par\u00e1metros de pulverizaci\u00f3n, el control de la estructura de la pel\u00edcula delgada y las pruebas de rendimiento.<\/p>\n<h2><span style=\"color: #0000ff;\"><a style=\"color: #0000ff;\" href=\"https:\/\/ulpmat.com\/es\/empresa\/preguntas-frecuentes\/\"><span style=\"font-size: 14pt;\">Preguntas frecuentes<\/span><\/a><\/span><\/h2>\n<p>P1: \u00bfCu\u00e1l es la funci\u00f3n principal de los blancos de pulverizaci\u00f3n de \u00f3xido de vanadio en la deposici\u00f3n de pel\u00edculas delgadas?<br \/>\nR1: Este blanco sirve como fuente de material para pel\u00edculas delgadas de \u00f3xido de vanadio, utilizadas para formar capas funcionales con propiedades \u00f3pticas, el\u00e9ctricas o qu\u00edmicas espec\u00edficas.<\/p>\n<p>P2: \u00bfExisten requisitos especiales para los par\u00e1metros de pulverizaci\u00f3n cuando se utilizan blancos de V\u2082O\u2085?<br \/>\nR2: La potencia de pulverizaci\u00f3n, la proporci\u00f3n de gas y la temperatura del sustrato afectan a la estructura de la pel\u00edcula delgada, y normalmente es necesario optimizar el proceso en funci\u00f3n de la aplicaci\u00f3n del blanco.<\/p>\n<p>P3: \u00bfSon estables los blancos de pulverizaci\u00f3n de \u00f3xido de vanadio en el uso a largo plazo?<br \/>\nR3: En condiciones de pulverizaci\u00f3n razonables, el blanco presenta una buena estabilidad estructural y es adecuado para experimentos de deposici\u00f3n continuos o repetidos.<\/p>\n<p>P4: \u00bfEn qu\u00e9 \u00e1reas de investigaci\u00f3n se utilizan habitualmente las pel\u00edculas delgadas preparadas con blancos de \u00f3xido de vanadio?<br \/>\nR4: Se utilizan habitualmente en pel\u00edculas delgadas electrocr\u00f3micas relacionadas con la energ\u00eda, materiales funcionales de detecci\u00f3n e investigaci\u00f3n de nuevas pel\u00edculas delgadas de \u00f3xido.<\/p>\n<h2><span style=\"font-size: 14pt;\">Informe<\/span><\/h2>\n<p>Cada lote se suministra con:<br \/>\n<span style=\"color: #0000ff;\"><a style=\"color: #0000ff;\" href=\"https:\/\/ulpmat.com\/es\/documentos\/certificado-de-analisis\/\"><u>Certificado de an\u00e1lisis (COA)<\/u><\/a><\/span><\/p>\n<p><span style=\"color: #0000ff;\"><a style=\"color: #0000ff;\" href=\"https:\/\/ulpmat.com\/es\/documentos\/ficha-tecnica\/\"><u>Ficha t\u00e9cnica (TDS)<\/u><\/a><\/span><\/p>\n<p><span style=\"color: #0000ff;\"><a style=\"color: #0000ff;\" href=\"https:\/\/ulpmat.com\/es\/documentos\/ficha-de-datos-de-seguridad\/\"><u>Ficha de datos de seguridad (MSDS)<\/u><\/a><\/span><br \/>\nInforme de inspecci\u00f3n de tama\u00f1o<br \/>\nInformes de pruebas de terceros disponibles bajo petici\u00f3n<\/p>\n<h2><span style=\"font-size: 14pt;\">\u00bfPor qu\u00e9 elegirnos?<\/span><\/h2>\n<p>Nos especializamos en el suministro a largo plazo de blancos de pulverizaci\u00f3n de \u00f3xido, estamos familiarizados con las caracter\u00edsticas de aplicaci\u00f3n del V\u2082O\u2085 en pel\u00edculas delgadas funcionales y podemos proporcionar una calidad de producto estable, <span style=\"color: #0000ff;\"><a style=\"color: #0000ff;\" href=\"https:\/\/ulpmat.com\/es\/servicio\/personalizacion\/\">una personalizaci\u00f3n<\/a><\/span><br \/>\nflexible de las especificaciones y <span style=\"color: #0000ff;\"><a style=\"color: #0000ff;\" href=\"https:\/\/ulpmat.com\/es\/servicio\/asistencia-tecnica\/\">un soporte t\u00e9cnico<\/a><\/span><br \/>\nclaro<span style=\"color: #0000ff;\">.<\/span><\/p>\n","protected":false},"excerpt":{"rendered":"<p>Objetivos de pulverizaci\u00f3n de \u00f3xido de vanadio Descripci\u00f3n general Los objetivos de pulverizaci\u00f3n de \u00f3xido de vanadio son objetivos t\u00edpicos de \u00f3xido de vanadio adecuados para preparar pel\u00edculas delgadas funcionales con propiedades de respuesta \u00f3ptica y el\u00e9ctrica. Este material se utiliza com\u00fanmente en campos de investigaci\u00f3n como materiales inteligentes, recubrimientos funcionales y procesos relacionados con [&hellip;]<\/p>\n","protected":false},"featured_media":50728,"template":"","meta":{"_acf_changed":false},"product_brand":[132],"product_cat":[457],"product_tag":[7537],"class_list":{"0":"post-50720","1":"product","2":"type-product","3":"status-publish","4":"has-post-thumbnail","6":"product_brand-ulpmat","7":"product_cat-blanco-ceramico-para-sputtering","8":"product_tag-catodos-para-sputtering-de-oxido-de-vanadio","10":"first","11":"instock","12":"shipping-taxable","13":"product-type-variable"},"acf":[],"_links":{"self":[{"href":"https:\/\/ulpmat.com\/es\/wp-json\/wp\/v2\/product\/50720","targetHints":{"allow":["GET"]}}],"collection":[{"href":"https:\/\/ulpmat.com\/es\/wp-json\/wp\/v2\/product"}],"about":[{"href":"https:\/\/ulpmat.com\/es\/wp-json\/wp\/v2\/types\/product"}],"wp:featuredmedia":[{"embeddable":true,"href":"https:\/\/ulpmat.com\/es\/wp-json\/wp\/v2\/media\/50728"}],"wp:attachment":[{"href":"https:\/\/ulpmat.com\/es\/wp-json\/wp\/v2\/media?parent=50720"}],"wp:term":[{"taxonomy":"product_brand","embeddable":true,"href":"https:\/\/ulpmat.com\/es\/wp-json\/wp\/v2\/product_brand?post=50720"},{"taxonomy":"product_cat","embeddable":true,"href":"https:\/\/ulpmat.com\/es\/wp-json\/wp\/v2\/product_cat?post=50720"},{"taxonomy":"product_tag","embeddable":true,"href":"https:\/\/ulpmat.com\/es\/wp-json\/wp\/v2\/product_tag?post=50720"}],"curies":[{"name":"wp","href":"https:\/\/api.w.org\/{rel}","templated":true}]}}