{"id":50648,"date":"2026-01-08T14:45:10","date_gmt":"2026-01-08T06:45:10","guid":{"rendered":"https:\/\/ulpmat.com\/product\/vanadio-aluminio\/"},"modified":"2026-01-08T14:45:10","modified_gmt":"2026-01-08T06:45:10","slug":"vanadio-aluminio","status":"publish","type":"product","link":"https:\/\/ulpmat.com\/es\/producto\/vanadio-aluminio\/","title":{"rendered":"Vanadio Aluminio"},"content":{"rendered":"<h2><span style=\"font-size: 14pt;\">Descripci\u00f3n general del polvo de aluminio y vanadio<\/span><\/h2>\n<p>El polvo<br \/>\n<span style=\"color: #0000ff;\"><a style=\"color: #0000ff;\" href=\"https:\/\/ulpmat.com\/es\/buscar\/?type=name&#038;keyword=Vanadium+aluminum\">de aluminio y<\/a><\/span><\/p>\n<p><span style=\"color: #0000ff;\"><a style=\"color: #0000ff;\" href=\"https:\/\/ulpmat.com\/es\/buscar\/?type=name&#038;keyword=Vanadium+aluminum\">vanadio<\/a><\/span><br \/>\nes un material aleado compuesto principalmente por vanadio y aluminio, que posee ligereza y estabilidad estructural. Este producto se utiliza habitualmente en la investigaci\u00f3n de materiales para altas temperaturas, el desarrollo de sistemas aleados y la exploraci\u00f3n experimental y aplicada de materiales funcionales relacionados.<\/p>\n<p>Podemos proporcionar un suministro estable de productos de polvo aleado de aluminio y vanadio para diversas aplicaciones. P\u00f3ngase <span style=\"color: #0000ff;\"><a style=\"color: #0000ff;\" href=\"https:\/\/ulpmat.com\/es\/contacto\/\">en contacto con nosotros<\/a><\/span><br \/>\npara obtener informaci\u00f3n t\u00e9cnica y asistencia.<\/p>\n<h2><span style=\"font-size: 14pt;\">Caracter\u00edsticas destacadas del producto<\/span><\/h2>\n<p>Sistema de aleaci\u00f3n de vanadio y aluminio.<br \/>\nMorfolog\u00eda uniforme del polvo.<br \/>\nF\u00e1cil dosificaci\u00f3n de la aleaci\u00f3n.<br \/>\nAdecuado para procesos de pulvimetalurgia.<br \/>\nEstructura y composici\u00f3n estables.<br \/>\nAdecuado para investigaci\u00f3n y desarrollo<\/p>\n<h2><span style=\"font-size: 14pt;\">. Aplicaciones del polvo de vanadio y aluminio<\/span><\/h2>\n<p><strong>Investigaci\u00f3n de materiales estructurales y de alta temperatura:<\/strong><br \/>\nse utiliza habitualmente en la investigaci\u00f3n de aleaciones de alta temperatura o materiales estructurales ligeros, y es adecuado para explorar su rendimiento en condiciones de trabajo complejas.<br \/>\n<strong>Desarrollo y optimizaci\u00f3n de sistemas de aleaci\u00f3n:<\/strong><br \/>\nen el desarrollo de aleaciones multielemento, este polvo puede servir como materia prima b\u00e1sica para experimentos de control de la composici\u00f3n y optimizaci\u00f3n del rendimiento.<br \/>\n<strong>Metalurgia de polvos y materiales sinterizados:<\/strong><br \/>\neste producto es adecuado para procesos de prensado y sinterizaci\u00f3n y se puede utilizar para preparar cuerpos sinterizados a base de vanadio-aluminio o materiales compuestos.<br \/>\n<strong>Investigaci\u00f3n y pruebas a escala piloto:<\/strong><br \/>\nadecuado para universidades, instituciones de investigaci\u00f3n y departamentos de I+D de empresas para la verificaci\u00f3n de materiales, experimentos a escala piloto y evaluaci\u00f3n del rendimiento.<\/p>\n<h2><span style=\"color: #0000ff; font-size: 14pt;\"><a style=\"color: #0000ff;\" href=\"https:\/\/ulpmat.com\/es\/empresa\/preguntas-frecuentes\/\">Preguntas frecuentes<\/a><\/span><\/h2>\n<p>P1: \u00bfEl polvo de vanadio-aluminio es un polvo met\u00e1lico o un polvo de aleaci\u00f3n?<br \/>\nR1: Este producto es un polvo de aleaci\u00f3n de vanadio-aluminio, compuesto por vanadio y aluminio, adecuado para la investigaci\u00f3n relacionada con aleaciones.<\/p>\n<p>P2: \u00bfQu\u00e9 m\u00e9todos de procesamiento son adecuados para el polvo de vanadio-aluminio?<br \/>\nR2: Se puede utilizar en metalurgia de polvos, mezcla de polvos, sinterizaci\u00f3n y otros procesos, dependiendo de los requisitos de la aplicaci\u00f3n final.<\/p>\n<p>P3: \u00bfEl polvo de vanadio-aluminio se utiliza principalmente para investigaci\u00f3n o producci\u00f3n?<br \/>\nR3: Actualmente, se utiliza principalmente en la fase de investigaci\u00f3n y desarrollo de materiales, y tambi\u00e9n se puede utilizar para la verificaci\u00f3n de procesos en \u00e1reas espec\u00edficas.<\/p>\n<p>P4: \u00bfCu\u00e1les son las recomendaciones de almacenamiento para el polvo de vanadio y aluminio?<br \/>\nR4: Se recomienda almacenarlo en un recipiente herm\u00e9tico en un entorno seco, evitando la humedad y el contacto con sustancias corrosivas.<\/p>\n<h2><span style=\"font-size: 14pt;\">Informe<\/span><\/h2>\n<p>Cada lote se suministra con:<br \/>\n<span style=\"color: #0000ff;\"><a style=\"color: #0000ff;\" href=\"https:\/\/ulpmat.com\/es\/documentos\/certificado-de-analisis\/\"><u>Certificado de an\u00e1lisis (COA)<\/u><\/a><\/span><\/p>\n<p><span style=\"color: #0000ff;\"><a style=\"color: #0000ff;\" href=\"https:\/\/ulpmat.com\/es\/documentos\/ficha-tecnica\/\"><u>Ficha t\u00e9cnica (TDS)<\/u><\/a><\/span><\/p>\n<p><span style=\"color: #0000ff;\"><a style=\"color: #0000ff;\" href=\"https:\/\/ulpmat.com\/es\/documentos\/ficha-de-datos-de-seguridad\/\"><u>Ficha de datos de seguridad (MSDS)<\/u><\/a><\/span><br \/>\nInformes de pruebas de terceros disponibles bajo petici\u00f3n<\/p>\n<h2><span style=\"font-size: 14pt;\">\u00bfPor qu\u00e9 elegirnos?<\/span><\/h2>\n<p>Nos especializamos en el suministro a largo plazo de materiales en polvo de metales y aleaciones, estamos familiarizados con las necesidades de aplicaci\u00f3n de las aleaciones de vanadio-aluminio en la investigaci\u00f3n cient\u00edfica y el desarrollo de materiales, y podemos proporcionar una calidad de producto estable, informaci\u00f3n t\u00e9cnica clara y un servicio de asistencia fiable para ayudar a los clientes a avanzar de manera eficiente en el progreso de sus proyectos.<\/p>\n","protected":false},"excerpt":{"rendered":"<p>Descripci\u00f3n general del polvo de aluminio y vanadio El polvo de aluminio y vanadio es un material aleado compuesto principalmente por vanadio y aluminio, que posee ligereza y estabilidad estructural. Este producto se utiliza habitualmente en la investigaci\u00f3n de materiales para altas temperaturas, el desarrollo de sistemas aleados y la exploraci\u00f3n experimental y aplicada de [&hellip;]<\/p>\n","protected":false},"featured_media":50649,"template":"","meta":{"_acf_changed":false},"product_brand":[132],"product_cat":[338],"product_tag":[7585],"class_list":{"0":"post-50648","1":"product","2":"type-product","3":"status-publish","4":"has-post-thumbnail","6":"product_brand-ulpmat","7":"product_cat-metales-puros-y-aleaciones","8":"product_tag-aluminio-vanadio-en-polvo","10":"first","11":"instock","12":"shipping-taxable","13":"product-type-variable"},"acf":[],"_links":{"self":[{"href":"https:\/\/ulpmat.com\/es\/wp-json\/wp\/v2\/product\/50648","targetHints":{"allow":["GET"]}}],"collection":[{"href":"https:\/\/ulpmat.com\/es\/wp-json\/wp\/v2\/product"}],"about":[{"href":"https:\/\/ulpmat.com\/es\/wp-json\/wp\/v2\/types\/product"}],"wp:featuredmedia":[{"embeddable":true,"href":"https:\/\/ulpmat.com\/es\/wp-json\/wp\/v2\/media\/50649"}],"wp:attachment":[{"href":"https:\/\/ulpmat.com\/es\/wp-json\/wp\/v2\/media?parent=50648"}],"wp:term":[{"taxonomy":"product_brand","embeddable":true,"href":"https:\/\/ulpmat.com\/es\/wp-json\/wp\/v2\/product_brand?post=50648"},{"taxonomy":"product_cat","embeddable":true,"href":"https:\/\/ulpmat.com\/es\/wp-json\/wp\/v2\/product_cat?post=50648"},{"taxonomy":"product_tag","embeddable":true,"href":"https:\/\/ulpmat.com\/es\/wp-json\/wp\/v2\/product_tag?post=50648"}],"curies":[{"name":"wp","href":"https:\/\/api.w.org\/{rel}","templated":true}]}}