{"id":50540,"date":"2026-01-08T14:45:11","date_gmt":"2026-01-08T06:45:11","guid":{"rendered":"https:\/\/ulpmat.com\/product\/carburo-de-vanadio\/"},"modified":"2026-01-08T14:45:11","modified_gmt":"2026-01-08T06:45:11","slug":"carburo-de-vanadio","status":"publish","type":"product","link":"https:\/\/ulpmat.com\/es\/producto\/carburo-de-vanadio\/","title":{"rendered":"Carburo de vanadio"},"content":{"rendered":"<h2><span style=\"font-size: 14pt;\">Objetivos de pulverizaci\u00f3n de carburo de vanadio Descripci\u00f3n general<\/span><\/h2>\n<p>Los objetivos de pulverizaci\u00f3n<br \/>\n<span style=\"color: #0000ff;\"><a style=\"color: #0000ff;\" href=\"https:\/\/ulpmat.com\/es\/buscar\/?type=name&#038;keyword=Vanadium+carbide\">de carburo de vanadio<\/a><\/span><br \/>\nson objetivos funcionales que combinan una alta dureza y una alta estabilidad qu\u00edmica, adecuados para diversos procesos de deposici\u00f3n f\u00edsica de vapor. Las pel\u00edculas delgadas preparadas a partir de ellos presentan un rendimiento excepcional en cuanto a resistencia al desgaste, estabilidad t\u00e9rmica y densidad estructural.<\/p>\n<p>Ofrecemos objetivos de pulverizaci\u00f3n de carburo de vanadio en diversas especificaciones y con diferentes esquemas de control de composici\u00f3n. P\u00f3ngase <span style=\"color: #0000ff;\"><a style=\"color: #0000ff;\" href=\"https:\/\/ulpmat.com\/es\/contacto\/\">en contacto con nosotros<\/a><\/span><br \/>\npara obtener <span style=\"color: #0000ff;\"><a style=\"color: #0000ff;\" href=\"https:\/\/ulpmat.com\/es\/servicio\/personalizacion\/\">personalizaci\u00f3n<\/a><\/span><br \/>\ny <span style=\"color: #0000ff;\"><a style=\"color: #0000ff;\" href=\"https:\/\/ulpmat.com\/es\/servicio\/asistencia-tecnica\/\">asistencia t\u00e9cnica.<\/a><\/span><\/p>\n<h2><span style=\"font-size: 14pt;\">Caracter\u00edsticas destacadas del producto<\/span><\/h2>\n<p>Sistema de objetivos de alta dureza<br \/>\nProceso de pulverizaci\u00f3n estable<br \/>\nBuena densidad de pel\u00edcula<br \/>\nExcelente resistencia al desgaste<br \/>\nAlta estabilidad qu\u00edmica<br \/>\nEspecificaciones y estructuras personalizables<\/p>\n<h2><span style=\"font-size: 14pt;\">Aplicaciones de los blancos de pulverizaci\u00f3n de carburo de vanadio<\/span><\/h2>\n<p><strong>Preparaci\u00f3n de pel\u00edculas funcionales resistentes al desgaste:<\/strong><br \/>\nadecuados para preparar pel\u00edculas resistentes al desgaste de alta dureza, lo que mejora significativamente la vida \u00fatil y la resistencia al desgaste de las superficies de los sustratos.<br \/>\n<strong>Recubrimientos protectores de alta temperatura:<\/strong><br \/>\ngracias a su excelente estabilidad t\u00e9rmica, se pueden depositar recubrimientos protectores para su uso en entornos de alta temperatura, manteniendo la estabilidad estructural y el rendimiento.<br \/>\n<strong>Modificaci\u00f3n de la superficie de herramientas y moldes:<\/strong><br \/>\nla formaci\u00f3n de pel\u00edculas de carburo de vanadio en las superficies de herramientas o moldes mediante pulverizaci\u00f3n ayuda a reducir el coeficiente de fricci\u00f3n y a mejorar la durabilidad general.<br \/>\n<strong>Materiales funcionales e investigaci\u00f3n cient\u00edfica de pel\u00edculas delgadas:<\/strong><br \/>\neste objetivo de pulverizaci\u00f3n se utiliza com\u00fanmente en la investigaci\u00f3n de pel\u00edculas delgadas funcionales y estructuras de recubrimiento novedosas, adecuadas para aplicaciones a escala de laboratorio y piloto.<\/p>\n<h2><span style=\"color: #0000ff;\"><a style=\"color: #0000ff;\" href=\"https:\/\/ulpmat.com\/es\/empresa\/preguntas-frecuentes\/\"><span style=\"font-size: 14pt;\">Preguntas frecuentes<\/span><\/a><\/span><\/h2>\n<p>P1: \u00bfPara qu\u00e9 m\u00e9todo de deposici\u00f3n es adecuado el objetivo de pulverizaci\u00f3n de carburo de vanadio?<br \/>\nR1: Este objetivo se utiliza principalmente en procesos de deposici\u00f3n f\u00edsica de vapor (PVD). El proceso de pulverizaci\u00f3n es estable y la uniformidad de la pel\u00edcula es buena.<\/p>\n<p>P2: \u00bfEs el blanco propenso a agrietarse durante su uso?<br \/>\nR2: Con par\u00e1metros de proceso razonables, la estructura del blanco es estable y no es propensa a grietas o desprendimientos anormales.<\/p>\n<p>P3: \u00bfC\u00f3mo afecta el blanco al rendimiento de la pel\u00edcula?<br \/>\nR3: La densidad y la uniformidad de la composici\u00f3n del blanco afectan directamente a la dureza, la adhesi\u00f3n y la resistencia al desgaste de la pel\u00edcula.<\/p>\n<p>P4: \u00bfSe puede utilizar para pulverizaci\u00f3n continua o prolongada?<br \/>\nR4: S\u00ed, es adecuado. En buenas condiciones de refrigeraci\u00f3n y control del proceso, puede cumplir los requisitos de pulverizaci\u00f3n continua.<\/p>\n<h2><span style=\"font-size: 14pt;\">Informe<\/span><\/h2>\n<p>Cada lote se suministra con:<br \/>\n<span style=\"color: #0000ff;\"><a style=\"color: #0000ff;\" href=\"https:\/\/ulpmat.com\/es\/documentos\/certificado-de-analisis\/\"><u>Certificado de an\u00e1lisis (COA)<\/u><\/a><\/span><\/p>\n<p><span style=\"color: #0000ff;\"><a style=\"color: #0000ff;\" href=\"https:\/\/ulpmat.com\/es\/documentos\/ficha-tecnica\/\"><u>Ficha t\u00e9cnica (TDS)<\/u><\/a><\/span><\/p>\n<p><span style=\"color: #0000ff;\"><a style=\"color: #0000ff;\" href=\"https:\/\/ulpmat.com\/es\/documentos\/ficha-de-datos-de-seguridad\/\"><u>Ficha de datos de seguridad (MSDS)<\/u><\/a><\/span><br \/>\nInforme de inspecci\u00f3n de tama\u00f1o<br \/>\nInformes de pruebas de terceros disponibles bajo petici\u00f3n<\/p>\n<h2><span style=\"font-size: 14pt;\">. \u00bfPor qu\u00e9 elegirnos?<\/span><\/h2>\n<p>Contamos con una amplia experiencia en la preparaci\u00f3n de blancos de pulverizaci\u00f3n funcionales y en la asistencia para su aplicaci\u00f3n, lo que nos permite suministrar de forma fiable blancos de pulverizaci\u00f3n de carburo de vanadio con par\u00e1metros controlables. Tambi\u00e9n ofrecemos asesoramiento t\u00e9cnico personalizado basado en los requisitos de proceso del cliente, lo que ayuda a mejorar la calidad de la pel\u00edcula y la estabilidad del proceso.<\/p>\n","protected":false},"excerpt":{"rendered":"<p>Objetivos de pulverizaci\u00f3n de carburo de vanadio Descripci\u00f3n general Los objetivos de pulverizaci\u00f3n de carburo de vanadio son objetivos funcionales que combinan una alta dureza y una alta estabilidad qu\u00edmica, adecuados para diversos procesos de deposici\u00f3n f\u00edsica de vapor. Las pel\u00edculas delgadas preparadas a partir de ellos presentan un rendimiento excepcional en cuanto a resistencia [&hellip;]<\/p>\n","protected":false},"featured_media":50541,"template":"","meta":{"_acf_changed":false},"product_brand":[132],"product_cat":[457],"product_tag":[7561],"class_list":{"0":"post-50540","1":"product","2":"type-product","3":"status-publish","4":"has-post-thumbnail","6":"product_brand-ulpmat","7":"product_cat-blanco-ceramico-para-sputtering","8":"product_tag-catodos-para-sputtering-de-carburo-de-vanadio","10":"first","11":"instock","12":"shipping-taxable","13":"product-type-variable"},"acf":[],"_links":{"self":[{"href":"https:\/\/ulpmat.com\/es\/wp-json\/wp\/v2\/product\/50540","targetHints":{"allow":["GET"]}}],"collection":[{"href":"https:\/\/ulpmat.com\/es\/wp-json\/wp\/v2\/product"}],"about":[{"href":"https:\/\/ulpmat.com\/es\/wp-json\/wp\/v2\/types\/product"}],"wp:featuredmedia":[{"embeddable":true,"href":"https:\/\/ulpmat.com\/es\/wp-json\/wp\/v2\/media\/50541"}],"wp:attachment":[{"href":"https:\/\/ulpmat.com\/es\/wp-json\/wp\/v2\/media?parent=50540"}],"wp:term":[{"taxonomy":"product_brand","embeddable":true,"href":"https:\/\/ulpmat.com\/es\/wp-json\/wp\/v2\/product_brand?post=50540"},{"taxonomy":"product_cat","embeddable":true,"href":"https:\/\/ulpmat.com\/es\/wp-json\/wp\/v2\/product_cat?post=50540"},{"taxonomy":"product_tag","embeddable":true,"href":"https:\/\/ulpmat.com\/es\/wp-json\/wp\/v2\/product_tag?post=50540"}],"curies":[{"name":"wp","href":"https:\/\/api.w.org\/{rel}","templated":true}]}}