{"id":50470,"date":"2026-01-08T14:45:12","date_gmt":"2026-01-08T06:45:12","guid":{"rendered":"https:\/\/ulpmat.com\/product\/nitruro-de-vanadio\/"},"modified":"2026-01-08T14:45:12","modified_gmt":"2026-01-08T06:45:12","slug":"nitruro-de-vanadio","status":"publish","type":"product","link":"https:\/\/ulpmat.com\/es\/producto\/nitruro-de-vanadio\/","title":{"rendered":"Nitruro de vanadio"},"content":{"rendered":"<h2><span style=\"font-size: 14pt;\">Objetivos de pulverizaci\u00f3n de nitruro de vanadio Descripci\u00f3n general<\/span><\/h2>\n<p>Los objetivos de pulverizaci\u00f3n<br \/>\n<span style=\"color: #0000ff;\"><a style=\"color: #0000ff;\" href=\"https:\/\/ulpmat.com\/es\/buscar\/?type=name&#038;keyword=Vanadium+nitride\">de nitruro de vanadio<\/a><\/span><br \/>\nson objetivos funcionales con alta dureza y buena estabilidad t\u00e9rmica, adecuados para diversos procesos de deposici\u00f3n f\u00edsica de vapor. Con estos objetivos se pueden preparar pel\u00edculas delgadas de nitruro densas y estables.<\/p>\n<p>Ofrecemos objetivos de pulverizaci\u00f3n de nitruro de vanadio en varios tama\u00f1os y estructuras. P\u00f3ngase <span style=\"color: #0000ff;\"><a style=\"color: #0000ff;\" href=\"https:\/\/ulpmat.com\/es\/contacto\/\">en contacto con nosotros<\/a><\/span><br \/>\npara obtener soluciones personalizadas y <span style=\"color: #0000ff;\"><a style=\"color: #0000ff;\" href=\"https:\/\/ulpmat.com\/es\/servicio\/asistencia-tecnica\/\">asistencia t\u00e9cnica.<\/a><\/span><\/p>\n<h2><span style=\"font-size: 14pt;\">Caracter\u00edsticas destacadas del producto<\/span><\/h2>\n<p>Proceso de pulverizaci\u00f3n estable<br \/>\nAlta densidad del objetivo<br \/>\nBuena adhesi\u00f3n de la pel\u00edcula<br \/>\nExcelente resistencia al desgaste<br \/>\nEstabilidad t\u00e9rmica fiable<br \/>\nEspecificaciones de tama\u00f1o flexibles<\/p>\n<h2><span style=\"font-size: 14pt;\">Aplicaciones de los blancos de pulverizaci\u00f3n de nitruro de vanadio<\/span><\/h2>\n<p><strong>Preparaci\u00f3n de pel\u00edculas funcionales resistentes al desgaste:<\/strong><br \/>\nadecuados para preparar pel\u00edculas de alta dureza y resistentes al desgaste, lo que mejora eficazmente la resistencia al desgaste de las superficies de los sustratos.<br \/>\n<strong>Recubrimiento de superficies de herramientas y moldes:<\/strong><br \/>\nlos recubrimientos de nitruro de vanadio formados por pulverizaci\u00f3n pueden mejorar la estabilidad de las herramientas y los moldes en condiciones de alta carga.<br \/>\n<strong>Pel\u00edculas delgadas para dispositivos electr\u00f3nicos y funcionales:<\/strong><br \/>\neste objetivo se puede utilizar para la preparaci\u00f3n de pel\u00edculas delgadas funcionales, cumpliendo los requisitos de alta uniformidad estructural y consistencia de rendimiento en las aplicaciones.<br \/>\n<strong>Investigaci\u00f3n cient\u00edfica e investigaci\u00f3n de procesos de pel\u00edculas delgadas:<\/strong><br \/>\nse utiliza com\u00fanmente en la investigaci\u00f3n de materiales de pel\u00edculas delgadas y procesos de deposici\u00f3n, adecuado para aplicaciones a escala de laboratorio y piloto.<\/p>\n<h2><span style=\"color: #0000ff;\"><a style=\"color: #0000ff;\" href=\"https:\/\/ulpmat.com\/es\/empresa\/preguntas-frecuentes\/\"><span style=\"font-size: 14pt;\">Preguntas frecuentes<\/span><\/a><\/span><\/h2>\n<p>P1: \u00bfEs estable el objetivo de pulverizaci\u00f3n de nitruro de vanadio durante la pulverizaci\u00f3n?<br \/>\nR1: Con los par\u00e1metros de proceso adecuados, el proceso de pulverizaci\u00f3n del objetivo es estable y la continuidad de la formaci\u00f3n de la pel\u00edcula es buena.<\/p>\n<p>P2: \u00bfC\u00f3mo afecta la densidad del objetivo al rendimiento de la pel\u00edcula?<br \/>\nR2: Una mayor densidad ayuda a obtener pel\u00edculas con una estructura uniforme y una buena adhesi\u00f3n.<\/p>\n<p>P3: \u00bfEs este objetivo adecuado para la pulverizaci\u00f3n continua a largo plazo?<br \/>\nR3: En buenas condiciones de refrigeraci\u00f3n y control del proceso, puede cumplir los requisitos para la pulverizaci\u00f3n continua o a largo plazo.<\/p>\n<p>P4: \u00bfQu\u00e9 precauciones se deben tomar durante su uso?<br \/>\nR4: Se recomienda instalarlo y utilizarlo en un entorno limpio y seco, y con los par\u00e1metros de pulverizaci\u00f3n adecuados.<\/p>\n<h2><span style=\"font-size: 14pt;\">Informes<\/span><\/h2>\n<p>Cada lote se suministra con:<br \/>\n<span style=\"color: #0000ff;\"><a style=\"color: #0000ff;\" href=\"https:\/\/ulpmat.com\/es\/documentos\/certificado-de-analisis\/\"><u>Certificado de an\u00e1lisis (COA)<\/u><\/a><\/span><\/p>\n<p><span style=\"color: #0000ff;\"><a style=\"color: #0000ff;\" href=\"https:\/\/ulpmat.com\/es\/documentos\/ficha-tecnica\/\"><u>Ficha t\u00e9cnica (TDS)<\/u><\/a><\/span><\/p>\n<p><span style=\"color: #0000ff;\"><a style=\"color: #0000ff;\" href=\"https:\/\/ulpmat.com\/es\/documentos\/ficha-de-datos-de-seguridad\/\"><u>Ficha de datos de seguridad (MSDS)<\/u><\/a><\/span><br \/>\nInforme de inspecci\u00f3n de tama\u00f1o<br \/>\nInformes de pruebas de terceros disponibles bajo petici\u00f3n<\/p>\n<h2><span style=\"font-size: 14pt;\">. \u00bfPor qu\u00e9 elegirnos?<\/span><\/h2>\n<p>Llevamos mucho tiempo centrados en la preparaci\u00f3n y el soporte de aplicaciones de blancos de pulverizaci\u00f3n funcionales, y podemos proporcionar de forma estable blancos de pulverizaci\u00f3n de nitruro de vanadio con una estructura fiable y un rendimiento constante. Tambi\u00e9n ofrecemos asesoramiento t\u00e9cnico espec\u00edfico basado en las condiciones de proceso de los clientes para ayudar a lograr una deposici\u00f3n estable y una preparaci\u00f3n de pel\u00edculas delgadas de alta calidad.<\/p>\n","protected":false},"excerpt":{"rendered":"<p>Objetivos de pulverizaci\u00f3n de nitruro de vanadio Descripci\u00f3n general Los objetivos de pulverizaci\u00f3n de nitruro de vanadio son objetivos funcionales con alta dureza y buena estabilidad t\u00e9rmica, adecuados para diversos procesos de deposici\u00f3n f\u00edsica de vapor. Con estos objetivos se pueden preparar pel\u00edculas delgadas de nitruro densas y estables. Ofrecemos objetivos de pulverizaci\u00f3n de nitruro [&hellip;]<\/p>\n","protected":false},"featured_media":50471,"template":"","meta":{"_acf_changed":false},"product_brand":[132],"product_cat":[457],"product_tag":[7549],"class_list":{"0":"post-50470","1":"product","2":"type-product","3":"status-publish","4":"has-post-thumbnail","6":"product_brand-ulpmat","7":"product_cat-blanco-ceramico-para-sputtering","8":"product_tag-catodos-para-sputtering-de-nitruro-de-vanadio","10":"first","11":"instock","12":"shipping-taxable","13":"product-type-variable"},"acf":[],"_links":{"self":[{"href":"https:\/\/ulpmat.com\/es\/wp-json\/wp\/v2\/product\/50470","targetHints":{"allow":["GET"]}}],"collection":[{"href":"https:\/\/ulpmat.com\/es\/wp-json\/wp\/v2\/product"}],"about":[{"href":"https:\/\/ulpmat.com\/es\/wp-json\/wp\/v2\/types\/product"}],"wp:featuredmedia":[{"embeddable":true,"href":"https:\/\/ulpmat.com\/es\/wp-json\/wp\/v2\/media\/50471"}],"wp:attachment":[{"href":"https:\/\/ulpmat.com\/es\/wp-json\/wp\/v2\/media?parent=50470"}],"wp:term":[{"taxonomy":"product_brand","embeddable":true,"href":"https:\/\/ulpmat.com\/es\/wp-json\/wp\/v2\/product_brand?post=50470"},{"taxonomy":"product_cat","embeddable":true,"href":"https:\/\/ulpmat.com\/es\/wp-json\/wp\/v2\/product_cat?post=50470"},{"taxonomy":"product_tag","embeddable":true,"href":"https:\/\/ulpmat.com\/es\/wp-json\/wp\/v2\/product_tag?post=50470"}],"curies":[{"name":"wp","href":"https:\/\/api.w.org\/{rel}","templated":true}]}}