{"id":50429,"date":"2026-01-08T14:45:13","date_gmt":"2026-01-08T06:45:13","guid":{"rendered":"https:\/\/ulpmat.com\/product\/oxido-de-vanadio-2\/"},"modified":"2026-01-08T14:45:13","modified_gmt":"2026-01-08T06:45:13","slug":"oxido-de-vanadio-2","status":"publish","type":"product","link":"https:\/\/ulpmat.com\/es\/producto\/oxido-de-vanadio-2\/","title":{"rendered":"\u00d3xido de vanadio"},"content":{"rendered":"<h2><span style=\"font-size: 14pt;\">Descripci\u00f3n general del polvo de \u00f3xido de vanadio<\/span><\/h2>\n<p>El polvo<br \/>\n<span style=\"color: #0000ff;\"><a style=\"color: #0000ff;\" href=\"https:\/\/ulpmat.com\/es\/buscar\/?type=name&#038;keyword=Vanadium+oxide\">de \u00f3xido de vanadio<\/a><\/span><br \/>\nes un material de \u00f3xido de metal de transici\u00f3n con propiedades de transici\u00f3n de fase reversible, que logra una transici\u00f3n metal-aislante cerca de la temperatura ambiente. Se utiliza ampliamente en control t\u00e9rmico inteligente, dispositivos <span style=\"color: #0000ff;\"><a style=\"color: #0000ff;\" href=\"https:\/\/ulpmat.com\/es\/solicitud\/materiales-opticos\/\">\u00f3pticos<\/a><\/span><br \/>\ny materiales funcionales de pel\u00edcula delgada.<\/p>\n<p>Ofrecemos polvo de VO2 con diferentes tama\u00f1os de part\u00edculas y formas cristalinas, y ofrecemos procesamiento personalizado y asesoramiento t\u00e9cnico. P\u00f3ngase <span style=\"color: #0000ff;\"><a style=\"color: #0000ff;\" href=\"https:\/\/ulpmat.com\/es\/contacto\/\">en contacto con nosotros<\/a><\/span><br \/>\npara obtener par\u00e1metros detallados.<\/p>\n<h2><span style=\"font-size: 14pt;\">Caracter\u00edsticas destacadas del producto<\/span><\/h2>\n<p>Transici\u00f3n de fase metal-aislante reversible.<br \/>\nExcelente rendimiento de control inteligente de la temperatura.<br \/>\nAlta pureza y forma cristalina controlable.<br \/>\nDistribuci\u00f3n uniforme del tama\u00f1o de las part\u00edculas.<br \/>\nBuen rendimiento en la preparaci\u00f3n de pel\u00edculas delgadas<br \/>\n<strong>.<\/strong><\/p>\n<p>Estabilidad fiable de los lotes<\/p>\n<h2><span style=\"font-size: 14pt;\">. Aplicaciones del polvo de \u00f3xido de vanadio<\/span><\/h2>\n<p><strong>Recubrimientos de control t\u00e9rmico inteligente:<\/strong><br \/>\nse pueden utilizar para preparar recubrimientos inteligentes con control de temperatura, ajustando la transmitancia infrarroja seg\u00fan los cambios de temperatura ambiente, lo que permite ahorrar energ\u00eda y gestionar el calor.<br \/>\n<strong>Dispositivos de control <span style=\"color: #0000ff;\"><a style=\"color: #0000ff;\" href=\"https:\/\/ulpmat.com\/es\/solicitud\/materiales-opticos\/\">\u00f3ptico<\/a><\/span>:<\/strong><br \/>\nAprovechando las propiedades de transici\u00f3n de fase del VO\u2082, se puede aplicar a moduladores \u00f3pticos, ventanas inteligentes y dispositivos infrarrojos sintonizables, mejorando la velocidad de respuesta y el rendimiento de los dispositivos.<br \/>\n<strong>Materiales funcionales para pel\u00edculas delgadas:<\/strong><br \/>\nEl polvo de VO\u2082 es adecuado para preparar pel\u00edculas delgadas funcionales, que se pueden utilizar en dispositivos electr\u00f3nicos, dispositivos optoelectr\u00f3nicos y sensores para mejorar la estabilidad del rendimiento de las pel\u00edculas delgadas.<br \/>\n<strong>Investigaci\u00f3n y desarrollo de materiales:<\/strong><br \/>\nen la investigaci\u00f3n de nuevos materiales de cambio de fase y pel\u00edculas delgadas inteligentes, el polvo de VO\u2082 proporciona una base material fiable y controlable para los experimentos.<\/p>\n<h2><span style=\"color: #0000ff; font-size: 14pt;\"><a style=\"color: #0000ff;\" href=\"https:\/\/ulpmat.com\/es\/empresa\/preguntas-frecuentes\/\">Preguntas frecuentes<\/a><\/span><\/h2>\n<p>P1: \u00bfSe puede ajustar la temperatura de transici\u00f3n de fase del polvo de \u00f3xido de vanadio?<br \/>\nR1: La temperatura de transici\u00f3n de fase metal-aislante del VO\u2082 se puede ajustar adecuadamente mediante dopaje o control del proceso para satisfacer los diferentes requisitos de aplicaci\u00f3n.<\/p>\n<p>P2: \u00bfPara qu\u00e9 m\u00e9todos de preparaci\u00f3n de pel\u00edculas delgadas es adecuado el polvo de VO\u2082?<br \/>\nR2: Se puede utilizar en diversos m\u00e9todos de preparaci\u00f3n de pel\u00edculas delgadas, como pulverizaci\u00f3n, deposici\u00f3n por chispas o deposici\u00f3n qu\u00edmica en fase vapor.<\/p>\n<p>P3: \u00bfEs estable el polvo de VO\u2082 a altas temperaturas?<br \/>\nR3: Dentro de un rango de temperatura razonable, las propiedades de transici\u00f3n de fase del polvo permanecen estables, pero a temperaturas excesivamente altas o en entornos fuertemente reductores, se debe prestar atenci\u00f3n a los cambios en la estructura del material.<\/p>\n<p>P4: \u00bfCu\u00e1les son las precauciones operativas al utilizar polvo de \u00f3xido de vanadio?<br \/>\nR4: Evite la inhalaci\u00f3n de polvo, mant\u00e9ngalo seco durante el almacenamiento y preste atenci\u00f3n al control de la temperatura y el entorno durante el procesamiento y la preparaci\u00f3n de la pel\u00edcula delgada.<\/p>\n<h2><span style=\"font-size: 14pt;\">Informe<\/span><\/h2>\n<p>Cada lote se suministra con:<br \/>\n<span style=\"color: #0000ff;\"><a style=\"color: #0000ff;\" href=\"https:\/\/ulpmat.com\/es\/documentos\/certificado-de-analisis\/\"><u>Certificado de an\u00e1lisis (COA)<\/u><\/a><\/span><\/p>\n<p><span style=\"color: #0000ff;\"><a style=\"color: #0000ff;\" href=\"https:\/\/ulpmat.com\/es\/documentos\/ficha-tecnica\/\"><u>Ficha t\u00e9cnica (TDS)<\/u><\/a><\/span><\/p>\n<p><span style=\"color: #0000ff;\"><a style=\"color: #0000ff;\" href=\"https:\/\/ulpmat.com\/es\/documentos\/ficha-de-datos-de-seguridad\/\"><u>Ficha de datos de seguridad (MSDS)<\/u><\/a><\/span><br \/>\nInformes de pruebas de terceros disponibles bajo petici\u00f3n<\/p>\n<h2><span style=\"font-size: 14pt;\">\u00bfPor qu\u00e9 elegirnos?<\/span><\/h2>\n<p>Nos especializamos en la investigaci\u00f3n y el suministro de materiales funcionales de \u00f3xido de vanadio, proporcionando polvo de VO2 con propiedades de cambio de fase estables y tama\u00f1o de part\u00edcula controlable. Tambi\u00e9n ofrecemos asistencia t\u00e9cnica profesional adaptada a los escenarios de aplicaci\u00f3n de nuestros clientes, lo que ayuda a desarrollar de forma fiable pel\u00edculas finas y dispositivos inteligentes.<\/p>\n","protected":false},"excerpt":{"rendered":"<p>Descripci\u00f3n general del polvo de \u00f3xido de vanadio El polvo de \u00f3xido de vanadio es un material de \u00f3xido de metal de transici\u00f3n con propiedades de transici\u00f3n de fase reversible, que logra una transici\u00f3n metal-aislante cerca de la temperatura ambiente. Se utiliza ampliamente en control t\u00e9rmico inteligente, dispositivos \u00f3pticos y materiales funcionales de pel\u00edcula delgada. [&hellip;]<\/p>\n","protected":false},"featured_media":50430,"template":"","meta":{"_acf_changed":false},"product_brand":[132],"product_cat":[438],"product_tag":[7543],"class_list":{"0":"post-50429","1":"product","2":"type-product","3":"status-publish","4":"has-post-thumbnail","6":"product_brand-ulpmat","7":"product_cat-oxidos","8":"product_tag-oxido-de-vanadio-en-polvo","10":"first","11":"instock","12":"shipping-taxable","13":"product-type-variable"},"acf":[],"_links":{"self":[{"href":"https:\/\/ulpmat.com\/es\/wp-json\/wp\/v2\/product\/50429","targetHints":{"allow":["GET"]}}],"collection":[{"href":"https:\/\/ulpmat.com\/es\/wp-json\/wp\/v2\/product"}],"about":[{"href":"https:\/\/ulpmat.com\/es\/wp-json\/wp\/v2\/types\/product"}],"wp:featuredmedia":[{"embeddable":true,"href":"https:\/\/ulpmat.com\/es\/wp-json\/wp\/v2\/media\/50430"}],"wp:attachment":[{"href":"https:\/\/ulpmat.com\/es\/wp-json\/wp\/v2\/media?parent=50429"}],"wp:term":[{"taxonomy":"product_brand","embeddable":true,"href":"https:\/\/ulpmat.com\/es\/wp-json\/wp\/v2\/product_brand?post=50429"},{"taxonomy":"product_cat","embeddable":true,"href":"https:\/\/ulpmat.com\/es\/wp-json\/wp\/v2\/product_cat?post=50429"},{"taxonomy":"product_tag","embeddable":true,"href":"https:\/\/ulpmat.com\/es\/wp-json\/wp\/v2\/product_tag?post=50429"}],"curies":[{"name":"wp","href":"https:\/\/api.w.org\/{rel}","templated":true}]}}