{"id":50395,"date":"2026-01-08T14:45:13","date_gmt":"2026-01-08T06:45:13","guid":{"rendered":"https:\/\/ulpmat.com\/product\/oxido-de-vanadio\/"},"modified":"2026-01-08T14:45:13","modified_gmt":"2026-01-08T06:45:13","slug":"oxido-de-vanadio","status":"publish","type":"product","link":"https:\/\/ulpmat.com\/es\/producto\/oxido-de-vanadio\/","title":{"rendered":"\u00d3xido de vanadio"},"content":{"rendered":"<h2><span style=\"font-size: 14pt;\">Objetivos de pulverizaci\u00f3n de \u00f3xido de vanadio Descripci\u00f3n general<\/span><\/h2>\n<p>Los objetivos de pulverizaci\u00f3n<br \/>\n<span style=\"color: #0000ff;\"><a style=\"color: #0000ff;\" href=\"https:\/\/ulpmat.com\/es\/buscar\/?type=name&#038;keyword=Vanadium+oxide\">de \u00f3xido de vanadio<\/a><\/span><br \/>\nson objetivos funcionales reversibles de cambio de fase metal-aislante adecuados para diversos procesos de deposici\u00f3n f\u00edsica de vapor. Se pueden utilizar para preparar pel\u00edculas delgadas funcionales inteligentes, densas y estables, ampliamente aplicadas en la modulaci\u00f3n \u00f3ptica y la gesti\u00f3n t\u00e9rmica.<\/p>\n<p>Ofrecemos objetivos de pulverizaci\u00f3n de VO2 de diversos tama\u00f1os, formas cristalinas y controles de densidad. <span style=\"color: #0000ff;\"><a style=\"color: #0000ff;\" href=\"https:\/\/ulpmat.com\/es\/contacto\/\">P\u00f3ngase en contacto con nosotros<\/a><\/span><br \/>\npara obtener soluciones personalizadas y <span style=\"color: #0000ff;\"><a style=\"color: #0000ff;\" href=\"https:\/\/ulpmat.com\/es\/servicio\/asistencia-tecnica\/\">asistencia t\u00e9cnica.<\/a><\/span><\/p>\n<h2><span style=\"font-size: 14pt;\">Caracter\u00edsticas destacadas del producto<\/span><\/h2>\n<p>Blanco de alta densidad<br \/>\nBuena estabilidad de pulverizaci\u00f3n<br \/>\nRendimiento controlable del cambio de fase de la pel\u00edcula delgada<br \/>\nAdecuado para la preparaci\u00f3n de pel\u00edculas delgadas de control t\u00e9rmico inteligente<br \/>\nTama\u00f1o y forma cristalina personalizables<br \/>\nConsistencia fiable de los lotes<\/p>\n<h2><span style=\"font-size: 14pt;\">Aplicaciones de los blancos de pulverizaci\u00f3n de \u00f3xido de vanadio<\/span><\/h2>\n<p><strong>Preparaci\u00f3n de pel\u00edculas delgadas de control t\u00e9rmico inteligente:<\/strong><br \/>\nCapaces de depositar pel\u00edculas delgadas inteligentes con control de temperatura que ajustan la transmitancia infrarroja seg\u00fan los cambios de temperatura ambiente, lo que permite ahorrar energ\u00eda y gestionar la temperatura.<br \/>\n<strong>Recubrimiento de dispositivos de modulaci\u00f3n <span style=\"color: #0000ff;\"><a style=\"color: #0000ff;\" href=\"https:\/\/ulpmat.com\/es\/solicitud\/materiales-opticos\/\">\u00f3ptica<\/a><\/span>:<\/strong><br \/>\nlas pel\u00edculas delgadas de VO2 formadas por pulverizaci\u00f3n cat\u00f3dica se pueden utilizar en moduladores \u00f3pticos, ventanas inteligentes y dispositivos infrarrojos, mejorando la velocidad de respuesta y la estabilidad de los dispositivos.<br \/>\n<strong>Pel\u00edculas delgadas electr\u00f3nicas funcionales:<\/strong><br \/>\nlos objetivos de VO2 son adecuados para preparar pel\u00edculas delgadas electr\u00f3nicas funcionales para sensores y dispositivos electr\u00f3nicos, lo que garantiza un rendimiento constante y fiable de la pel\u00edcula.<br \/>\n<strong>Investigaci\u00f3n y desarrollo de procesos:<\/strong><br \/>\nLos objetivos se utilizan com\u00fanmente en la investigaci\u00f3n de pel\u00edculas delgadas de VO2 y materiales funcionales de cambio de fase, proporcionando una base material estable para aplicaciones a escala de laboratorio y piloto.<\/p>\n<h2><span style=\"color: #0000ff;\"><a style=\"color: #0000ff;\" href=\"https:\/\/ulpmat.com\/es\/empresa\/preguntas-frecuentes\/\"><span style=\"font-size: 14pt;\">Preguntas frecuentes<\/span><\/a><\/span><\/h2>\n<p>P1: \u00bfQu\u00e9 procesos de pulverizaci\u00f3n son adecuados para los objetivos de \u00f3xido de vanadio?<br \/>\nR1: Se pueden utilizar para pulverizaci\u00f3n magnetr\u00f3nica, pulverizaci\u00f3n de CC o pulverizaci\u00f3n de RF, lo que garantiza la continuidad de la pel\u00edcula y la uniformidad estructural.<\/p>\n<p>P2: \u00bfC\u00f3mo afecta la densidad del blanco al rendimiento de la pel\u00edcula?<br \/>\nR2: Los blancos de alta densidad ayudan a formar pel\u00edculas funcionales con buena adhesi\u00f3n y estructura densa, lo que mejora la estabilidad de las propiedades de cambio de fase.<\/p>\n<p>P3: \u00bfSon los blancos adecuados para la pulverizaci\u00f3n continua a largo plazo?<br \/>\nR3: Con una refrigeraci\u00f3n y un control del proceso adecuados, se pueden cumplir los requisitos de deposici\u00f3n continua o a largo plazo.<\/p>\n<p>P4: \u00bfQu\u00e9 precauciones se deben tomar al utilizar blancos de VO2?<br \/>\nR4: Se recomienda mantener el blanco limpio y seco, evitar impactos e inhalaci\u00f3n de polvo durante el funcionamiento, y controlar la temperatura y la atm\u00f3sfera de pulverizaci\u00f3n de acuerdo con los par\u00e1metros recomendados por el equipo.<\/p>\n<h2><span style=\"font-size: 14pt;\">Informe<\/span><\/h2>\n<p>Cada lote se suministra con:<br \/>\n<span style=\"color: #0000ff;\"><a style=\"color: #0000ff;\" href=\"https:\/\/ulpmat.com\/es\/documentos\/certificado-de-analisis\/\"><u>Certificado de an\u00e1lisis (COA)<\/u><\/a><\/span><\/p>\n<p><span style=\"color: #0000ff;\"><a style=\"color: #0000ff;\" href=\"https:\/\/ulpmat.com\/es\/documentos\/ficha-tecnica\/\"><u>Ficha t\u00e9cnica (TDS)<\/u><\/a><\/span><\/p>\n<p><span style=\"color: #0000ff;\"><a style=\"color: #0000ff;\" href=\"https:\/\/ulpmat.com\/es\/documentos\/ficha-de-datos-de-seguridad\/\"><u>Ficha de datos de seguridad (MSDS)<\/u><\/a><\/span><br \/>\nInforme de inspecci\u00f3n de tama\u00f1o<br \/>\nInformes de pruebas de terceros disponibles bajo petici\u00f3n<\/p>\n<h2><span style=\"font-size: 14pt;\">. \u00bfPor qu\u00e9 elegirnos?<\/span><\/h2>\n<p>Llevamos mucho tiempo centrados en la preparaci\u00f3n y el soporte de aplicaciones de blancos de pulverizaci\u00f3n de \u00f3xido de vanadio funcional, proporcionando blancos de pulverizaci\u00f3n de VO2 densos y estables, y ofreciendo asesoramiento profesional adaptado a los requisitos de proceso de los clientes para garantizar la fabricaci\u00f3n de alta calidad de pel\u00edculas delgadas inteligentes y dispositivos funcionales.<\/p>\n","protected":false},"excerpt":{"rendered":"<p>Objetivos de pulverizaci\u00f3n de \u00f3xido de vanadio Descripci\u00f3n general Los objetivos de pulverizaci\u00f3n de \u00f3xido de vanadio son objetivos funcionales reversibles de cambio de fase metal-aislante adecuados para diversos procesos de deposici\u00f3n f\u00edsica de vapor. Se pueden utilizar para preparar pel\u00edculas delgadas funcionales inteligentes, densas y estables, ampliamente aplicadas en la modulaci\u00f3n \u00f3ptica y la [&hellip;]<\/p>\n","protected":false},"featured_media":50396,"template":"","meta":{"_acf_changed":false},"product_brand":[132],"product_cat":[457],"product_tag":[7537],"class_list":{"0":"post-50395","1":"product","2":"type-product","3":"status-publish","4":"has-post-thumbnail","6":"product_brand-ulpmat","7":"product_cat-blanco-ceramico-para-sputtering","8":"product_tag-catodos-para-sputtering-de-oxido-de-vanadio","10":"first","11":"instock","12":"shipping-taxable","13":"product-type-variable"},"acf":[],"_links":{"self":[{"href":"https:\/\/ulpmat.com\/es\/wp-json\/wp\/v2\/product\/50395","targetHints":{"allow":["GET"]}}],"collection":[{"href":"https:\/\/ulpmat.com\/es\/wp-json\/wp\/v2\/product"}],"about":[{"href":"https:\/\/ulpmat.com\/es\/wp-json\/wp\/v2\/types\/product"}],"wp:featuredmedia":[{"embeddable":true,"href":"https:\/\/ulpmat.com\/es\/wp-json\/wp\/v2\/media\/50396"}],"wp:attachment":[{"href":"https:\/\/ulpmat.com\/es\/wp-json\/wp\/v2\/media?parent=50395"}],"wp:term":[{"taxonomy":"product_brand","embeddable":true,"href":"https:\/\/ulpmat.com\/es\/wp-json\/wp\/v2\/product_brand?post=50395"},{"taxonomy":"product_cat","embeddable":true,"href":"https:\/\/ulpmat.com\/es\/wp-json\/wp\/v2\/product_cat?post=50395"},{"taxonomy":"product_tag","embeddable":true,"href":"https:\/\/ulpmat.com\/es\/wp-json\/wp\/v2\/product_tag?post=50395"}],"curies":[{"name":"wp","href":"https:\/\/api.w.org\/{rel}","templated":true}]}}