{"id":50286,"date":"2026-01-08T14:45:15","date_gmt":"2026-01-08T06:45:15","guid":{"rendered":"https:\/\/ulpmat.com\/product\/vanadio-tungsteno\/"},"modified":"2026-01-08T14:45:15","modified_gmt":"2026-01-08T06:45:15","slug":"vanadio-tungsteno","status":"publish","type":"product","link":"https:\/\/ulpmat.com\/es\/producto\/vanadio-tungsteno\/","title":{"rendered":"Vanadio Tungsteno"},"content":{"rendered":"<h2><span style=\"font-size: 14pt;\">Descripci\u00f3n general de los blancos de pulverizaci\u00f3n de vanadio-tungsteno<\/span><\/h2>\n<p>Los blancos de pulverizaci\u00f3n<br \/>\n<span style=\"color: #0000ff;\"><a style=\"color: #0000ff;\" href=\"https:\/\/ulpmat.com\/es\/buscar\/?type=name&#038;keyword=Vanadium+Tungsten\">de vanadio-tungsteno<\/a><\/span><br \/>\nson blancos de aleaci\u00f3n compuestos principalmente por vanadio y tungsteno, que poseen un alto punto de fusi\u00f3n, buena conductividad y una excelente estabilidad de pel\u00edcula delgada. Estos blancos se utilizan ampliamente en procesos de deposici\u00f3n f\u00edsica de vapor para dispositivos semiconductores, recubrimientos funcionales y pel\u00edculas delgadas resistentes a altas temperaturas.<\/p>\n<p>Podemos personalizar los blancos de pulverizaci\u00f3n de vanadio-tungsteno con diferentes proporciones de composici\u00f3n, tama\u00f1os y m\u00e9todos de uni\u00f3n de la placa base de acuerdo con los requisitos espec\u00edficos del equipo y el proceso de pulverizaci\u00f3n. No dude en <span style=\"color: #0000ff;\"><a style=\"color: #0000ff;\" href=\"https:\/\/ulpmat.com\/es\/contacto\/\">ponerse en contacto con nosotros<\/a><\/span><br \/>\ndirectamente para discutir los detalles t\u00e9cnicos.<\/p>\n<h2><span style=\"font-size: 14pt;\">Caracter\u00edsticas destacadas del producto<\/span><\/h2>\n<p>Sistema de aleaci\u00f3n de alto punto de fusi\u00f3n.<br \/>\nFormaci\u00f3n de pel\u00edculas densas y estructura estable.<br \/>\nAdecuado para pulverizaci\u00f3n cat\u00f3dica con corriente continua y magnetr\u00f3n.<br \/>\nPureza y proporci\u00f3n de composici\u00f3n controlables.<br \/>\nAdecuado para el procesamiento de uni\u00f3n de placas base.<br \/>\nBuena consistencia de los lotes, adecuado para la producci\u00f3n en masa<\/p>\n<h2><span style=\"font-size: 14pt;\">. Aplicaciones de los blancos de pulverizaci\u00f3n de vanadio-tungsteno<\/span><\/h2>\n<p><strong>Pel\u00edculas delgadas de metal <span style=\"color: #0000ff;\"><a style=\"color: #0000ff;\" href=\"https:\/\/ulpmat.com\/es\/solicitud\/materiales-semiconductores\/\">semiconductor<\/a><\/span>:<\/strong><br \/>\nse pueden utilizar para preparar pel\u00edculas delgadas de metal o aleaci\u00f3n altamente estables, que sirven como capas conductoras o funcionales en dispositivos microelectr\u00f3nicos.<br \/>\n<strong>Recubrimientos funcionales de alta temperatura:<\/strong><br \/>\ndebido al alto punto de fusi\u00f3n del tungsteno, este material es adecuado para recubrimientos de pel\u00edcula fina que funcionan en entornos de alta temperatura, lo que mejora la resistencia al calor y la vida \u00fatil de los dispositivos.<br \/>\n<strong>Material de capa barrera de difusi\u00f3n:<\/strong><br \/>\nen estructuras de circuitos integrados, las pel\u00edculas delgadas de vanadio-tungsteno pueden servir como capas barrera de difusi\u00f3n para suprimir la migraci\u00f3n de elementos y mejorar la fiabilidad de los dispositivos.<br \/>\n<strong>Investigaci\u00f3n cient\u00edfica y desarrollo de nuevos materiales:<\/strong><br \/>\neste blanco de pulverizaci\u00f3n se utiliza habitualmente en universidades e instituciones de investigaci\u00f3n para investigar nuevas pel\u00edculas delgadas de aleaciones, propiedades el\u00e9ctricas o estabilidad t\u00e9rmica.<\/p>\n<h2><span style=\"color: #0000ff;\"><a style=\"color: #0000ff;\" href=\"https:\/\/ulpmat.com\/es\/empresa\/preguntas-frecuentes\/\"><span style=\"font-size: 14pt;\">Preguntas frecuentes<\/span><\/a><\/span><\/h2>\n<p>P1: \u00bfQu\u00e9 placa de soporte se utiliza normalmente para los blancos de pulverizaci\u00f3n de vanadio-tungsteno?<br \/>\nR1: Normalmente se utilizan placas de soporte de cobre para la uni\u00f3n, con el fin de mejorar la conductividad t\u00e9rmica y garantizar la estabilidad t\u00e9rmica durante la pulverizaci\u00f3n.<\/p>\n<p>P2. \u00bfQu\u00e9 m\u00e9todos de pulverizaci\u00f3n son adecuados para los blancos de pulverizaci\u00f3n de vanadio-tungsteno?<br \/>\nR2: Este blanco se puede utilizar tanto para la pulverizaci\u00f3n con corriente continua como para la pulverizaci\u00f3n con magnetr\u00f3n, dependiendo de la configuraci\u00f3n del equipo y de los requisitos de dise\u00f1o de la pel\u00edcula delgada.<\/p>\n<p>P3: \u00bfSe puede ajustar la proporci\u00f3n de la composici\u00f3n?<br \/>\nR3: S\u00ed, la proporci\u00f3n de vanadio y tungsteno se puede ajustar seg\u00fan los diferentes requisitos de aplicaci\u00f3n para cumplir con los requisitos de rendimiento el\u00e9ctrico o estructural.<\/p>\n<p>P4: \u00bfEl blanco es propenso a agrietarse durante su uso?<br \/>\nR4: Con una uni\u00f3n razonable de la placa posterior y unos par\u00e1metros de proceso adecuados, los blancos de pulverizaci\u00f3n de vanadio-tungsteno presentan una buena estabilidad estructural y no son propensos a agrietarse.<\/p>\n<h2><span style=\"font-size: 14pt;\">Informe<\/span><\/h2>\n<p>Cada lote se suministra con:<br \/>\n<span style=\"color: #0000ff;\"><a style=\"color: #0000ff;\" href=\"https:\/\/ulpmat.com\/es\/documentos\/certificado-de-analisis\/\"><u>Certificado de an\u00e1lisis (COA)<\/u><\/a><\/span><\/p>\n<p><span style=\"color: #0000ff;\"><a style=\"color: #0000ff;\" href=\"https:\/\/ulpmat.com\/es\/documentos\/ficha-tecnica\/\"><u>Ficha t\u00e9cnica (TDS)<\/u><\/a><\/span><\/p>\n<p><span style=\"color: #0000ff;\"><a style=\"color: #0000ff;\" href=\"https:\/\/ulpmat.com\/es\/documentos\/ficha-de-datos-de-seguridad\/\"><u>Ficha de datos de seguridad (MSDS)<\/u><\/a><\/span><br \/>\nInforme de inspecci\u00f3n de tama\u00f1o<br \/>\nInformes de pruebas de terceros disponibles bajo petici\u00f3n.<\/p>\n<h2><span style=\"font-size: 14pt;\">Por qu\u00e9 elegirnos<\/span><\/h2>\n<p>Nos especializamos en la preparaci\u00f3n y el procesamiento de blancos de pulverizaci\u00f3n de aleaciones, estamos familiarizados con diversos sistemas de materiales basados en vanadio y tungsteno, y podemos proporcionar un soporte t\u00e9cnico estable y fiable desde la selecci\u00f3n de materiales y <span style=\"color: #0000ff;\"><a style=\"color: #0000ff;\" href=\"https:\/\/ulpmat.com\/es\/servicio\/vinculacion-de-objetivos\/\">la uni\u00f3n<\/a><\/span><br \/>\nde la placa posterior hasta la aplicaci\u00f3n final, lo que ayuda a los clientes a reducir los costes de prueba y error y a mejorar la consistencia del proceso de pel\u00edcula delgada.<\/p>\n","protected":false},"excerpt":{"rendered":"<p>Descripci\u00f3n general de los blancos de pulverizaci\u00f3n de vanadio-tungsteno Los blancos de pulverizaci\u00f3n de vanadio-tungsteno son blancos de aleaci\u00f3n compuestos principalmente por vanadio y tungsteno, que poseen un alto punto de fusi\u00f3n, buena conductividad y una excelente estabilidad de pel\u00edcula delgada. Estos blancos se utilizan ampliamente en procesos de deposici\u00f3n f\u00edsica de vapor para dispositivos [&hellip;]<\/p>\n","protected":false},"featured_media":50287,"template":"","meta":{"_acf_changed":false},"product_brand":[132],"product_cat":[570],"product_tag":[7507],"class_list":{"0":"post-50286","1":"product","2":"type-product","3":"status-publish","4":"has-post-thumbnail","6":"product_brand-ulpmat","7":"product_cat-catodos-para-sputtering-de-aleaciones","8":"product_tag-catodos-para-sputtering-de-vanadio-tungsteno","10":"first","11":"instock","12":"shipping-taxable","13":"product-type-variable"},"acf":[],"_links":{"self":[{"href":"https:\/\/ulpmat.com\/es\/wp-json\/wp\/v2\/product\/50286","targetHints":{"allow":["GET"]}}],"collection":[{"href":"https:\/\/ulpmat.com\/es\/wp-json\/wp\/v2\/product"}],"about":[{"href":"https:\/\/ulpmat.com\/es\/wp-json\/wp\/v2\/types\/product"}],"wp:featuredmedia":[{"embeddable":true,"href":"https:\/\/ulpmat.com\/es\/wp-json\/wp\/v2\/media\/50287"}],"wp:attachment":[{"href":"https:\/\/ulpmat.com\/es\/wp-json\/wp\/v2\/media?parent=50286"}],"wp:term":[{"taxonomy":"product_brand","embeddable":true,"href":"https:\/\/ulpmat.com\/es\/wp-json\/wp\/v2\/product_brand?post=50286"},{"taxonomy":"product_cat","embeddable":true,"href":"https:\/\/ulpmat.com\/es\/wp-json\/wp\/v2\/product_cat?post=50286"},{"taxonomy":"product_tag","embeddable":true,"href":"https:\/\/ulpmat.com\/es\/wp-json\/wp\/v2\/product_tag?post=50286"}],"curies":[{"name":"wp","href":"https:\/\/api.w.org\/{rel}","templated":true}]}}