{"id":50226,"date":"2026-01-08T16:15:49","date_gmt":"2026-01-08T08:15:49","guid":{"rendered":"https:\/\/ulpmat.com\/product\/escandio-metalico-3\/"},"modified":"2026-01-08T16:15:49","modified_gmt":"2026-01-08T08:15:49","slug":"escandio-metalico-3","status":"publish","type":"product","link":"https:\/\/ulpmat.com\/es\/producto\/escandio-metalico-3\/","title":{"rendered":"Escandio met\u00e1lico"},"content":{"rendered":"<h2><span style=\"font-size: 14pt;\">Descripci\u00f3n general del polvo met\u00e1lico de escandio<\/span><\/h2>\n<p>El polvo<br \/>\n<span style=\"color: #0000ff;\"><a style=\"color: #0000ff;\" href=\"https:\/\/ulpmat.com\/es\/buscar\/?type=name&#038;keyword=Scandium+metal\">met\u00e1lico de escandio<\/a><\/span><br \/>\nes un material en polvo fino preparado a partir de metal de escandio de alta pureza mediante m\u00e9todos f\u00edsicos o mec\u00e1nicos, que se caracteriza por su alta actividad y buena dispersabilidad. Este polvo se utiliza principalmente en la preparaci\u00f3n de aleaciones avanzadas, la investigaci\u00f3n de materiales funcionales y procesos que requieren una alta reactividad met\u00e1lica.<\/p>\n<p>Podemos proporcionar polvos met\u00e1licos de escandio en varios rangos de tama\u00f1o de part\u00edcula y grados de pureza para satisfacer diferentes necesidades de aplicaci\u00f3n, y ofrecemos <span style=\"color: #0000ff;\"><a style=\"color: #0000ff;\" href=\"https:\/\/ulpmat.com\/es\/servicio\/personalizacion\/\">personalizaci\u00f3n<\/a><\/span><br \/>\ny suministro seg\u00fan los requisitos del proyecto.<\/p>\n<h2><span style=\"font-size: 14pt;\">Caracter\u00edsticas destacadas del producto<\/span><\/h2>\n<p>Materia prima de escandio met\u00e1lico de alta pureza<br \/>\nDistribuci\u00f3n del tama\u00f1o de part\u00edcula controlable<br \/>\nAlta actividad met\u00e1lica y buena eficiencia de reacci\u00f3n<br \/>\nBajo contenido de impurezas<br \/>\nAdecuado para experimentos y producci\u00f3n a peque\u00f1a escala<br \/>\nEstabilidad y trazabilidad de los lotes.<\/p>\n<h2><span style=\"font-size: 14pt;\">Aplicaciones del polvo met\u00e1lico de escandio<\/span><\/h2>\n<p><strong>Preparaci\u00f3n de aleaciones de escandio:<\/strong><br \/>\nse utiliza habitualmente en el proceso de formulaci\u00f3n de aleaciones de alto rendimiento, como las aleaciones a base de aluminio y magnesio, mejorando eficazmente la resistencia, la resistencia al calor y la estabilidad de la microestructura de los materiales.<br \/>\n<strong>Investigaci\u00f3n en ciencia de los materiales:<\/strong><br \/>\nen la investigaci\u00f3n de materiales y metalurgia, este polvo se puede utilizar como fuente de metal activo para estudiar la influencia del escandio en la estructura cristalina y las propiedades.<br \/>\n<strong>S\u00edntesis de materiales funcionales:<\/strong><br \/>\nadecuado para preparar compuestos o materiales compuestos a base de escandio, lo que proporciona un apoyo fundamental en materia de materias primas para el desarrollo de nuevos materiales funcionales.<br \/>\n<strong>Reacciones de laboratorio y experimentos comparativos:<\/strong><br \/>\ndebido a su buena controlabilidad y consistencia, es adecuado para reacciones en peque\u00f1as dosis y experimentos de control de diferentes sistemas.<\/p>\n<h2><span style=\"color: #0000ff; font-size: 14pt;\"><a style=\"color: #0000ff;\" href=\"https:\/\/ulpmat.com\/es\/empresa\/preguntas-frecuentes\/\">Preguntas frecuentes<\/a><\/span><\/h2>\n<p>P1: \u00bfCu\u00e1l es la pureza t\u00edpica del polvo met\u00e1lico de escandio?<br \/>\nR1: Los productos est\u00e1ndar son polvo met\u00e1lico de escandio de alta pureza; se pueden seleccionar diferentes grados de pureza seg\u00fan los requisitos espec\u00edficos de la aplicaci\u00f3n.<\/p>\n<p>P2: \u00bfEl polvo met\u00e1lico de escandio se oxida f\u00e1cilmente?<br \/>\nR2: El polvo tiene un cierto grado de actividad; se recomienda almacenarlo y manipularlo en un entorno de gas inerte o en condiciones herm\u00e9ticas.<\/p>\n<p>P3: \u00bfSe puede ajustar el tama\u00f1o de las part\u00edculas del polvo?<br \/>\nR3: S\u00ed, hay disponibles varios rangos de tama\u00f1o de part\u00edcula en funci\u00f3n de la aplicaci\u00f3n, y se admite la personalizaci\u00f3n.<\/p>\n<p>P4: \u00bfEste polvo es m\u00e1s adecuado para aplicaciones de investigaci\u00f3n o industriales?<br \/>\nR4: Actualmente, se utiliza principalmente en las etapas de investigaci\u00f3n y desarrollo de materiales, y tambi\u00e9n se puede utilizar para ensayos industriales espec\u00edficos a peque\u00f1a escala.<\/p>\n<h2><span style=\"font-size: 14pt;\">Informe<\/span><\/h2>\n<p>Cada lote se suministra con:<br \/>\n<span style=\"color: #0000ff;\"><a style=\"color: #0000ff;\" href=\"https:\/\/ulpmat.com\/es\/documentos\/certificado-de-analisis\/\"><u>Certificado de an\u00e1lisis (COA)<\/u><\/a><\/span><\/p>\n<p><span style=\"color: #0000ff;\"><a style=\"color: #0000ff;\" href=\"https:\/\/ulpmat.com\/es\/documentos\/ficha-tecnica\/\"><u>Ficha t\u00e9cnica (TDS)<\/u><\/a><\/span><\/p>\n<p><span style=\"color: #0000ff;\"><a style=\"color: #0000ff;\" href=\"https:\/\/ulpmat.com\/es\/documentos\/ficha-de-datos-de-seguridad\/\"><u>Ficha de datos de seguridad (MSDS)<\/u><\/a><\/span><br \/>\nInforme de inspecci\u00f3n de tama\u00f1o<br \/>\nInformes de pruebas de terceros disponibles bajo petici\u00f3n<\/p>\n<h2><span style=\"font-size: 14pt;\">. \u00bfPor qu\u00e9 elegirnos?<\/span><\/h2>\n<p>Contamos con canales de materias primas estables y un sistema de control de calidad maduro en el campo de los polvos met\u00e1licos de alta pureza, lo que garantiza que los polvos met\u00e1licos de escandio satisfagan las necesidades de investigaci\u00f3n y aplicaci\u00f3n en t\u00e9rminos de pureza, tama\u00f1o de part\u00edcula y consistencia de los lotes, proporcionando a los clientes un soporte de materiales fiable y sostenible.<\/p>\n","protected":false},"excerpt":{"rendered":"<p>Descripci\u00f3n general del polvo met\u00e1lico de escandio El polvo met\u00e1lico de escandio es un material en polvo fino preparado a partir de metal de escandio de alta pureza mediante m\u00e9todos f\u00edsicos o mec\u00e1nicos, que se caracteriza por su alta actividad y buena dispersabilidad. Este polvo se utiliza principalmente en la preparaci\u00f3n de aleaciones avanzadas, la [&hellip;]<\/p>\n","protected":false},"featured_media":50227,"template":"","meta":{"_acf_changed":false},"product_brand":[132],"product_cat":[331],"product_tag":[7495],"class_list":{"0":"post-50226","1":"product","2":"type-product","3":"status-publish","4":"has-post-thumbnail","6":"product_brand-ulpmat","7":"product_cat-materiales-de-tierras-raras","8":"product_tag-escandio-metalico-polvo","10":"first","11":"instock","12":"shipping-taxable","13":"product-type-variable"},"acf":[],"_links":{"self":[{"href":"https:\/\/ulpmat.com\/es\/wp-json\/wp\/v2\/product\/50226","targetHints":{"allow":["GET"]}}],"collection":[{"href":"https:\/\/ulpmat.com\/es\/wp-json\/wp\/v2\/product"}],"about":[{"href":"https:\/\/ulpmat.com\/es\/wp-json\/wp\/v2\/types\/product"}],"wp:featuredmedia":[{"embeddable":true,"href":"https:\/\/ulpmat.com\/es\/wp-json\/wp\/v2\/media\/50227"}],"wp:attachment":[{"href":"https:\/\/ulpmat.com\/es\/wp-json\/wp\/v2\/media?parent=50226"}],"wp:term":[{"taxonomy":"product_brand","embeddable":true,"href":"https:\/\/ulpmat.com\/es\/wp-json\/wp\/v2\/product_brand?post=50226"},{"taxonomy":"product_cat","embeddable":true,"href":"https:\/\/ulpmat.com\/es\/wp-json\/wp\/v2\/product_cat?post=50226"},{"taxonomy":"product_tag","embeddable":true,"href":"https:\/\/ulpmat.com\/es\/wp-json\/wp\/v2\/product_tag?post=50226"}],"curies":[{"name":"wp","href":"https:\/\/api.w.org\/{rel}","templated":true}]}}