{"id":50118,"date":"2026-01-08T16:15:51","date_gmt":"2026-01-08T08:15:51","guid":{"rendered":"https:\/\/ulpmat.com\/product\/oxido-de-escandio-3\/"},"modified":"2026-01-08T16:15:51","modified_gmt":"2026-01-08T08:15:51","slug":"oxido-de-escandio-3","status":"publish","type":"product","link":"https:\/\/ulpmat.com\/es\/producto\/oxido-de-escandio-3\/","title":{"rendered":"\u00d3xido de escandio"},"content":{"rendered":"<h2><span style=\"font-size: 14pt;\">Descripci\u00f3n general de los gr\u00e1nulos de \u00f3xido de escandio<\/span><\/h2>\n<p>Los gr\u00e1nulos<br \/>\n<span style=\"color: #0000ff;\"><a style=\"color: #0000ff;\" href=\"https:\/\/ulpmat.com\/es\/buscar\/?type=name&#038;keyword=Scandium+oxide\">de \u00f3xido de escandio<\/a><\/span><br \/>\nson materiales inorg\u00e1nicos granulares fabricados a partir de \u00f3xido de escandio de alta pureza, que presentan una excelente estabilidad qu\u00edmica y t\u00e9rmica. Este producto se utiliza ampliamente en la preparaci\u00f3n de cer\u00e1micas avanzadas, materiales <span style=\"color: #0000ff;\"><a style=\"color: #0000ff;\" href=\"https:\/\/ulpmat.com\/es\/solicitud\/materiales-opticos\/\">\u00f3pticos<\/a><\/span><br \/>\ny materiales funcionales de alto rendimiento.<\/p>\n<p>Podemos suministrar gr\u00e1nulos de \u00f3xido de escandio en varios rangos de tama\u00f1o de part\u00edcula para satisfacer diferentes requisitos de proceso, adecuados tanto para aplicaciones industriales como de investigaci\u00f3n.<\/p>\n<h2><span style=\"font-size: 14pt;\">Caracter\u00edsticas destacadas del producto<\/span><\/h2>\n<p>Materia prima de \u00f3xido de escandio de alta pureza.<br \/>\nMorfolog\u00eda de las part\u00edculas, buena fluidez.<br \/>\nF\u00e1cil dosificaci\u00f3n cuantitativa.<br \/>\nQu\u00edmicamente estable.<br \/>\nAlta consistencia entre lotes.<br \/>\nAdecuado para aplicaciones a gran escala<\/p>\n<h2><span style=\"font-size: 14pt;\">. Aplicaciones de los gr\u00e1nulos de \u00f3xido de escandio<\/span><\/h2>\n<p><strong>Materiales cer\u00e1micos avanzados:<\/strong><br \/>\nse pueden a\u00f1adir a los sistemas cer\u00e1micos como componente funcional o modificador para mejorar la densidad y el rendimiento general del material.<br \/>\n<strong>Preparaci\u00f3n de<span style=\"color: #0000ff;\"> <\/span>materiales <span style=\"color: #0000ff;\"><a style=\"color: #0000ff;\" href=\"https:\/\/ulpmat.com\/es\/solicitud\/materiales-opticos\/\">\u00f3pticos<\/a><\/span>:<\/strong><br \/>\nen la preparaci\u00f3n de materiales \u00f3pticos, los gr\u00e1nulos ayudan a lograr una distribuci\u00f3n estable de la composici\u00f3n, cumpliendo los requisitos de homogeneidad del material.<br \/>\n<strong>Investigaci\u00f3n de \u00f3xidos funcionales:<\/strong><br \/>\neste producto se utiliza a menudo en la investigaci\u00f3n experimental de nuevos materiales de \u00f3xido, proporcionando una base fiable para el dise\u00f1o de f\u00f3rmulas y las pruebas de rendimiento.<br \/>\n<strong>Sistemas de materiales de alta temperatura:<\/strong><br \/>\nlos gr\u00e1nulos de \u00f3xido de escandio mantienen la estabilidad estructural a altas temperaturas, lo que los hace adecuados para el desarrollo de materiales resistentes a altas temperaturas y procesos relacionados.<\/p>\n<h2><span style=\"color: #0000ff;\"><a style=\"color: #0000ff;\" href=\"https:\/\/ulpmat.com\/es\/empresa\/preguntas-frecuentes\/\"><span style=\"font-size: 14pt;\">Preguntas<\/span><\/a><\/span><\/h2>\n<p>frecuentes<br \/>\nP1: \u00bfCu\u00e1les son las ventajas de los gr\u00e1nulos de \u00f3xido de escandio en comparaci\u00f3n con el polvo?<br \/>\nR1: Las part\u00edculas son m\u00e1s f\u00e1ciles de manipular y pesar, y la dosificaci\u00f3n es m\u00e1s f\u00e1cil de controlar durante la mezcla y la alimentaci\u00f3n.<\/p>\n<p>P2: \u00bfSon los gr\u00e1nulos de \u00f3xido de escandio adecuados para aplicaciones a alta temperatura?<br \/>\nR2: El \u00f3xido de escandio en s\u00ed mismo tiene una buena estabilidad t\u00e9rmica, lo que cumple los requisitos de diversos sistemas de materiales para altas temperaturas.<\/p>\n<p>P3: \u00bfSe puede seleccionar el tama\u00f1o de las part\u00edculas del producto?<br \/>\nR3: El rango de tama\u00f1o de las part\u00edculas se puede ajustar seg\u00fan los requisitos de la aplicaci\u00f3n, lo que permite diferentes escenarios experimentales y de producci\u00f3n.<\/p>\n<p>P4: \u00bfCu\u00e1les son las principales aplicaciones de los gr\u00e1nulos de \u00f3xido de escandio?<br \/>\nR4: Se utilizan principalmente en cer\u00e1mica, materiales <span style=\"color: #0000ff;\"><a style=\"color: #0000ff;\" href=\"https:\/\/ulpmat.com\/es\/solicitud\/materiales-opticos\/\">\u00f3pticos<\/a><\/span><br \/>\ny campos relacionados con \u00f3xidos funcionales.<\/p>\n<h2><span style=\"font-size: 14pt;\">Informe<\/span><\/h2>\n<p>Cada lote se suministra con:<br \/>\n<span style=\"color: #0000ff;\"><a style=\"color: #0000ff;\" href=\"https:\/\/ulpmat.com\/es\/documentos\/certificado-de-analisis\/\"><u>Certificado de an\u00e1lisis (COA)<\/u><\/a><\/span><\/p>\n<p><span style=\"color: #0000ff;\"><a style=\"color: #0000ff;\" href=\"https:\/\/ulpmat.com\/es\/documentos\/ficha-tecnica\/\"><u>Ficha t\u00e9cnica (TDS)<\/u><\/a><\/span><\/p>\n<p><span style=\"color: #0000ff;\"><a style=\"color: #0000ff;\" href=\"https:\/\/ulpmat.com\/es\/documentos\/ficha-de-datos-de-seguridad\/\"><u>Ficha de datos de seguridad (MSDS)<\/u><\/a><\/span><br \/>\nInforme de inspecci\u00f3n de tama\u00f1o<br \/>\nInformes de pruebas de terceros disponibles bajo petici\u00f3n<\/p>\n<h2><span style=\"font-size: 14pt;\">. \u00bfPor qu\u00e9 elegirnos?<\/span><\/h2>\n<p>Contamos con un sistema de suministro estable y experiencia en gesti\u00f3n de la calidad en el campo de los materiales de \u00f3xido inorg\u00e1nico de alta pureza, lo que nos permite ofrecer a los clientes productos de gr\u00e1nulos de \u00f3xido de escandio con un tama\u00f1o definido, un rendimiento estable y la posibilidad de recompra a largo plazo, satisfaciendo las necesidades de diversas aplicaciones industriales y de investigaci\u00f3n.<\/p>\n","protected":false},"excerpt":{"rendered":"<p>Descripci\u00f3n general de los gr\u00e1nulos de \u00f3xido de escandio Los gr\u00e1nulos de \u00f3xido de escandio son materiales inorg\u00e1nicos granulares fabricados a partir de \u00f3xido de escandio de alta pureza, que presentan una excelente estabilidad qu\u00edmica y t\u00e9rmica. Este producto se utiliza ampliamente en la preparaci\u00f3n de cer\u00e1micas avanzadas, materiales \u00f3pticos y materiales funcionales de alto [&hellip;]<\/p>\n","protected":false},"featured_media":50119,"template":"","meta":{"_acf_changed":false},"product_brand":[132],"product_cat":[340],"product_tag":[7471],"class_list":{"0":"post-50118","1":"product","2":"type-product","3":"status-publish","4":"has-post-thumbnail","6":"product_brand-ulpmat","7":"product_cat-materiales-de-evaporacion","8":"product_tag-oxido-de-escandio-en-granulos","10":"first","11":"instock","12":"shipping-taxable","13":"product-type-variable"},"acf":[],"_links":{"self":[{"href":"https:\/\/ulpmat.com\/es\/wp-json\/wp\/v2\/product\/50118","targetHints":{"allow":["GET"]}}],"collection":[{"href":"https:\/\/ulpmat.com\/es\/wp-json\/wp\/v2\/product"}],"about":[{"href":"https:\/\/ulpmat.com\/es\/wp-json\/wp\/v2\/types\/product"}],"wp:featuredmedia":[{"embeddable":true,"href":"https:\/\/ulpmat.com\/es\/wp-json\/wp\/v2\/media\/50119"}],"wp:attachment":[{"href":"https:\/\/ulpmat.com\/es\/wp-json\/wp\/v2\/media?parent=50118"}],"wp:term":[{"taxonomy":"product_brand","embeddable":true,"href":"https:\/\/ulpmat.com\/es\/wp-json\/wp\/v2\/product_brand?post=50118"},{"taxonomy":"product_cat","embeddable":true,"href":"https:\/\/ulpmat.com\/es\/wp-json\/wp\/v2\/product_cat?post=50118"},{"taxonomy":"product_tag","embeddable":true,"href":"https:\/\/ulpmat.com\/es\/wp-json\/wp\/v2\/product_tag?post=50118"}],"curies":[{"name":"wp","href":"https:\/\/api.w.org\/{rel}","templated":true}]}}