{"id":50019,"date":"2026-01-08T16:15:53","date_gmt":"2026-01-08T08:15:53","guid":{"rendered":"https:\/\/ulpmat.com\/product\/sulfuro-de-escandio\/"},"modified":"2026-01-08T16:15:53","modified_gmt":"2026-01-08T08:15:53","slug":"sulfuro-de-escandio","status":"publish","type":"product","link":"https:\/\/ulpmat.com\/es\/producto\/sulfuro-de-escandio\/","title":{"rendered":"Sulfuro de escandio"},"content":{"rendered":"<h2><span style=\"font-size: 14pt;\">Descripci\u00f3n general del polvo de sulfuro de escandio<\/span><\/h2>\n<p><span style=\"color: #0000ff;\"><a style=\"color: #0000ff;\" href=\"https:\/\/ulpmat.com\/es\/buscar\/?type=name&#038;keyword=Scandium+sulfide\">El sulfuro de escandio<\/a><\/span><br \/>\nes un material funcional en polvo de sulfuro de tierras raras con una estructura cristalina \u00fanica, conocido por sus excelentes propiedades semiconductoras y \u00f3pticas. Este material presenta un importante potencial de aplicaci\u00f3n en la conversi\u00f3n termoel\u00e9ctrica de alto rendimiento, <span style=\"color: #0000ff;\"><a style=\"color: #0000ff;\" href=\"https:\/\/ulpmat.com\/es\/solicitud\/materiales-opticos\/\">la \u00f3ptica<\/a><\/span><br \/>\ninfrarroja y los dispositivos electr\u00f3nicos avanzados.<\/p>\n<p>Nos especializamos en proporcionar polvos de sulfuro de escandio de diferentes purezas, tama\u00f1os de part\u00edculas y formas cristalinas. P\u00f3ngase <span style=\"color: #0000ff;\"><a style=\"color: #0000ff;\" href=\"https:\/\/ulpmat.com\/es\/contacto\/\">en contacto con nosotros<\/a><\/span><br \/>\npara obtener informaci\u00f3n detallada si tiene requisitos t\u00e9cnicos espec\u00edficos.<\/p>\n<h2><span style=\"font-size: 14pt;\">Caracter\u00edsticas destacadas del producto<\/span><\/h2>\n<p>Estequiometr\u00eda precisa<br \/>\nControl estricto del contenido de ox\u00edgeno<br \/>\nDistribuci\u00f3n uniforme y concentrada del tama\u00f1o de las part\u00edculas<br \/>\nRendimiento estable entre lotes<\/p>\n<h2><span style=\"font-size: 14pt;\">Aplicaciones del polvo de sulfuro de escandio<\/span><\/h2>\n<p><strong>Dispositivos de conversi\u00f3n termoel\u00e9ctrica<\/strong><br \/>\n: el sulfuro de escandio es un componente b\u00e1sico de los materiales termoel\u00e9ctricos de alta eficiencia, capaz de convertir directamente el calor residual industrial en energ\u00eda el\u00e9ctrica utilizable.<br \/>\n<strong>Ventanas <span style=\"color: #0000ff;\"><a style=\"color: #0000ff;\" href=\"https:\/\/ulpmat.com\/es\/solicitud\/materiales-opticos\/\">\u00f3pticas<\/a><\/span> infrarrojas:<\/strong><br \/>\ndebido a su excelente transmitancia en bandas infrarrojas espec\u00edficas, se puede utilizar para fabricar ventanas y lentes infrarrojas de alto rendimiento para aplicaciones militares y de seguridad.<br \/>\n<strong>Materiales de emisi\u00f3n de electrones:<\/strong><br \/>\ncomo material cat\u00f3dico para pantallas de emisi\u00f3n de campo y fuentes de electrones de alta potencia, presenta una baja funci\u00f3n de trabajo y una buena estabilidad de emisi\u00f3n.<br \/>\n<strong>Electrolito de estado s\u00f3lido:<\/strong><br \/>\nutilizado en novedosas bater\u00edas de sulfuro de estado s\u00f3lido, proporciona una mayor conductividad de iones de litio, lo que mejora la seguridad y la densidad energ\u00e9tica de la bater\u00eda.<\/p>\n<h2><span style=\"color: #0000ff;\"><a style=\"color: #0000ff;\" href=\"https:\/\/ulpmat.com\/es\/empresa\/preguntas-frecuentes\/\"><span style=\"font-size: 14pt;\">Preguntas frecuentes<\/span><\/a><\/span><\/h2>\n<p>P1: \u00bfCu\u00e1les son las principales condiciones de almacenamiento del polvo de sulfuro de escandio?<br \/>\nR1: El producto es sensible al aire y la humedad. Se recomienda almacenarlo sellado bajo protecci\u00f3n de gas inerte o en condiciones de vac\u00edo para mantener su actividad qu\u00edmica.<\/p>\n<p>P2: \u00bfC\u00f3mo se controla el contenido de ox\u00edgeno durante el proceso de producci\u00f3n?<br \/>\nR2: Empleamos un proceso de s\u00edntesis y posprocesamiento en atm\u00f3sfera inerte estrictamente controlado, y utilizamos un analizador de ox\u00edgeno de alta sensibilidad para garantizar que el contenido de ox\u00edgeno del producto cumpla con los requisitos de las aplicaciones de alta gama.<\/p>\n<p>P3: \u00bfSe pueden personalizar los tama\u00f1os espec\u00edficos de las part\u00edculas seg\u00fan los requisitos de sinterizaci\u00f3n?<br \/>\nR3: S\u00ed. Podemos proporcionar productos en polvo optimizados con tama\u00f1os y morfolog\u00edas de part\u00edculas espec\u00edficos en funci\u00f3n de sus procesos posteriores de moldeo y sinterizaci\u00f3n (como prensado en caliente o sinterizaci\u00f3n por plasma de descarga).<\/p>\n<p>P4: \u00bfQu\u00e9 grado de toxicidad tiene el sulfuro de escandio y qu\u00e9 precauciones se deben tomar durante su manipulaci\u00f3n?<br \/>\nR4: El sulfuro de escandio en s\u00ed mismo tiene una baja toxicidad, pero al tratarse de un polvo fino, se debe utilizar equipo de protecci\u00f3n durante su manipulaci\u00f3n para evitar la inhalaci\u00f3n, y se debe manipular de acuerdo con la ficha de datos de seguridad (FDS).<\/p>\n<h2><span style=\"font-size: 14pt;\">Informe<\/span><\/h2>\n<p>Cada lote se suministra con:<br \/>\n<span style=\"color: #0000ff;\"><a style=\"color: #0000ff;\" href=\"https:\/\/ulpmat.com\/es\/documentos\/certificado-de-analisis\/\"><u>Certificado de an\u00e1lisis (COA)<\/u><\/a><\/span><\/p>\n<p><span style=\"color: #0000ff;\"><a style=\"color: #0000ff;\" href=\"https:\/\/ulpmat.com\/es\/documentos\/ficha-tecnica\/\"><u>Ficha t\u00e9cnica (TDS)<\/u><\/a><\/span><\/p>\n<p><span style=\"color: #0000ff;\"><a style=\"color: #0000ff;\" href=\"https:\/\/ulpmat.com\/es\/documentos\/ficha-de-datos-de-seguridad\/\"><u>Ficha de datos de seguridad (MSDS)<\/u><\/a><\/span><br \/>\nInformes de pruebas de terceros disponibles bajo petici\u00f3n<\/p>\n<h2><span style=\"font-size: 14pt;\">\u00bfPor qu\u00e9 elegirnos?<\/span><\/h2>\n<p>Nos basamos en una plataforma tecnol\u00f3gica madura de s\u00edntesis de compuestos de tierras raras, centrada en el desarrollo y la producci\u00f3n de materiales funcionales especiales, como el sulfuro de escandio. Gracias a nuestro profundo conocimiento de la microestructura y las propiedades macrosc\u00f3picas de los materiales, no solo podemos ofrecer productos en polvo de alta calidad y gran consistencia, sino tambi\u00e9n asesoramiento t\u00e9cnico profesional desde la selecci\u00f3n de materiales hasta la adaptaci\u00f3n de procesos, adaptados a sus escenarios de uso final. Somos un socio de I+D y producci\u00f3n de confianza.<\/p>\n","protected":false},"excerpt":{"rendered":"<p>Descripci\u00f3n general del polvo de sulfuro de escandio El sulfuro de escandio es un material funcional en polvo de sulfuro de tierras raras con una estructura cristalina \u00fanica, conocido por sus excelentes propiedades semiconductoras y \u00f3pticas. Este material presenta un importante potencial de aplicaci\u00f3n en la conversi\u00f3n termoel\u00e9ctrica de alto rendimiento, la \u00f3ptica infrarroja y [&hellip;]<\/p>\n","protected":false},"featured_media":50023,"template":"","meta":{"_acf_changed":false},"product_brand":[132],"product_cat":[678,331],"product_tag":[7453],"class_list":{"0":"post-50019","1":"product","2":"type-product","3":"status-publish","4":"has-post-thumbnail","6":"product_brand-ulpmat","7":"product_cat-materiales-calcogenuros","8":"product_cat-materiales-de-tierras-raras","9":"product_tag-sulfuro-de-escandio-en-polvo","11":"first","12":"instock","13":"shipping-taxable","14":"product-type-variable"},"acf":[],"_links":{"self":[{"href":"https:\/\/ulpmat.com\/es\/wp-json\/wp\/v2\/product\/50019","targetHints":{"allow":["GET"]}}],"collection":[{"href":"https:\/\/ulpmat.com\/es\/wp-json\/wp\/v2\/product"}],"about":[{"href":"https:\/\/ulpmat.com\/es\/wp-json\/wp\/v2\/types\/product"}],"wp:featuredmedia":[{"embeddable":true,"href":"https:\/\/ulpmat.com\/es\/wp-json\/wp\/v2\/media\/50023"}],"wp:attachment":[{"href":"https:\/\/ulpmat.com\/es\/wp-json\/wp\/v2\/media?parent=50019"}],"wp:term":[{"taxonomy":"product_brand","embeddable":true,"href":"https:\/\/ulpmat.com\/es\/wp-json\/wp\/v2\/product_brand?post=50019"},{"taxonomy":"product_cat","embeddable":true,"href":"https:\/\/ulpmat.com\/es\/wp-json\/wp\/v2\/product_cat?post=50019"},{"taxonomy":"product_tag","embeddable":true,"href":"https:\/\/ulpmat.com\/es\/wp-json\/wp\/v2\/product_tag?post=50019"}],"curies":[{"name":"wp","href":"https:\/\/api.w.org\/{rel}","templated":true}]}}