{"id":49882,"date":"2026-01-12T14:47:25","date_gmt":"2026-01-12T06:47:25","guid":{"rendered":"https:\/\/ulpmat.com\/product\/cobaltoato-calcico-oxido-de-cobalto-calcico\/"},"modified":"2026-01-12T14:47:25","modified_gmt":"2026-01-12T06:47:25","slug":"cobaltoato-calcico-oxido-de-cobalto-calcico","status":"publish","type":"product","link":"https:\/\/ulpmat.com\/es\/producto\/cobaltoato-calcico-oxido-de-cobalto-calcico\/","title":{"rendered":"Cobaltoato c\u00e1lcico (\u00f3xido de cobalto c\u00e1lcico)"},"content":{"rendered":"<h2><span style=\"font-size: 14pt;\">Objetivos de pulverizaci\u00f3n de cobalto-calcio Descripci\u00f3n general<\/span><\/h2>\n<p>Los objetivos de<br \/>\n<span style=\"color: #0000ff;\"><\/span><br \/>\npulverizaci\u00f3n<br \/>\n<span style=\"color: #0000ff;\"><a style=\"color: #0000ff;\" href=\"https:\/\/ulpmat.com\/es\/buscar\/?type=name&#038;keyword=Calcium+cobaltate\">de cobalto-calcio<\/a><\/span><br \/>\nson objetivos cer\u00e1micos de \u00f3xido termoel\u00e9ctrico de alto rendimiento con una estructura cristalina en capas \u00fanica. Se utilizan en la deposici\u00f3n f\u00edsica de vapor (PVD) para preparar pel\u00edculas delgadas funcionales con excelentes propiedades termoel\u00e9ctricas y estabilidad a altas temperaturas, principalmente para aplicaciones en dispositivos de conversi\u00f3n microtermoel\u00e9ctrica, sensores de alta temperatura y componentes electr\u00f3nicos novedosos.<\/p>\n<p>Para obtener par\u00e1metros t\u00e9cnicos detallados de este objetivo o para discutir soluciones de aplicaci\u00f3n espec\u00edficas, nuestro equipo t\u00e9cnico est\u00e1 listo para proporcionar asistencia personalizada.<\/p>\n<h2><span style=\"font-size: 14pt;\">Caracter\u00edsticas destacadas del producto<\/span><\/h2>\n<p>S\u00edntesis controlada por fases de alta pureza<br \/>\nExcelentes propiedades termoel\u00e9ctricas de la pel\u00edcula delgada<br \/>\nBuena estabilidad a altas temperaturas Formas y tama\u00f1os<br \/>\n<span style=\"color: #0000ff;\"><a style=\"color: #0000ff;\" href=\"https:\/\/ulpmat.com\/es\/servicio\/personalizacion\/\">personalizables<\/a><\/span><\/p>\n<h2><span style=\"font-size: 14pt;\">Aplicaciones de los blancos de pulverizaci\u00f3n de cobalto de calcio<\/span><\/h2>\n<p><strong>Dispositivos de conversi\u00f3n microtermoel\u00e9ctrica:<\/strong><br \/>\nutilizando el alto factor de potencia termoel\u00e9ctrica de las pel\u00edculas delgadas pulverizadas en direcci\u00f3n vertical, se logra una recuperaci\u00f3n eficiente del calor residual a peque\u00f1a escala y la autoalimentaci\u00f3n para sistemas microelectr\u00f3nicos y sensores IoT.<br \/>\n<strong>Termistores de alta temperatura:<\/strong><br \/>\ndebido a la excelente estabilidad t\u00e9rmica y resistividad a altas temperaturas del material, las pel\u00edculas delgadas preparadas pueden utilizarse para desarrollar componentes de sensores de temperatura que funcionan en entornos extremos.<br \/>\n<strong>Nuevos dispositivos electr\u00f3nicos de \u00f3xido:<\/strong><br \/>\ncomo material clave para la capa funcional, se utiliza en la investigaci\u00f3n y el desarrollo de dispositivos de pel\u00edcula delgada de \u00f3xido de \u00faltima generaci\u00f3n con propiedades magn\u00e9ticas y de transporte el\u00e9ctrico especiales, lo que sirve para la investigaci\u00f3n b\u00e1sica de vanguardia y el desarrollo de prototipos.<\/p>\n<h2><span style=\"color: #0000ff;\"><a style=\"color: #0000ff;\" href=\"https:\/\/ulpmat.com\/es\/empresa\/preguntas-frecuentes\/\"><span style=\"font-size: 14pt;\">Preguntas frecuentes<\/span><\/a><\/span><\/h2>\n<p>P1: \u00bfCu\u00e1les son los indicadores clave del rendimiento termoel\u00e9ctrico de las pel\u00edculas delgadas preparadas mediante pulverizaci\u00f3n con blancos de \u00f3xido de calcio y cobalto?<br \/>\nR1: La clave reside en el coeficiente Seebeck (potencial termoel\u00e9ctrico) y el factor de potencia de la pel\u00edcula delgada. Mediante un estricto control del proceso, nos aseguramos de que el blanco pueda depositar pel\u00edculas delgadas con altos coeficientes Seebeck y una conductividad adecuada, obteniendo as\u00ed excelentes factores de potencia.<\/p>\n<p>P2: \u00bfC\u00f3mo se garantiza que la estequiometr\u00eda de la pel\u00edcula delgada sea coherente con la del objetivo durante la pulverizaci\u00f3n?<br \/>\nR2: Garantizamos una composici\u00f3n del objetivo altamente uniforme y densa mediante la optimizaci\u00f3n del proceso de sinterizaci\u00f3n, y recomendamos el uso de atm\u00f3sferas de pulverizaci\u00f3n adecuadas (como mezclas de arg\u00f3n y ox\u00edgeno) y temperaturas de sustrato para reducir eficazmente la p\u00e9rdida de ox\u00edgeno durante la deposici\u00f3n y mantener la estequiometr\u00eda de la pel\u00edcula delgada.<\/p>\n<p>P3: \u00bfQu\u00e9 placas base se suelen unir a este tipo de objetivo?<br \/>\nR3: Dependiendo de los requisitos de equipo y proceso del cliente, solemos utilizar cobre o molibdeno como material de soporte para <span style=\"color: #0000ff;\"><a style=\"color: #0000ff;\" href=\"https:\/\/ulpmat.com\/es\/servicio\/vinculacion-de-objetivos\/\">la uni\u00f3n<\/a><\/span><br \/>\n, a fin de garantizar una buena conductividad t\u00e9rmica y un buen contacto el\u00e9ctrico, cumpliendo as\u00ed los requisitos de pulverizaci\u00f3n estables a diferentes niveles de potencia.<\/p>\n<p>P4: \u00bfC\u00f3mo se controlan la velocidad de deposici\u00f3n y la calidad cristalina de la pel\u00edcula delgada?<br \/>\nR4: La velocidad de deposici\u00f3n se ve afectada principalmente por la potencia de pulverizaci\u00f3n y la presi\u00f3n del gas de trabajo. La calidad cristalina de la pel\u00edcula delgada (orientaci\u00f3n, tama\u00f1o de grano) debe optimizarse controlando con precisi\u00f3n la temperatura del sustrato, el proceso de recocido y la atm\u00f3sfera de pulverizaci\u00f3n. Podemos proporcionar a los clientes orientaci\u00f3n b\u00e1sica sobre los par\u00e1metros del proceso.<\/p>\n<h2><span style=\"font-size: 14pt;\">Informes<\/span><\/h2>\n<p>Cada lote se suministra con:<br \/>\n<span style=\"color: #0000ff;\"><a style=\"color: #0000ff;\" href=\"https:\/\/ulpmat.com\/es\/documentos\/certificado-de-analisis\/\"><u>Certificado de an\u00e1lisis (COA)<\/u><\/a><\/span><\/p>\n<p><span style=\"color: #0000ff;\"><a style=\"color: #0000ff;\" href=\"https:\/\/ulpmat.com\/es\/documentos\/ficha-tecnica\/\"><u>Ficha t\u00e9cnica (TDS)<\/u><\/a><\/span><\/p>\n<p><span style=\"color: #0000ff;\"><a style=\"color: #0000ff;\" href=\"https:\/\/ulpmat.com\/es\/documentos\/ficha-de-datos-de-seguridad\/\"><u>Ficha de datos de seguridad (MSDS)<\/u><\/a><\/span><br \/>\nInforme de inspecci\u00f3n de tama\u00f1o<br \/>\nInformes de pruebas de terceros disponibles bajo petici\u00f3n<\/p>\n<h2><span style=\"font-size: 14pt;\">. \u00bfPor qu\u00e9 elegirnos?<\/span><\/h2>\n<p>Nos especializamos en la preparaci\u00f3n de materiales cer\u00e1micos de \u00f3xido avanzados y contamos con una amplia experiencia en investigaci\u00f3n y producci\u00f3n con \u00f3xidos complejos, como el cobaltato de calcio. No solo proporcionamos blancos de pulverizaci\u00f3n de alta pureza con una calidad estable y un rendimiento fiable, sino que tambi\u00e9n nos esforzamos por ser un s\u00f3lido apoyo para nuestros clientes en el desarrollo de nuevas pel\u00edculas delgadas funcionales.<\/p>\n","protected":false},"excerpt":{"rendered":"<p>Objetivos de pulverizaci\u00f3n de cobalto-calcio Descripci\u00f3n general Los objetivos de pulverizaci\u00f3n de cobalto-calcio son objetivos cer\u00e1micos de \u00f3xido termoel\u00e9ctrico de alto rendimiento con una estructura cristalina en capas \u00fanica. Se utilizan en la deposici\u00f3n f\u00edsica de vapor (PVD) para preparar pel\u00edculas delgadas funcionales con excelentes propiedades termoel\u00e9ctricas y estabilidad a altas temperaturas, principalmente para aplicaciones [&hellip;]<\/p>\n","protected":false},"featured_media":49883,"template":"","meta":{"_acf_changed":false},"product_brand":[132],"product_cat":[457],"product_tag":[7410],"class_list":{"0":"post-49882","1":"product","2":"type-product","3":"status-publish","4":"has-post-thumbnail","6":"product_brand-ulpmat","7":"product_cat-blanco-ceramico-para-sputtering","8":"product_tag-catodos-para-sputtering-de-cobalto-calcico-oxido-de-cobalto-calcico","10":"first","11":"instock","12":"shipping-taxable","13":"product-type-variable"},"acf":[],"_links":{"self":[{"href":"https:\/\/ulpmat.com\/es\/wp-json\/wp\/v2\/product\/49882","targetHints":{"allow":["GET"]}}],"collection":[{"href":"https:\/\/ulpmat.com\/es\/wp-json\/wp\/v2\/product"}],"about":[{"href":"https:\/\/ulpmat.com\/es\/wp-json\/wp\/v2\/types\/product"}],"wp:featuredmedia":[{"embeddable":true,"href":"https:\/\/ulpmat.com\/es\/wp-json\/wp\/v2\/media\/49883"}],"wp:attachment":[{"href":"https:\/\/ulpmat.com\/es\/wp-json\/wp\/v2\/media?parent=49882"}],"wp:term":[{"taxonomy":"product_brand","embeddable":true,"href":"https:\/\/ulpmat.com\/es\/wp-json\/wp\/v2\/product_brand?post=49882"},{"taxonomy":"product_cat","embeddable":true,"href":"https:\/\/ulpmat.com\/es\/wp-json\/wp\/v2\/product_cat?post=49882"},{"taxonomy":"product_tag","embeddable":true,"href":"https:\/\/ulpmat.com\/es\/wp-json\/wp\/v2\/product_tag?post=49882"}],"curies":[{"name":"wp","href":"https:\/\/api.w.org\/{rel}","templated":true}]}}