{"id":49823,"date":"2026-01-12T14:47:26","date_gmt":"2026-01-12T06:47:26","guid":{"rendered":"https:\/\/ulpmat.com\/product\/aluminato-de-calcio-oxido-de-calcio-y-aluminio\/"},"modified":"2026-01-12T14:47:26","modified_gmt":"2026-01-12T06:47:26","slug":"aluminato-de-calcio-oxido-de-calcio-y-aluminio","status":"publish","type":"product","link":"https:\/\/ulpmat.com\/es\/producto\/aluminato-de-calcio-oxido-de-calcio-y-aluminio\/","title":{"rendered":"Aluminato de calcio (\u00f3xido de calcio y aluminio)"},"content":{"rendered":"<h2><span style=\"font-size: 14pt;\">Objetivos de pulverizaci\u00f3n de aluminato de calcio Descripci\u00f3n general<\/span><\/h2>\n<p>Los objetivos de pulverizaci\u00f3n<br \/>\n<span style=\"color: #0000ff;\"><a style=\"color: #0000ff;\" href=\"https:\/\/ulpmat.com\/es\/buscar\/?type=name&#038;keyword=Calcium+aluminate\">de aluminato de calcio<\/a><\/span><br \/>\nson objetivos cer\u00e1micos de alta pureza que se utilizan en la tecnolog\u00eda de deposici\u00f3n f\u00edsica en fase vapor (PVD). Se emplean principalmente para depositar pel\u00edculas de aluminato de calcio con propiedades \u00f3pticas, el\u00e9ctricas o protectoras superiores sobre superficies de sustratos, y tienen amplias aplicaciones en optoelectr\u00f3nica, tecnolog\u00eda de pantallas e ingenier\u00eda de superficies.<\/p>\n<p>Nos especializamos en la fabricaci\u00f3n y el suministro de blancos de pulverizaci\u00f3n de aluminato de calcio de alta densidad y pureza en diversas especificaciones. Ofrecemos servicios de personalizaci\u00f3n de tama\u00f1os y <span style=\"color: #0000ff;\"><a style=\"color: #0000ff;\" href=\"https:\/\/ulpmat.com\/es\/servicio\/vinculacion-de-objetivos\/\">uni\u00f3n<\/a><\/span><br \/>\n. Para consultas t\u00e9cnicas o evaluaci\u00f3n de muestras, p\u00f3ngase <span style=\"color: #0000ff;\"><a style=\"color: #0000ff;\" href=\"https:\/\/ulpmat.com\/es\/contacto\/\">en contacto con nosotros<\/a><\/span><br \/>\nen cualquier momento.<\/p>\n<h2><span style=\"font-size: 14pt;\">Caracter\u00edsticas destacadas del producto<\/span><\/h2>\n<p>Pureza y densidad ultra altas.<br \/>\nMicroestructura superior.<br \/>\nDiversas opciones de especificaciones<br \/>\n<strong>.<\/strong><\/p>\n<p>Proceso <a href=\"https:\/\/ulpmat.com\/es\/servicio\/vinculacion-de-objetivos\/\"><span style=\"color: #0000ff;\">de uni\u00f3n<\/span><\/a><br \/>\nfiable<\/p>\n<h2><span style=\"font-size: 14pt;\">. Aplicaciones de los blancos de pulverizaci\u00f3n de aluminato de calcio<\/span><\/h2>\n<p><strong>Aplicaciones de recubrimiento <span style=\"color: #0000ff;\"><a style=\"color: #0000ff;\" href=\"https:\/\/ulpmat.com\/es\/solicitud\/materiales-opticos\/\">\u00f3ptico<\/a><\/span>:<\/strong><br \/>\nse utilizan para preparar recubrimientos antirreflectantes, pel\u00edculas protectoras o pel\u00edculas funcionales con \u00edndices de refracci\u00f3n espec\u00edficos para componentes \u00f3pticos, lo que mejora el rendimiento del sistema \u00f3ptico.<br \/>\n<strong>Tecnolog\u00eda electr\u00f3nica y de visualizaci\u00f3n:<\/strong><br \/>\nsirve como material diel\u00e9ctrico o capa tamp\u00f3n en procesos de deposici\u00f3n de pel\u00edculas delgadas para pantallas planas, dispositivos <span style=\"color: #0000ff;\"><a style=\"color: #0000ff;\" href=\"https:\/\/ulpmat.com\/es\/solicitud\/materiales-semiconductores\/\">semiconductores<\/a><\/span><br \/>\ny componentes de almacenamiento.<br \/>\n<strong>Recubrimientos protectores resistentes al desgaste:<\/strong><br \/>\nla deposici\u00f3n de pel\u00edculas de aluminato de calcio en herramientas, moldes o componentes de precisi\u00f3n mejora significativamente la dureza de la superficie, la resistencia al desgaste y la resistencia a la corrosi\u00f3n.<br \/>\n<strong>Investigaci\u00f3n sobre materiales funcionales emergentes:<\/strong><br \/>\nsirve como fuente fundamental de pulverizaci\u00f3n para explorar nuevos materiales de pel\u00edcula fina ferroel\u00e9ctricos, fluorescentes o catal\u00edticos, lo que respalda la investigaci\u00f3n cient\u00edfica de vanguardia y el desarrollo de productos de alta gama.<\/p>\n<h2><span style=\"color: #0000ff;\"><a style=\"color: #0000ff;\" href=\"https:\/\/ulpmat.com\/es\/empresa\/preguntas-frecuentes\/\"><span style=\"font-size: 14pt;\">Preguntas frecuentes<\/span><\/a><\/span><\/h2>\n<p>P1: \u00bfQu\u00e9 par\u00e1metros de proceso especiales se requieren para los blancos de aluminato de calcio durante la pulverizaci\u00f3n?<br \/>\nR1: Por lo general, se recomienda la pulverizaci\u00f3n reactiva en condiciones adecuadas de potencia y presi\u00f3n parcial de ox\u00edgeno para obtener pel\u00edculas con relaciones estequiom\u00e9tricas precisas. Los par\u00e1metros espec\u00edficos deben optimizarse en funci\u00f3n de su equipo y los requisitos de la pel\u00edcula.<\/p>\n<p>P2: \u00bfC\u00f3mo afectan la densidad y la pureza del blanco a la pel\u00edcula final?<br \/>\nR2: Una alta densidad reduce eficazmente la dispersi\u00f3n de part\u00edculas durante la pulverizaci\u00f3n, lo que mejora la compacidad de la pel\u00edcula. Una alta pureza es fundamental para garantizar una composici\u00f3n qu\u00edmica precisa, un rendimiento estable y un m\u00ednimo de impurezas o defectos en la pel\u00edcula.<\/p>\n<p>P3: \u00bfOfrecen personalizaci\u00f3n para blancos de tama\u00f1o peque\u00f1o o forma especial?<br \/>\nR3: S\u00ed. Ofrecemos soluciones de blancos personalizadas en dimensiones, formas o estructuras compuestas especiales para satisfacer sus necesidades de I+D o producci\u00f3n en lotes peque\u00f1os. Consulte a nuestro equipo t\u00e9cnico para obtener informaci\u00f3n detallada.<\/p>\n<p>P4: \u00bfCu\u00e1l es la vida \u00fatil t\u00edpica de un blanco y qu\u00e9 factores influyen en ella?<br \/>\nR4: La vida \u00fatil depende de m\u00faltiples factores, entre los que se incluyen la potencia de pulverizaci\u00f3n, la uniformidad del \u00e1rea grabada y la eficiencia de refrigeraci\u00f3n. El uso adecuado y la garant\u00eda de una refrigeraci\u00f3n adecuada de la superficie del blanco son m\u00e9todos eficaces para prolongar su vida \u00fatil.<\/p>\n<h2><span style=\"font-size: 14pt;\">Informe<\/span><\/h2>\n<p>Cada lote se suministra con:<br \/>\n<span style=\"color: #0000ff;\"><a style=\"color: #0000ff;\" href=\"https:\/\/ulpmat.com\/es\/documentos\/certificado-de-analisis\/\"><u>Certificado de an\u00e1lisis (COA)<\/u><\/a><\/span><\/p>\n<p><span style=\"color: #0000ff;\"><a style=\"color: #0000ff;\" href=\"https:\/\/ulpmat.com\/es\/documentos\/ficha-tecnica\/\"><u>Ficha t\u00e9cnica (TDS)<\/u><\/a><\/span><\/p>\n<p><span style=\"color: #0000ff;\"><a style=\"color: #0000ff;\" href=\"https:\/\/ulpmat.com\/es\/documentos\/ficha-de-datos-de-seguridad\/\"><u>Ficha de datos de seguridad (MSDS)<\/u><\/a><\/span><br \/>\nInforme de inspecci\u00f3n de tama\u00f1o<br \/>\nInformes de pruebas de terceros disponibles bajo petici\u00f3n<\/p>\n<h2><span style=\"font-size: 14pt;\">\u00bfPor qu\u00e9 confiar en nosotros?<\/span><\/h2>\n<p>Nos especializamos en la I+D y la fabricaci\u00f3n de blancos de pulverizaci\u00f3n cer\u00e1micos avanzados, y comprendemos profundamente los requisitos de calidad fundamentales para los blancos en los procesos de deposici\u00f3n de pel\u00edculas delgadas. Desde la s\u00edntesis de polvos de alta pureza y el conformado\/sinterizado de precisi\u00f3n hasta las rigurosas pruebas no destructivas, aplicamos una gesti\u00f3n meticulosa en todo el proceso. Nos comprometemos a convertirnos en su proveedor de materiales b\u00e1sicos de confianza en el desarrollo y la industrializaci\u00f3n de nuevos materiales, ofreciendo un rendimiento excepcional de los productos, asistencia t\u00e9cnica profesional previa a la venta y capacidades de entrega fiables.<\/p>\n","protected":false},"excerpt":{"rendered":"<p>Objetivos de pulverizaci\u00f3n de aluminato de calcio Descripci\u00f3n general Los objetivos de pulverizaci\u00f3n de aluminato de calcio son objetivos cer\u00e1micos de alta pureza que se utilizan en la tecnolog\u00eda de deposici\u00f3n f\u00edsica en fase vapor (PVD). Se emplean principalmente para depositar pel\u00edculas de aluminato de calcio con propiedades \u00f3pticas, el\u00e9ctricas o protectoras superiores sobre superficies [&hellip;]<\/p>\n","protected":false},"featured_media":49824,"template":"","meta":{"_acf_changed":false},"product_brand":[132],"product_cat":[457],"product_tag":[7392],"class_list":{"0":"post-49823","1":"product","2":"type-product","3":"status-publish","4":"has-post-thumbnail","6":"product_brand-ulpmat","7":"product_cat-blanco-ceramico-para-sputtering","8":"product_tag-catodos-para-sputtering-de-aluminato-de-calcio-oxido-de-calcio-y-aluminio","10":"first","11":"instock","12":"shipping-taxable","13":"product-type-variable"},"acf":[],"_links":{"self":[{"href":"https:\/\/ulpmat.com\/es\/wp-json\/wp\/v2\/product\/49823","targetHints":{"allow":["GET"]}}],"collection":[{"href":"https:\/\/ulpmat.com\/es\/wp-json\/wp\/v2\/product"}],"about":[{"href":"https:\/\/ulpmat.com\/es\/wp-json\/wp\/v2\/types\/product"}],"wp:featuredmedia":[{"embeddable":true,"href":"https:\/\/ulpmat.com\/es\/wp-json\/wp\/v2\/media\/49824"}],"wp:attachment":[{"href":"https:\/\/ulpmat.com\/es\/wp-json\/wp\/v2\/media?parent=49823"}],"wp:term":[{"taxonomy":"product_brand","embeddable":true,"href":"https:\/\/ulpmat.com\/es\/wp-json\/wp\/v2\/product_brand?post=49823"},{"taxonomy":"product_cat","embeddable":true,"href":"https:\/\/ulpmat.com\/es\/wp-json\/wp\/v2\/product_cat?post=49823"},{"taxonomy":"product_tag","embeddable":true,"href":"https:\/\/ulpmat.com\/es\/wp-json\/wp\/v2\/product_tag?post=49823"}],"curies":[{"name":"wp","href":"https:\/\/api.w.org\/{rel}","templated":true}]}}