{"id":49795,"date":"2026-01-12T14:47:27","date_gmt":"2026-01-12T06:47:27","guid":{"rendered":"https:\/\/ulpmat.com\/product\/boruro-de-calcio\/"},"modified":"2026-01-12T14:47:27","modified_gmt":"2026-01-12T06:47:27","slug":"boruro-de-calcio","status":"publish","type":"product","link":"https:\/\/ulpmat.com\/es\/producto\/boruro-de-calcio\/","title":{"rendered":"Boruro de calcio"},"content":{"rendered":"<h2><span style=\"font-size: 14pt;\">Descripci\u00f3n general del polvo de boruro de calcio<\/span><\/h2>\n<p>El polvo<br \/>\n<span style=\"color: #0000ff;\"><a style=\"color: #0000ff;\" href=\"https:\/\/ulpmat.com\/es\/buscar\/?type=name&#038;keyword=Calcium+boride\">de boruro de calcio<\/a><\/span><br \/>\nes un polvo cer\u00e1mico de alto rendimiento con una estructura cristalina \u00fanica, de aspecto negro o gris\u00e1ceo-negro. Reconocido por su excepcional dureza, excelente conductividad el\u00e9ctrica y extraordinaria capacidad de absorci\u00f3n de neutrones, es una materia prima fundamental en materiales estructurales de alta temperatura, recubrimientos funcionales especiales y la industria nuclear.<\/p>\n<p>Nos especializamos en la producci\u00f3n y el suministro de polvo de hexaboruro de calcio de alta pureza con tama\u00f1os de part\u00edculas <span style=\"color: #0000ff;\"><a style=\"color: #0000ff;\" href=\"https:\/\/ulpmat.com\/es\/servicio\/personalizacion\/\">personalizables<\/a><\/span><br \/>\npara satisfacer los estrictos requisitos de diversas aplicaciones. Para obtener especificaciones t\u00e9cnicas espec\u00edficas o solicitar muestras, p\u00f3ngase <span style=\"color: #0000ff;\"><a style=\"color: #0000ff;\" href=\"https:\/\/ulpmat.com\/es\/contacto\/\">en contacto con nosotros<\/a><\/span><br \/>\nen cualquier momento.<\/p>\n<h2><span style=\"font-size: 14pt;\">Caracter\u00edsticas destacadas del producto<\/span><\/h2>\n<p>Propiedades f\u00edsicas excepcionales<br \/>\nAlta secci\u00f3n transversal de absorci\u00f3n de neutrones<br \/>\nEstabilidad t\u00e9rmica superior<br \/>\nAlta pureza y tama\u00f1o de part\u00edcula personalizable<\/p>\n<h2><span style=\"font-size: 14pt;\">Aplicaciones del polvo de hexaboruro de calcio<\/span><\/h2>\n<p><strong>Industria nuclear y blindaje contra la radiaci\u00f3n:<\/strong><br \/>\nsirve como un eficiente absorbedor de neutrones en barras de control de reactores nucleares, materiales de blindaje y almacenamiento de combustible gastado.<br \/>\n<strong>Refractarios avanzados:<\/strong><br \/>\ncuando se incorpora a refractarios de \u00f3xido o no \u00f3xido, mejora significativamente la resistencia a altas temperaturas, la resistencia al choque t\u00e9rmico y la resistencia a la erosi\u00f3n por metal fundido.<br \/>\n<strong>Recubrimientos y compuestos resistentes al desgaste:<\/strong><br \/>\nsirve como fase de refuerzo en compuestos de matriz met\u00e1lica o cer\u00e1mica, o forma recubrimientos protectores extremadamente resistentes al desgaste y a la corrosi\u00f3n mediante pulverizaci\u00f3n t\u00e9rmica.<br \/>\n<strong>Materiales de emisi\u00f3n de electrones:<\/strong><br \/>\nsu baja funci\u00f3n de trabajo y su excelente conductividad lo convierten en un material preferido para c\u00e1todos de emisi\u00f3n de electrones de alta eficiencia (por ejemplo, c\u00e1todos de microscopios electr\u00f3nicos).<\/p>\n<h2><span style=\"color: #0000ff;\"><a style=\"color: #0000ff;\" href=\"https:\/\/ulpmat.com\/es\/empresa\/preguntas-frecuentes\/\"><span style=\"font-size: 14pt;\">Preguntas<\/span><\/a><\/span><\/h2>\n<p>frecuentes<br \/>\nP1: \u00bfCu\u00e1les son las principales propiedades qu\u00edmicas del polvo de hexaboruro de calcio?<br \/>\nR1: El hexaboruro de calcio presenta propiedades qu\u00edmicas relativamente estables, pero puede oxidarse en el aire a temperaturas elevadas (por ejemplo, por encima de 800 \u00b0C). Se recomienda el procesamiento a alta temperatura en atm\u00f3sferas inertes, mientras que el almacenamiento rutinario requiere condiciones secas.<\/p>\n<p>P2: \u00bfCu\u00e1les son las principales diferencias de aplicaci\u00f3n entre los polvos de diferentes tama\u00f1os de part\u00edculas?<br \/>\nR2: El tama\u00f1o de las part\u00edculas afecta directamente a la actividad de sinterizaci\u00f3n del polvo, a su dispersi\u00f3n en los materiales compuestos y al grado de densificaci\u00f3n del producto final. Los polvos a escala nanom\u00e9trica presentan una mayor actividad y son m\u00e1s propicios para la sinterizaci\u00f3n a baja temperatura de materiales de grano fino; los polvos a escala microm\u00e9trica ofrecen ventajas en cuanto a la controlabilidad del proceso y el coste.<\/p>\n<p>P3: \u00bfCu\u00e1les son los posibles efectos de este producto sobre la salud y qu\u00e9 precauciones se deben tomar durante su manipulaci\u00f3n?<br \/>\nR3: Al tratarse de un polvo de part\u00edculas finas, evite la inhalaci\u00f3n o el contacto con los ojos. La manipulaci\u00f3n debe realizarse en una campana extractora y utilizando el equipo de protecci\u00f3n individual (EPI) adecuado, como mascarillas antipolvo, guantes y gafas de seguridad, de acuerdo con los protocolos de seguridad qu\u00edmica.<\/p>\n<p>P4: \u00bfSe pueden suministrar polvos modificados superficialmente para satisfacer mis requisitos de proceso espec\u00edficos?<br \/>\nR4: S\u00ed. Ofrecemos servicios de tratamiento superficial espec\u00edficos, como recubrimiento o modificaci\u00f3n, para mejorar la dispersi\u00f3n del polvo y <span style=\"color: #0000ff;\"><a style=\"color: #0000ff;\" href=\"https:\/\/ulpmat.com\/es\/servicio\/vinculacion-de-objetivos\/\">la uni\u00f3n<\/a><\/span><br \/>\ninterfacial dentro de matrices espec\u00edficas (por ejemplo, pol\u00edmeros, metales). Consulte a nuestro equipo t\u00e9cnico para obtener m\u00e1s detalles.<\/p>\n<h2><span style=\"font-size: 14pt;\">Informe<\/span><\/h2>\n<p>Cada lote se suministra con:<br \/>\nCertificado de an\u00e1lisis (COA)<br \/>\nFicha t\u00e9cnica (TDS)<br \/>\nFicha de datos de seguridad (MSDS)<br \/>\nInformes de pruebas de terceros disponibles bajo petici\u00f3n<\/p>\n<h2><span style=\"font-size: 14pt;\">\u00bfPor qu\u00e9 confiar en nosotros?<\/span><\/h2>\n<p>Como proveedor especializado en compuestos de boro, vamos m\u00e1s all\u00e1 de los productos est\u00e1ndar de hexaboruro de calcio para servirle como socio de soluciones para sus retos t\u00e9cnicos. Aprovechando las avanzadas tecnolog\u00edas de s\u00edntesis y purificaci\u00f3n, garantizamos una pureza, un tama\u00f1o de part\u00edcula y un rendimiento uniformes en todos los productos.<\/p>\n","protected":false},"excerpt":{"rendered":"<p>Descripci\u00f3n general del polvo de boruro de calcio El polvo de boruro de calcio es un polvo cer\u00e1mico de alto rendimiento con una estructura cristalina \u00fanica, de aspecto negro o gris\u00e1ceo-negro. Reconocido por su excepcional dureza, excelente conductividad el\u00e9ctrica y extraordinaria capacidad de absorci\u00f3n de neutrones, es una materia prima fundamental en materiales estructurales de [&hellip;]<\/p>\n","protected":false},"featured_media":49796,"template":"","meta":{"_acf_changed":false},"product_brand":[132],"product_cat":[720],"product_tag":[7386],"class_list":{"0":"post-49795","1":"product","2":"type-product","3":"status-publish","4":"has-post-thumbnail","6":"product_brand-ulpmat","7":"product_cat-materiales-refractarios","8":"product_tag-boruro-calcico-en-polvo","10":"first","11":"instock","12":"shipping-taxable","13":"product-type-variable"},"acf":[],"_links":{"self":[{"href":"https:\/\/ulpmat.com\/es\/wp-json\/wp\/v2\/product\/49795","targetHints":{"allow":["GET"]}}],"collection":[{"href":"https:\/\/ulpmat.com\/es\/wp-json\/wp\/v2\/product"}],"about":[{"href":"https:\/\/ulpmat.com\/es\/wp-json\/wp\/v2\/types\/product"}],"wp:featuredmedia":[{"embeddable":true,"href":"https:\/\/ulpmat.com\/es\/wp-json\/wp\/v2\/media\/49796"}],"wp:attachment":[{"href":"https:\/\/ulpmat.com\/es\/wp-json\/wp\/v2\/media?parent=49795"}],"wp:term":[{"taxonomy":"product_brand","embeddable":true,"href":"https:\/\/ulpmat.com\/es\/wp-json\/wp\/v2\/product_brand?post=49795"},{"taxonomy":"product_cat","embeddable":true,"href":"https:\/\/ulpmat.com\/es\/wp-json\/wp\/v2\/product_cat?post=49795"},{"taxonomy":"product_tag","embeddable":true,"href":"https:\/\/ulpmat.com\/es\/wp-json\/wp\/v2\/product_tag?post=49795"}],"curies":[{"name":"wp","href":"https:\/\/api.w.org\/{rel}","templated":true}]}}