{"id":49731,"date":"2026-01-12T14:47:27","date_gmt":"2026-01-12T06:47:27","guid":{"rendered":"https:\/\/ulpmat.com\/product\/carbonato-calcico\/"},"modified":"2026-01-12T14:47:27","modified_gmt":"2026-01-12T06:47:27","slug":"carbonato-calcico","status":"publish","type":"product","link":"https:\/\/ulpmat.com\/es\/producto\/carbonato-calcico\/","title":{"rendered":"Carbonato c\u00e1lcico"},"content":{"rendered":"<h2><span style=\"font-size: 14pt;\">Descripci\u00f3n general del carbonato c\u00e1lcico en polvo<\/span><\/h2>\n<p><span style=\"color: #0000ff;\"><a style=\"color: #0000ff;\" href=\"https:\/\/ulpmat.com\/es\/buscar\/?type=name&#038;keyword=Calcium+carbonate\">El carbonato c\u00e1lcico<\/a><\/span><br \/>\nen polvo es un compuesto inorg\u00e1nico natural muy utilizado que se obtiene principalmente a partir de minerales como la piedra caliza y el m\u00e1rmol, y que suele procesarse hasta convertirlo en un polvo blanco fino. Como relleno industrial y aditivo funcional esencial, es una materia prima fundamental e indispensable en numerosas industrias, como la del pl\u00e1stico, la fabricaci\u00f3n de papel, los recubrimientos y los materiales de construcci\u00f3n.<\/p>\n<p>Ofrecemos una amplia gama de productos, desde carbonato c\u00e1lcico pesado hasta ligero, que cubren diversos tama\u00f1os de part\u00edculas, niveles de blancura y requisitos de tratamiento superficial. Si desea obtener muestras o especificaciones t\u00e9cnicas adaptadas a las necesidades de su proceso, no dude en <span style=\"color: #0000ff;\"><a style=\"color: #0000ff;\" href=\"https:\/\/ulpmat.com\/es\/contacto\/\">ponerse en contacto con nosotros<\/a><\/span><br \/>\nen cualquier momento.<\/p>\n<h2><span style=\"font-size: 14pt;\">Caracter\u00edsticas destacadas del producto<\/span><\/h2>\n<p>Alta pureza y blancura superior<br \/>\nDistribuci\u00f3n del tama\u00f1o de las part\u00edculas precisa y controlable<br \/>\nModificaci\u00f3n de la superficie para mejorar la compatibilidad<br \/>\nAlta tasa de relleno y ventajas rentables<br \/>\nPropiedades qu\u00edmicas y f\u00edsicas estables.<\/p>\n<h2><span style=\"font-size: 14pt;\">Aplicaciones del polvo de carbonato c\u00e1lcico<\/span><\/h2>\n<p><strong>Industria del pl\u00e1stico y el caucho:<\/strong><br \/>\nsirve como relleno y agente reforzante, mejorando eficazmente la estabilidad dimensional, la rigidez y la resistencia al impacto de los productos, al tiempo que reduce significativamente los costes de producci\u00f3n.<br \/>\n<strong>Industria del papel:<\/strong><br \/>\nutilizado como relleno de papel y pigmento de recubrimiento, mejora la opacidad, la blancura, la suavidad y la imprimibilidad del papel, al tiempo que conserva los recursos de pulpa de madera.<br \/>\n<strong>Sector de pinturas y tintas:<\/strong><br \/>\ncomo pigmento corporal, proporciona relleno estructural, aumenta el volumen, regula la reolog\u00eda y mejora la resistencia a la abrasi\u00f3n de la pel\u00edcula de pintura, lo que da como resultado un rendimiento superior del producto.<br \/>\n<strong>Materiales de construcci\u00f3n y selladores:<\/strong><br \/>\ncomponente clave en la producci\u00f3n de masilla, selladores, piedra artificial y productos de cemento, mejora la trabajabilidad y las propiedades mec\u00e1nicas del producto final.<\/p>\n<h2><span style=\"color: #0000ff;\"><a style=\"color: #0000ff;\" href=\"https:\/\/ulpmat.com\/es\/empresa\/preguntas-frecuentes\/\"><span style=\"font-size: 14pt;\">Preguntas frecuentes<\/span><\/a><\/span><\/h2>\n<p>P1: \u00bfEs seguro el carbonato c\u00e1lcico? \u00bfQu\u00e9 efectos tiene sobre la salud humana y el medio ambiente?<br \/>\nR1: El carbonato c\u00e1lcico es una sustancia natural no t\u00f3xica que se utiliza ampliamente en alimentos, productos farmac\u00e9uticos y cosm\u00e9ticos. Los productos de grado industrial son seguros si se utilizan de forma normal y se toman las medidas de protecci\u00f3n adecuadas. El polvo debe gestionarse como polvo industrial est\u00e1ndar para evitar una inhalaci\u00f3n excesiva.<\/p>\n<p>P2: \u00bfCu\u00e1les son las diferencias fundamentales en la aplicaci\u00f3n entre polvos de diferentes tama\u00f1os de part\u00edculas?<br \/>\nR2: El tama\u00f1o de las part\u00edculas influye directamente en la eficiencia de relleno y el brillo superficial del producto acabado. Los tama\u00f1os de part\u00edculas gruesas (por ejemplo, malla 800) se utilizan principalmente para la expansi\u00f3n de volumen y el relleno. Los tama\u00f1os de part\u00edculas ultrafinas (por ejemplo, malla 1250 y superior) proporcionan un refuerzo, una suavidad superficial y un brillo superiores.<\/p>\n<p>P3: \u00bfQu\u00e9 ventajas ofrece el carbonato c\u00e1lcico tratado superficialmente (por ejemplo, con titanato o estearato)?<br \/>\nR3: El tratamiento superficial mejora significativamente la compatibilidad interfacial entre el carbonato c\u00e1lcico y los pol\u00edmeros org\u00e1nicos (por ejemplo, pl\u00e1sticos, caucho), reduce la aglomeraci\u00f3n y mejora la dispersi\u00f3n. Esto aumenta las propiedades mec\u00e1nicas y la fluidez de procesamiento de los materiales compuestos.<\/p>\n<p>P4: \u00bfCu\u00e1les son las principales ventajas del carbonato c\u00e1lcico en comparaci\u00f3n con otros rellenos como el talco o el caol\u00edn?<br \/>\nR4: Las principales ventajas del carbonato c\u00e1lcico residen en su excepcional rentabilidad, su blancura superior, su bajo valor de abrasi\u00f3n y su pH estable, lo que lo convierte en uno de los rellenos m\u00e1s vers\u00e1tiles y utilizados.<\/p>\n<h2><span style=\"font-size: 14pt;\">Informe<\/span><\/h2>\n<p>Cada lote se suministra con:<br \/>\n<span style=\"color: #0000ff;\"><a style=\"color: #0000ff;\" href=\"https:\/\/ulpmat.com\/es\/documentos\/certificado-de-analisis\/\"><u>Certificado de an\u00e1lisis (COA)<\/u><\/a><\/span><\/p>\n<p><span style=\"color: #0000ff;\"><a style=\"color: #0000ff;\" href=\"https:\/\/ulpmat.com\/es\/documentos\/ficha-tecnica\/\"><u>Ficha t\u00e9cnica (TDS)<\/u><\/a><\/span><\/p>\n<p><span style=\"color: #0000ff;\"><a style=\"color: #0000ff;\" href=\"https:\/\/ulpmat.com\/es\/documentos\/ficha-de-datos-de-seguridad\/\"><u>Ficha de datos de seguridad (MSDS)<\/u><\/a><\/span><br \/>\nInformes de pruebas de terceros disponibles bajo petici\u00f3n<\/p>\n<h2><span style=\"font-size: 14pt;\">\u00bfPor qu\u00e9 elegirnos?<\/span><\/h2>\n<p>Nos especializamos en el procesamiento de minerales no met\u00e1licos, centr\u00e1ndonos en el desarrollo avanzado y la fabricaci\u00f3n de precisi\u00f3n de productos de carbonato c\u00e1lcico. M\u00e1s all\u00e1 de las especificaciones est\u00e1ndar, ofrecemos soluciones de productos a medida y asistencia t\u00e9cnica para abordar los retos espec\u00edficos de formulaci\u00f3n y proceso de su industria.<\/p>\n","protected":false},"excerpt":{"rendered":"<p>Descripci\u00f3n general del carbonato c\u00e1lcico en polvo El carbonato c\u00e1lcico en polvo es un compuesto inorg\u00e1nico natural muy utilizado que se obtiene principalmente a partir de minerales como la piedra caliza y el m\u00e1rmol, y que suele procesarse hasta convertirlo en un polvo blanco fino. Como relleno industrial y aditivo funcional esencial, es una materia [&hellip;]<\/p>\n","protected":false},"featured_media":49732,"template":"","meta":{"_acf_changed":false},"product_brand":[132],"product_cat":[1189],"product_tag":[7368],"class_list":{"0":"post-49731","1":"product","2":"type-product","3":"status-publish","4":"has-post-thumbnail","6":"product_brand-ulpmat","7":"product_cat-otros-acidos","8":"product_tag-carbonato-calcico-en-polvo","10":"first","11":"instock","12":"shipping-taxable","13":"product-type-variable"},"acf":[],"_links":{"self":[{"href":"https:\/\/ulpmat.com\/es\/wp-json\/wp\/v2\/product\/49731","targetHints":{"allow":["GET"]}}],"collection":[{"href":"https:\/\/ulpmat.com\/es\/wp-json\/wp\/v2\/product"}],"about":[{"href":"https:\/\/ulpmat.com\/es\/wp-json\/wp\/v2\/types\/product"}],"wp:featuredmedia":[{"embeddable":true,"href":"https:\/\/ulpmat.com\/es\/wp-json\/wp\/v2\/media\/49732"}],"wp:attachment":[{"href":"https:\/\/ulpmat.com\/es\/wp-json\/wp\/v2\/media?parent=49731"}],"wp:term":[{"taxonomy":"product_brand","embeddable":true,"href":"https:\/\/ulpmat.com\/es\/wp-json\/wp\/v2\/product_brand?post=49731"},{"taxonomy":"product_cat","embeddable":true,"href":"https:\/\/ulpmat.com\/es\/wp-json\/wp\/v2\/product_cat?post=49731"},{"taxonomy":"product_tag","embeddable":true,"href":"https:\/\/ulpmat.com\/es\/wp-json\/wp\/v2\/product_tag?post=49731"}],"curies":[{"name":"wp","href":"https:\/\/api.w.org\/{rel}","templated":true}]}}