{"id":49641,"date":"2026-01-12T14:47:29","date_gmt":"2026-01-12T06:47:29","guid":{"rendered":"https:\/\/ulpmat.com\/product\/fluoruro-calcico-2\/"},"modified":"2026-01-12T14:47:29","modified_gmt":"2026-01-12T06:47:29","slug":"fluoruro-calcico-2","status":"publish","type":"product","link":"https:\/\/ulpmat.com\/es\/producto\/fluoruro-calcico-2\/","title":{"rendered":"Fluoruro c\u00e1lcico"},"content":{"rendered":"<h2><span style=\"font-size: 14pt;\">Descripci\u00f3n general del fluoruro de calcio en polvo<\/span><\/h2>\n<p><span style=\"color: #0000ff;\"><a style=\"color: #0000ff;\" href=\"https:\/\/ulpmat.com\/es\/buscar\/?type=name&#038;keyword=Calcium+fluoride\">El fluoruro de calcio<\/a><\/span><br \/>\nen polvo es un material inorg\u00e1nico de fluoruro esencial, que suele presentarse en forma de polvo fino blanco de alta pureza. Sus excepcionales propiedades <span style=\"color: #0000ff;\"><a style=\"color: #0000ff;\" href=\"https:\/\/ulpmat.com\/es\/solicitud\/materiales-opticos\/\">\u00f3pticas<\/a><\/span><br \/>\n, estabilidad qu\u00edmica y caracter\u00edsticas funcionales lo hacen indispensable en campos como los recubrimientos \u00f3pticos, el vidrio especial, los recubrimientos de alta gama y los aditivos metal\u00fargicos.<\/p>\n<p>Nos especializamos en la producci\u00f3n y el suministro de fluoruro de calcio en polvo en diversos grados de pureza y distribuciones de tama\u00f1o de part\u00edculas, ofreciendo un procesamiento personalizado que se adapta a los requisitos de su aplicaci\u00f3n. Para obtener muestras o documentaci\u00f3n t\u00e9cnica, p\u00f3ngase <span style=\"color: #0000ff;\"><a style=\"color: #0000ff;\" href=\"https:\/\/ulpmat.com\/es\/contacto\/\">en contacto con nosotros<\/a><\/span><br \/>\nen cualquier momento.<\/p>\n<h2><span style=\"font-size: 14pt;\">Caracter\u00edsticas destacadas del producto<\/span><\/h2>\n<p>Alta pureza y calidad \u00f3ptica.<br \/>\nDistribuci\u00f3n del tama\u00f1o de las part\u00edculas ajustable con precisi\u00f3n.<br \/>\nExcelente estabilidad qu\u00edmica y t\u00e9rmica.<br \/>\nBuena dispersabilidad y consistencia entre lotes<\/p>\n<h2><span style=\"font-size: 14pt;\">. Aplicaciones del polvo de fluoruro de calcio<\/span><\/h2>\n<p><strong>Recubrimientos <span style=\"color: #0000ff;\"><a style=\"color: #0000ff;\" href=\"https:\/\/ulpmat.com\/es\/solicitud\/materiales-opticos\/\">\u00f3pticos<\/a><\/span> y materiales cristalinos:<\/strong><br \/>\nsirve como materia prima para la deposici\u00f3n al vac\u00edo o la pulverizaci\u00f3n cat\u00f3dica en la producci\u00f3n de recubrimientos antirreflectantes, pel\u00edculas protectoras y ventanas \u00f3pticas UV\/IR. Tambi\u00e9n funciona como material fundamental para el crecimiento de cristales l\u00e1ser.<\/p>\n<p><strong>Fabricaci\u00f3n de vidrios y cer\u00e1micas especiales:<\/strong><br \/>\nsirve como fuente clave de fl\u00faor y aditivo modificador en formulaciones para vidrio fluorofosfato, vidrio de bajo \u00edndice de refracci\u00f3n y cer\u00e1micas funcionales, regulando eficazmente las propiedades \u00f3pticas y t\u00e9rmicas.<\/p>\n<p><strong>Recubrimientos de alto rendimiento y rellenos pl\u00e1sticos:<\/strong><br \/>\nse incorpora funcionalmente en recubrimientos resistentes a la corrosi\u00f3n, recubrimientos de alta temperatura o pl\u00e1sticos de ingenier\u00eda especiales para mejorar la resistencia a la abrasi\u00f3n del recubrimiento, la resistencia a la intemperie y la estabilidad dimensional del producto.<\/p>\n<p><strong>Materiales auxiliares metal\u00fargicos y de soldadura:<\/strong><br \/>\nse utiliza como agente refinador en la fundici\u00f3n de aleaciones especiales y como componente fundente en procesos de soldadura, lo que ayuda a eliminar impurezas, estabilizar el arco y mejorar la calidad de la soldadura.<\/p>\n<h2><span style=\"color: #0000ff;\"><a style=\"color: #0000ff;\" href=\"https:\/\/ulpmat.com\/es\/empresa\/preguntas-frecuentes\/\"><span style=\"font-size: 14pt;\">Preguntas frecuentes<\/span><\/a><\/span><\/h2>\n<p>P1: \u00bfCu\u00e1l es la estabilidad qu\u00edmica del polvo de fluoruro de calcio? \u00bfEs soluble en agua o en \u00e1cidos comunes?<br \/>\nR1: El fluoruro de calcio es poco soluble en agua y se disuelve lentamente en \u00e1cidos diluidos fr\u00edos. Sin embargo, es soluble en \u00e1cidos concentrados calientes o en soluciones de sales de aluminio y hierro. Presenta propiedades qu\u00edmicas estables en condiciones normales y resiste la corrosi\u00f3n de la mayor\u00eda de los disolventes org\u00e1nicos.<\/p>\n<p>P2: \u00bfC\u00f3mo afecta espec\u00edficamente el tama\u00f1o de las part\u00edculas del polvo a las aplicaciones finales?<br \/>\nR2: El tama\u00f1o de las part\u00edculas afecta directamente a la suavidad de la superficie de los recubrimientos, a la uniformidad de la dispersi\u00f3n en los compuestos y a la reactividad como precursor. Por ejemplo, los polvos m\u00e1s finos suelen producir pel\u00edculas o recubrimientos m\u00e1s densos y lisos.<\/p>\n<p>P3: \u00bfC\u00f3mo se garantiza que el polvo permanezca libre de humedad o contaminaci\u00f3n durante el transporte y el almacenamiento?<br \/>\nR3: Empleamos bolsas interiores a prueba de humedad con un embalaje exterior resistente. Se recomienda a los clientes que almacenen el producto en un lugar fresco y seco tras su recepci\u00f3n, manteni\u00e9ndolo sellado y evitando almacenarlo junto con \u00e1cidos o \u00e1lcalis para mantener sus excelentes propiedades a lo largo del tiempo.<\/p>\n<p>P4: \u00bfSe puede suministrar polvo de fluoruro de calcio modificado en superficie para mejorar la compatibilidad en sistemas org\u00e1nicos?<br \/>\nR4: S\u00ed. Ofrecemos polvos tratados superficialmente con agentes de acoplamiento como silanos o \u00e1cido este\u00e1rico, lo que mejora significativamente la humectaci\u00f3n y la dispersi\u00f3n en matrices polim\u00e9ricas, reduce la aglomeraci\u00f3n y mejora las propiedades mec\u00e1nicas de los materiales compuestos.<\/p>\n<h2><span style=\"font-size: 14pt;\">Informe<\/span><\/h2>\n<p>Cada lote se suministra con:<br \/>\n<span style=\"color: #0000ff;\"><a style=\"color: #0000ff;\" href=\"https:\/\/ulpmat.com\/es\/documentos\/certificado-de-analisis\/\"><u>Certificado de an\u00e1lisis (COA)<\/u><\/a><\/span><\/p>\n<p><span style=\"color: #0000ff;\"><a style=\"color: #0000ff;\" href=\"https:\/\/ulpmat.com\/es\/documentos\/ficha-tecnica\/\"><u>Ficha t\u00e9cnica (TDS)<\/u><\/a><\/span><\/p>\n<p><span style=\"color: #0000ff;\"><a style=\"color: #0000ff;\" href=\"https:\/\/ulpmat.com\/es\/documentos\/ficha-de-datos-de-seguridad\/\"><u>Ficha de datos de seguridad (MSDS)<\/u><\/a><\/span><br \/>\nInformes de pruebas de terceros disponibles bajo petici\u00f3n<\/p>\n<h2><span style=\"font-size: 14pt;\">\u00bfPor qu\u00e9 elegirnos?<\/span><\/h2>\n<p>No solo somos fabricantes de polvo de fluoruro de calcio, sino tambi\u00e9n un socio de confianza en el desarrollo de nuevas aplicaciones de materiales. Con una experiencia t\u00e9cnica \u00fanica en el procesamiento de materiales fluorados, nos adherimos a estrictas normas de control de calidad, desde la selecci\u00f3n de materias primas de alta pureza hasta los avanzados procesos de preparaci\u00f3n y clasificaci\u00f3n de polvos, lo que garantiza un rendimiento excepcional y constante de los productos.<\/p>\n","protected":false},"excerpt":{"rendered":"<p>Descripci\u00f3n general del fluoruro de calcio en polvo El fluoruro de calcio en polvo es un material inorg\u00e1nico de fluoruro esencial, que suele presentarse en forma de polvo fino blanco de alta pureza. Sus excepcionales propiedades \u00f3pticas , estabilidad qu\u00edmica y caracter\u00edsticas funcionales lo hacen indispensable en campos como los recubrimientos \u00f3pticos, el vidrio especial, [&hellip;]<\/p>\n","protected":false},"featured_media":49642,"template":"","meta":{"_acf_changed":false},"product_brand":[132],"product_cat":[330],"product_tag":[7344],"class_list":{"0":"post-49641","1":"product","2":"type-product","3":"status-publish","4":"has-post-thumbnail","6":"product_brand-ulpmat","7":"product_cat-materiales-halogenados","8":"product_tag-fluoruro-calcico-en-polvo","10":"first","11":"instock","12":"shipping-taxable","13":"product-type-variable"},"acf":[],"_links":{"self":[{"href":"https:\/\/ulpmat.com\/es\/wp-json\/wp\/v2\/product\/49641","targetHints":{"allow":["GET"]}}],"collection":[{"href":"https:\/\/ulpmat.com\/es\/wp-json\/wp\/v2\/product"}],"about":[{"href":"https:\/\/ulpmat.com\/es\/wp-json\/wp\/v2\/types\/product"}],"wp:featuredmedia":[{"embeddable":true,"href":"https:\/\/ulpmat.com\/es\/wp-json\/wp\/v2\/media\/49642"}],"wp:attachment":[{"href":"https:\/\/ulpmat.com\/es\/wp-json\/wp\/v2\/media?parent=49641"}],"wp:term":[{"taxonomy":"product_brand","embeddable":true,"href":"https:\/\/ulpmat.com\/es\/wp-json\/wp\/v2\/product_brand?post=49641"},{"taxonomy":"product_cat","embeddable":true,"href":"https:\/\/ulpmat.com\/es\/wp-json\/wp\/v2\/product_cat?post=49641"},{"taxonomy":"product_tag","embeddable":true,"href":"https:\/\/ulpmat.com\/es\/wp-json\/wp\/v2\/product_tag?post=49641"}],"curies":[{"name":"wp","href":"https:\/\/api.w.org\/{rel}","templated":true}]}}