{"id":49569,"date":"2026-01-12T14:47:30","date_gmt":"2026-01-12T06:47:30","guid":{"rendered":"https:\/\/ulpmat.com\/product\/hidruro-de-calcio\/"},"modified":"2026-01-12T14:47:30","modified_gmt":"2026-01-12T06:47:30","slug":"hidruro-de-calcio","status":"publish","type":"product","link":"https:\/\/ulpmat.com\/es\/producto\/hidruro-de-calcio\/","title":{"rendered":"Hidruro de calcio"},"content":{"rendered":"<h2><span style=\"font-size: 14pt;\">Descripci\u00f3n general del polvo de hidruro de calcio<\/span><\/h2>\n<p>El polvo<br \/>\n<span style=\"color: #0000ff;\"><a style=\"color: #0000ff;\" href=\"https:\/\/ulpmat.com\/es\/buscar\/?type=name&#038;keyword=Calcium+hydride\">de hidruro de calcio<\/a><\/span><br \/>\nes un compuesto inorg\u00e1nico compuesto por calcio e hidr\u00f3geno, que suele presentarse en forma de polvo blanco gris\u00e1ceo o en grumos. Presenta una fuerte higroscopicidad y reactividad. Se utiliza principalmente como potente agente reductor, desecante altamente eficaz y fuente de hidr\u00f3geno port\u00e1til, y tiene amplias aplicaciones en la s\u00edntesis org\u00e1nica, la fundici\u00f3n de metales especiales y la investigaci\u00f3n cient\u00edfica.<\/p>\n<p>Ofrecemos polvo de hidruro de calcio en diversas purezas y tama\u00f1os de part\u00edculas, con una producci\u00f3n personalizada y un embalaje seguro adaptado a los requisitos de su proceso. Para obtener especificaciones t\u00e9cnicas o discutir una posible colaboraci\u00f3n, p\u00f3ngase <span style=\"color: #0000ff;\"><a style=\"color: #0000ff;\" href=\"https:\/\/ulpmat.com\/es\/contacto\/\">en contacto con nosotros<\/a><\/span><br \/>\nen cualquier momento.<\/p>\n<h2><span style=\"font-size: 14pt;\">Caracter\u00edsticas destacadas del producto<\/span><\/h2>\n<p>Alta pureza qu\u00edmica para una eficiencia de reacci\u00f3n excepcional<br \/>\nTama\u00f1o de part\u00edcula uniforme y controlable para una dosificaci\u00f3n y dispersi\u00f3n precisas<br \/>\nEnvase herm\u00e9ticamente sellado que garantiza la estabilidad del almacenamiento.<br \/>\nAlta tasa de liberaci\u00f3n de hidr\u00f3geno con una pureza superior<\/p>\n<h2><span style=\"font-size: 14pt;\">. Aplicaciones del polvo de hidruro de calcio<\/span><\/h2>\n<p><strong>S\u00edntesis org\u00e1nica y reducci\u00f3n qu\u00edmica:<\/strong><br \/>\ncomo potente agente reductor, reduce eficazmente los grupos funcionales que contienen ox\u00edgeno (por ejemplo, aldeh\u00eddos, cetonas) a alcoholes o elimina los hal\u00f3genos de los haluros, desempe\u00f1ando un papel fundamental en la s\u00edntesis de productos qu\u00edmicos finos y productos intermedios farmac\u00e9uticos.<br \/>\n<strong>Agente de secado profundo de alta eficiencia:<\/strong><br \/>\npresenta una capacidad excepcional para capturar la humedad y el ox\u00edgeno residual, y se emplea com\u00fanmente para secar disolventes org\u00e1nicos sensibles al agua (por ejemplo, \u00e9teres, bencenos) y gases raros, ofreciendo un rendimiento de secado que supera con creces al de los desecantes convencionales.<br \/>\n<strong>Metalurgia y preparaci\u00f3n de polvos:<\/strong><br \/>\na altas temperaturas, sirve como agente reductor para producir metales raros de alta pureza, como el tantalio y el niobio. Tambi\u00e9n funciona como desoxidante para polvos met\u00e1licos como el titanio y el circonio.<br \/>\n<strong>Fuente de hidr\u00f3geno port\u00e1til:<\/strong><br \/>\nreacciona con el agua para generar r\u00e1pidamente hidr\u00f3geno de alta pureza, lo que proporciona una soluci\u00f3n segura y c\u00f3moda para el an\u00e1lisis in situ, las pruebas de pilas de combustible o el suministro de gas en lugares remotos.<\/p>\n<h2><span style=\"font-size: 14pt; color: #0000ff;\"><a style=\"color: #0000ff;\" href=\"https:\/\/ulpmat.com\/es\/empresa\/preguntas-frecuentes\/\">Preguntas frecuentes<\/a><\/span><\/h2>\n<p>P1: \u00bfCu\u00e1les son los principales riesgos de seguridad asociados al hidruro de calcio durante su manipulaci\u00f3n y almacenamiento?<br \/>\nR1: El principal riesgo proviene de su violenta reacci\u00f3n con la humedad (incluida la humedad atmosf\u00e9rica), que libera hidr\u00f3geno gaseoso inflamable y explosivo al tiempo que genera un calor significativo. Es esencial aislarlo estrictamente del aire y la humedad; manip\u00falelo y almac\u00e9nelo en atm\u00f3sferas secas e inertes.<\/p>\n<p>P2: \u00bfC\u00f3mo se deben eliminar de forma segura los residuos de hidruro de calcio?<br \/>\nR2: No los deseche directamente. Desact\u00edvelos utilizando un m\u00e9todo lento y controlado (por ejemplo, a\u00f1adiendo por lotes grandes cantidades de alcohol isoprop\u00edlico anhidro o aceite mineral mientras se remueve bien). Una vez que la reacci\u00f3n haya finalizado y no se produzca m\u00e1s gas, des\u00e9chelos como residuos qu\u00edmicos a trav\u00e9s de una instalaci\u00f3n especializada.<\/p>\n<p>P3: Como desecante, \u00bfqu\u00e9 ventajas tiene sobre los tamices moleculares y el gel de s\u00edlice?<br \/>\nR3: Su capacidad de secado (contenido de humedad residual despu\u00e9s del secado) supera con creces la de los tamices moleculares y el gel de s\u00edlice, alcanzando puntos de roc\u00edo extremadamente bajos adecuados para las aplicaciones de secado profundo m\u00e1s exigentes. Sin embargo, es m\u00e1s costoso, requiere condiciones de funcionamiento estrictas y no se puede regenerar.<\/p>\n<p>P4: \u00bfCu\u00e1l es la pureza del hidr\u00f3geno producido por la reacci\u00f3n? \u00bfContiene otros gases impuros?<br \/>\nR4: El hidruro de calcio produce te\u00f3ricamente hidr\u00f3geno puro cuando reacciona con el agua. Sin embargo, si hay impurezas en las materias primas o en el agua, pueden introducirse trazas de gases (como amon\u00edaco o fosfina). Para aplicaciones con requisitos de pureza extremadamente altos, se recomienda purificar el gas producido o utilizar materias primas de pureza ultraalta.<\/p>\n<h2><span style=\"font-size: 14pt;\">Informe<\/span><\/h2>\n<p>Cada lote se suministra con:<br \/>\n<span style=\"color: #0000ff;\"><a style=\"color: #0000ff;\" href=\"https:\/\/ulpmat.com\/es\/documentos\/certificado-de-analisis\/\"><u>Certificado de an\u00e1lisis (COA)<\/u><\/a><\/span><\/p>\n<p><span style=\"color: #0000ff;\"><a style=\"color: #0000ff;\" href=\"https:\/\/ulpmat.com\/es\/documentos\/ficha-tecnica\/\"><u>Ficha t\u00e9cnica (TDS)<\/u><\/a><\/span><\/p>\n<p><span style=\"color: #0000ff;\"><a style=\"color: #0000ff;\" href=\"https:\/\/ulpmat.com\/es\/documentos\/ficha-de-datos-de-seguridad\/\"><u>Ficha de datos de seguridad (MSDS)<\/u><\/a><\/span><br \/>\nInformes de pruebas de terceros disponibles bajo petici\u00f3n<\/p>\n<h2><span style=\"font-size: 14pt;\">\u00bfPor qu\u00e9 elegirnos?<\/span><\/h2>\n<p>Nos especializamos en la I+D y la producci\u00f3n segura de materiales de hidruros met\u00e1licos altamente reactivos, con una profunda experiencia en la gesti\u00f3n de los requisitos normativos y los retos t\u00e9cnicos de productos qu\u00edmicos especiales como el hidruro de calcio. No solo ofrecemos productos de alta calidad, sino que tambi\u00e9n damos prioridad a proporcionar una orientaci\u00f3n operativa segura y estandarizada.<\/p>\n","protected":false},"excerpt":{"rendered":"<p>Descripci\u00f3n general del polvo de hidruro de calcio El polvo de hidruro de calcio es un compuesto inorg\u00e1nico compuesto por calcio e hidr\u00f3geno, que suele presentarse en forma de polvo blanco gris\u00e1ceo o en grumos. Presenta una fuerte higroscopicidad y reactividad. Se utiliza principalmente como potente agente reductor, desecante altamente eficaz y fuente de hidr\u00f3geno [&hellip;]<\/p>\n","protected":false},"featured_media":49570,"template":"","meta":{"_acf_changed":false},"product_brand":[132],"product_cat":[438],"product_tag":[7332],"class_list":{"0":"post-49569","1":"product","2":"type-product","3":"status-publish","4":"has-post-thumbnail","6":"product_brand-ulpmat","7":"product_cat-oxidos","8":"product_tag-hidruro-de-calcio-polvo","10":"first","11":"instock","12":"shipping-taxable","13":"product-type-variable"},"acf":[],"_links":{"self":[{"href":"https:\/\/ulpmat.com\/es\/wp-json\/wp\/v2\/product\/49569","targetHints":{"allow":["GET"]}}],"collection":[{"href":"https:\/\/ulpmat.com\/es\/wp-json\/wp\/v2\/product"}],"about":[{"href":"https:\/\/ulpmat.com\/es\/wp-json\/wp\/v2\/types\/product"}],"wp:featuredmedia":[{"embeddable":true,"href":"https:\/\/ulpmat.com\/es\/wp-json\/wp\/v2\/media\/49570"}],"wp:attachment":[{"href":"https:\/\/ulpmat.com\/es\/wp-json\/wp\/v2\/media?parent=49569"}],"wp:term":[{"taxonomy":"product_brand","embeddable":true,"href":"https:\/\/ulpmat.com\/es\/wp-json\/wp\/v2\/product_brand?post=49569"},{"taxonomy":"product_cat","embeddable":true,"href":"https:\/\/ulpmat.com\/es\/wp-json\/wp\/v2\/product_cat?post=49569"},{"taxonomy":"product_tag","embeddable":true,"href":"https:\/\/ulpmat.com\/es\/wp-json\/wp\/v2\/product_tag?post=49569"}],"curies":[{"name":"wp","href":"https:\/\/api.w.org\/{rel}","templated":true}]}}