{"id":49419,"date":"2026-01-12T14:47:32","date_gmt":"2026-01-12T06:47:32","guid":{"rendered":"https:\/\/ulpmat.com\/product\/seleniuro-de-calcio-2\/"},"modified":"2026-01-12T14:47:32","modified_gmt":"2026-01-12T06:47:32","slug":"seleniuro-de-calcio-2","status":"publish","type":"product","link":"https:\/\/ulpmat.com\/es\/producto\/seleniuro-de-calcio-2\/","title":{"rendered":"Seleniuro de calcio"},"content":{"rendered":"<h2><span style=\"font-size: 14pt;\">Descripci\u00f3n general de los gr\u00e1nulos de seleniuro de calcio<\/span><\/h2>\n<p>Los gr\u00e1nulos<br \/>\n<span style=\"color: #0000ff;\"><a style=\"color: #0000ff;\" href=\"https:\/\/ulpmat.com\/es\/buscar\/?type=name&#038;keyword=Calcium+selenide\">de seleniuro de calcio<\/a><\/span><br \/>\nson un compuesto formado por la combinaci\u00f3n de calcio y selenio. Existen en forma granular estable y combinan la estabilidad del calcio con la actividad biol\u00f3gica del selenio. Se utilizan principalmente en la fabricaci\u00f3n de materiales avanzados y en la investigaci\u00f3n biom\u00e9dica.<\/p>\n<p>Nos especializamos en el suministro personalizado de gr\u00e1nulos de seleniuro de calcio de alta calidad con diferentes purezas y especificaciones de tama\u00f1o de part\u00edcula para satisfacer sus necesidades de investigaci\u00f3n o producci\u00f3n. <span style=\"color: #0000ff;\"><a style=\"color: #0000ff;\" href=\"https:\/\/ulpmat.com\/es\/contacto\/\">P\u00f3ngase en contacto con nosotros<\/a><\/span><br \/>\npara obtener soluciones a medida.<\/p>\n<h2><span style=\"font-size: 14pt;\">Caracter\u00edsticas destacadas del producto<\/span><\/h2>\n<p>Material de alta pureza<br \/>\nPropiedades semiconductoras y \u00f3pticas \u00fanicas<br \/>\nAmplio potencial de aplicaci\u00f3n<br \/>\nServicio personalizado<\/p>\n<h2><span style=\"font-size: 14pt;\">Aplicaciones de los gr\u00e1nulos de seleniuro de calcio<\/span><\/h2>\n<p><strong><span style=\"color: #0000ff;\"><a style=\"color: #0000ff;\" href=\"https:\/\/ulpmat.com\/es\/solicitud\/materiales-semiconductores\/\">Semiconductores<\/a> <\/span>y <span style=\"color: #0000ff;\"><a style=\"color: #0000ff;\" href=\"https:\/\/ulpmat.com\/es\/solicitud\/materiales-opticos\/\">optoelectr\u00f3nica<\/a><\/span>:<\/strong><br \/>\nel seleniuro de calcio sirve como capa funcional en transistores de pel\u00edcula delgada y dispositivos optoelectr\u00f3nicos, mejorando el rendimiento gracias a sus eficientes propiedades de transporte de carga y fotoluminiscencia.<br \/>\n<strong>C\u00e9lulas <span style=\"color: #0000ff;\"><a style=\"color: #0000ff;\" href=\"https:\/\/ulpmat.com\/es\/solicitud\/energia-solar-fotovoltaica\/\">solares<\/a><\/span> fotovoltaicas:<\/strong><br \/>\ncomo material de capa absorbente, el seleniuro de calcio presenta altos coeficientes de absorci\u00f3n de la luz, lo que mejora significativamente la eficiencia de conversi\u00f3n fotovoltaica.<br \/>\n<strong>Almacenamiento de energ\u00eda de pr\u00f3xima generaci\u00f3n:<\/strong><br \/>\nEl seleniuro de calcio es un candidato prometedor para los materiales de los electrodos de las bater\u00edas de ionen calcio. Aprovechando los abundantes recursos de calcio y las ventajas de coste, estas bater\u00edas representan una alternativa viable a las bater\u00edas de ionen litio.<br \/>\n<strong>Investigaci\u00f3n biom\u00e9dica:<\/strong><br \/>\nLos estudios indican que los materiales a base de calcio dopados con selenio (por ejemplo, el fosfato de calcio) presentan una mayor actividad antimicrobiana. El seleniuro de calcio puede servir como fuente de selenio para el desarrollo de recubrimientos de implantes o bioandamios antimicrobianos.<\/p>\n<h2><span style=\"color: #0000ff;\"><a style=\"color: #0000ff;\" href=\"https:\/\/ulpmat.com\/es\/empresa\/preguntas-frecuentes\/\"><span style=\"font-size: 14pt;\">Preguntas frecuentes<\/span><\/a><\/span><\/h2>\n<p>P1: \u00bfC\u00f3mo se deben almacenar los gr\u00e1nulos de seleniuro de calcio?<br \/>\nR1: Este producto debe almacenarse en un recipiente herm\u00e9ticamente cerrado, protegido de la luz, en un entorno seco, fresco y bien ventilado para mantener su estabilidad y actividad. Tome precauciones contra la humedad durante su uso.<\/p>\n<p>P2: \u00bfPuedo solicitar muestras antes de comprar?<br \/>\nR2: S\u00ed. Normalmente proporcionamos peque\u00f1as muestras gratuitas para su prueba y evaluaci\u00f3n. Los clientes solo deben hacerse cargo de los gastos de env\u00edo.<\/p>\n<p>P3: \u00bfC\u00f3mo se garantiza la pureza y la calidad del producto?<br \/>\nR3: Todos los lotes que suministramos cumplen con las normas nacionales y se proporciona un informe de inspecci\u00f3n de calidad con cada env\u00edo. Los clientes pueden verificar el cumplimiento de las normas pertinentes al recibir el producto.<\/p>\n<p>P4: \u00bfQu\u00e9 debo hacer si tengo preguntas sobre la cantidad o la calidad del producto recibido?<br \/>\nR4: Si tiene alguna duda sobre la cantidad o la calidad del producto, env\u00edenos sus comentarios inmediatamente despu\u00e9s de recibir la mercanc\u00eda. Cooperaremos activamente para resolver el problema.<\/p>\n<h2><span style=\"font-size: 14pt;\">Informe<\/span><\/h2>\n<p>Cada lote se suministra con:<br \/>\n<span style=\"color: #0000ff;\"><a style=\"color: #0000ff;\" href=\"https:\/\/ulpmat.com\/es\/documentos\/certificado-de-analisis\/\"><u>Certificado de an\u00e1lisis (COA)<\/u><\/a><\/span><\/p>\n<p><span style=\"color: #0000ff;\"><a style=\"color: #0000ff;\" href=\"https:\/\/ulpmat.com\/es\/documentos\/ficha-tecnica\/\"><u>Ficha t\u00e9cnica (TDS)<\/u><\/a><\/span><\/p>\n<p><span style=\"color: #0000ff;\"><a style=\"color: #0000ff;\" href=\"https:\/\/ulpmat.com\/es\/documentos\/ficha-de-datos-de-seguridad\/\"><u>Ficha de datos de seguridad (MSDS)<\/u><\/a><\/span><br \/>\nInforme de inspecci\u00f3n de tama\u00f1o<br \/>\nInformes de pruebas de terceros disponibles bajo petici\u00f3n<\/p>\n<h2><span style=\"font-size: 14pt;\">. \u00bfPor qu\u00e9 elegirnos?<\/span><\/h2>\n<p>Elegirnos significa ganar un socio fiable y profesional. No solo suministramos productos est\u00e1ndar de alta pureza, sino que tambi\u00e9n damos prioridad a comprender los requisitos espec\u00edficos de su proyecto, ofreciendo servicios integrales que van desde la consulta t\u00e9cnica y la personalizaci\u00f3n de las especificaciones hasta la asistencia posventa. Nos comprometemos a mejorar la eficiencia y la fluidez de sus procesos de investigaci\u00f3n o producci\u00f3n con productos de primera calidad y un servicio atento, avanzando conjuntamente en la innovaci\u00f3n tecnol\u00f3gica.<\/p>\n","protected":false},"excerpt":{"rendered":"<p>Descripci\u00f3n general de los gr\u00e1nulos de seleniuro de calcio Los gr\u00e1nulos de seleniuro de calcio son un compuesto formado por la combinaci\u00f3n de calcio y selenio. Existen en forma granular estable y combinan la estabilidad del calcio con la actividad biol\u00f3gica del selenio. Se utilizan principalmente en la fabricaci\u00f3n de materiales avanzados y en la [&hellip;]<\/p>\n","protected":false},"featured_media":49420,"template":"","meta":{"_acf_changed":false},"product_brand":[132],"product_cat":[340],"product_tag":[7296],"class_list":{"0":"post-49419","1":"product","2":"type-product","3":"status-publish","4":"has-post-thumbnail","6":"product_brand-ulpmat","7":"product_cat-materiales-de-evaporacion","8":"product_tag-seleniuro-calcico-en-granulos","10":"first","11":"instock","12":"shipping-taxable","13":"product-type-variable"},"acf":[],"_links":{"self":[{"href":"https:\/\/ulpmat.com\/es\/wp-json\/wp\/v2\/product\/49419","targetHints":{"allow":["GET"]}}],"collection":[{"href":"https:\/\/ulpmat.com\/es\/wp-json\/wp\/v2\/product"}],"about":[{"href":"https:\/\/ulpmat.com\/es\/wp-json\/wp\/v2\/types\/product"}],"wp:featuredmedia":[{"embeddable":true,"href":"https:\/\/ulpmat.com\/es\/wp-json\/wp\/v2\/media\/49420"}],"wp:attachment":[{"href":"https:\/\/ulpmat.com\/es\/wp-json\/wp\/v2\/media?parent=49419"}],"wp:term":[{"taxonomy":"product_brand","embeddable":true,"href":"https:\/\/ulpmat.com\/es\/wp-json\/wp\/v2\/product_brand?post=49419"},{"taxonomy":"product_cat","embeddable":true,"href":"https:\/\/ulpmat.com\/es\/wp-json\/wp\/v2\/product_cat?post=49419"},{"taxonomy":"product_tag","embeddable":true,"href":"https:\/\/ulpmat.com\/es\/wp-json\/wp\/v2\/product_tag?post=49419"}],"curies":[{"name":"wp","href":"https:\/\/api.w.org\/{rel}","templated":true}]}}