{"id":49000,"date":"2026-01-13T10:39:27","date_gmt":"2026-01-13T02:39:27","guid":{"rendered":"https:\/\/ulpmat.com\/product\/oxido-de-boro-2\/"},"modified":"2026-01-13T10:39:27","modified_gmt":"2026-01-13T02:39:27","slug":"oxido-de-boro-2","status":"publish","type":"product","link":"https:\/\/ulpmat.com\/es\/producto\/oxido-de-boro-2\/","title":{"rendered":"\u00d3xido de boro"},"content":{"rendered":"<h2><span style=\"font-size: 14pt;\">Descripci\u00f3n general del \u00f3xido de boro en polvo<\/span><\/h2>\n<p><span style=\"color: #0000ff;\"><a style=\"color: #0000ff;\" href=\"https:\/\/ulpmat.com\/es\/buscar\/?type=name&#038;keyword=Boron+oxide\">El<\/a><\/span><\/p>\n<p><span style=\"color: #0000ff;\"><a style=\"color: #0000ff;\" href=\"https:\/\/ulpmat.com\/es\/buscar\/?type=name&#038;keyword=Boron+oxide\">\u00f3xido<\/a><\/span><br \/>\nde boro en polvo es un importante material inorg\u00e1nico con excelente capacidad para formar vidrio y estabilidad qu\u00edmica. Este producto se utiliza ampliamente en vidrio, cer\u00e1mica, materiales electr\u00f3nicos e investigaci\u00f3n en qu\u00edmica inorg\u00e1nica.<\/p>\n<p>Podemos suministrar de forma estable \u00f3xido de boro en polvo en diferentes purezas y especificaciones de envasado para satisfacer las necesidades experimentales y de producci\u00f3n. P\u00f3ngase <span style=\"color: #0000ff;\"><a style=\"color: #0000ff;\" href=\"https:\/\/ulpmat.com\/es\/contacto\/\">en contacto con nosotros<\/a><\/span><br \/>\npara obtener informaci\u00f3n detallada.<\/p>\n<h2><span style=\"font-size: 14pt;\">Caracter\u00edsticas destacadas del producto<\/span><\/h2>\n<p>Contenido estable de boro<br \/>\nBuena reactividad<br \/>\nF\u00e1cil de incorporar en sistemas fundidos<br \/>\nAdecuado para procesos a alta temperatura<br \/>\nEstricto control de impurezas<br \/>\nSuministro estable por lotes<\/p>\n<h2><span style=\"font-size: 14pt;\">Aplicaciones del \u00f3xido de boro en polvo<\/span><\/h2>\n<p>Formulaciones de vidrio y esmalte: Se utiliza com\u00fanmente en sistemas de vidrio y esmalte para reducir la temperatura de fusi\u00f3n y mejorar la transparencia y la estabilidad qu\u00edmica del material.<br \/>\nMateriales cer\u00e1micos funcionales: en la preparaci\u00f3n de materiales cer\u00e1micos, se puede utilizar como fundente o modificador de la estructura para mejorar el rendimiento y la densidad de la sinterizaci\u00f3n.<br \/>\nElectr\u00f3nica y materiales de embalaje: este material se puede utilizar en embalajes electr\u00f3nicos y materiales inorg\u00e1nicos relacionados para optimizar las propiedades t\u00e9rmicas y diel\u00e9ctricas.<br \/>\nInvestigaci\u00f3n en qu\u00edmica inorg\u00e1nica y materiales: adecuado para la investigaci\u00f3n de reacciones qu\u00edmicas b\u00e1sicas y la exploraci\u00f3n de la s\u00edntesis de nuevos materiales basados en boro.<\/p>\n<h2><span style=\"color: #0000ff;\"><a style=\"color: #0000ff;\" href=\"https:\/\/ulpmat.com\/es\/empresa\/preguntas-frecuentes\/\"><span style=\"font-size: 14pt;\">Preguntas frecuentes<\/span><\/a><\/span><\/h2>\n<p>P1: \u00bfEl polvo de \u00f3xido de boro es higrosc\u00f3pico?<br \/>\nR1: Tiene cierta higroscopicidad. Se recomienda almacenarlo en un recipiente herm\u00e9tico y utilizarlo en un entorno seco.<\/p>\n<p>P2: \u00bfEl \u00f3xido de boro es estable a altas temperaturas?<br \/>\nR2: En condiciones normales de procesamiento a alta temperatura, este material tiene una buena estabilidad t\u00e9rmica.<\/p>\n<p>P3: \u00bfEn qu\u00e9 industrias se utiliza principalmente el \u00f3xido de boro?<br \/>\nR3: Se utiliza principalmente en vidrio, cer\u00e1mica, materiales electr\u00f3nicos e investigaci\u00f3n cient\u00edfica.<\/p>\n<p>P4: \u00bfAceptan compras de lotes peque\u00f1os?<br \/>\nR4: S\u00ed, lo aceptamos y podemos proporcionar diversas especificaciones de embalaje seg\u00fan las necesidades del cliente.<\/p>\n<h2><span style=\"font-size: 14pt;\">Informes<\/span><\/h2>\n<p>Cada lote se suministra con:<br \/>\n<span style=\"color: #0000ff;\"><a style=\"color: #0000ff;\" href=\"https:\/\/ulpmat.com\/es\/documentos\/certificado-de-analisis\/\"><u>Certificado de an\u00e1lisis (COA)<\/u><\/a><\/span><\/p>\n<p><span style=\"color: #0000ff;\"><a style=\"color: #0000ff;\" href=\"https:\/\/ulpmat.com\/es\/documentos\/ficha-tecnica\/\"><u>Ficha t\u00e9cnica (TDS)<\/u><\/a><\/span><\/p>\n<p><span style=\"color: #0000ff;\"><a style=\"color: #0000ff;\" href=\"https:\/\/ulpmat.com\/es\/documentos\/ficha-de-datos-de-seguridad\/\"><u>Ficha de datos de seguridad (MSDS)<\/u><\/a><\/span><br \/>\nInformes de pruebas de terceros disponibles bajo petici\u00f3n<\/p>\n<h2><span style=\"font-size: 14pt;\">\u00bfPor qu\u00e9 elegirnos?<\/span><\/h2>\n<p>Nos centramos en el suministro estable y la gesti\u00f3n de la calidad de los materiales de \u00f3xido inorg\u00e1nico, proporcionando un apoyo fiable a los clientes en cuanto a la consistencia de los productos, la eficiencia de la entrega y la comunicaci\u00f3n t\u00e9cnica, lo que lo hace adecuado para la cooperaci\u00f3n a largo plazo y las necesidades de aprovisionamiento continuo.<\/p>\n","protected":false},"excerpt":{"rendered":"<p>Descripci\u00f3n general del \u00f3xido de boro en polvo El \u00f3xido de boro en polvo es un importante material inorg\u00e1nico con excelente capacidad para formar vidrio y estabilidad qu\u00edmica. Este producto se utiliza ampliamente en vidrio, cer\u00e1mica, materiales electr\u00f3nicos e investigaci\u00f3n en qu\u00edmica inorg\u00e1nica. Podemos suministrar de forma estable \u00f3xido de boro en polvo en diferentes [&hellip;]<\/p>\n","protected":false},"featured_media":49001,"template":"","meta":{"_acf_changed":false},"product_brand":[132],"product_cat":[438],"product_tag":[7177],"class_list":{"0":"post-49000","1":"product","2":"type-product","3":"status-publish","4":"has-post-thumbnail","6":"product_brand-ulpmat","7":"product_cat-oxidos","8":"product_tag-oxido-de-boro-en-polvo","10":"first","11":"instock","12":"shipping-taxable","13":"product-type-variable"},"acf":[],"_links":{"self":[{"href":"https:\/\/ulpmat.com\/es\/wp-json\/wp\/v2\/product\/49000","targetHints":{"allow":["GET"]}}],"collection":[{"href":"https:\/\/ulpmat.com\/es\/wp-json\/wp\/v2\/product"}],"about":[{"href":"https:\/\/ulpmat.com\/es\/wp-json\/wp\/v2\/types\/product"}],"wp:featuredmedia":[{"embeddable":true,"href":"https:\/\/ulpmat.com\/es\/wp-json\/wp\/v2\/media\/49001"}],"wp:attachment":[{"href":"https:\/\/ulpmat.com\/es\/wp-json\/wp\/v2\/media?parent=49000"}],"wp:term":[{"taxonomy":"product_brand","embeddable":true,"href":"https:\/\/ulpmat.com\/es\/wp-json\/wp\/v2\/product_brand?post=49000"},{"taxonomy":"product_cat","embeddable":true,"href":"https:\/\/ulpmat.com\/es\/wp-json\/wp\/v2\/product_cat?post=49000"},{"taxonomy":"product_tag","embeddable":true,"href":"https:\/\/ulpmat.com\/es\/wp-json\/wp\/v2\/product_tag?post=49000"}],"curies":[{"name":"wp","href":"https:\/\/api.w.org\/{rel}","templated":true}]}}