{"id":48929,"date":"2026-01-13T10:39:28","date_gmt":"2026-01-13T02:39:28","guid":{"rendered":"https:\/\/ulpmat.com\/product\/carburo-de-boro-2\/"},"modified":"2026-01-13T10:39:28","modified_gmt":"2026-01-13T02:39:28","slug":"carburo-de-boro-2","status":"publish","type":"product","link":"https:\/\/ulpmat.com\/es\/producto\/carburo-de-boro-2\/","title":{"rendered":"Carburo de boro"},"content":{"rendered":"<h2><span style=\"font-size: 14pt;\">Descripci\u00f3n general de los gr\u00e1nulos de carburo de boro<\/span><\/h2>\n<p>Los gr\u00e1nulos<br \/>\n<span style=\"color: #0000ff;\"><a style=\"color: #0000ff;\" href=\"https:\/\/ulpmat.com\/es\/buscar\/?type=name&#038;keyword=Boron+carbide\">de carburo de boro<\/a><\/span><br \/>\nson materiales inorg\u00e1nicos ultraduros y qu\u00edmicamente estables con alta resistencia al desgaste y a la corrosi\u00f3n. Se utilizan ampliamente en materiales protectores, materiales abrasivos y materiales compuestos de alto rendimiento.<\/p>\n<p>Ofrecemos gr\u00e1nulos de B4C en varios tama\u00f1os, purezas y envases para satisfacer las necesidades de la investigaci\u00f3n y las aplicaciones industriales. P\u00f3ngase <span style=\"color: #0000ff;\"><a style=\"color: #0000ff;\" href=\"https:\/\/ulpmat.com\/es\/contacto\/\">en contacto con nosotros<\/a><\/span><br \/>\ndirectamente para obtener presupuestos e informaci\u00f3n t\u00e9cnica.<\/p>\n<h2><span style=\"font-size: 14pt;\">Caracter\u00edsticas destacadas del producto<\/span><\/h2>\n<p>Dureza ultraalta.<br \/>\nGran estabilidad qu\u00edmica.<br \/>\nDistribuci\u00f3n uniforme del tama\u00f1o de las part\u00edculas.<br \/>\nResistencia a altas temperaturas.<br \/>\nBuena consistencia entre lotes.<br \/>\nF\u00e1cil de procesar en compuestos<\/p>\n<h2><span style=\"font-size: 14pt;\">. Aplicaciones de los gr\u00e1nulos de carburo de boro<\/span><\/h2>\n<p>Cer\u00e1mica protectora y resistente al desgaste: se utiliza habitualmente en materiales cer\u00e1micos protectores para mejorar la resistencia al impacto y al desgaste, y es adecuada para aplicaciones de protecci\u00f3n de alta intensidad.<br \/>\nMateriales abrasivos de precisi\u00f3n: en el esmerilado y pulido de alta dureza, el tama\u00f1o uniforme de las part\u00edculas de los gr\u00e1nulos de B4C garantiza la calidad y la eficiencia del procesamiento.<br \/>\nIndustria nuclear y absorci\u00f3n de neutrones: posee excelentes capacidades de absorci\u00f3n de neutrones y se puede utilizar en barras de control, materiales de blindaje y equipos relacionados con la industria nuclear.<br \/>\nRefuerzo de materiales compuestos de alto rendimiento: como relleno en materiales compuestos, los gr\u00e1nulos de carburo de boro pueden mejorar la resistencia del material, la resistencia al desgaste y la estabilidad t\u00e9rmica.<\/p>\n<h2><span style=\"color: #0000ff;\"><a style=\"color: #0000ff;\" href=\"https:\/\/ulpmat.com\/es\/empresa\/preguntas-frecuentes\/\"><span style=\"font-size: 14pt;\">Preguntas frecuentes<\/span><\/a><\/span><\/h2>\n<p>P1: \u00bfHay disponibles diferentes especificaciones de tama\u00f1o de part\u00edcula?<br \/>\nR1: S\u00ed, hay disponibles m\u00faltiples opciones de tama\u00f1o de part\u00edcula para satisfacer los requisitos de la aplicaci\u00f3n.<\/p>\n<p>P2: \u00bfC\u00f3mo es la resistencia a altas temperaturas de los gr\u00e1nulos de carburo de boro?<br \/>\nR2: Excelente resistencia a altas temperaturas, adecuado para la sinterizaci\u00f3n de cer\u00e1mica y la preparaci\u00f3n de materiales compuestos de alta temperatura.<\/p>\n<p>P3: \u00bfAceptan pedidos de lotes peque\u00f1os o muestras?<br \/>\nR3: S\u00ed, para satisfacer las necesidades de adquisici\u00f3n de las etapas de I+D y a escala piloto.<\/p>\n<p>P4: \u00bfSe garantiza la estabilidad del lote?<br \/>\nR4: Garantizada, adecuada para la investigaci\u00f3n cient\u00edfica y la producci\u00f3n continua.<\/p>\n<h2><span style=\"font-size: 14pt;\">Informes<\/span><\/h2>\n<p>Cada lote se suministra con:<br \/>\n<span style=\"color: #0000ff;\"><a style=\"color: #0000ff;\" href=\"https:\/\/ulpmat.com\/es\/documentos\/certificado-de-analisis\/\"><u>Certificado de an\u00e1lisis (COA)<\/u><\/a><\/span><\/p>\n<p><span style=\"color: #0000ff;\"><a style=\"color: #0000ff;\" href=\"https:\/\/ulpmat.com\/es\/documentos\/ficha-tecnica\/\"><u>Ficha t\u00e9cnica (TDS)<\/u><\/a><\/span><\/p>\n<p><span style=\"color: #0000ff;\"><a style=\"color: #0000ff;\" href=\"https:\/\/ulpmat.com\/es\/documentos\/ficha-de-datos-de-seguridad\/\"><u>Ficha de datos de seguridad (MSDS)<\/u><\/a><\/span><br \/>\nInforme de inspecci\u00f3n de tama\u00f1o<br \/>\nInformes de pruebas de terceros disponibles bajo petici\u00f3n<\/p>\n<h2><span style=\"font-size: 14pt;\">\u00bfPor qu\u00e9 elegirnos?<\/span><\/h2>\n<p>Nos especializamos en la I+D y el suministro de part\u00edculas de materiales superduros, con tama\u00f1os de lote estables, tama\u00f1os de part\u00edculas personalizados y capacidades de asistencia t\u00e9cnica. Podemos responder r\u00e1pidamente a las necesidades de los clientes, lo que facilita el progreso fluido de la investigaci\u00f3n cient\u00edfica y la producci\u00f3n industrial.<\/p>\n","protected":false},"excerpt":{"rendered":"<p>Descripci\u00f3n general de los gr\u00e1nulos de carburo de boro Los gr\u00e1nulos de carburo de boro son materiales inorg\u00e1nicos ultraduros y qu\u00edmicamente estables con alta resistencia al desgaste y a la corrosi\u00f3n. Se utilizan ampliamente en materiales protectores, materiales abrasivos y materiales compuestos de alto rendimiento. Ofrecemos gr\u00e1nulos de B4C en varios tama\u00f1os, purezas y envases [&hellip;]<\/p>\n","protected":false},"featured_media":48930,"template":"","meta":{"_acf_changed":false},"product_brand":[132],"product_cat":[340],"product_tag":[7159],"class_list":{"0":"post-48929","1":"product","2":"type-product","3":"status-publish","4":"has-post-thumbnail","6":"product_brand-ulpmat","7":"product_cat-materiales-de-evaporacion","8":"product_tag-granulos-de-carburo-de-boro","10":"first","11":"instock","12":"shipping-taxable","13":"product-type-variable"},"acf":[],"_links":{"self":[{"href":"https:\/\/ulpmat.com\/es\/wp-json\/wp\/v2\/product\/48929","targetHints":{"allow":["GET"]}}],"collection":[{"href":"https:\/\/ulpmat.com\/es\/wp-json\/wp\/v2\/product"}],"about":[{"href":"https:\/\/ulpmat.com\/es\/wp-json\/wp\/v2\/types\/product"}],"wp:featuredmedia":[{"embeddable":true,"href":"https:\/\/ulpmat.com\/es\/wp-json\/wp\/v2\/media\/48930"}],"wp:attachment":[{"href":"https:\/\/ulpmat.com\/es\/wp-json\/wp\/v2\/media?parent=48929"}],"wp:term":[{"taxonomy":"product_brand","embeddable":true,"href":"https:\/\/ulpmat.com\/es\/wp-json\/wp\/v2\/product_brand?post=48929"},{"taxonomy":"product_cat","embeddable":true,"href":"https:\/\/ulpmat.com\/es\/wp-json\/wp\/v2\/product_cat?post=48929"},{"taxonomy":"product_tag","embeddable":true,"href":"https:\/\/ulpmat.com\/es\/wp-json\/wp\/v2\/product_tag?post=48929"}],"curies":[{"name":"wp","href":"https:\/\/api.w.org\/{rel}","templated":true}]}}