{"id":48791,"date":"2026-01-13T18:11:24","date_gmt":"2026-01-13T10:11:24","guid":{"rendered":"https:\/\/ulpmat.com\/product\/carbono-3\/"},"modified":"2026-01-13T18:11:24","modified_gmt":"2026-01-13T10:11:24","slug":"carbono-3","status":"publish","type":"product","link":"https:\/\/ulpmat.com\/es\/producto\/carbono-3\/","title":{"rendered":"Carbono"},"content":{"rendered":"<h2><span style=\"font-size: 14pt;\">Descripci\u00f3n general de las varillas de carbono<\/span><\/h2>\n<p><span style=\"color: #0000ff;\"><\/span><br \/>\nLas varillas<br \/>\n<span style=\"color: #0000ff;\"><a style=\"color: #0000ff;\" href=\"https:\/\/ulpmat.com\/es\/buscar\/?type=name&#038;keyword=Carbon+\">de carbono<\/a><\/span><br \/>\nse fabrican a partir de material de carbono de alta pureza mediante moldeado y procesamiento, lo que da como resultado una estructura densa y un rendimiento estable. Son adecuadas para diversas aplicaciones de alta temperatura, resistentes al desgaste y conductoras.<\/p>\n<p>Ofrecemos varillas de carbono de diferentes di\u00e1metros y longitudes, y aceptamos pedidos personalizados y suministros a granel basados en planos. P\u00f3ngase <span style=\"color: #0000ff;\"><a style=\"color: #0000ff;\" href=\"https:\/\/ulpmat.com\/es\/contacto\/\">en contacto con nosotros<\/a><\/span><br \/>\npara obtener informaci\u00f3n sobre las especificaciones y la entrega.<\/p>\n<h2><span style=\"font-size: 14pt;\">Caracter\u00edsticas destacadas del producto<\/span><\/h2>\n<p>Pureza estable y fiable.<br \/>\nEstructura densa de la varilla.<br \/>\nTama\u00f1os personalizables.<br \/>\nAlta adaptabilidad de procesamiento.<br \/>\nRendimiento estable a altas temperaturas.<br \/>\nAdecuado para uso a largo plazo<\/p>\n<h2><span style=\"font-size: 14pt;\">. Aplicaciones de las varillas de carbono<\/span><\/h2>\n<p>Procesamiento industrial y componentes estructurales: se utilizan com\u00fanmente como componentes estructurales o funcionales en entornos de alta temperatura o resistentes al desgaste.<br \/>\nAplicaciones de electrodos y conductividad: aplicables a procesos que requieren alta conductividad y estabilidad del material.<br \/>\nPruebas de materiales e I+D: adecuadas para instituciones de investigaci\u00f3n para pruebas de rendimiento de materiales y verificaci\u00f3n de procesos.<br \/>\nProcesamiento secundario de productos de carbono: se pueden utilizar como materia prima para el procesamiento de productos a base de carbono, incluyendo corte, torneado y otros procesos posteriores.<\/p>\n<h2><span style=\"color: #0000ff;\"><a style=\"color: #0000ff;\" href=\"https:\/\/ulpmat.com\/es\/empresa\/preguntas-frecuentes\/\"><span style=\"font-size: 14pt;\">Preguntas<\/span><\/a><\/span><\/h2>\n<h2><span style=\"color: #0000ff;\"><a style=\"color: #0000ff;\" href=\"https:\/\/ulpmat.com\/es\/empresa\/preguntas-frecuentes\/\"><span style=\"font-size: 14pt;\">frecuentes<\/span><\/a><\/span><\/h2>\n<p>P1: \u00bfQu\u00e9 tama\u00f1os y especificaciones de varillas de carbono hay disponibles?<br \/>\nR1: Gama de tama\u00f1os flexible, personalizable seg\u00fan las necesidades reales de la aplicaci\u00f3n.<\/p>\n<p>P2: \u00bfEs este producto adecuado para entornos de alta temperatura?<br \/>\nR2: En condiciones de funcionamiento razonables, la varilla de carbono mantiene una buena estabilidad estructural.<\/p>\n<p>P3: \u00bfSe puede personalizar el <span style=\"font-size: 14pt;\">acabado<\/span><br \/>\nde la superficie?<br \/>\nR3: Hay disponibles diferentes acabados de superficie para satisfacer los requisitos de procesamiento o uso posteriores.<\/p>\n<p>P4: \u00bfAdmiten compras de lotes peque\u00f1os o muestras?<br \/>\nR4: Admitimos pedidos de muestras y lotes peque\u00f1os para facilitar la verificaci\u00f3n del proyecto.<\/p>\n<h2><span style=\"font-size: 14pt;\">Informes<\/span><\/h2>\n<p>Cada lote se suministra con:<br \/>\n<span style=\"color: #0000ff;\"><a style=\"color: #0000ff;\" href=\"https:\/\/ulpmat.com\/es\/documentos\/certificado-de-analisis\/\"><u>Certificado de an\u00e1lisis (COA)<\/u><\/a><\/span><\/p>\n<p><span style=\"color: #0000ff;\"><a style=\"color: #0000ff;\" href=\"https:\/\/ulpmat.com\/es\/documentos\/ficha-tecnica\/\"><u>Ficha t\u00e9cnica (TDS)<\/u><\/a><\/span><\/p>\n<p><span style=\"color: #0000ff;\"><a style=\"color: #0000ff;\" href=\"https:\/\/ulpmat.com\/es\/documentos\/ficha-de-datos-de-seguridad\/\"><u>Ficha de datos de seguridad (MSDS)<\/u><\/a><\/span><br \/>\nInformes de pruebas de terceros disponibles bajo petici\u00f3n<\/p>\n<h2><span style=\"font-size: 14pt;\">\u00bfPor qu\u00e9 elegirnos?<\/span><\/h2>\n<p>Llevamos mucho tiempo centrados en el suministro de materiales a base de carbono y el procesamiento personalizado, haciendo hincapi\u00e9 en la eficiencia de la entrega y la consistencia del producto. Podemos responder r\u00e1pidamente a las consultas y proporcionar a los clientes un soporte estable y fiable para los productos de varillas de carbono.<\/p>\n","protected":false},"excerpt":{"rendered":"<p>Descripci\u00f3n general de las varillas de carbono Las varillas de carbono se fabrican a partir de material de carbono de alta pureza mediante moldeado y procesamiento, lo que da como resultado una estructura densa y un rendimiento estable. Son adecuadas para diversas aplicaciones de alta temperatura, resistentes al desgaste y conductoras. Ofrecemos varillas de carbono [&hellip;]<\/p>\n","protected":false},"featured_media":48792,"template":"","meta":{"_acf_changed":false},"product_brand":[],"product_cat":[408],"product_tag":[7123],"class_list":{"0":"post-48791","1":"product","2":"type-product","3":"status-publish","4":"has-post-thumbnail","6":"product_cat-otros-materiales","7":"product_tag-varilla-de-carbono","9":"first","10":"instock","11":"shipping-taxable","12":"product-type-variable"},"acf":[],"_links":{"self":[{"href":"https:\/\/ulpmat.com\/es\/wp-json\/wp\/v2\/product\/48791","targetHints":{"allow":["GET"]}}],"collection":[{"href":"https:\/\/ulpmat.com\/es\/wp-json\/wp\/v2\/product"}],"about":[{"href":"https:\/\/ulpmat.com\/es\/wp-json\/wp\/v2\/types\/product"}],"wp:featuredmedia":[{"embeddable":true,"href":"https:\/\/ulpmat.com\/es\/wp-json\/wp\/v2\/media\/48792"}],"wp:attachment":[{"href":"https:\/\/ulpmat.com\/es\/wp-json\/wp\/v2\/media?parent=48791"}],"wp:term":[{"taxonomy":"product_brand","embeddable":true,"href":"https:\/\/ulpmat.com\/es\/wp-json\/wp\/v2\/product_brand?post=48791"},{"taxonomy":"product_cat","embeddable":true,"href":"https:\/\/ulpmat.com\/es\/wp-json\/wp\/v2\/product_cat?post=48791"},{"taxonomy":"product_tag","embeddable":true,"href":"https:\/\/ulpmat.com\/es\/wp-json\/wp\/v2\/product_tag?post=48791"}],"curies":[{"name":"wp","href":"https:\/\/api.w.org\/{rel}","templated":true}]}}