{"id":48651,"date":"2026-01-15T13:55:03","date_gmt":"2026-01-15T05:55:03","guid":{"rendered":"https:\/\/ulpmat.com\/product\/magnesio-metalico\/"},"modified":"2026-01-15T13:55:03","modified_gmt":"2026-01-15T05:55:03","slug":"magnesio-metalico","status":"publish","type":"product","link":"https:\/\/ulpmat.com\/es\/producto\/magnesio-metalico\/","title":{"rendered":"Magnesio met\u00e1lico"},"content":{"rendered":"<h2><span style=\"font-size: 14pt;\">Objetivos de pulverizaci\u00f3n de magnesio met\u00e1lico Descripci\u00f3n general<\/span><\/h2>\n<p>Los objetivos de pulverizaci\u00f3n<br \/>\n<span style=\"color: #0000ff;\"><a style=\"color: #0000ff;\" href=\"https:\/\/ulpmat.com\/es\/buscar\/?type=name&#038;keyword=Magnesium+metal\">de magnesio met\u00e1lico<\/a><\/span><br \/>\nson objetivos met\u00e1licos de alta pureza que se utilizan en procesos de deposici\u00f3n al vac\u00edo y que presentan una excelente estabilidad de pulverizaci\u00f3n y uniformidad de la pel\u00edcula. Se utilizan principalmente en la preparaci\u00f3n de pel\u00edculas delgadas funcionales, la modificaci\u00f3n de superficies y la investigaci\u00f3n de materiales relacionados.<\/p>\n<p>Ofrecemos objetivos de pulverizaci\u00f3n de magnesio met\u00e1lico en varios tama\u00f1os, purezas y estructuras, lo que permite un procesamiento personalizado y un suministro estable. P\u00f3ngase <span style=\"color: #0000ff;\"><a style=\"color: #0000ff;\" href=\"https:\/\/ulpmat.com\/es\/contacto\/\">en contacto con nosotros<\/a><\/span><br \/>\ndirectamente para obtener par\u00e1metros y presupuestos.<\/p>\n<h2><span style=\"font-size: 14pt;\">Caracter\u00edsticas destacadas del producto<\/span><\/h2>\n<p>Blancos de magnesio met\u00e1lico de alta pureza.<br \/>\nMicroestructura densa, pulverizaci\u00f3n estable.<br \/>\nFormaci\u00f3n uniforme de la pel\u00edcula, buena repetibilidad.<br \/>\nContenido de impurezas controlable.<br \/>\nCompatible con diversos equipos de pulverizaci\u00f3n.<br \/>\nSe admiten tama\u00f1os y formas personalizados.<\/p>\n<h2><span style=\"font-size: 14pt;\">Aplicaciones de los blancos de pulverizaci\u00f3n de magnesio met\u00e1lico<\/span><\/h2>\n<p>Deposici\u00f3n de pel\u00edculas delgadas funcionales: se pueden utilizar para preparar pel\u00edculas delgadas de magnesio met\u00e1lico o capas funcionales relacionadas, cumpliendo los requisitos de uniformidad y pureza de la pel\u00edcula.<br \/>\nInvestigaci\u00f3n sobre modificaci\u00f3n y recubrimiento de superficies: en la ingenier\u00eda de superficies de materiales, la pulverizaci\u00f3n con este objetivo permite controlar las propiedades de la superficie y optimizar la estructura.<br \/>\nDesarrollo de procesos de recubrimiento al vac\u00edo: se utiliza habitualmente para pruebas de par\u00e1metros y verificaci\u00f3n de procesos en pulverizaci\u00f3n cat\u00f3dica magnetr\u00f3n y procesos al vac\u00edo relacionados.<br \/>\nAplicaciones de investigaci\u00f3n y laboratorio: se utiliza ampliamente en universidades e instituciones de investigaci\u00f3n para el estudio de nuevos materiales de pel\u00edcula fina y mecanismos de reacci\u00f3n.<\/p>\n<h2><span style=\"color: #0000ff;\"><a style=\"color: #0000ff;\" href=\"https:\/\/ulpmat.com\/es\/empresa\/preguntas-frecuentes\/\"><span style=\"font-size: 14pt;\">Preguntas frecuentes<\/span><\/a><\/span><\/h2>\n<p>P1: \u00bfQu\u00e9 m\u00e9todo de pulverizaci\u00f3n es adecuado para los blancos de pulverizaci\u00f3n de magnesio met\u00e1lico?<br \/>\nR1: Se utiliza normalmente en la pulverizaci\u00f3n cat\u00f3dica por magnetr\u00f3n y procesos de deposici\u00f3n al vac\u00edo relacionados. El m\u00e9todo espec\u00edfico se puede adaptar en funci\u00f3n del equipo.<\/p>\n<p>P2: \u00bfSe oxidan f\u00e1cilmente los blancos de magnesio durante la pulverizaci\u00f3n?<br \/>\nR2: El magnesio tiene un cierto grado de reactividad. Se suele utilizar en condiciones de atm\u00f3sfera controlada y vac\u00edo para reducir el impacto de la oxidaci\u00f3n.<\/p>\n<p>P3: \u00bfSe puede personalizar el tama\u00f1o de los blancos de pulverizaci\u00f3n de magnesio met\u00e1lico?<br \/>\nR3: S\u00ed, podemos personalizarlos seg\u00fan el tama\u00f1o del blanco y los requisitos del equipo.<\/p>\n<p>P4: \u00bfSon los blancos de magnesio adecuados para un uso continuo a largo plazo?<br \/>\nR4: Con unos par\u00e1metros de potencia y proceso razonables, los blancos de magnesio pueden mantener un rendimiento de pulverizaci\u00f3n estable.<\/p>\n<h2><span style=\"font-size: 14pt;\">Informe<\/span><\/h2>\n<p>Cada lote se suministra con:<br \/>\n<span style=\"color: #0000ff;\"><a style=\"color: #0000ff;\" href=\"https:\/\/ulpmat.com\/es\/documentos\/certificado-de-analisis\/\"><u>Certificado de an\u00e1lisis (COA)<\/u><\/a><\/span><\/p>\n<p><span style=\"color: #0000ff;\"><a style=\"color: #0000ff;\" href=\"https:\/\/ulpmat.com\/es\/documentos\/ficha-tecnica\/\"><u>Ficha t\u00e9cnica (TDS)<\/u><\/a><\/span><\/p>\n<p><span style=\"color: #0000ff;\"><a style=\"color: #0000ff;\" href=\"https:\/\/ulpmat.com\/es\/documentos\/ficha-de-datos-de-seguridad\/\"><u>Ficha de datos de seguridad (MSDS)<\/u><\/a><\/span><br \/>\nInforme de inspecci\u00f3n de tama\u00f1o<br \/>\nInformes de pruebas de terceros disponibles bajo petici\u00f3n<\/p>\n<h2><span style=\"font-size: 14pt;\">\u00bfPor qu\u00e9 elegirnos?<\/span><\/h2>\n<p>Nos especializamos en el control de materiales y la consistencia del procesamiento de los blancos de pulverizaci\u00f3n, proporcionando soluciones a medida basadas en los requisitos reales del equipo y del proceso para ayudar a los clientes a mejorar la estabilidad de la pel\u00edcula y reducir los costes de prueba y error.<\/p>\n","protected":false},"excerpt":{"rendered":"<p>Objetivos de pulverizaci\u00f3n de magnesio met\u00e1lico Descripci\u00f3n general Los objetivos de pulverizaci\u00f3n de magnesio met\u00e1lico son objetivos met\u00e1licos de alta pureza que se utilizan en procesos de deposici\u00f3n al vac\u00edo y que presentan una excelente estabilidad de pulverizaci\u00f3n y uniformidad de la pel\u00edcula. Se utilizan principalmente en la preparaci\u00f3n de pel\u00edculas delgadas funcionales, la modificaci\u00f3n [&hellip;]<\/p>\n","protected":false},"featured_media":48652,"template":"","meta":{"_acf_changed":false},"product_brand":[132],"product_cat":[309],"product_tag":[7081],"class_list":{"0":"post-48651","1":"product","2":"type-product","3":"status-publish","4":"has-post-thumbnail","6":"product_brand-ulpmat","7":"product_cat-blanco-metalico-para-sputtering","8":"product_tag-blanco-para-sputtering-de-magnesio-metalico","10":"first","11":"instock","12":"shipping-taxable","13":"product-type-variable"},"acf":[],"_links":{"self":[{"href":"https:\/\/ulpmat.com\/es\/wp-json\/wp\/v2\/product\/48651","targetHints":{"allow":["GET"]}}],"collection":[{"href":"https:\/\/ulpmat.com\/es\/wp-json\/wp\/v2\/product"}],"about":[{"href":"https:\/\/ulpmat.com\/es\/wp-json\/wp\/v2\/types\/product"}],"wp:featuredmedia":[{"embeddable":true,"href":"https:\/\/ulpmat.com\/es\/wp-json\/wp\/v2\/media\/48652"}],"wp:attachment":[{"href":"https:\/\/ulpmat.com\/es\/wp-json\/wp\/v2\/media?parent=48651"}],"wp:term":[{"taxonomy":"product_brand","embeddable":true,"href":"https:\/\/ulpmat.com\/es\/wp-json\/wp\/v2\/product_brand?post=48651"},{"taxonomy":"product_cat","embeddable":true,"href":"https:\/\/ulpmat.com\/es\/wp-json\/wp\/v2\/product_cat?post=48651"},{"taxonomy":"product_tag","embeddable":true,"href":"https:\/\/ulpmat.com\/es\/wp-json\/wp\/v2\/product_tag?post=48651"}],"curies":[{"name":"wp","href":"https:\/\/api.w.org\/{rel}","templated":true}]}}