{"id":48623,"date":"2026-01-15T13:55:03","date_gmt":"2026-01-15T05:55:03","guid":{"rendered":"https:\/\/ulpmat.com\/product\/nitrato-de-magnesio-hexahidratado\/"},"modified":"2026-01-15T13:55:03","modified_gmt":"2026-01-15T05:55:03","slug":"nitrato-de-magnesio-hexahidratado","status":"publish","type":"product","link":"https:\/\/ulpmat.com\/es\/producto\/nitrato-de-magnesio-hexahidratado\/","title":{"rendered":"Nitrato de magnesio hexahidratado"},"content":{"rendered":"<h2><span style=\"font-size: 14pt;\">Descripci\u00f3n general del nitrato de magnesio hexahidratado en polvo<\/span><\/h2>\n<p><span style=\"color: #0000ff;\"><a style=\"color: #0000ff;\" href=\"https:\/\/ulpmat.com\/es\/buscar\/?type=name&#038;keyword=Magnesium+nitrate\">El nitrato de magnesio<\/a><\/span><br \/>\nhexahidratado en polvo es una sal de magnesio inorg\u00e1nica soluble en agua con una excelente reactividad y solubilidad. Se utiliza ampliamente en s\u00edntesis qu\u00edmica, preparaci\u00f3n de materiales, investigaci\u00f3n catal\u00edtica y campos experimentales e industriales relacionados.<\/p>\n<p>Ofrecemos nitrato de magnesio hexahidratado en polvo en diversas purezas y especificaciones de envasado, con un suministro estable y una entrega r\u00e1pida. P\u00f3ngase <span style=\"color: #0000ff;\"><a style=\"color: #0000ff;\" href=\"https:\/\/ulpmat.com\/es\/contacto\/\">en contacto con nosotros<\/a><\/span><br \/>\ndirectamente para obtener informaci\u00f3n detallada.<\/p>\n<h2><span style=\"font-size: 14pt;\">Caracter\u00edsticas destacadas del producto<\/span><\/h2>\n<p>Sal de nitrato de magnesio de alta pureza.<br \/>\nContenido estable de agua de cristalizaci\u00f3n.<br \/>\nBuena solubilidad y alta eficiencia de reacci\u00f3n.<br \/>\nEstricto control de impurezas.<br \/>\nAdecuado para la investigaci\u00f3n cient\u00edfica y el uso industrial.<br \/>\nM\u00faltiples opciones de envasado disponibles<\/p>\n<h2><span style=\"font-size: 14pt;\">. Aplicaciones del nitrato de magnesio hexahidratado en polvo<\/span><\/h2>\n<p>Materia prima para s\u00edntesis inorg\u00e1nica y org\u00e1nica: Se utiliza com\u00fanmente como fuente de magnesio en diversas reacciones qu\u00edmicas, participando en la preparaci\u00f3n de sales, \u00f3xidos y materiales funcionales.<br \/>\nPreparaci\u00f3n de precursores de materiales: en la preparaci\u00f3n de \u00f3xido de magnesio y materiales compuestos relacionados, este producto se puede utilizar como precursor, lo que facilita el control uniforme de la composici\u00f3n.<br \/>\nInvestigaci\u00f3n sobre cat\u00e1lisis y materiales funcionales: en el desarrollo de catalizadores y materiales funcionales, se puede utilizar para ajustar la composici\u00f3n y las propiedades estructurales de los materiales.<br \/>\nAplicaciones en laboratorios y ense\u00f1anza: debido a su buena solubilidad y facilidad de manejo, este polvo se utiliza ampliamente en investigaciones de laboratorio y experimentos de ense\u00f1anza.<\/p>\n<h2><span style=\"color: #0000ff;\"><a style=\"color: #0000ff;\" href=\"https:\/\/ulpmat.com\/es\/empresa\/preguntas-frecuentes\/\"><span style=\"font-size: 14pt;\">Preguntas frecuentes<\/span><\/a><\/span><\/h2>\n<p>P1: \u00bfEl nitrato de magnesio hexahidratado es higrosc\u00f3pico?<br \/>\nR1: Este producto contiene agua de cristalizaci\u00f3n y puede absorber la humedad del aire. Se recomienda almacenarlo en un recipiente herm\u00e9tico en un entorno seco.<\/p>\n<p>P2: \u00bfSe puede disolver directamente el nitrato de magnesio hexahidratado en agua?<br \/>\nR2: S\u00ed, tiene buena solubilidad en agua y es adecuado para preparar soluciones acuosas.<\/p>\n<p>P3: \u00bfQu\u00e9 le sucede al nitrato de magnesio hexahidratado cuando se calienta?<br \/>\nR3: Al calentarse, perder\u00e1 gradualmente su agua de cristalizaci\u00f3n y puede descomponerse a\u00fan m\u00e1s. La aplicaci\u00f3n espec\u00edfica depende del control de la temperatura.<\/p>\n<p>P4: \u00bfEste producto es adecuado para uso a escala industrial?<br \/>\nR4: Se puede utilizar en aplicaciones de laboratorio o industriales, dependiendo de los requisitos de pureza y envasado. El uso espec\u00edfico depende de las condiciones del proceso.<\/p>\n<h2><span style=\"font-size: 14pt;\">Informe<\/span><\/h2>\n<p>Cada lote se suministra con:<br \/>\n<span style=\"color: #0000ff;\"><a style=\"color: #0000ff;\" href=\"https:\/\/ulpmat.com\/es\/documentos\/certificado-de-analisis\/\"><u>Certificado de an\u00e1lisis (COA)<\/u><\/a><\/span><\/p>\n<p><span style=\"color: #0000ff;\"><a style=\"color: #0000ff;\" href=\"https:\/\/ulpmat.com\/es\/documentos\/ficha-tecnica\/\"><u>Ficha t\u00e9cnica (TDS)<\/u><\/a><\/span><\/p>\n<p><span style=\"color: #0000ff;\"><a style=\"color: #0000ff;\" href=\"https:\/\/ulpmat.com\/es\/documentos\/ficha-de-datos-de-seguridad\/\"><u>Ficha de datos de seguridad (MSDS)<\/u><\/a><\/span><br \/>\nInformes de pruebas de terceros disponibles bajo petici\u00f3n<\/p>\n<h2><span style=\"font-size: 14pt;\">\u00bfPor qu\u00e9 elegirnos?<\/span><\/h2>\n<p>Nos especializamos en el control de calidad y la estabilidad del suministro de materias primas qu\u00edmicas inorg\u00e1nicas, proporcionando par\u00e1metros claros, comunicaci\u00f3n r\u00e1pida y apoyo continuo al suministro para ayudar a los clientes a completar de manera eficiente la selecci\u00f3n y la adquisici\u00f3n.<\/p>\n","protected":false},"excerpt":{"rendered":"<p>Descripci\u00f3n general del nitrato de magnesio hexahidratado en polvo El nitrato de magnesio hexahidratado en polvo es una sal de magnesio inorg\u00e1nica soluble en agua con una excelente reactividad y solubilidad. Se utiliza ampliamente en s\u00edntesis qu\u00edmica, preparaci\u00f3n de materiales, investigaci\u00f3n catal\u00edtica y campos experimentales e industriales relacionados. Ofrecemos nitrato de magnesio hexahidratado en polvo [&hellip;]<\/p>\n","protected":false},"featured_media":48624,"template":"","meta":{"_acf_changed":false},"product_brand":[132],"product_cat":[1189],"product_tag":[7075],"class_list":{"0":"post-48623","1":"product","2":"type-product","3":"status-publish","4":"has-post-thumbnail","6":"product_brand-ulpmat","7":"product_cat-otros-acidos","8":"product_tag-nitrato-de-magnesio-hexahidratado-polvo","10":"first","11":"instock","12":"shipping-taxable","13":"product-type-variable"},"acf":[],"_links":{"self":[{"href":"https:\/\/ulpmat.com\/es\/wp-json\/wp\/v2\/product\/48623","targetHints":{"allow":["GET"]}}],"collection":[{"href":"https:\/\/ulpmat.com\/es\/wp-json\/wp\/v2\/product"}],"about":[{"href":"https:\/\/ulpmat.com\/es\/wp-json\/wp\/v2\/types\/product"}],"wp:featuredmedia":[{"embeddable":true,"href":"https:\/\/ulpmat.com\/es\/wp-json\/wp\/v2\/media\/48624"}],"wp:attachment":[{"href":"https:\/\/ulpmat.com\/es\/wp-json\/wp\/v2\/media?parent=48623"}],"wp:term":[{"taxonomy":"product_brand","embeddable":true,"href":"https:\/\/ulpmat.com\/es\/wp-json\/wp\/v2\/product_brand?post=48623"},{"taxonomy":"product_cat","embeddable":true,"href":"https:\/\/ulpmat.com\/es\/wp-json\/wp\/v2\/product_cat?post=48623"},{"taxonomy":"product_tag","embeddable":true,"href":"https:\/\/ulpmat.com\/es\/wp-json\/wp\/v2\/product_tag?post=48623"}],"curies":[{"name":"wp","href":"https:\/\/api.w.org\/{rel}","templated":true}]}}