{"id":48467,"date":"2026-01-15T13:55:06","date_gmt":"2026-01-15T05:55:06","guid":{"rendered":"https:\/\/ulpmat.com\/product\/magnesio-bismuto-2\/"},"modified":"2026-01-15T13:55:06","modified_gmt":"2026-01-15T05:55:06","slug":"magnesio-bismuto-2","status":"publish","type":"product","link":"https:\/\/ulpmat.com\/es\/producto\/magnesio-bismuto-2\/","title":{"rendered":"Magnesio Bismuto"},"content":{"rendered":"<h2><span style=\"font-size: 14pt;\">Descripci\u00f3n general del polvo de magnesio y bismuto<\/span><\/h2>\n<p>El polvo<br \/>\n<span style=\"color: #0000ff;\"><a style=\"color: #0000ff;\" href=\"https:\/\/ulpmat.com\/es\/buscar\/?type=name&#038;keyword=Magnesium+Bismuth\">de magnesio y bismuto<\/a><\/span><br \/>\nes un material compuesto intermet\u00e1lico formado a partir de magnesio y bismuto, que posee excelentes propiedades el\u00e9ctricas y t\u00e9rmicas. Este material se utiliza com\u00fanmente en la investigaci\u00f3n de materiales funcionales, sistemas termoel\u00e9ctricos y desarrollo experimental en materiales electr\u00f3nicos.<\/p>\n<p>Podemos proporcionar polvos compuestos de magnesio y bismuto con diferentes purezas y control del tama\u00f1o de las part\u00edculas para satisfacer las necesidades espec\u00edficas de cada aplicaci\u00f3n, lo que facilita la colaboraci\u00f3n t\u00e9cnica y <span style=\"color: #0000ff;\"><a style=\"color: #0000ff;\" href=\"https:\/\/ulpmat.com\/es\/contacto\/\">la<\/a><\/span><br \/>\nr\u00e1pida <span style=\"color: #0000ff;\"><a style=\"color: #0000ff;\" href=\"https:\/\/ulpmat.com\/es\/contacto\/\">consulta<\/a><\/span><br \/>\nde precios.<\/p>\n<h2><span style=\"font-size: 14pt;\">Caracter\u00edsticas destacadas del producto<\/span><\/h2>\n<p>Estructura compuesta intermet\u00e1lica estable.<br \/>\nEstricto control de pureza, consistencia entre lotes.<br \/>\nDistribuci\u00f3n del tama\u00f1o de las part\u00edculas ajustable.<br \/>\nF\u00e1cil de dispersar y procesar.<br \/>\nAdecuado para aplicaciones de investigaci\u00f3n y a escala piloto.<br \/>\nRequisitos de par\u00e1metros personalizados compatibles<\/p>\n<h2><span style=\"font-size: 14pt;\">. Aplicaciones del polvo de magnesio y bismuto<\/span><\/h2>\n<p>Investigaci\u00f3n de materiales termoel\u00e9ctricos: se puede utilizar para la investigaci\u00f3n del rendimiento termoel\u00e9ctrico, adecuado para preparar muestras experimentales o como material de fase funcional.<br \/>\nDesarrollo de materiales funcionales electr\u00f3nicos: en materiales electr\u00f3nicos, este polvo puede servir como materia prima b\u00e1sica para explorar nuevos sistemas de materiales funcionales.<br \/>\nExperimentos de s\u00edntesis y modificaci\u00f3n de materiales: se puede utilizar como precursor de s\u00edntesis o componente de materiales compuestos, adecuado para diversos estudios de procesos de estado s\u00f3lido o sinterizaci\u00f3n.<br \/>\nAplicaciones en investigaci\u00f3n cient\u00edfica y laboratorios universitarios: Se utiliza habitualmente en la investigaci\u00f3n en ciencia de los materiales, f\u00edsica y qu\u00edmica, y satisface las necesidades de experimentos de lotes peque\u00f1os y multiparam\u00e9tricos.<\/p>\n<h2><span style=\"font-size: 14pt; color: #0000ff;\"><a style=\"color: #0000ff;\" href=\"https:\/\/ulpmat.com\/es\/empresa\/preguntas-frecuentes\/\">Preguntas frecuentes<\/a><\/span><\/h2>\n<p>P1: \u00bfEl polvo compuesto de magnesio y bismuto es adecuado para el almacenamiento a largo plazo?<br \/>\nR1: Cuando se almacena en condiciones secas y selladas, las propiedades del material son estables y adecuadas para el almacenamiento a medio y largo plazo.<\/p>\n<p>P2: \u00bfEl tama\u00f1o de las part\u00edculas del polvo afectar\u00e1 a los resultados experimentales?<br \/>\nR2: El tama\u00f1o de las part\u00edculas afecta a procesos como la sinterizaci\u00f3n y las velocidades de reacci\u00f3n. Se puede seleccionar o personalizar en funci\u00f3n de los objetivos experimentales.<\/p>\n<p>P3: \u00bfSe pueden proporcionar muestras de lotes peque\u00f1os?<br \/>\nR3: Se admite el suministro a nivel de muestra para facilitar las pruebas preliminares y la verificaci\u00f3n del proceso.<\/p>\n<p>P4: \u00bfEs este material adecuado para mezclarlo con otros polvos met\u00e1licos?<br \/>\nR4: En condiciones de proceso adecuadas, se puede utilizar en combinaci\u00f3n con diversos polvos met\u00e1licos o compuestos.<\/p>\n<h2><span style=\"font-size: 14pt;\">Informe<\/span><\/h2>\n<p>Cada lote se suministra con:<br \/>\n<span style=\"color: #0000ff;\"><a style=\"color: #0000ff;\" href=\"https:\/\/ulpmat.com\/es\/documentos\/certificado-de-analisis\/\"><u>Certificado de an\u00e1lisis (COA)<\/u><\/a><\/span><\/p>\n<p><span style=\"color: #0000ff;\"><a style=\"color: #0000ff;\" href=\"https:\/\/ulpmat.com\/es\/documentos\/ficha-tecnica\/\"><u>Ficha t\u00e9cnica (TDS)<\/u><\/a><\/span><\/p>\n<p><span style=\"color: #0000ff;\"><a style=\"color: #0000ff;\" href=\"https:\/\/ulpmat.com\/es\/documentos\/ficha-de-datos-de-seguridad\/\"><u>Ficha de datos de seguridad (MSDS)<\/u><\/a><\/span><br \/>\nInformes de pruebas de terceros disponibles bajo petici\u00f3n<\/p>\n<h2><span style=\"font-size: 14pt;\">\u00bfPor qu\u00e9 elegirnos?<\/span><\/h2>\n<p>Nos centramos en el suministro estable y el soporte t\u00e9cnico de polvos de materiales funcionales, haciendo hincapi\u00e9 en la consistencia del producto y la eficiencia de la respuesta, lo que nos permite ayudar a los clientes a completar r\u00e1pidamente la selecci\u00f3n de materiales y la verificaci\u00f3n experimental.<\/p>\n","protected":false},"excerpt":{"rendered":"<p>Descripci\u00f3n general del polvo de magnesio y bismuto El polvo de magnesio y bismuto es un material compuesto intermet\u00e1lico formado a partir de magnesio y bismuto, que posee excelentes propiedades el\u00e9ctricas y t\u00e9rmicas. Este material se utiliza com\u00fanmente en la investigaci\u00f3n de materiales funcionales, sistemas termoel\u00e9ctricos y desarrollo experimental en materiales electr\u00f3nicos. Podemos proporcionar polvos [&hellip;]<\/p>\n","protected":false},"featured_media":48468,"template":"","meta":{"_acf_changed":false},"product_brand":[132],"product_cat":[1195],"product_tag":[7027],"class_list":{"0":"post-48467","1":"product","2":"type-product","3":"status-publish","4":"has-post-thumbnail","6":"product_brand-ulpmat","7":"product_cat-materiales-fosforados","8":"product_tag-polvo-de-magnesio-y-bismuto","10":"first","11":"instock","12":"shipping-taxable","13":"product-type-variable"},"acf":[],"_links":{"self":[{"href":"https:\/\/ulpmat.com\/es\/wp-json\/wp\/v2\/product\/48467","targetHints":{"allow":["GET"]}}],"collection":[{"href":"https:\/\/ulpmat.com\/es\/wp-json\/wp\/v2\/product"}],"about":[{"href":"https:\/\/ulpmat.com\/es\/wp-json\/wp\/v2\/types\/product"}],"wp:featuredmedia":[{"embeddable":true,"href":"https:\/\/ulpmat.com\/es\/wp-json\/wp\/v2\/media\/48468"}],"wp:attachment":[{"href":"https:\/\/ulpmat.com\/es\/wp-json\/wp\/v2\/media?parent=48467"}],"wp:term":[{"taxonomy":"product_brand","embeddable":true,"href":"https:\/\/ulpmat.com\/es\/wp-json\/wp\/v2\/product_brand?post=48467"},{"taxonomy":"product_cat","embeddable":true,"href":"https:\/\/ulpmat.com\/es\/wp-json\/wp\/v2\/product_cat?post=48467"},{"taxonomy":"product_tag","embeddable":true,"href":"https:\/\/ulpmat.com\/es\/wp-json\/wp\/v2\/product_tag?post=48467"}],"curies":[{"name":"wp","href":"https:\/\/api.w.org\/{rel}","templated":true}]}}