{"id":48341,"date":"2026-01-15T13:55:08","date_gmt":"2026-01-15T05:55:08","guid":{"rendered":"https:\/\/ulpmat.com\/product\/boruro-de-magnesio\/"},"modified":"2026-01-15T13:55:08","modified_gmt":"2026-01-15T05:55:08","slug":"boruro-de-magnesio","status":"publish","type":"product","link":"https:\/\/ulpmat.com\/es\/producto\/boruro-de-magnesio\/","title":{"rendered":"Boruro de magnesio"},"content":{"rendered":"<h2><span style=\"font-size: 14pt;\">Descripci\u00f3n general del blanco de pulverizaci\u00f3n de boruro de magnesio<\/span><\/h2>\n<p>Los blancos de pulverizaci\u00f3n<br \/>\n<span style=\"color: #0000ff;\"><a style=\"color: #0000ff;\" href=\"https:\/\/ulpmat.com\/es\/buscar\/?type=name&#038;keyword=Magnesium+Boride\">de boruro de magnesio<\/a><\/span><br \/>\nson blancos cer\u00e1micos funcionales compuestos principalmente por boruro de magnesio, que presentan una excelente estabilidad t\u00e9rmica y fiabilidad estructural. Estos blancos son adecuados para la deposici\u00f3n de pel\u00edculas delgadas en campos de investigaci\u00f3n tales como pel\u00edculas delgadas funcionales, recubrimientos de alta temperatura y materiales relacionados.<\/p>\n<p>Ofrecemos blancos de pulverizaci\u00f3n de boruro de magnesio en varios tama\u00f1os, espesores y controles de densidad, y ofrecemos procesamiento personalizado y asesoramiento t\u00e9cnico. P<span style=\"color: #0000ff;\"><a style=\"color: #0000ff;\" href=\"https:\/\/ulpmat.com\/es\/contacto\/\">\u00f3ngase<\/a><\/span><br \/>\n<span style=\"color: #0000ff;\"><a style=\"color: #0000ff;\" href=\"https:\/\/ulpmat.com\/es\/contacto\/\">en contacto con nosotros<\/a><\/span><br \/>\ndirectamente para solicitar un presupuesto.<\/p>\n<h2><span style=\"font-size: 14pt;\">Caracter\u00edsticas destacadas del producto<\/span><\/h2>\n<p>Estructura estable de boruros met\u00e1licos.<br \/>\nAlta densidad del blanco, proceso de pulverizaci\u00f3n suave.<br \/>\nExcelente resistencia a altas temperaturas.<br \/>\nSuperficie lisa, buena consistencia de la pel\u00edcula.<br \/>\nAdmite procesamiento personalizado con m\u00faltiples especificaciones.<br \/>\nAdecuado para investigaci\u00f3n y producci\u00f3n en lotes peque\u00f1os<\/p>\n<h2><span style=\"font-size: 14pt;\">. Aplicaciones de los blancos de pulverizaci\u00f3n de boruro de magnesio<\/span><\/h2>\n<p>Deposici\u00f3n de pel\u00edculas delgadas funcionales: se pueden utilizar para preparar pel\u00edculas delgadas funcionales con una composici\u00f3n uniforme, que cumplen los requisitos de alta calidad y estabilidad de la pel\u00edcula en las aplicaciones.<br \/>\nPreparaci\u00f3n de recubrimientos de alta temperatura: se utiliza en recubrimientos de alta temperatura o protectores para mejorar la estabilidad estructural de la pel\u00edcula en condiciones t\u00e9rmicas.<br \/>\nInvestigaci\u00f3n de materiales electr\u00f3nicos y funcionales: adecuado para la investigaci\u00f3n de pel\u00edculas delgadas de materiales electr\u00f3nicos y materiales funcionales relacionados, lo que facilita el ajuste de los par\u00e1metros del proceso y la evaluaci\u00f3n del rendimiento.<br \/>\nInvestigaci\u00f3n cient\u00edfica y validaci\u00f3n de procesos: admite la validaci\u00f3n del proceso de pulverizaci\u00f3n en etapas de laboratorio y a escala piloto, lo que facilita el r\u00e1pido despliegue de pel\u00edculas delgadas de nuevos materiales.<\/p>\n<h2><span style=\"font-size: 14pt; color: #0000ff;\"><a style=\"color: #0000ff;\" href=\"https:\/\/ulpmat.com\/es\/empresa\/preguntas-frecuentes\/\">Preguntas frecuentes<\/a><\/span><\/h2>\n<p>P1: \u00bfQu\u00e9 tipo de equipo de pulverizaci\u00f3n es adecuado para los blancos de pulverizaci\u00f3n de boruro de magnesio?<br \/>\nR1: Adecuado para equipos de pulverizaci\u00f3n por radiofrecuencia y equipos de pulverizaci\u00f3n por magnetr\u00f3n relacionados, que satisfacen las necesidades de la investigaci\u00f3n cient\u00edfica y las aplicaciones industriales.<\/p>\n<p>P2: \u00bfLa densidad del blanco afecta a la calidad de la pel\u00edcula?<br \/>\nR2: Una alta densidad ayuda a reducir el riesgo de desprendimiento de part\u00edculas y mejora la uniformidad y la estabilidad de la pel\u00edcula.<\/p>\n<p>P3: \u00bfSe pueden personalizar los tama\u00f1os de los blancos seg\u00fan los requisitos del equipo?<br \/>\nR3: S\u00ed, admitimos el procesamiento personalizado de especificaciones redondas, cuadradas y otras especiales.<\/p>\n<p>P4: \u00bfQu\u00e9 precauciones se deben tomar al almacenar y utilizar los blancos?<br \/>\nR4: Se recomienda almacenar los blancos en un entorno seco y limpio, en un recipiente sellado. Mantenga limpia la superficie del blanco antes de su uso.<\/p>\n<h2><span style=\"font-size: 14pt;\">Informe<\/span><\/h2>\n<p>Cada lote se suministra con:<br \/>\n<span style=\"color: #0000ff;\"><a style=\"color: #0000ff;\" href=\"https:\/\/ulpmat.com\/es\/documentos\/certificado-de-analisis\/\"><u>Certificado de an\u00e1lisis (COA)<\/u><\/a><\/span><\/p>\n<p><span style=\"color: #0000ff;\"><a style=\"color: #0000ff;\" href=\"https:\/\/ulpmat.com\/es\/documentos\/ficha-tecnica\/\"><u>Ficha t\u00e9cnica (TDS)<\/u><\/a><\/span><\/p>\n<p><span style=\"color: #0000ff;\"><a style=\"color: #0000ff;\" href=\"https:\/\/ulpmat.com\/es\/documentos\/ficha-de-datos-de-seguridad\/\"><u>Ficha de datos de seguridad (MSDS)<\/u><\/a><\/span><br \/>\nInforme de inspecci\u00f3n de tama\u00f1o<br \/>\nInformes de pruebas de terceros disponibles bajo petici\u00f3n<\/p>\n<h2><span style=\"font-size: 14pt;\">\u00bfPor qu\u00e9 elegirnos?<\/span><\/h2>\n<p>Llevamos mucho tiempo centrados en la preparaci\u00f3n y el control de calidad de los blancos de pulverizaci\u00f3n de boruro met\u00e1lico, proporcionando productos estables y fiables y un r\u00e1pido soporte t\u00e9cnico para ayudar a los clientes a completar de manera eficiente la deposici\u00f3n de pel\u00edculas delgadas y la verificaci\u00f3n de la aplicaci\u00f3n.<\/p>\n","protected":false},"excerpt":{"rendered":"<p>Descripci\u00f3n general del blanco de pulverizaci\u00f3n de boruro de magnesio Los blancos de pulverizaci\u00f3n de boruro de magnesio son blancos cer\u00e1micos funcionales compuestos principalmente por boruro de magnesio, que presentan una excelente estabilidad t\u00e9rmica y fiabilidad estructural. Estos blancos son adecuados para la deposici\u00f3n de pel\u00edculas delgadas en campos de investigaci\u00f3n tales como pel\u00edculas delgadas [&hellip;]<\/p>\n","protected":false},"featured_media":48342,"template":"","meta":{"_acf_changed":false},"product_brand":[132],"product_cat":[457],"product_tag":[6991],"class_list":{"0":"post-48341","1":"product","2":"type-product","3":"status-publish","4":"has-post-thumbnail","6":"product_brand-ulpmat","7":"product_cat-blanco-ceramico-para-sputtering","8":"product_tag-catodos-para-sputtering-de-boruro-de-magnesio","10":"first","11":"instock","12":"shipping-taxable","13":"product-type-variable"},"acf":[],"_links":{"self":[{"href":"https:\/\/ulpmat.com\/es\/wp-json\/wp\/v2\/product\/48341","targetHints":{"allow":["GET"]}}],"collection":[{"href":"https:\/\/ulpmat.com\/es\/wp-json\/wp\/v2\/product"}],"about":[{"href":"https:\/\/ulpmat.com\/es\/wp-json\/wp\/v2\/types\/product"}],"wp:featuredmedia":[{"embeddable":true,"href":"https:\/\/ulpmat.com\/es\/wp-json\/wp\/v2\/media\/48342"}],"wp:attachment":[{"href":"https:\/\/ulpmat.com\/es\/wp-json\/wp\/v2\/media?parent=48341"}],"wp:term":[{"taxonomy":"product_brand","embeddable":true,"href":"https:\/\/ulpmat.com\/es\/wp-json\/wp\/v2\/product_brand?post=48341"},{"taxonomy":"product_cat","embeddable":true,"href":"https:\/\/ulpmat.com\/es\/wp-json\/wp\/v2\/product_cat?post=48341"},{"taxonomy":"product_tag","embeddable":true,"href":"https:\/\/ulpmat.com\/es\/wp-json\/wp\/v2\/product_tag?post=48341"}],"curies":[{"name":"wp","href":"https:\/\/api.w.org\/{rel}","templated":true}]}}