{"id":48322,"date":"2026-01-15T13:55:08","date_gmt":"2026-01-15T05:55:08","guid":{"rendered":"https:\/\/ulpmat.com\/product\/cloruro-de-magnesio\/"},"modified":"2026-01-15T13:55:08","modified_gmt":"2026-01-15T05:55:08","slug":"cloruro-de-magnesio","status":"publish","type":"product","link":"https:\/\/ulpmat.com\/es\/producto\/cloruro-de-magnesio\/","title":{"rendered":"Cloruro de magnesio"},"content":{"rendered":"<h2><span style=\"font-size: 14pt;\">Descripci\u00f3n general del cloruro de magnesio en polvo<\/span><\/h2>\n<p><span style=\"color: #0000ff;\"><a style=\"color: #0000ff;\" href=\"https:\/\/ulpmat.com\/es\/buscar\/?type=name&#038;keyword=Magnesium+Chloride\">El cloruro de<\/a><\/span><\/p>\n<p><span style=\"color: #0000ff;\"><a style=\"color: #0000ff;\" href=\"https:\/\/ulpmat.com\/es\/buscar\/?type=name&#038;keyword=Magnesium+Chloride\">magnesio<\/a><\/span><br \/>\nen polvo es un material inorg\u00e1nico com\u00fan a base de sal de magnesio con una excelente solubilidad y reactividad qu\u00edmica. Este producto se utiliza ampliamente en s\u00edntesis qu\u00edmicas, preparaci\u00f3n de materiales, sistemas de cat\u00e1lisis y campos de investigaci\u00f3n industrial y cient\u00edfica relacionados.<\/p>\n<p>Podemos suministrar cloruro de magnesio en polvo en diferentes grados de pureza y con un tama\u00f1o de part\u00edcula controlado para satisfacer diversas necesidades de aplicaci\u00f3n. P\u00f3ngase <span style=\"color: #0000ff;\"><a style=\"color: #0000ff;\" href=\"https:\/\/ulpmat.com\/es\/contacto\/\">en contacto con nosotros<\/a><\/span><br \/>\npara obtener par\u00e1metros detallados y presupuestos.<\/p>\n<h2><span style=\"font-size: 14pt;\">Caracter\u00edsticas destacadas del producto<\/span><\/h2>\n<p>Sal de magnesio inorg\u00e1nica, composici\u00f3n claramente definida.<br \/>\nPureza estable, impurezas controlables.<br \/>\nExcelente solubilidad.<br \/>\nPolvo uniforme, f\u00e1cil de usar.<br \/>\nAlta consistencia entre lotes.<br \/>\nEspecificaciones personalizadas disponibles.<\/p>\n<h2><span style=\"font-size: 14pt;\">Aplicaciones del cloruro de magnesio en polvo<\/span><\/h2>\n<p>Materia prima para s\u00edntesis qu\u00edmica: se puede utilizar como materia prima b\u00e1sica para diversas reacciones qu\u00edmicas en sistemas de s\u00edntesis inorg\u00e1nicos u org\u00e1nicos.<br \/>\nPreparaci\u00f3n y modificaci\u00f3n de materiales: se puede utilizar para controlar la composici\u00f3n de la formulaci\u00f3n y participar en la preparaci\u00f3n de materiales funcionales o intermedios durante la preparaci\u00f3n de materiales.<br \/>\nSistemas de cat\u00e1lisis y reacci\u00f3n: se puede utilizar como componente o material auxiliar en sistemas de cat\u00e1lisis, adecuado para diversos entornos de reacci\u00f3n.<br \/>\nInvestigaci\u00f3n cient\u00edfica y aplicaciones de laboratorio: ampliamente utilizado en experimentos qu\u00edmicos y de materiales en universidades e instituciones de investigaci\u00f3n, adecuado para investigaciones experimentales y a peque\u00f1a escala.<\/p>\n<h2><span style=\"font-size: 14pt; color: #0000ff;\"><a style=\"color: #0000ff;\" href=\"https:\/\/ulpmat.com\/es\/empresa\/preguntas-frecuentes\/\">Preguntas frecuentes<\/a><\/span><\/h2>\n<p>P1: \u00bfEl cloruro de magnesio en polvo es higrosc\u00f3pico?<br \/>\nR1: Este material es higrosc\u00f3pico. Se recomienda almacenarlo en condiciones secas y selladas.<\/p>\n<p>P2: \u00bfLa pureza del polvo afecta al rendimiento?<br \/>\nR2: La pureza afecta a la estabilidad de la reacci\u00f3n y a la consistencia de los resultados. Elija el grado adecuado en funci\u00f3n del uso previsto.<\/p>\n<p>P3: \u00bfPueden proporcionar muestras de lotes peque\u00f1os?<br \/>\nR3: Se admiten suministros a nivel de muestra y de lotes peque\u00f1os para pruebas y verificaciones iniciales.<\/p>\n<p>P4: \u00bfEste polvo es adecuado para el almacenamiento a largo plazo?<br \/>\nR4: Cuando se almacena en condiciones selladas y a prueba de humedad, es adecuado para el almacenamiento a medio y largo plazo.<\/p>\n<h2><span style=\"font-size: 14pt;\">Informes<\/span><\/h2>\n<p>Cada lote se suministra con:<br \/>\n<span style=\"color: #0000ff;\"><a style=\"color: #0000ff;\" href=\"https:\/\/ulpmat.com\/es\/documentos\/certificado-de-analisis\/\"><u>Certificado de an\u00e1lisis (COA)<\/u><\/a><\/span><\/p>\n<p><span style=\"color: #0000ff;\"><a style=\"color: #0000ff;\" href=\"https:\/\/ulpmat.com\/es\/documentos\/ficha-tecnica\/\"><u>Ficha t\u00e9cnica (TDS)<\/u><\/a><\/span><\/p>\n<p><span style=\"color: #0000ff;\"><a style=\"color: #0000ff;\" href=\"https:\/\/ulpmat.com\/es\/documentos\/ficha-de-datos-de-seguridad\/\"><u>Ficha de datos de seguridad (MSDS)<\/u><\/a><\/span><br \/>\nInformes de pruebas de terceros disponibles bajo petici\u00f3n<\/p>\n<h2><span style=\"font-size: 14pt;\">\u00bfPor qu\u00e9 elegirnos?<\/span><\/h2>\n<p>Nos centramos en el suministro estable de materias primas qu\u00edmicas inorg\u00e1nicas y polvos de materiales funcionales, haciendo hincapi\u00e9 en la consistencia del producto y la eficiencia en la entrega. Proporcionamos materiales fiables y servicios de respuesta r\u00e1pida a nuestros clientes.<\/p>\n","protected":false},"excerpt":{"rendered":"<p>Descripci\u00f3n general del cloruro de magnesio en polvo El cloruro de magnesio en polvo es un material inorg\u00e1nico com\u00fan a base de sal de magnesio con una excelente solubilidad y reactividad qu\u00edmica. Este producto se utiliza ampliamente en s\u00edntesis qu\u00edmicas, preparaci\u00f3n de materiales, sistemas de cat\u00e1lisis y campos de investigaci\u00f3n industrial y cient\u00edfica relacionados. Podemos [&hellip;]<\/p>\n","protected":false},"featured_media":48323,"template":"","meta":{"_acf_changed":false},"product_brand":[132],"product_cat":[330],"product_tag":[6985],"class_list":{"0":"post-48322","1":"product","2":"type-product","3":"status-publish","4":"has-post-thumbnail","6":"product_brand-ulpmat","7":"product_cat-materiales-halogenados","8":"product_tag-cloruro-de-magnesio-en-polvo","10":"first","11":"instock","12":"shipping-taxable","13":"product-type-variable"},"acf":[],"_links":{"self":[{"href":"https:\/\/ulpmat.com\/es\/wp-json\/wp\/v2\/product\/48322","targetHints":{"allow":["GET"]}}],"collection":[{"href":"https:\/\/ulpmat.com\/es\/wp-json\/wp\/v2\/product"}],"about":[{"href":"https:\/\/ulpmat.com\/es\/wp-json\/wp\/v2\/types\/product"}],"wp:featuredmedia":[{"embeddable":true,"href":"https:\/\/ulpmat.com\/es\/wp-json\/wp\/v2\/media\/48323"}],"wp:attachment":[{"href":"https:\/\/ulpmat.com\/es\/wp-json\/wp\/v2\/media?parent=48322"}],"wp:term":[{"taxonomy":"product_brand","embeddable":true,"href":"https:\/\/ulpmat.com\/es\/wp-json\/wp\/v2\/product_brand?post=48322"},{"taxonomy":"product_cat","embeddable":true,"href":"https:\/\/ulpmat.com\/es\/wp-json\/wp\/v2\/product_cat?post=48322"},{"taxonomy":"product_tag","embeddable":true,"href":"https:\/\/ulpmat.com\/es\/wp-json\/wp\/v2\/product_tag?post=48322"}],"curies":[{"name":"wp","href":"https:\/\/api.w.org\/{rel}","templated":true}]}}