{"id":48223,"date":"2026-01-15T13:55:10","date_gmt":"2026-01-15T05:55:10","guid":{"rendered":"https:\/\/ulpmat.com\/product\/fluoruro-de-magnesio\/"},"modified":"2026-01-15T13:55:10","modified_gmt":"2026-01-15T05:55:10","slug":"fluoruro-de-magnesio","status":"publish","type":"product","link":"https:\/\/ulpmat.com\/es\/producto\/fluoruro-de-magnesio\/","title":{"rendered":"Fluoruro de magnesio"},"content":{"rendered":"<h2><span style=\"font-size: 14pt;\">Descripci\u00f3n general del blanco de pulverizaci\u00f3n de fluoruro de magnesio<\/span><\/h2>\n<p>Los blancos de pulverizaci\u00f3n<br \/>\n<span style=\"color: #0000ff;\"><a style=\"color: #0000ff;\" href=\"https:\/\/ulpmat.com\/es\/buscar\/?type=name&#038;keyword=Magnesium+Fluoride\">de fluoruro de magnesio<\/a><\/span><br \/>\nson blancos cer\u00e1micos de fluoruro de alta densidad con una excelente estabilidad t\u00e9rmica e inercia qu\u00edmica. Son adecuados para procesos de deposici\u00f3n por pulverizaci\u00f3n cat\u00f3dica con magnetr\u00f3n o RF de pel\u00edculas delgadas \u00f3pticas, recubrimientos funcionales y materiales de pel\u00edcula delgada de alta pureza.<\/p>\n<p>Ofrecemos blancos de pulverizaci\u00f3n de fluoruro de magnesio en varios tama\u00f1os, espesores y controles de densidad, y podemos personalizar soluciones de uni\u00f3n de placas base seg\u00fan los requisitos del equipo. P\u00f3ngase <span style=\"color: #0000ff;\"><a style=\"color: #0000ff;\" href=\"https:\/\/ulpmat.com\/es\/contacto\/\">en contacto con nosotros<\/a><\/span><br \/>\ndirectamente para obtener par\u00e1metros y presupuestos.<\/p>\n<h2><span style=\"font-size: 14pt;\">Caracter\u00edsticas destacadas del producto<\/span><\/h2>\n<p>Alta densidad, proceso de pulverizaci\u00f3n estable<br \/>\nBuena estabilidad t\u00e9rmica, sin deformaci\u00f3n tras una deposici\u00f3n prolongada<br \/>\nSuperficie lisa, alta uniformidad de la pel\u00edcula.<br \/>\nFuerte inercia qu\u00edmica, adaptable a diversos procesos.<br \/>\nSe puede unir a placas base de cobre\/aluminio, alta eficiencia de disipaci\u00f3n del calor.<br \/>\nAdmite <span style=\"color: #0000ff;\"><a style=\"color: #0000ff;\" href=\"https:\/\/ulpmat.com\/es\/servicio\/personalizacion\/\">la personalizaci\u00f3n<\/a><\/span><br \/>\nde diversos tama\u00f1os y especificaciones<\/p>\n<h2><span style=\"font-size: 14pt;\">. Aplicaciones de los blancos de pulverizaci\u00f3n de fluoruro de magnesio<\/span><\/h2>\n<p>Preparaci\u00f3n de pel\u00edculas<br \/>\n<span style=\"color: #0000ff;\"><a style=\"color: #0000ff;\" href=\"https:\/\/ulpmat.com\/es\/solicitud\/materiales-opticos\/\">\u00f3pticas<\/a><\/span><br \/>\ndelgadas: forma pel\u00edculas densas y transparentes en pulverizaci\u00f3n por RF o magnetr\u00f3n, cumpliendo los requisitos de los dispositivos \u00f3pticos en cuanto a espesor uniforme de la pel\u00edcula y repetibilidad.<br \/>\nDeposici\u00f3n de recubrimientos funcionales: adecuado para la preparaci\u00f3n de recubrimientos de alta estabilidad, mejorando la resistencia al desgaste, la resistencia al calor y la estabilidad qu\u00edmica de las pel\u00edculas delgadas.<br \/>\nInvestigaci\u00f3n de materiales de pel\u00edcula delgada de alta pureza: garantiza la estabilidad de la composici\u00f3n y la estructura de la pel\u00edcula en la investigaci\u00f3n cient\u00edfica o el desarrollo industrial de pel\u00edculas delgadas.<br \/>\nValidaci\u00f3n de procesos y adaptaci\u00f3n de equipos: adecuado para la validaci\u00f3n de procesos de pulverizaci\u00f3n en etapas de laboratorio y piloto, lo que facilita el ajuste de par\u00e1metros y la evaluaci\u00f3n de materiales.<\/p>\n<h2><span style=\"font-size: 14pt; color: #0000ff;\"><a style=\"color: #0000ff;\" href=\"https:\/\/ulpmat.com\/es\/empresa\/preguntas-frecuentes\/\">Preguntas<\/a><\/span><\/h2>\n<h2><span style=\"font-size: 14pt; color: #0000ff;\"><a style=\"color: #0000ff;\" href=\"https:\/\/ulpmat.com\/es\/empresa\/preguntas-frecuentes\/\">frecuentes<\/a><\/span><\/h2>\n<p>P1: \u00bfPara qu\u00e9 tipo de equipo de pulverizaci\u00f3n es adecuado el blanco de fluoruro de magnesio?<br \/>\nR1: Se puede utilizar en pulverizaci\u00f3n por RF, pulverizaci\u00f3n por magnetr\u00f3n y otros equipos, adecuado para la investigaci\u00f3n cient\u00edfica y la deposici\u00f3n industrial de pel\u00edculas delgadas.<\/p>\n<p>P2: \u00bfLa densidad del blanco afecta a la calidad de la pel\u00edcula?<br \/>\nR2: Los blancos de alta densidad reducen el riesgo de desprendimiento de part\u00edculas y mejoran la uniformidad y consistencia de la pel\u00edcula.<\/p>\n<p>P3: \u00bfSe pueden personalizar el tama\u00f1o del blanco y <span style=\"color: #0000ff;\"><a style=\"color: #0000ff;\" href=\"https:\/\/ulpmat.com\/es\/servicio\/vinculacion-de-objetivos\/\">la uni\u00f3n<\/a><\/span><br \/>\nde la placa posterior seg\u00fan las especificaciones del equipo?<br \/>\nR3: S\u00ed, admitimos blancos redondos, cuadrados y de tama\u00f1o especial, y podemos proporcionar soluciones de uni\u00f3n de placas posteriores de cobre o aluminio para mejorar la disipaci\u00f3n del calor y la vida \u00fatil.<\/p>\n<h2><span style=\"font-size: 14pt;\">Informe<\/span><\/h2>\n<p>Cada lote se suministra con:<br \/>\n<span style=\"color: #0000ff;\"><a style=\"color: #0000ff;\" href=\"https:\/\/ulpmat.com\/es\/documentos\/certificado-de-analisis\/\"><u>Certificado de an\u00e1lisis (COA)<\/u><\/a><\/span><\/p>\n<p><span style=\"color: #0000ff;\"><a style=\"color: #0000ff;\" href=\"https:\/\/ulpmat.com\/es\/documentos\/ficha-tecnica\/\"><u>Ficha t\u00e9cnica (TDS)<\/u><\/a><\/span><\/p>\n<p><span style=\"color: #0000ff;\"><a style=\"color: #0000ff;\" href=\"https:\/\/ulpmat.com\/es\/documentos\/ficha-de-datos-de-seguridad\/\"><u>Ficha de datos de seguridad (MSDS)<\/u><\/a><\/span><br \/>\nInforme de inspecci\u00f3n de tama\u00f1o<br \/>\nInformes de pruebas de terceros disponibles bajo petici\u00f3n<\/p>\n<h2><span style=\"font-size: 14pt;\">\u00bfPor qu\u00e9 elegirnos?<\/span><\/h2>\n<p>Nos especializamos en la preparaci\u00f3n y la tecnolog\u00eda de uni\u00f3n de blancos de pulverizaci\u00f3n de fluoruro, proporcionando productos estables y fiables y un r\u00e1pido soporte t\u00e9cnico para ayudar a los clientes a completar de manera eficiente la deposici\u00f3n de pel\u00edculas delgadas, la validaci\u00f3n de procesos y la adaptaci\u00f3n de equipos.<\/p>\n","protected":false},"excerpt":{"rendered":"<p>Descripci\u00f3n general del blanco de pulverizaci\u00f3n de fluoruro de magnesio Los blancos de pulverizaci\u00f3n de fluoruro de magnesio son blancos cer\u00e1micos de fluoruro de alta densidad con una excelente estabilidad t\u00e9rmica e inercia qu\u00edmica. Son adecuados para procesos de deposici\u00f3n por pulverizaci\u00f3n cat\u00f3dica con magnetr\u00f3n o RF de pel\u00edculas delgadas \u00f3pticas, recubrimientos funcionales y materiales [&hellip;]<\/p>\n","protected":false},"featured_media":48224,"template":"","meta":{"_acf_changed":false},"product_brand":[132],"product_cat":[457],"product_tag":[6961],"class_list":{"0":"post-48223","1":"product","2":"type-product","3":"status-publish","4":"has-post-thumbnail","6":"product_brand-ulpmat","7":"product_cat-blanco-ceramico-para-sputtering","8":"product_tag-catodos-para-sputtering-de-fluoruro-de-magnesio","10":"first","11":"instock","12":"shipping-taxable","13":"product-type-variable"},"acf":[],"_links":{"self":[{"href":"https:\/\/ulpmat.com\/es\/wp-json\/wp\/v2\/product\/48223","targetHints":{"allow":["GET"]}}],"collection":[{"href":"https:\/\/ulpmat.com\/es\/wp-json\/wp\/v2\/product"}],"about":[{"href":"https:\/\/ulpmat.com\/es\/wp-json\/wp\/v2\/types\/product"}],"wp:featuredmedia":[{"embeddable":true,"href":"https:\/\/ulpmat.com\/es\/wp-json\/wp\/v2\/media\/48224"}],"wp:attachment":[{"href":"https:\/\/ulpmat.com\/es\/wp-json\/wp\/v2\/media?parent=48223"}],"wp:term":[{"taxonomy":"product_brand","embeddable":true,"href":"https:\/\/ulpmat.com\/es\/wp-json\/wp\/v2\/product_brand?post=48223"},{"taxonomy":"product_cat","embeddable":true,"href":"https:\/\/ulpmat.com\/es\/wp-json\/wp\/v2\/product_cat?post=48223"},{"taxonomy":"product_tag","embeddable":true,"href":"https:\/\/ulpmat.com\/es\/wp-json\/wp\/v2\/product_tag?post=48223"}],"curies":[{"name":"wp","href":"https:\/\/api.w.org\/{rel}","templated":true}]}}