{"id":48124,"date":"2026-01-15T13:55:13","date_gmt":"2026-01-15T05:55:13","guid":{"rendered":"https:\/\/ulpmat.com\/product\/oxido-de-magnesio-3\/"},"modified":"2026-01-15T13:55:13","modified_gmt":"2026-01-15T05:55:13","slug":"oxido-de-magnesio-3","status":"publish","type":"product","link":"https:\/\/ulpmat.com\/es\/producto\/oxido-de-magnesio-3\/","title":{"rendered":"\u00d3xido de magnesio"},"content":{"rendered":"<h2><span style=\"font-size: 14pt;\">Descripci\u00f3n general de <\/span><span style=\"font-size: 14pt;\">los gr\u00e1nulos de \u00f3xido de magnesio<\/span><\/h2>\n<p>Los gr\u00e1nulos<br \/>\n<span style=\"color: #0000ff;\"><a style=\"color: #0000ff;\" href=\"https:\/\/ulpmat.com\/es\/buscar\/?type=name&#038;keyword=Magnesium+Oxide\">de \u00f3xido de magnesio<\/a><\/span><br \/>\nson materiales granulares formados mediante el prensado de polvo de \u00f3xido de magnesio de alta pureza, que presentan una alta densidad y propiedades t\u00e9rmicas estables. Este material se utiliza principalmente en la evaporaci\u00f3n al vac\u00edo, pel\u00edculas \u00f3pticas delgadas, materiales funcionales cer\u00e1micos y verificaci\u00f3n de procesos cient\u00edficos.<\/p>\n<p>Ofrecemos gr\u00e1nulos de \u00f3xido de magnesio en varios tama\u00f1os, pesos y densidades, y podemos personalizar las placas posteriores o las soluciones de embalaje seg\u00fan los requisitos del equipo. P\u00f3ngase <span style=\"color: #0000ff;\"><a style=\"color: #0000ff;\" href=\"https:\/\/ulpmat.com\/es\/contacto\/\">en contacto con nosotros<\/a><\/span><br \/>\npara obtener par\u00e1metros detallados y presupuestos.<\/p>\n<h2><span style=\"font-size: 14pt;\">Caracter\u00edsticas destacadas del producto<\/span><\/h2>\n<p>Alta densidad, evaporaci\u00f3n y pulverizaci\u00f3n estables<br \/>\nExcelente estabilidad t\u00e9rmica, sin deformaci\u00f3n tras un uso prolongado<br \/>\nForma uniforme de las part\u00edculas, buena fluidez y facilidad de alimentaci\u00f3n<br \/>\nBajo contenido de impurezas, alta uniformidad de la pel\u00edcula<br \/>\nSe admiten tama\u00f1os, pesos y uniones de placas traseras personalizados.<br \/>\nAdecuado para procesos de investigaci\u00f3n, a escala piloto e industriales<\/p>\n<h2><span style=\"font-size: 14pt;\">. Aplicaciones de los gr\u00e1nulos de \u00f3xido de magnesio<\/span><\/h2>\n<p>Evaporaci\u00f3n al vac\u00edo y deposici\u00f3n de pel\u00edculas finas: la alta densidad y la velocidad de evaporaci\u00f3n estable de los gr\u00e1nulos contribuyen a obtener pel\u00edculas uniformes y resultados de deposici\u00f3n repetibles. Preparaci\u00f3n de pel\u00edculas finas<br \/>\n<span style=\"color: #0000ff;\"><a style=\"color: #0000ff;\" href=\"https:\/\/ulpmat.com\/es\/solicitud\/materiales-opticos\/\">\u00f3pticas<\/a><\/span><br \/>\n: se pueden utilizar para recubrir dispositivos \u00f3pticos, lo que garantiza la uniformidad de la pel\u00edcula y un rendimiento \u00f3ptico estable.<br \/>\nPreparaci\u00f3n de materiales cer\u00e1micos y funcionales: se utilizan en procesos de materiales cer\u00e1micos o funcionales, lo que facilita la alimentaci\u00f3n por lotes y el control de la composici\u00f3n.<br \/>\nInvestigaci\u00f3n cient\u00edfica y validaci\u00f3n de procesos: adecuados para la validaci\u00f3n de materiales y la optimizaci\u00f3n de procesos en etapas de laboratorio y a escala piloto, lo que facilita el control de los par\u00e1metros.<\/p>\n<h2><span style=\"font-size: 14pt; color: #0000ff;\"><a style=\"color: #0000ff;\" href=\"https:\/\/ulpmat.com\/es\/empresa\/preguntas-frecuentes\/\">Preguntas frecuentes<\/a><\/span><\/h2>\n<p>P1: \u00bfSe pueden personalizar los gr\u00e1nulos seg\u00fan las especificaciones del equipo?<br \/>\nR1: S\u00ed, admitimos varios tama\u00f1os, pesos y opciones de uni\u00f3n a la placa posterior.<\/p>\n<p>P2: \u00bfSon los pellets adecuados para el almacenamiento a largo plazo?<br \/>\nR2: Los pellets son estables en entornos secos y sellados y son adecuados para el almacenamiento a medio y largo plazo.<\/p>\n<p>P3: \u00bfQu\u00e9 precauciones hay que tomar al utilizar part\u00edculas en la evaporaci\u00f3n y la pulverizaci\u00f3n?<br \/>\nR3: Mantener limpia la superficie de los pellets y evitar la humedad o la contaminaci\u00f3n puede mejorar la uniformidad de la pel\u00edcula y la seguridad del equipo.<\/p>\n<h2><span style=\"font-size: 14pt;\">Informe<\/span><\/h2>\n<p>Cada lote se suministra con:<br \/>\n<span style=\"color: #0000ff;\"><a style=\"color: #0000ff;\" href=\"https:\/\/ulpmat.com\/es\/documentos\/certificado-de-analisis\/\"><u>Certificado de an\u00e1lisis (COA)<\/u><\/a><\/span><\/p>\n<p><span style=\"color: #0000ff;\"><a style=\"color: #0000ff;\" href=\"https:\/\/ulpmat.com\/es\/documentos\/ficha-tecnica\/\"><u>Ficha t\u00e9cnica (TDS)<\/u><\/a><\/span><\/p>\n<p><span style=\"color: #0000ff;\"><a style=\"color: #0000ff;\" href=\"https:\/\/ulpmat.com\/es\/documentos\/ficha-de-datos-de-seguridad\/\"><u>Ficha de datos de seguridad (MSDS)<\/u><\/a><\/span><br \/>\nInforme de inspecci\u00f3n de tama\u00f1o<br \/>\nInformes de pruebas de terceros disponibles bajo petici\u00f3n<\/p>\n<h2><span style=\"font-size: 14pt;\">. \u00bfPor qu\u00e9 elegirnos?<\/span><\/h2>\n<p>Nos especializamos en la preparaci\u00f3n y las aplicaciones de proceso de pellets de \u00f3xido de magnesio de alta pureza, proporcionando productos con tama\u00f1o, densidad y consistencia de lote controlables. Tambi\u00e9n ofrecemos asistencia t\u00e9cnica basada en los requisitos de los equipos y los procesos, ayudando a los clientes a completar de manera eficiente la deposici\u00f3n de pel\u00edculas delgadas y el desarrollo de materiales.<\/p>\n","protected":false},"excerpt":{"rendered":"<p>Descripci\u00f3n general de los gr\u00e1nulos de \u00f3xido de magnesio Los gr\u00e1nulos de \u00f3xido de magnesio son materiales granulares formados mediante el prensado de polvo de \u00f3xido de magnesio de alta pureza, que presentan una alta densidad y propiedades t\u00e9rmicas estables. Este material se utiliza principalmente en la evaporaci\u00f3n al vac\u00edo, pel\u00edculas \u00f3pticas delgadas, materiales funcionales [&hellip;]<\/p>\n","protected":false},"featured_media":48125,"template":"","meta":{"_acf_changed":false},"product_brand":[132],"product_cat":[340],"product_tag":[6943],"class_list":{"0":"post-48124","1":"product","2":"type-product","3":"status-publish","4":"has-post-thumbnail","6":"product_brand-ulpmat","7":"product_cat-materiales-de-evaporacion","8":"product_tag-oxido-de-magnesio-en-granulos-2","10":"first","11":"instock","12":"shipping-taxable","13":"product-type-variable"},"acf":[],"_links":{"self":[{"href":"https:\/\/ulpmat.com\/es\/wp-json\/wp\/v2\/product\/48124","targetHints":{"allow":["GET"]}}],"collection":[{"href":"https:\/\/ulpmat.com\/es\/wp-json\/wp\/v2\/product"}],"about":[{"href":"https:\/\/ulpmat.com\/es\/wp-json\/wp\/v2\/types\/product"}],"wp:featuredmedia":[{"embeddable":true,"href":"https:\/\/ulpmat.com\/es\/wp-json\/wp\/v2\/media\/48125"}],"wp:attachment":[{"href":"https:\/\/ulpmat.com\/es\/wp-json\/wp\/v2\/media?parent=48124"}],"wp:term":[{"taxonomy":"product_brand","embeddable":true,"href":"https:\/\/ulpmat.com\/es\/wp-json\/wp\/v2\/product_brand?post=48124"},{"taxonomy":"product_cat","embeddable":true,"href":"https:\/\/ulpmat.com\/es\/wp-json\/wp\/v2\/product_cat?post=48124"},{"taxonomy":"product_tag","embeddable":true,"href":"https:\/\/ulpmat.com\/es\/wp-json\/wp\/v2\/product_tag?post=48124"}],"curies":[{"name":"wp","href":"https:\/\/api.w.org\/{rel}","templated":true}]}}