{"id":48017,"date":"2026-01-15T13:55:17","date_gmt":"2026-01-15T05:55:17","guid":{"rendered":"https:\/\/ulpmat.com\/product\/titanato-de-magnesio-oxido-de-magnesio-y-titanio-2\/"},"modified":"2026-01-15T13:55:17","modified_gmt":"2026-01-15T05:55:17","slug":"titanato-de-magnesio-oxido-de-magnesio-y-titanio-2","status":"publish","type":"product","link":"https:\/\/ulpmat.com\/es\/producto\/titanato-de-magnesio-oxido-de-magnesio-y-titanio-2\/","title":{"rendered":"Titanato de magnesio (\u00f3xido de magnesio y titanio)"},"content":{"rendered":"<h2><span style=\"font-size: 14pt;\">Descripci\u00f3n general del polvo de titanato de magnesio<\/span><\/h2>\n<p>El polvo<br \/>\n<span style=\"color: #0000ff;\"><a style=\"color: #0000ff;\" href=\"https:\/\/ulpmat.com\/es\/buscar\/?type=name&#038;keyword=Magnesium+Titanate\">de titanato de magnesio<\/a><\/span><br \/>\nes un material cer\u00e1mico inorg\u00e1nico de alta pureza con excelentes propiedades diel\u00e9ctricas y estabilidad t\u00e9rmica. Se utiliza ampliamente en cer\u00e1mica electr\u00f3nica, recubrimientos <span style=\"color: #0000ff;\"><a style=\"color: #0000ff;\" href=\"https:\/\/ulpmat.com\/es\/solicitud\/materiales-opticos\/\">\u00f3pticos<\/a><\/span><br \/>\n, materiales diel\u00e9ctricos de alta temperatura e investigaci\u00f3n cient\u00edfica.<\/p>\n<p>Ofrecemos polvos de titanato de magnesio de diversos tama\u00f1os de part\u00edcula y niveles de pureza para satisfacer las necesidades de la investigaci\u00f3n cient\u00edfica, las aplicaciones industriales y la preparaci\u00f3n de materiales funcionales. P\u00f3ngase <span style=\"color: #0000ff;\"><a style=\"color: #0000ff;\" href=\"https:\/\/ulpmat.com\/es\/contacto\/\">en contacto con nosotros<\/a><\/span><br \/>\npara obtener par\u00e1metros detallados y presupuestos.<\/p>\n<h2><span style=\"font-size: 14pt;\">Caracter\u00edsticas destacadas del producto<\/span><\/h2>\n<p>Alta pureza, bajo contenido de impurezas.<br \/>\nPolvo uniforme, f\u00e1cil de dispersar y procesar.<br \/>\nBuena estabilidad t\u00e9rmica, fuerte inercia qu\u00edmica.<br \/>\nExcelentes propiedades diel\u00e9ctricas, adecuadas para cer\u00e1mica electr\u00f3nica.<br \/>\nAlta consistencia de los lotes, rendimiento estable.<br \/>\nTama\u00f1o de part\u00edcula y especificaciones personalizados disponibles<\/p>\n<h2><span style=\"font-size: 14pt;\">. Aplicaciones del polvo de titanato de magnesio<\/span><\/h2>\n<p>Materiales cer\u00e1micos electr\u00f3nicos: el polvo de titanato de magnesio se puede utilizar para preparar componentes cer\u00e1micos de alta constante diel\u00e9ctrica, lo que mejora el rendimiento y la estabilidad de los dispositivos. Recubrimientos<br \/>\n<span style=\"color: #0000ff;\"><a style=\"color: #0000ff;\" href=\"https:\/\/ulpmat.com\/es\/solicitud\/materiales-opticos\/\">\u00f3pticos<\/a><\/span><br \/>\n: adecuado para pel\u00edculas \u00f3pticas delgadas y recubrimientos cer\u00e1micos, lo que garantiza la uniformidad de la pel\u00edcula y el rendimiento \u00f3ptico.<br \/>\nMateriales diel\u00e9ctricos de alta temperatura: se utiliza en la preparaci\u00f3n de materiales funcionales y materiales compuestos de alta temperatura, lo que garantiza la estabilidad de la estructura y el rendimiento del material.<br \/>\nInvestigaci\u00f3n cient\u00edfica y desarrollo de procesos: adecuado para la investigaci\u00f3n del rendimiento de los materiales y la verificaci\u00f3n de procesos en etapas de laboratorio y a escala piloto, lo que facilita la formulaci\u00f3n y la optimizaci\u00f3n de los par\u00e1metros.<\/p>\n<h2><span style=\"font-size: 14pt; color: #0000ff;\"><a style=\"color: #0000ff;\" href=\"https:\/\/ulpmat.com\/es\/empresa\/preguntas-frecuentes\/\">Preguntas frecuentes<\/a><\/span><\/h2>\n<p>P1: \u00bfAfecta el tama\u00f1o de las part\u00edculas a las propiedades de la cer\u00e1mica?<br \/>\nR1: La uniformidad del tama\u00f1o de las part\u00edculas afecta directamente al comportamiento de sinterizaci\u00f3n, la deposici\u00f3n de pel\u00edculas finas y las propiedades de los materiales compuestos. Se pueden seleccionar las especificaciones adecuadas en funci\u00f3n del proceso.<\/p>\n<p>P2: \u00bfC\u00f3mo se debe almacenar el polvo para mantener sus propiedades?<br \/>\nR2: Almac\u00e9nelo en un entorno seco y sellado, evitando la humedad o la contaminaci\u00f3n, para mantener la estabilidad de las propiedades del polvo.<\/p>\n<p>P3: \u00bfSe pueden proporcionar muestras o peque\u00f1os lotes de polvo?<br \/>\nR3: Se suministran muestras y peque\u00f1os lotes para facilitar la verificaci\u00f3n de la investigaci\u00f3n cient\u00edfica o las pruebas de proceso.<\/p>\n<p>P4: \u00bfSe puede mezclar el polvo con otros \u00f3xidos met\u00e1licos?<br \/>\nR4: En condiciones de proceso adecuadas, se puede utilizar en combinaci\u00f3n con diversos \u00f3xidos met\u00e1licos para la preparaci\u00f3n de materiales compuestos o materiales funcionales.<\/p>\n<h2><span style=\"font-size: 14pt;\">Informe<\/span><\/h2>\n<p>Cada lote se suministra con:<br \/>\n<span style=\"color: #0000ff;\"><a style=\"color: #0000ff;\" href=\"https:\/\/ulpmat.com\/es\/documentos\/certificado-de-analisis\/\"><u>Certificado de an\u00e1lisis (COA)<\/u><\/a><\/span><\/p>\n<p><span style=\"color: #0000ff;\"><a style=\"color: #0000ff;\" href=\"https:\/\/ulpmat.com\/es\/documentos\/ficha-tecnica\/\"><u>Ficha t\u00e9cnica (TDS)<\/u><\/a><\/span><\/p>\n<p><span style=\"color: #0000ff;\"><a style=\"color: #0000ff;\" href=\"https:\/\/ulpmat.com\/es\/documentos\/ficha-de-datos-de-seguridad\/\"><u>Ficha de datos de seguridad (MSDS)<\/u><\/a><\/span><br \/>\nInformes de pruebas de terceros disponibles bajo petici\u00f3n<\/p>\n<h2><span style=\"font-size: 14pt;\">\u00bfPor qu\u00e9 elegirnos?<\/span><\/h2>\n<p>Nos especializamos en la preparaci\u00f3n y el control de calidad del polvo de MgTiO\u2083 de alta pureza, proporcionando productos con un tama\u00f1o de part\u00edcula, una pureza y una consistencia de lote controlables. Tambi\u00e9n ofrecemos asistencia en materia de procesos y tecnolog\u00eda de aplicaci\u00f3n para ayudar a los clientes a completar r\u00e1pidamente el desarrollo y la aplicaci\u00f3n de los materiales.<\/p>\n","protected":false},"excerpt":{"rendered":"<p>Descripci\u00f3n general del polvo de titanato de magnesio El polvo de titanato de magnesio es un material cer\u00e1mico inorg\u00e1nico de alta pureza con excelentes propiedades diel\u00e9ctricas y estabilidad t\u00e9rmica. Se utiliza ampliamente en cer\u00e1mica electr\u00f3nica, recubrimientos \u00f3pticos , materiales diel\u00e9ctricos de alta temperatura e investigaci\u00f3n cient\u00edfica. Ofrecemos polvos de titanato de magnesio de diversos tama\u00f1os [&hellip;]<\/p>\n","protected":false},"featured_media":48018,"template":"","meta":{"_acf_changed":false},"product_brand":[132],"product_cat":[1189],"product_tag":[6913],"class_list":{"0":"post-48017","1":"product","2":"type-product","3":"status-publish","4":"has-post-thumbnail","6":"product_brand-ulpmat","7":"product_cat-otros-acidos","8":"product_tag-titanato-de-magnesio-oxido-de-magnesio-y-titanio-en-polvo","10":"first","11":"instock","12":"shipping-taxable","13":"product-type-variable"},"acf":[],"_links":{"self":[{"href":"https:\/\/ulpmat.com\/es\/wp-json\/wp\/v2\/product\/48017","targetHints":{"allow":["GET"]}}],"collection":[{"href":"https:\/\/ulpmat.com\/es\/wp-json\/wp\/v2\/product"}],"about":[{"href":"https:\/\/ulpmat.com\/es\/wp-json\/wp\/v2\/types\/product"}],"wp:featuredmedia":[{"embeddable":true,"href":"https:\/\/ulpmat.com\/es\/wp-json\/wp\/v2\/media\/48018"}],"wp:attachment":[{"href":"https:\/\/ulpmat.com\/es\/wp-json\/wp\/v2\/media?parent=48017"}],"wp:term":[{"taxonomy":"product_brand","embeddable":true,"href":"https:\/\/ulpmat.com\/es\/wp-json\/wp\/v2\/product_brand?post=48017"},{"taxonomy":"product_cat","embeddable":true,"href":"https:\/\/ulpmat.com\/es\/wp-json\/wp\/v2\/product_cat?post=48017"},{"taxonomy":"product_tag","embeddable":true,"href":"https:\/\/ulpmat.com\/es\/wp-json\/wp\/v2\/product_tag?post=48017"}],"curies":[{"name":"wp","href":"https:\/\/api.w.org\/{rel}","templated":true}]}}