{"id":47998,"date":"2026-01-15T13:55:17","date_gmt":"2026-01-15T05:55:17","guid":{"rendered":"https:\/\/ulpmat.com\/product\/titanato-de-magnesio-oxido-de-magnesio-y-titanio\/"},"modified":"2026-01-15T13:55:17","modified_gmt":"2026-01-15T05:55:17","slug":"titanato-de-magnesio-oxido-de-magnesio-y-titanio","status":"publish","type":"product","link":"https:\/\/ulpmat.com\/es\/producto\/titanato-de-magnesio-oxido-de-magnesio-y-titanio\/","title":{"rendered":"Titanato de magnesio (\u00f3xido de magnesio y titanio)"},"content":{"rendered":"<h2><span style=\"font-size: 14pt;\">Objetivo de pulverizaci\u00f3n de titanato de magnesio Descripci\u00f3n general<\/span><\/h2>\n<p>Los objetivos de pulverizaci\u00f3n<br \/>\n<span style=\"color: #0000ff;\"><a style=\"color: #0000ff;\" href=\"https:\/\/ulpmat.com\/es\/buscar\/?type=name&#038;keyword=Magnesium+Titanate\">de titanato de magnesio<\/a><\/span><br \/>\nson objetivos cer\u00e1micos de alta densidad y pureza con una excelente estabilidad t\u00e9rmica e inercia qu\u00edmica. Se utilizan ampliamente en procesos de pulverizaci\u00f3n por magnetr\u00f3n o RF para pel\u00edculas \u00f3pticas delgadas, pel\u00edculas cer\u00e1micas electr\u00f3nicas y recubrimientos funcionales.<\/p>\n<p>Ofrecemos blancos de titanato de magnesio en varios tama\u00f1os, espesores y densidades, y podemos personalizar soluciones de uni\u00f3n de placas base de cobre o aluminio seg\u00fan los requisitos del equipo del cliente. P\u00f3ngase <span style=\"color: #0000ff;\"><a style=\"color: #0000ff;\" href=\"https:\/\/ulpmat.com\/es\/contacto\/\">en contacto con nosotros<\/a><\/span><br \/>\npara obtener par\u00e1metros y presupuestos.<\/p>\n<h2><span style=\"font-size: 14pt;\">Caracter\u00edsticas destacadas del producto<\/span><\/h2>\n<p>Alta densidad, excelente estabilidad de pulverizaci\u00f3n<br \/>\nExcelente estabilidad t\u00e9rmica, sin deformaci\u00f3n tras una deposici\u00f3n prolongada<br \/>\nSuperficie lisa, alta uniformidad de la pel\u00edcula<br \/>\nFuerte inercia qu\u00edmica, adaptable a diversos procesos<br \/>\nSe puede unir con placas traseras de cobre\/aluminio para mejorar la eficiencia de la disipaci\u00f3n del calor<br \/>\nAdmite varios tama\u00f1os, espesores y especificaciones personalizadas<\/p>\n<h2><span style=\"font-size: 14pt;\">Aplicaciones de los blancos de pulverizaci\u00f3n de titanato de magnesio<\/span><\/h2>\n<p>Preparaci\u00f3n de pel\u00edculas delgadas<br \/>\n<span style=\"color: #0000ff;\"><a style=\"color: #0000ff;\" href=\"https:\/\/ulpmat.com\/es\/solicitud\/materiales-opticos\/\">\u00f3pticas<\/a><\/span><br \/>\n: los blancos de titanato de magnesio pueden depositar pel\u00edculas densas y transparentes en pulverizaci\u00f3n por RF o magnetr\u00f3n, lo que garantiza la uniformidad y la repetibilidad de la pel\u00edcula.<br \/>\nPel\u00edculas cer\u00e1micas electr\u00f3nicas: se utilizan para recubrir dispositivos electr\u00f3nicos de alto rendimiento, mejorando las propiedades diel\u00e9ctricas y la estabilidad de las pel\u00edculas delgadas.<br \/>\nDeposici\u00f3n de recubrimientos funcionales: adecuados para recubrimientos resistentes al desgaste, al calor o de alta estabilidad, que cumplen requisitos de proceso espec\u00edficos.<br \/>\nInvestigaci\u00f3n y validaci\u00f3n de procesos: adecuados para la validaci\u00f3n de procesos de pulverizaci\u00f3n en etapas de laboratorio y a escala piloto, lo que facilita la optimizaci\u00f3n de par\u00e1metros y la evaluaci\u00f3n de materiales.<\/p>\n<h2><span style=\"font-size: 14pt; color: #0000ff;\"><a style=\"color: #0000ff;\" href=\"https:\/\/ulpmat.com\/es\/empresa\/preguntas-frecuentes\/\">Preguntas frecuentes<\/a><\/span><\/h2>\n<p>P1: \u00bfPara qu\u00e9 equipos son adecuados los blancos de titanato de magnesio?<br \/>\nR1: Se pueden utilizar en equipos de investigaci\u00f3n y de deposici\u00f3n de pel\u00edculas delgadas industriales, como la pulverizaci\u00f3n por RF y la pulverizaci\u00f3n por magnetr\u00f3n.<\/p>\n<p>P2: \u00bfAfecta la densidad del objetivo a la uniformidad de la pel\u00edcula?<br \/>\nR2: Los objetivos de alta densidad reducen el riesgo de desprendimiento de part\u00edculas, lo que mejora la uniformidad y la repetibilidad de la pel\u00edcula.<\/p>\n<p>P3: \u00bfSe pueden personalizar el tama\u00f1o del objetivo y la uni\u00f3n de la placa posterior?<br \/>\nR3: S\u00ed, podemos proporcionar objetivos redondos, cuadrados y de tama\u00f1o especial, y ofrecer soluciones de uni\u00f3n de placas posteriores de cobre o aluminio para mejorar la eficiencia de disipaci\u00f3n del calor y la vida \u00fatil.<\/p>\n<p>P4: \u00bfCu\u00e1les son las precauciones que se deben tomar para la uni\u00f3n de la placa posterior?<br \/>\nR4: La superficie de contacto entre el blanco y la placa posterior debe ser plana. Despu\u00e9s de la uni\u00f3n, evite la humedad o la contaminaci\u00f3n para garantizar una buena conducci\u00f3n del calor y la estabilidad del blanco durante la pulverizaci\u00f3n.<\/p>\n<h2><span style=\"font-size: 14pt;\">Informe<\/span><\/h2>\n<p>Cada lote se suministra con:<br \/>\n<span style=\"color: #0000ff;\"><a style=\"color: #0000ff;\" href=\"https:\/\/ulpmat.com\/es\/documentos\/certificado-de-analisis\/\"><u>Certificado de an\u00e1lisis (COA)<\/u><\/a><\/span><\/p>\n<p><span style=\"color: #0000ff;\"><a style=\"color: #0000ff;\" href=\"https:\/\/ulpmat.com\/es\/documentos\/ficha-tecnica\/\"><u>Ficha t\u00e9cnica (TDS)<\/u><\/a><\/span><\/p>\n<p><span style=\"color: #0000ff;\"><a style=\"color: #0000ff;\" href=\"https:\/\/ulpmat.com\/es\/documentos\/ficha-de-datos-de-seguridad\/\"><u>Ficha de datos de seguridad (MSDS)<\/u><\/a><\/span><br \/>\nInforme de inspecci\u00f3n de tama\u00f1o<br \/>\nInformes de pruebas de terceros disponibles bajo petici\u00f3n<\/p>\n<h2><span style=\"font-size: 14pt;\">. \u00bfPor qu\u00e9 elegirnos?<\/span><\/h2>\n<p>Nos especializamos en la preparaci\u00f3n de blancos de pulverizaci\u00f3n de MgTiO\u2083 de alta pureza y en la tecnolog\u00eda de uni\u00f3n de placas posteriores, proporcionando productos con alta densidad, control dimensional y alta uniformidad de pel\u00edcula. Tambi\u00e9n ofrecemos asistencia t\u00e9cnica basada en los requisitos de los equipos y procesos de los clientes, ayud\u00e1ndoles a completar de manera eficiente la deposici\u00f3n de pel\u00edculas delgadas y la validaci\u00f3n de procesos.<\/p>\n","protected":false},"excerpt":{"rendered":"<p>Objetivo de pulverizaci\u00f3n de titanato de magnesio Descripci\u00f3n general Los objetivos de pulverizaci\u00f3n de titanato de magnesio son objetivos cer\u00e1micos de alta densidad y pureza con una excelente estabilidad t\u00e9rmica e inercia qu\u00edmica. Se utilizan ampliamente en procesos de pulverizaci\u00f3n por magnetr\u00f3n o RF para pel\u00edculas \u00f3pticas delgadas, pel\u00edculas cer\u00e1micas electr\u00f3nicas y recubrimientos funcionales. Ofrecemos [&hellip;]<\/p>\n","protected":false},"featured_media":47999,"template":"","meta":{"_acf_changed":false},"product_brand":[132],"product_cat":[457],"product_tag":[6907],"class_list":{"0":"post-47998","1":"product","2":"type-product","3":"status-publish","4":"has-post-thumbnail","6":"product_brand-ulpmat","7":"product_cat-blanco-ceramico-para-sputtering","8":"product_tag-catodos-para-sputtering-de-titanato-de-magnesio-oxido-de-magnesio-y-titanio","10":"first","11":"instock","12":"shipping-taxable","13":"product-type-variable"},"acf":[],"_links":{"self":[{"href":"https:\/\/ulpmat.com\/es\/wp-json\/wp\/v2\/product\/47998","targetHints":{"allow":["GET"]}}],"collection":[{"href":"https:\/\/ulpmat.com\/es\/wp-json\/wp\/v2\/product"}],"about":[{"href":"https:\/\/ulpmat.com\/es\/wp-json\/wp\/v2\/types\/product"}],"wp:featuredmedia":[{"embeddable":true,"href":"https:\/\/ulpmat.com\/es\/wp-json\/wp\/v2\/media\/47999"}],"wp:attachment":[{"href":"https:\/\/ulpmat.com\/es\/wp-json\/wp\/v2\/media?parent=47998"}],"wp:term":[{"taxonomy":"product_brand","embeddable":true,"href":"https:\/\/ulpmat.com\/es\/wp-json\/wp\/v2\/product_brand?post=47998"},{"taxonomy":"product_cat","embeddable":true,"href":"https:\/\/ulpmat.com\/es\/wp-json\/wp\/v2\/product_cat?post=47998"},{"taxonomy":"product_tag","embeddable":true,"href":"https:\/\/ulpmat.com\/es\/wp-json\/wp\/v2\/product_tag?post=47998"}],"curies":[{"name":"wp","href":"https:\/\/api.w.org\/{rel}","templated":true}]}}