{"id":47919,"date":"2026-01-15T15:29:10","date_gmt":"2026-01-15T07:29:10","guid":{"rendered":"https:\/\/ulpmat.com\/product\/sulfuro-de-sodio-2\/"},"modified":"2026-01-15T15:29:10","modified_gmt":"2026-01-15T07:29:10","slug":"sulfuro-de-sodio-2","status":"publish","type":"product","link":"https:\/\/ulpmat.com\/es\/producto\/sulfuro-de-sodio-2\/","title":{"rendered":"Sulfuro de sodio"},"content":{"rendered":"<h2><span style=\"font-size: 14pt;\">Descripci\u00f3n general de los gr\u00e1nulos de sulfuro de sodio<\/span><\/h2>\n<p>Los gr\u00e1nulos<br \/>\n<span style=\"color: #0000ff;\"><a style=\"color: #0000ff;\" href=\"https:\/\/ulpmat.com\/es\/buscar\/?type=name&#038;keyword=Sodium+sulfide\">de sulfuro de sodio<\/a><\/span><br \/>\nson gr\u00e1nulos inorg\u00e1nicos altamente activos y solubles en agua que se utilizan ampliamente en la fabricaci\u00f3n de productos qu\u00edmicos, el procesamiento de pulpa y papel y el tratamiento de aguas. Su forma granular garantiza una f\u00e1cil manipulaci\u00f3n, una dosificaci\u00f3n precisa y una mejor solubilidad en aplicaciones industriales.<\/p>\n<p>Suministramos sulfuro de sodio granular con pureza y tama\u00f1o de part\u00edcula personalizados para satisfacer las diversas necesidades industriales. P\u00f3ngase<span style=\"color: #0000ff;\"><a style=\"color: #0000ff;\" href=\"https:\/\/ulpmat.com\/es\/contacto\/\"> en contacto con nosotros<\/a><\/span><br \/>\ndirectamente si tiene alguna pregunta o requisito de pedido.<\/p>\n<h2><span style=\"font-size: 14pt;\">Caracter\u00edsticas destacadas del producto<\/span><\/h2>\n<p>Tama\u00f1o de part\u00edcula uniforme para una dosificaci\u00f3n estable<br \/>\nAlta solubilidad y reactividad qu\u00edmica<br \/>\nDisponible para uso industrial y de laboratorio<br \/>\nPureza y envasado personalizables<br \/>\nEstricto control de calidad para garantizar la fiabilidad<br \/>\nFuncionamiento seguro y c\u00f3modo<\/p>\n<h2><span style=\"font-size: 14pt;\">Aplicaciones de los gr\u00e1nulos de sulfuro de sodio<\/span><\/h2>\n<p>Industria qu\u00edmica: los gr\u00e1nulos de sulfuro de sodio son una materia prima clave para la s\u00edntesis de productos qu\u00edmicos que contienen azufre y la producci\u00f3n de colorantes.<br \/>\nIndustria de la pulpa y el papel: los gr\u00e1nulos se utilizan en los procesos de fabricaci\u00f3n de pasta de sulfato para facilitar la fabricaci\u00f3n de la pasta y la recuperaci\u00f3n de productos qu\u00edmicos.<br \/>\nTratamiento de aguas: elimina eficazmente los metales pesados y trata las aguas residuales industriales.<br \/>\nIndustria del cuero: se puede utilizar como agente depilatorio y agente curtidor del cuero.<\/p>\n<h2><span style=\"font-size: 14pt; color: #0000ff;\"><a style=\"color: #0000ff;\" href=\"https:\/\/ulpmat.com\/es\/empresa\/preguntas-frecuentes\/\">Preguntas frecuentes<\/a><\/span><\/h2>\n<p>P1: \u00bfCu\u00e1l es el tama\u00f1o de las part\u00edculas de los gr\u00e1nulos de sulfuro de sodio?<br \/>\nR1: El tama\u00f1o de las part\u00edculas se puede personalizar seg\u00fan los requisitos del cliente.<\/p>\n<p>P2: \u00bfC\u00f3mo se almacenan de forma segura los gr\u00e1nulos de sulfuro de sodio?<br \/>\nR2: Almacenar en un lugar fresco, seco y bien ventilado, lejos de sustancias \u00e1cidas y entornos h\u00famedos para evitar la descomposici\u00f3n.<\/p>\n<p>P3: \u00bfSe pueden disolver los gr\u00e1nulos de sulfuro de sodio directamente en agua?<br \/>\nR3: S\u00ed, el sulfuro de sodio granular se disuelve r\u00e1pidamente en agua y es adecuado para la producci\u00f3n industrial.<\/p>\n<p>P4: \u00bfQu\u00e9 grados de pureza hay disponibles?<br \/>\nR4: Grado de pureza del 99,9 %. Producimos principalmente polvos de alta pureza.<\/p>\n<h2><span style=\"font-size: 14pt;\">Informes<\/span><\/h2>\n<p>Cada lote de productos va acompa\u00f1ado de:<br \/>\n<span style=\"color: #0000ff;\"><a style=\"color: #0000ff;\" href=\"https:\/\/ulpmat.com\/es\/documentos\/certificado-de-analisis\/\"><u>Certificado de an\u00e1lisis (COA)<\/u><\/a><\/span><\/p>\n<p><span style=\"color: #0000ff;\"><a style=\"color: #0000ff;\" href=\"https:\/\/ulpmat.com\/es\/documentos\/ficha-tecnica\/\"><u>Ficha t\u00e9cnica (TDS)<\/u><\/a><\/span><\/p>\n<p><span style=\"color: #0000ff;\"><a style=\"color: #0000ff;\" href=\"https:\/\/ulpmat.com\/es\/documentos\/ficha-de-datos-de-seguridad\/\"><u>Ficha de datos de seguridad (MSDS)<\/u><\/a><\/span><br \/>\nInforme de inspecci\u00f3n del tama\u00f1o de las part\u00edculas<br \/>\nSe pueden proporcionar informes de pruebas de terceros bajo petici\u00f3n.<\/p>\n<h2><span style=\"font-size: 14pt;\">\u00bfPor qu\u00e9 elegirnos?<\/span><\/h2>\n<p>Proporcionamos gr\u00e1nulos de sulfuro de sodio fiables, estables y personalizables para satisfacer las necesidades de las aplicaciones industriales. Nuestras rigurosas pruebas y controles de calidad garantizan un funcionamiento seguro y un rendimiento \u00f3ptimo.<\/p>\n","protected":false},"excerpt":{"rendered":"<p>Descripci\u00f3n general de los gr\u00e1nulos de sulfuro de sodio Los gr\u00e1nulos de sulfuro de sodio son gr\u00e1nulos inorg\u00e1nicos altamente activos y solubles en agua que se utilizan ampliamente en la fabricaci\u00f3n de productos qu\u00edmicos, el procesamiento de pulpa y papel y el tratamiento de aguas. Su forma granular garantiza una f\u00e1cil manipulaci\u00f3n, una dosificaci\u00f3n precisa [&hellip;]<\/p>\n","protected":false},"featured_media":47920,"template":"","meta":{"_acf_changed":false},"product_brand":[132],"product_cat":[340],"product_tag":[6883],"class_list":{"0":"post-47919","1":"product","2":"type-product","3":"status-publish","4":"has-post-thumbnail","6":"product_brand-ulpmat","7":"product_cat-materiales-de-evaporacion","8":"product_tag-sulfuro-sodico-en-granulos","10":"first","11":"instock","12":"shipping-taxable","13":"product-type-variable"},"acf":[],"_links":{"self":[{"href":"https:\/\/ulpmat.com\/es\/wp-json\/wp\/v2\/product\/47919","targetHints":{"allow":["GET"]}}],"collection":[{"href":"https:\/\/ulpmat.com\/es\/wp-json\/wp\/v2\/product"}],"about":[{"href":"https:\/\/ulpmat.com\/es\/wp-json\/wp\/v2\/types\/product"}],"wp:featuredmedia":[{"embeddable":true,"href":"https:\/\/ulpmat.com\/es\/wp-json\/wp\/v2\/media\/47920"}],"wp:attachment":[{"href":"https:\/\/ulpmat.com\/es\/wp-json\/wp\/v2\/media?parent=47919"}],"wp:term":[{"taxonomy":"product_brand","embeddable":true,"href":"https:\/\/ulpmat.com\/es\/wp-json\/wp\/v2\/product_brand?post=47919"},{"taxonomy":"product_cat","embeddable":true,"href":"https:\/\/ulpmat.com\/es\/wp-json\/wp\/v2\/product_cat?post=47919"},{"taxonomy":"product_tag","embeddable":true,"href":"https:\/\/ulpmat.com\/es\/wp-json\/wp\/v2\/product_tag?post=47919"}],"curies":[{"name":"wp","href":"https:\/\/api.w.org\/{rel}","templated":true}]}}