{"id":47865,"date":"2026-01-15T15:29:11","date_gmt":"2026-01-15T07:29:11","guid":{"rendered":"https:\/\/ulpmat.com\/product\/persulfato-de-sodio\/"},"modified":"2026-01-15T15:29:11","modified_gmt":"2026-01-15T07:29:11","slug":"persulfato-de-sodio","status":"publish","type":"product","link":"https:\/\/ulpmat.com\/es\/producto\/persulfato-de-sodio\/","title":{"rendered":"Persulfato de sodio"},"content":{"rendered":"<h2><span style=\"font-size: 14pt;\">Descripci\u00f3n general del persulfato de sodio en polvo<\/span><\/h2>\n<p><span style=\"color: #0000ff;\"><a style=\"color: #0000ff;\" href=\"https:\/\/ulpmat.com\/es\/buscar\/?type=name&#038;keyword=Sodium+persulfate\">El persulfato de sodio<\/a><\/span><br \/>\nen polvo es un potente agente oxidante ampliamente utilizado como iniciador de polimerizaci\u00f3n, agente de grabado electr\u00f3nico y agente de tratamiento de agua. Sus propiedades de polvo fino garantizan una r\u00e1pida disoluci\u00f3n, velocidades de reacci\u00f3n uniformes y una dosificaci\u00f3n precisa en aplicaciones industriales y de laboratorio.<\/p>\n<p>Ofrecemos persulfato de sodio en polvo con pureza y tama\u00f1o de part\u00edcula personalizados para satisfacer las necesidades industriales y de investigaci\u00f3n. P\u00f3ngase<span style=\"color: #0000ff;\"><a style=\"color: #0000ff;\" href=\"https:\/\/ulpmat.com\/es\/contacto\/\"> en contacto con nosotros<\/a><\/span><br \/>\ndirectamente si tiene alguna pregunta o desea realizar un pedido.<\/p>\n<h2><span style=\"font-size: 14pt;\">Caracter\u00edsticas destacadas del producto<\/span><\/h2>\n<p>Polvo fino, r\u00e1pida disoluci\u00f3n.<br \/>\nFuerte poder oxidante, alta pureza.<br \/>\nDisponible para grados industriales y de laboratorio.<br \/>\nTama\u00f1o de part\u00edcula y embalaje personalizables.<br \/>\nEstricto control de calidad y pruebas.<br \/>\nFuncionamiento seguro y sencillo.<\/p>\n<h2><span style=\"font-size: 14pt;\">Aplicaciones del persulfato de sodio en polvo<\/span><\/h2>\n<p>Industria de la polimerizaci\u00f3n: se utiliza como iniciador en la producci\u00f3n de \u00e1cido acr\u00edlico, estireno y otros pol\u00edmeros.<br \/>\nElectr\u00f3nica y grabado: se utiliza en procesos de grabado de PCB y tratamiento de superficies.<br \/>\nTratamiento de aguas: se utiliza como agente oxidante potente para la purificaci\u00f3n de aguas residuales e industriales.<br \/>\nInvestigaci\u00f3n de laboratorio: adecuado para reacciones qu\u00edmicas que requieren una oxidaci\u00f3n controlada.<\/p>\n<h2><span style=\"font-size: 14pt; color: #0000ff;\"><a style=\"color: #0000ff;\" href=\"https:\/\/ulpmat.com\/es\/empresa\/preguntas-frecuentes\/\">Preguntas frecuentes<\/a><\/span><\/h2>\n<p>P1: \u00bfPara qu\u00e9 se utiliza el persulfato de sodio en las reacciones de polimerizaci\u00f3n?<br \/>\nR1: Act\u00faa como iniciador de radicales libres en la producci\u00f3n de pol\u00edmeros como la poliacrilamida, lo que garantiza una polimerizaci\u00f3n eficiente y un alto control del peso molecular.<\/p>\n<p>P2: \u00bfSe puede utilizar el persulfato de sodio para el grabado de PCB?<br \/>\nR2: S\u00ed, debido a sus fuertes propiedades oxidantes, se utiliza ampliamente como grabador de cobre para placas de circuito impreso.<\/p>\n<p>P3: \u00bfC\u00f3mo se debe almacenar el persulfato de sodio en polvo?<br \/>\nR3: Almac\u00e9nelo en un lugar fresco, seco y bien ventilado, lejos de materiales inflamables, agentes reductores y ambientes h\u00famedos.<\/p>\n<p>P4: \u00bfQu\u00e9 grados de pureza de persulfato de sodio hay disponibles?<br \/>\nR4: Los grados de pureza se pueden personalizar para aplicaciones industriales y de laboratorio.<\/p>\n<h2><span style=\"font-size: 14pt;\">Informes<\/span><\/h2>\n<p>Cada lote se suministra con:<br \/>\n<span style=\"color: #0000ff;\"><a style=\"color: #0000ff;\" href=\"https:\/\/ulpmat.com\/es\/documentos\/certificado-de-analisis\/\"><u>Certificado de an\u00e1lisis (COA)<\/u><\/a><\/span><\/p>\n<p><span style=\"color: #0000ff;\"><a style=\"color: #0000ff;\" href=\"https:\/\/ulpmat.com\/es\/documentos\/ficha-tecnica\/\"><u>Ficha t\u00e9cnica (TDS)<\/u><\/a><\/span><\/p>\n<p><span style=\"color: #0000ff;\"><a style=\"color: #0000ff;\" href=\"https:\/\/ulpmat.com\/es\/documentos\/ficha-de-datos-de-seguridad\/\"><u>Ficha de datos de seguridad (MSDS)<\/u><\/a><\/span><br \/>\nInformes de pruebas de terceros disponibles bajo petici\u00f3n<\/p>\n<h2><span style=\"font-size: 14pt;\">\u00bfPor qu\u00e9 elegirnos?<\/span><\/h2>\n<p>Proporcionamos polvo de persulfato de sodio de alta calidad a trav\u00e9s de un suministro fiable, un riguroso control de calidad y soluciones personalizadas para aplicaciones industriales y de laboratorio. Nuestros productos garantizan una manipulaci\u00f3n segura, un rendimiento constante y una reactividad \u00f3ptima.<\/p>\n","protected":false},"excerpt":{"rendered":"<p>Descripci\u00f3n general del persulfato de sodio en polvo El persulfato de sodio en polvo es un potente agente oxidante ampliamente utilizado como iniciador de polimerizaci\u00f3n, agente de grabado electr\u00f3nico y agente de tratamiento de agua. Sus propiedades de polvo fino garantizan una r\u00e1pida disoluci\u00f3n, velocidades de reacci\u00f3n uniformes y una dosificaci\u00f3n precisa en aplicaciones industriales [&hellip;]<\/p>\n","protected":false},"featured_media":47866,"template":"","meta":{"_acf_changed":false},"product_brand":[132],"product_cat":[678,1102],"product_tag":[6865],"class_list":{"0":"post-47865","1":"product","2":"type-product","3":"status-publish","4":"has-post-thumbnail","6":"product_brand-ulpmat","7":"product_cat-materiales-calcogenuros","8":"product_cat-materiales-calcogenuros-es","9":"product_tag-persulfato-sodico-en-polvo","11":"first","12":"instock","13":"shipping-taxable","14":"product-type-variable"},"acf":[],"_links":{"self":[{"href":"https:\/\/ulpmat.com\/es\/wp-json\/wp\/v2\/product\/47865","targetHints":{"allow":["GET"]}}],"collection":[{"href":"https:\/\/ulpmat.com\/es\/wp-json\/wp\/v2\/product"}],"about":[{"href":"https:\/\/ulpmat.com\/es\/wp-json\/wp\/v2\/types\/product"}],"wp:featuredmedia":[{"embeddable":true,"href":"https:\/\/ulpmat.com\/es\/wp-json\/wp\/v2\/media\/47866"}],"wp:attachment":[{"href":"https:\/\/ulpmat.com\/es\/wp-json\/wp\/v2\/media?parent=47865"}],"wp:term":[{"taxonomy":"product_brand","embeddable":true,"href":"https:\/\/ulpmat.com\/es\/wp-json\/wp\/v2\/product_brand?post=47865"},{"taxonomy":"product_cat","embeddable":true,"href":"https:\/\/ulpmat.com\/es\/wp-json\/wp\/v2\/product_cat?post=47865"},{"taxonomy":"product_tag","embeddable":true,"href":"https:\/\/ulpmat.com\/es\/wp-json\/wp\/v2\/product_tag?post=47865"}],"curies":[{"name":"wp","href":"https:\/\/api.w.org\/{rel}","templated":true}]}}