{"id":47467,"date":"2026-01-16T16:07:18","date_gmt":"2026-01-16T08:07:18","guid":{"rendered":"https:\/\/ulpmat.com\/product\/seleniuro-de-litio\/"},"modified":"2026-02-10T15:39:54","modified_gmt":"2026-02-10T07:39:54","slug":"seleniuro-de-litio","status":"publish","type":"product","link":"https:\/\/ulpmat.com\/es\/producto\/seleniuro-de-litio\/","title":{"rendered":"Seleniuro de litio"},"content":{"rendered":"<h2><span style=\"font-size: 14pt;\">Seleniuro de litio Descripci\u00f3n general<\/span><\/h2>\n<p><span style=\"color: #0000ff;\"><a style=\"color: #0000ff;\" href=\"https:\/\/ulpmat.com\/es\/buscar\/?type=name&#038;keyword=Lithium+selenide\">El seleniuro de litio<\/a><\/span><br \/>\nes un material cristalino blanco que se utiliza como fuente fiable de litio y selenio en bater\u00edas de estado s\u00f3lido, c\u00e1todos de bater\u00edas de litio-selenio e investigaci\u00f3n de semiconductores.<\/p>\n<p>Nuestros gr\u00e1nulos de seleniuro de litio se producen con una pureza t\u00edpica \u226599,9 %, lo que garantiza una calidad constante y un m\u00ednimo de impurezas para aplicaciones industriales y de investigaci\u00f3n. Tambi\u00e9n ofrecemos un completo servicio de asistencia posventa. No dude en <span style=\"color: #0000ff;\"><a style=\"color: #0000ff;\" href=\"https:\/\/ulpmat.com\/es\/contacto\/\">ponerse en contacto con nosotros<\/a><\/span><br \/>\nsi tiene alguna pregunta.<\/p>\n<h2><span style=\"font-size: 14pt;\">Caracter\u00edsticas destacadas del producto<\/span><\/h2>\n<p>Alta pureza: pureza \u226599,9 % adecuada para aplicaciones electr\u00f3nicas y energ\u00e9ticas.<br \/>\nForma granular: facilita una manipulaci\u00f3n y un almacenamiento m\u00e1s seguros.<br \/>\nAsistencia t\u00e9cnica: asesoramiento experto sobre manipulaci\u00f3n, seguridad e integraci\u00f3n de aplicaciones.<br \/>\nServicio global: env\u00edo conforme con toda la documentaci\u00f3n de exportaci\u00f3n<\/p>\n<h2><span style=\"font-size: 14pt;\">. Aplicaciones de los gr\u00e1nulos de seleniuro de litio<\/span><\/h2>\n<p>Bater\u00edas de estado s\u00f3lido y de litio-selenio: fuente esencial de litio y selenio para c\u00e1todos y electrolitos. Investigaci\u00f3n<br \/>\n<span style=\"color: #0000ff;\"><a style=\"color: #0000ff;\" href=\"https:\/\/ulpmat.com\/es\/solicitud\/materiales-semiconductores\/\">sobre semiconductores<\/a><\/span><br \/>\n: material precursor para la s\u00edntesis de compuestos de seleniuro y la deposici\u00f3n de pel\u00edculas delgadas.<br \/>\nS\u00edntesis qu\u00edmica: adecuado para la producci\u00f3n de compuestos inorg\u00e1nicos que contienen selenio.<\/p>\n<h2><span style=\"color: #0000ff;\"><a style=\"color: #0000ff;\" href=\"https:\/\/ulpmat.com\/es\/empresa\/preguntas-frecuentes\/\"><span style=\"font-size: 14pt;\">Preguntas frecuentes<\/span><\/a><\/span><\/h2>\n<p>P1: \u00bfEn qu\u00e9 \u00e1reas de investigaci\u00f3n se utilizan principalmente los gr\u00e1nulos de seleniuro de litio?<br \/>\nR1: Este material se utiliza principalmente en la investigaci\u00f3n de sistemas de seleniuro basados en litio, el desarrollo de nuevos materiales energ\u00e9ticos y la experimentaci\u00f3n y exploraci\u00f3n de compuestos funcionales relacionados.<\/p>\n<p>P2: \u00bfCu\u00e1les son las ventajas de utilizar gr\u00e1nulos en comparaci\u00f3n con el polvo?<br \/>\nR2: La forma granular es m\u00e1s f\u00e1cil de pesar, transferir y controlar el proceso de reacci\u00f3n, y se utiliza a menudo en reacciones de estado s\u00f3lido o como material precursor.<\/p>\n<p>P3: \u00bfEn qu\u00e9 procesos de preparaci\u00f3n o experimentaci\u00f3n se suelen utilizar los gr\u00e1nulos de seleniuro de litio?<br \/>\nR3: Este material se puede utilizar en s\u00edntesis en estado s\u00f3lido, experimentos de modificaci\u00f3n de materiales y la preparaci\u00f3n preliminar de materiales compuestos o materiales funcionales.<\/p>\n<p>P4: \u00bfQu\u00e9 precauciones se deben tomar al almacenar y manipular los gr\u00e1nulos de seleniuro de litio?<br \/>\nR4: Se recomienda almacenarlos y manipularlos en un entorno seco y sellado, evitando el contacto prolongado con el aire o la humedad para mantener la estabilidad del material. Informes<br \/>\nCada lote de gr\u00e1nulos de Li\u2082Se se suministra con un <span style=\"color: #0000ff;\"><a style=\"color: #0000ff;\" href=\"https:\/\/ulpmat.com\/es\/documentos\/certificado-de-analisis\/\">certificado de an\u00e1lisis (COA)<\/a><\/span><br \/>\ny <span style=\"color: #0000ff;\"><a style=\"color: #0000ff;\" href=\"https:\/\/ulpmat.com\/es\/documentos\/ficha-de-datos-de-seguridad\/\">una ficha de datos de seguridad (MSDS).<\/a><\/span><br \/>\nSe puede solicitar una verificaci\u00f3n por parte de terceros de la pureza elemental y los niveles de impurezas.<\/p>\n","protected":false},"excerpt":{"rendered":"<p>Seleniuro de litio Descripci\u00f3n general El seleniuro de litio es un material cristalino blanco que se utiliza como fuente fiable de litio y selenio en bater\u00edas de estado s\u00f3lido, c\u00e1todos de bater\u00edas de litio-selenio e investigaci\u00f3n de semiconductores. Nuestros gr\u00e1nulos de seleniuro de litio se producen con una pureza t\u00edpica \u226599,9 %, lo que garantiza [&hellip;]<\/p>\n","protected":false},"featured_media":47468,"template":"","meta":{"_acf_changed":false},"product_brand":[132],"product_cat":[340],"product_tag":[6641,6638,6637,6633,6642,6636,6640,6639,6634,6643,6635],"class_list":{"0":"post-47467","1":"product","2":"type-product","3":"status-publish","4":"has-post-thumbnail","6":"product_brand-ulpmat","7":"product_cat-materiales-de-evaporacion","8":"product_tag-china-seleniuro-de-litio","9":"product_tag-comprar-seleniuro-de-litio","10":"product_tag-fabrica-de-seleniuro-de-litio","11":"product_tag-li2se","12":"product_tag-mejor-seleniuro-de-litio","13":"product_tag-precio-del-seleniuro-de-litio","14":"product_tag-proveedores-de-seleniuro-de-litio","15":"product_tag-seleniuro-de-litio","16":"product_tag-seleniuro-de-litio-fabricantes-china","17":"product_tag-seleniuro-de-litio-personalizado","18":"product_tag-venta-de-seleniuro-de-litio","20":"first","21":"instock","22":"shipping-taxable","23":"product-type-variable"},"acf":[],"_links":{"self":[{"href":"https:\/\/ulpmat.com\/es\/wp-json\/wp\/v2\/product\/47467","targetHints":{"allow":["GET"]}}],"collection":[{"href":"https:\/\/ulpmat.com\/es\/wp-json\/wp\/v2\/product"}],"about":[{"href":"https:\/\/ulpmat.com\/es\/wp-json\/wp\/v2\/types\/product"}],"wp:featuredmedia":[{"embeddable":true,"href":"https:\/\/ulpmat.com\/es\/wp-json\/wp\/v2\/media\/47468"}],"wp:attachment":[{"href":"https:\/\/ulpmat.com\/es\/wp-json\/wp\/v2\/media?parent=47467"}],"wp:term":[{"taxonomy":"product_brand","embeddable":true,"href":"https:\/\/ulpmat.com\/es\/wp-json\/wp\/v2\/product_brand?post=47467"},{"taxonomy":"product_cat","embeddable":true,"href":"https:\/\/ulpmat.com\/es\/wp-json\/wp\/v2\/product_cat?post=47467"},{"taxonomy":"product_tag","embeddable":true,"href":"https:\/\/ulpmat.com\/es\/wp-json\/wp\/v2\/product_tag?post=47467"}],"curies":[{"name":"wp","href":"https:\/\/api.w.org\/{rel}","templated":true}]}}