{"id":47407,"date":"2026-01-16T16:07:21","date_gmt":"2026-01-16T08:07:21","guid":{"rendered":"https:\/\/ulpmat.com\/product\/telururo-de-litio\/"},"modified":"2026-01-16T16:07:21","modified_gmt":"2026-01-16T08:07:21","slug":"telururo-de-litio","status":"publish","type":"product","link":"https:\/\/ulpmat.com\/es\/producto\/telururo-de-litio\/","title":{"rendered":"Telururo de litio"},"content":{"rendered":"<h2><span style=\"font-size: 14pt;\">Polvo de telururo de litio <\/span><span style=\"font-size: 14pt;\">Descripci\u00f3n general<\/span><\/h2>\n<p><span style=\"color: #0000ff;\"><a style=\"color: #0000ff;\" href=\"https:\/\/ulpmat.com\/es\/buscar\/?type=name&#038;keyword=Lithium+Telluride\">El telururo de litio<\/a><\/span><br \/>\nes un compuesto de litio y teluro que presenta propiedades \u00fanicas derivadas de la interacci\u00f3n entre el litio electropositivo y el teluro electronegativo, lo que da como resultado una alta movilidad i\u00f3nica y una estructura electr\u00f3nica interesante.<\/p>\n<p>Nuestro polvo de telururo de litio tiene una distribuci\u00f3n granulom\u00e9trica controlada y bajos niveles de impurezas, por lo que es adecuado para su uso en almacenamiento de energ\u00eda, bater\u00edas de litio-telurio y otros materiales qu\u00edmicos basados en litio. Tambi\u00e9n ofrecemos un completo servicio de atenci\u00f3n posventa. No dude en <span style=\"color: #0000ff;\"><a style=\"color: #0000ff;\" href=\"https:\/\/ulpmat.com\/es\/contacto\/\">ponerse en contacto con nosotros<\/a><\/span><br \/>\nsi tiene alguna pregunta.<\/p>\n<h2><span style=\"font-size: 14pt;\">Caracter\u00edsticas destacadas del producto<\/span><\/h2>\n<p>Pureza: \u226599,9 % (personalizable bajo pedido)<br \/>\nTama\u00f1o de part\u00edcula personalizado<br \/>\nAlto contenido de litio<br \/>\nTama\u00f1o de part\u00edcula personalizable: disponible en escala nanom\u00e9trica o microm\u00e9trica<br \/>\nCantidades flexibles: desde gramos para I+D hasta kilogramos<\/p>\n<h2><span style=\"font-size: 14pt;\">Aplicaciones del polvo de teluro de litio<\/span><\/h2>\n<p>Investigaci\u00f3n<br \/>\n<span style=\"color: #0000ff;\"><a style=\"color: #0000ff;\" href=\"https:\/\/ulpmat.com\/es\/solicitud\/materiales-para-baterias\/\">sobre bater\u00edas<\/a><\/span><br \/>\n: material emergente en bater\u00edas de litio-teluro e h\u00edbridas<br \/>\nQu\u00edmica de estado s\u00f3lido: precursor para la s\u00edntesis de materiales basados en Li-Te<br \/>\nTermoel\u00e9ctrica: exploraci\u00f3n de materiales basados en teluro con banda prohibida baja<br \/>\nAgente aleante: Intermedio en sistemas avanzados de aleaciones de litio.<br \/>\nMateriales electr\u00f3nicos: Uso potencial en semiconductores o conductores i\u00f3nicos<\/p>\n<h2><span style=\"font-size: 14pt; color: #0000ff;\"><a style=\"color: #0000ff;\" href=\"https:\/\/ulpmat.com\/es\/empresa\/preguntas-frecuentes\/\">. Preguntas frecuentes<\/a><\/span><\/h2>\n<p>P1: \u00bfEn qu\u00e9 \u00e1reas de investigaci\u00f3n o aplicaci\u00f3n se utiliza normalmente el polvo de telururo de litio?<br \/>\nR1: Este polvo se utiliza principalmente en la investigaci\u00f3n y el desarrollo de materiales relacionados con compuestos basados en litio, materiales semiconductores funcionales y materiales energ\u00e9ticos novedosos.<\/p>\n<p>P2: \u00bfQu\u00e9 papel desempe\u00f1a el polvo de telururo de litio en la investigaci\u00f3n de materiales?<br \/>\nR2: Este material se utiliza a menudo como precursor o componente funcional para estudiar la estabilidad el\u00e9ctrica y qu\u00edmica y las propiedades estructurales de los materiales.<\/p>\n<p>P3: \u00bfEn qu\u00e9 escenarios experimentales o de preparaci\u00f3n es adecuado este material en polvo?<br \/>\nR3: El polvo de telururo de litio es adecuado para la s\u00edntesis en estado s\u00f3lido, la modificaci\u00f3n de materiales y la investigaci\u00f3n preliminar de preparaci\u00f3n de pel\u00edculas delgadas o materiales compuestos relacionados.<\/p>\n<p>P4: \u00bfQu\u00e9 precauciones se deben tomar al almacenar y manipular el polvo de telururo de litio?<br \/>\nR4: Se recomienda almacenarlo y manipularlo en un entorno sellado y seco, evitando el contacto prolongado con el aire y la humedad para mantener la estabilidad de las propiedades del material. Informes<br \/>\nCada lote de Li2Te se suministra con un <span style=\"color: #0000ff;\"><a style=\"color: #0000ff;\" href=\"https:\/\/ulpmat.com\/es\/documentos\/certificado-de-analisis\/\">certificado de an\u00e1lisis (COA)<\/a><\/span><br \/>\ny <span style=\"color: #0000ff;\"><a style=\"color: #0000ff;\" href=\"https:\/\/ulpmat.com\/es\/documentos\/ficha-de-datos-de-seguridad\/\">una ficha de datos de seguridad (MSDS).<\/a><\/span><br \/>\nSe pueden solicitar informes de pruebas de terceros opcionales.<br \/>\nInformes opcionales: patr\u00f3n XRD, morfolog\u00eda SEM, distribuci\u00f3n del tama\u00f1o de las part\u00edculas y perfil de impurezas ICP.<\/p>\n","protected":false},"excerpt":{"rendered":"<p>Polvo de telururo de litio Descripci\u00f3n general El telururo de litio es un compuesto de litio y teluro que presenta propiedades \u00fanicas derivadas de la interacci\u00f3n entre el litio electropositivo y el teluro electronegativo, lo que da como resultado una alta movilidad i\u00f3nica y una estructura electr\u00f3nica interesante. Nuestro polvo de telururo de litio tiene [&hellip;]<\/p>\n","protected":false},"featured_media":47408,"template":"","meta":{"_acf_changed":false},"product_brand":[132],"product_cat":[946],"product_tag":[6517],"class_list":{"0":"post-47407","1":"product","2":"type-product","3":"status-publish","4":"has-post-thumbnail","6":"product_brand-ulpmat","7":"product_cat-materiales-para-baterias","8":"product_tag-polvo-de-telururo-de-litio","10":"first","11":"instock","12":"shipping-taxable","13":"product-type-variable"},"acf":[],"_links":{"self":[{"href":"https:\/\/ulpmat.com\/es\/wp-json\/wp\/v2\/product\/47407","targetHints":{"allow":["GET"]}}],"collection":[{"href":"https:\/\/ulpmat.com\/es\/wp-json\/wp\/v2\/product"}],"about":[{"href":"https:\/\/ulpmat.com\/es\/wp-json\/wp\/v2\/types\/product"}],"wp:featuredmedia":[{"embeddable":true,"href":"https:\/\/ulpmat.com\/es\/wp-json\/wp\/v2\/media\/47408"}],"wp:attachment":[{"href":"https:\/\/ulpmat.com\/es\/wp-json\/wp\/v2\/media?parent=47407"}],"wp:term":[{"taxonomy":"product_brand","embeddable":true,"href":"https:\/\/ulpmat.com\/es\/wp-json\/wp\/v2\/product_brand?post=47407"},{"taxonomy":"product_cat","embeddable":true,"href":"https:\/\/ulpmat.com\/es\/wp-json\/wp\/v2\/product_cat?post=47407"},{"taxonomy":"product_tag","embeddable":true,"href":"https:\/\/ulpmat.com\/es\/wp-json\/wp\/v2\/product_tag?post=47407"}],"curies":[{"name":"wp","href":"https:\/\/api.w.org\/{rel}","templated":true}]}}