{"id":47316,"date":"2026-01-16T16:07:25","date_gmt":"2026-01-16T08:07:25","guid":{"rendered":"https:\/\/ulpmat.com\/product\/fosfato-de-litio-2\/"},"modified":"2026-01-16T16:07:25","modified_gmt":"2026-01-16T08:07:25","slug":"fosfato-de-litio-2","status":"publish","type":"product","link":"https:\/\/ulpmat.com\/es\/producto\/fosfato-de-litio-2\/","title":{"rendered":"Fosfato de litio"},"content":{"rendered":"<h2><span style=\"font-size: 14pt;\">Descripci\u00f3n general del polvo de fosfato de litio<\/span><\/h2>\n<p>El polvo<br \/>\n<span style=\"color: #0000ff;\"><a style=\"color: #0000ff;\" href=\"https:\/\/ulpmat.com\/es\/buscar\/?type=name&#038;keyword=Lithium+Phosphate\">de fosfato de litio<\/a><\/span><br \/>\nes un compuesto clave a base de litio que se utiliza ampliamente en materiales para bater\u00edas, cer\u00e1micas y aplicaciones \u00f3pticas. Desempe\u00f1a un papel importante como precursor en c\u00e1todos de bater\u00edas de ionen litio y electrolitos s\u00f3lidos.<\/p>\n<p>Nuestro polvo de fosfato de litio tiene una alta pureza y una distribuci\u00f3n uniforme del tama\u00f1o de las part\u00edculas. Tambi\u00e9n ofrecemos asistencia integral; no dude en <span style=\"color: #0000ff;\"><a style=\"color: #0000ff;\" href=\"https:\/\/ulpmat.com\/es\/contacto\/\">ponerse en contacto con nosotros<\/a><\/span><br \/>\nsi tiene alguna pregunta.<\/p>\n<h2><span style=\"font-size: 14pt;\">Caracter\u00edsticas destacadas del producto<\/span><\/h2>\n<p>Pureza: \u226599,9 % (personalizable bajo pedido)<br \/>\nOpciones personalizadas de tama\u00f1o de part\u00edcula y embalaje<br \/>\nAsistencia t\u00e9cnica integral y asesoramiento sobre aplicaciones<br \/>\nTama\u00f1os de pedido flexibles, desde muestras de I+D hasta suministros a granel<\/p>\n<h2><span style=\"font-size: 14pt;\">Aplicaciones del polvo de fosfato de litio<\/span><\/h2>\n<p>Materiales<br \/>\n<span style=\"color: #0000ff;\"><a style=\"color: #0000ff;\" href=\"https:\/\/ulpmat.com\/es\/solicitud\/materiales-para-baterias\/\">para bater\u00edas<\/a><\/span><br \/>\n: precursor para c\u00e1todos de bater\u00edas de ionen litio y materiales electrol\u00edticos s\u00f3lidos<br \/>\nCer\u00e1mica: se utiliza en cer\u00e1micas a base de litio con alta conductividad i\u00f3nica<\/p>\n<div class=\"D5aOJc vJwDU\">\n<div class=\"D5aOJc vJwDU\">\n<p>.<\/p>\n<\/div>\n<\/div>\n<p>Materiales<br \/>\n<span style=\"color: #0000ff;\"><a style=\"color: #0000ff;\" href=\"https:\/\/ulpmat.com\/es\/solicitud\/materiales-opticos\/\">\u00f3pticos<\/a><\/span><br \/>\n: se emplea en f\u00f3sforos y materiales l\u00e1ser<\/p>\n<div class=\"D5aOJc vJwDU\">\n<div class=\"D5aOJc vJwDU\">\n<p>.<\/p>\n<\/div>\n<\/div>\n<h2><span style=\"font-size: 14pt; color: #0000ff;\"><a style=\"color: #0000ff;\" href=\"https:\/\/ulpmat.com\/es\/empresa\/preguntas-frecuentes\/\">Preguntas frecuentes<\/a><\/span><\/h2>\n<div class=\"D5aOJc vJwDU\">\n<div class=\"D5aOJc vJwDU\">\n<p>P1: \u00bfEn qu\u00e9 campos se utiliza principalmente el polvo de fosfato de litio?<br \/>\nR1: Este polvo se utiliza principalmente en la investigaci\u00f3n de materiales cat\u00f3dicos para bater\u00edas de ionen litio, cer\u00e1micas funcionales y experimentos relacionados con electrolitos de estado s\u00f3lido. Se utiliza ampliamente en instituciones de investigaci\u00f3n y en el desarrollo de materiales energ\u00e9ticos.<\/p>\n<p>P2: \u00bfCu\u00e1les son las ventajas del polvo de fosfato de litio en la investigaci\u00f3n de bater\u00edas de ionen litio?<br \/>\nR2: Este polvo tiene una buena estabilidad estructural y resistencia qu\u00edmica, lo que lo hace adecuado para estudiar el rendimiento electroqu\u00edmico, la estabilidad del ciclo y las propiedades interfaciales de los materiales.<\/p>\n<p>P3: \u00bfQu\u00e9 papel suele desempe\u00f1ar este material en los experimentos o procesos de preparaci\u00f3n?<br \/>\nR3: El polvo de fosfato de litio se utiliza com\u00fanmente como materia prima para c\u00e1todos, material base para la sinterizaci\u00f3n de cer\u00e1mica o material de predep\u00f3sito para pel\u00edculas delgadas funcionales.<\/p>\n<p>P4: \u00bfQu\u00e9 precauciones se deben tomar al utilizar y almacenar el polvo de fosfato de litio?<br \/>\nR4: Se recomienda manipularlo y almacenarlo en un entorno seco y sellado, evitando la humedad o la contaminaci\u00f3n para garantizar la estabilidad del material durante los experimentos y los procesos de preparaci\u00f3n<\/p>\n<\/div>\n<div class=\"hlJJmd\">\n<h2 class=\"D5aOJc Hapztf\"><span style=\"font-size: 14pt;\">. Informes<\/span><\/h2>\n<\/div>\n<\/div>\n<p>Cada lote de Li3PO4 se suministra con un <span style=\"color: #0000ff;\"><a style=\"color: #0000ff;\" href=\"https:\/\/ulpmat.com\/es\/documentos\/certificado-de-analisis\/\">certificado de an\u00e1lisis (COA)<\/a><\/span><br \/>\ny <span style=\"color: #0000ff;\"><a style=\"color: #0000ff;\" href=\"https:\/\/ulpmat.com\/es\/documentos\/ficha-de-datos-de-seguridad\/\">una ficha de datos de seguridad (MSDS).<\/a><\/span><br \/>\nSe pueden proporcionar an\u00e1lisis de pureza elemental y composici\u00f3n de fases realizados por terceros bajo petici\u00f3n.<br \/>\nInformes opcionales de XRD, SEM e ICP bajo petici\u00f3n.<\/p>\n","protected":false},"excerpt":{"rendered":"<p>Descripci\u00f3n general del polvo de fosfato de litio El polvo de fosfato de litio es un compuesto clave a base de litio que se utiliza ampliamente en materiales para bater\u00edas, cer\u00e1micas y aplicaciones \u00f3pticas. Desempe\u00f1a un papel importante como precursor en c\u00e1todos de bater\u00edas de ionen litio y electrolitos s\u00f3lidos. Nuestro polvo de fosfato de [&hellip;]<\/p>\n","protected":false},"featured_media":47317,"template":"","meta":{"_acf_changed":false},"product_brand":[],"product_cat":[945,946],"product_tag":[6487],"class_list":{"0":"post-47316","1":"product","2":"type-product","3":"status-publish","4":"has-post-thumbnail","6":"product_cat-materiales-de-dopaje-para-baterias","7":"product_cat-materiales-para-baterias","8":"product_tag-fosfato-de-litio-en-polvo","10":"first","11":"instock","12":"shipping-taxable","13":"product-type-variable"},"acf":[],"_links":{"self":[{"href":"https:\/\/ulpmat.com\/es\/wp-json\/wp\/v2\/product\/47316","targetHints":{"allow":["GET"]}}],"collection":[{"href":"https:\/\/ulpmat.com\/es\/wp-json\/wp\/v2\/product"}],"about":[{"href":"https:\/\/ulpmat.com\/es\/wp-json\/wp\/v2\/types\/product"}],"wp:featuredmedia":[{"embeddable":true,"href":"https:\/\/ulpmat.com\/es\/wp-json\/wp\/v2\/media\/47317"}],"wp:attachment":[{"href":"https:\/\/ulpmat.com\/es\/wp-json\/wp\/v2\/media?parent=47316"}],"wp:term":[{"taxonomy":"product_brand","embeddable":true,"href":"https:\/\/ulpmat.com\/es\/wp-json\/wp\/v2\/product_brand?post=47316"},{"taxonomy":"product_cat","embeddable":true,"href":"https:\/\/ulpmat.com\/es\/wp-json\/wp\/v2\/product_cat?post=47316"},{"taxonomy":"product_tag","embeddable":true,"href":"https:\/\/ulpmat.com\/es\/wp-json\/wp\/v2\/product_tag?post=47316"}],"curies":[{"name":"wp","href":"https:\/\/api.w.org\/{rel}","templated":true}]}}