{"id":47257,"date":"2026-01-16T16:07:26","date_gmt":"2026-01-16T08:07:26","guid":{"rendered":"https:\/\/ulpmat.com\/product\/fosfato-de-litio-y-vanadio\/"},"modified":"2026-01-16T16:07:26","modified_gmt":"2026-01-16T08:07:26","slug":"fosfato-de-litio-y-vanadio","status":"publish","type":"product","link":"https:\/\/ulpmat.com\/es\/producto\/fosfato-de-litio-y-vanadio\/","title":{"rendered":"Fosfato de litio y vanadio"},"content":{"rendered":"<h2><span style=\"font-size: 14pt;\">Descripci\u00f3n general del polvo de fosfato de litio y vanadio<\/span><\/h2>\n<p><span style=\"color: #0000ff;\"><a style=\"color: #0000ff;\" href=\"https:\/\/ulpmat.com\/es\/buscar\/?type=name&#038;keyword=Lithium+Vanadium+Phosphate\">El fosfato de litio y vanadio<\/a><\/span><br \/>\nes un material cat\u00f3dico de alto rendimiento ampliamente utilizado en bater\u00edas de ionen litio y fosfato de ionen litio. Tiene una excelente estabilidad estructural, un alto voltaje de funcionamiento y una buena capacidad de velocidad.<\/p>\n<p>Nuestro polvo de fosfato de litio y vanadio tiene una alta pureza, un tama\u00f1o de part\u00edcula uniforme y una homogeneidad de fase. Este material es ideal para bater\u00edas de ionen litio de \u00faltima generaci\u00f3n con mayor capacidad y estabilidad de ciclo. No dude en <span style=\"color: #0000ff;\"><a style=\"color: #0000ff;\" href=\"https:\/\/ulpmat.com\/es\/contacto\/\">ponerse en contacto con nosotros<\/a><\/span><br \/>\nsi tiene alguna pregunta.<\/p>\n<h2><span style=\"font-size: 14pt;\">Caracter\u00edsticas destacadas del producto<\/span><\/h2>\n<p>Pureza: \u226599,9 %<br \/>\nAlta estabilidad estructural y t\u00e9rmica<br \/>\nAlta capacidad espec\u00edfica y densidad energ\u00e9tica<br \/>\nDistribuci\u00f3n uniforme del tama\u00f1o de las part\u00edculas<\/p>\n<h2><span style=\"font-size: 14pt;\">Aplicaciones del polvo de fosfato de litio y vanadio<\/span><\/h2>\n<p>Bater\u00edas de iones de litio: material activo cat\u00f3dico que ofrece alto voltaje y capacidad<br \/>\nDispositivos de almacenamiento de energ\u00eda: adecuado para bater\u00edas recargables de alto rendimiento<br \/>\nSistemas de energ\u00eda h\u00edbridos: se utiliza en celdas h\u00edbridas avanzadas de fosfato de litio-ion<\/p>\n<h2><span style=\"color: #0000ff;\"><a style=\"color: #0000ff;\" href=\"https:\/\/ulpmat.com\/es\/empresa\/preguntas-frecuentes\/\"><span style=\"font-size: 14pt;\">. Preguntas frecuentes<\/span><\/a><\/span><\/h2>\n<p>P1: \u00bfEn qu\u00e9 campos se utiliza principalmente el polvo de fosfato de litio y vanadio?<br \/>\nR1: Este polvo se utiliza principalmente en la investigaci\u00f3n de materiales cat\u00f3dicos para bater\u00edas de ionen litio, sistemas de \u00f3xidos funcionales y el desarrollo de dispositivos de almacenamiento de energ\u00eda. Se encuentra com\u00fanmente en instituciones de investigaci\u00f3n y laboratorios de materiales.<\/p>\n<p>P2: \u00bfCu\u00e1les son las caracter\u00edsticas del polvo de fosfato de litio y vanadio en la investigaci\u00f3n de materiales para bater\u00edas de ionen litio?<br \/>\nR2: Este polvo tiene una buena estabilidad estructural y un sistema qu\u00edmico controlable, lo que lo hace adecuado para estudiar el rendimiento electroqu\u00edmico, la estabilidad del ciclo y el comportamiento de conducci\u00f3n de iones de los materiales.<\/p>\n<p>P3: \u00bfPara qu\u00e9 funci\u00f3n es adecuado este material en procesos experimentales o de preparaci\u00f3n?<br \/>\nR3: El polvo de fosfato de litio y vanadio se utiliza habitualmente como materia prima para c\u00e1todos y puede emplearse en la preparaci\u00f3n de electrodos, la deposici\u00f3n de pel\u00edculas finas o la investigaci\u00f3n de modificaciones estructurales.<\/p>\n<p>P4: \u00bfQu\u00e9 precauciones deben tomarse al utilizar y almacenar el polvo de fosfato de litio y vanadio?<br \/>\nR4: Se recomienda manipularlo y almacenarlo en un entorno seco y sellado, evitando la humedad o la contaminaci\u00f3n para garantizar la estabilidad del material durante los procesos experimentales y de preparaci\u00f3n.<\/p>\n<h2><span style=\"font-size: 14pt;\">Informes<\/span><\/h2>\n<p>Cada lote de Li3V2(PO4)3 se suministra con un<span style=\"color: #0000ff;\"><a style=\"color: #0000ff;\" href=\"https:\/\/ulpmat.com\/es\/documentos\/certificado-de-analisis\/\"> certificado de an\u00e1lisis (COA)<\/a><\/span><br \/>\ny <span style=\"color: #0000ff;\"><a style=\"color: #0000ff;\" href=\"https:\/\/ulpmat.com\/es\/documentos\/ficha-de-datos-de-seguridad\/\">una ficha de datos de seguridad (MSDS).<\/a><\/span><br \/>\nSe pueden proporcionar an\u00e1lisis de terceros bajo petici\u00f3n.<br \/>\nInformes opcionales de an\u00e1lisis XRD, SEM y de impurezas bajo petici\u00f3n.<\/p>\n","protected":false},"excerpt":{"rendered":"<p>Descripci\u00f3n general del polvo de fosfato de litio y vanadio El fosfato de litio y vanadio es un material cat\u00f3dico de alto rendimiento ampliamente utilizado en bater\u00edas de ionen litio y fosfato de ionen litio. Tiene una excelente estabilidad estructural, un alto voltaje de funcionamiento y una buena capacidad de velocidad. Nuestro polvo de fosfato [&hellip;]<\/p>\n","protected":false},"featured_media":47258,"template":"","meta":{"_acf_changed":false},"product_brand":[132],"product_cat":[945,946],"product_tag":[6469],"class_list":{"0":"post-47257","1":"product","2":"type-product","3":"status-publish","4":"has-post-thumbnail","6":"product_brand-ulpmat","7":"product_cat-materiales-de-dopaje-para-baterias","8":"product_cat-materiales-para-baterias","9":"product_tag-fosfato-de-litio-y-vanadio-en-polvo","11":"first","12":"instock","13":"shipping-taxable","14":"product-type-variable"},"acf":[],"_links":{"self":[{"href":"https:\/\/ulpmat.com\/es\/wp-json\/wp\/v2\/product\/47257","targetHints":{"allow":["GET"]}}],"collection":[{"href":"https:\/\/ulpmat.com\/es\/wp-json\/wp\/v2\/product"}],"about":[{"href":"https:\/\/ulpmat.com\/es\/wp-json\/wp\/v2\/types\/product"}],"wp:featuredmedia":[{"embeddable":true,"href":"https:\/\/ulpmat.com\/es\/wp-json\/wp\/v2\/media\/47258"}],"wp:attachment":[{"href":"https:\/\/ulpmat.com\/es\/wp-json\/wp\/v2\/media?parent=47257"}],"wp:term":[{"taxonomy":"product_brand","embeddable":true,"href":"https:\/\/ulpmat.com\/es\/wp-json\/wp\/v2\/product_brand?post=47257"},{"taxonomy":"product_cat","embeddable":true,"href":"https:\/\/ulpmat.com\/es\/wp-json\/wp\/v2\/product_cat?post=47257"},{"taxonomy":"product_tag","embeddable":true,"href":"https:\/\/ulpmat.com\/es\/wp-json\/wp\/v2\/product_tag?post=47257"}],"curies":[{"name":"wp","href":"https:\/\/api.w.org\/{rel}","templated":true}]}}