{"id":47203,"date":"2026-01-16T16:07:27","date_gmt":"2026-01-16T08:07:27","guid":{"rendered":"https:\/\/ulpmat.com\/product\/oxido-de-titanio-y-litio-titanato-de-litio-lto-3\/"},"modified":"2026-01-16T16:07:27","modified_gmt":"2026-01-16T08:07:27","slug":"oxido-de-titanio-y-litio-titanato-de-litio-lto-3","status":"publish","type":"product","link":"https:\/\/ulpmat.com\/es\/producto\/oxido-de-titanio-y-litio-titanato-de-litio-lto-3\/","title":{"rendered":"\u00d3xido de titanio y litio (titanato de litio) (LTO)"},"content":{"rendered":"<h2><span style=\"font-size: 14pt;\">Descripci\u00f3n general de los gr\u00e1nulos de \u00f3xido de litio y titanio<\/span><\/h2>\n<p>Los gr\u00e1nulos<br \/>\n<span style=\"color: #0000ff;\"><a style=\"color: #0000ff;\" href=\"https:\/\/ulpmat.com\/es\/buscar\/?type=name&#038;keyword=Lithium+titanium+oxide\">de \u00f3xido de litio y titanio<\/a><\/span><br \/>\nson un \u00f3xido compuesto formado por litio met\u00e1lico y titanio, un metal de transici\u00f3n de bajo potencial. Este material pertenece a la serie AB2X4 y se puede clasificar como una soluci\u00f3n s\u00f3lida de espinela. Su caracter\u00edstica m\u00e1s destacada es la \u00abtensi\u00f3n cero\u00bb.<\/p>\n<p>Nuestros gr\u00e1nulos de titanato de litio (Li4Ti5O12) de alta pureza se sintetizan y procesan en condiciones controladas para garantizar la pureza de la fase, la distribuci\u00f3n uniforme del tama\u00f1o y la alta estabilidad estructural. Tambi\u00e9n ofrecemos asistencia integral; no dude en <span style=\"color: #0000ff;\"><a style=\"color: #0000ff;\" href=\"https:\/\/ulpmat.com\/es\/contacto\/\">ponerse en contacto con nosotros.<\/a><\/span><\/p>\n<h2><span style=\"font-size: 14pt;\">Caracter\u00edsticas destacadas del producto<\/span><\/h2>\n<p>Pureza: \u226599,95 %<br \/>\nEstructura cristalina de espinela estable<br \/>\nTama\u00f1o y cantidades por lote personalizables<br \/>\nAsistencia t\u00e9cnica fiable<br \/>\nTama\u00f1os de pedido flexibles<\/p>\n<h2><span style=\"font-size: 14pt;\">Aplicaciones de los gr\u00e1nulos de \u00f3xido de litio y titanio<\/span><\/h2>\n<p><span style=\"color: #0000ff;\"><a style=\"color: #0000ff;\" href=\"https:\/\/ulpmat.com\/es\/solicitud\/materiales-para-baterias\/\">Bater\u00edas<\/a><\/span><br \/>\nde iones de litio: gr\u00e1nulos de material de \u00e1nodo para la fabricaci\u00f3n de electrodos.<br \/>\nCer\u00e1mica: materia prima para sinterizaci\u00f3n y compuestos cer\u00e1micos.<br \/>\nAlmacenamiento de energ\u00eda: componentes para sistemas de energ\u00eda de alto rendimiento.<\/p>\n<h2><span style=\"font-size: 14pt; color: #0000ff;\"><a style=\"color: #0000ff;\" href=\"https:\/\/ulpmat.com\/es\/empresa\/preguntas-frecuentes\/\">Preguntas frecuentes<\/a><\/span><\/h2>\n<p>P1: \u00bfCu\u00e1les son las principales aplicaciones de los gr\u00e1nulos de \u00f3xido de litio y titanio?<br \/>\nR1: Este material se utiliza principalmente en la investigaci\u00f3n de materiales para bater\u00edas de ionen litio, dispositivos de almacenamiento de energ\u00eda y la experimentaci\u00f3n y el desarrollo de sistemas de \u00f3xidos funcionales.<\/p>\n<p>P2: \u00bfCu\u00e1les son las ventajas del \u00f3xido de litio y titanio granular en comparaci\u00f3n con el polvo?<br \/>\nR2: La forma granular es m\u00e1s adecuada para procesos que requieren una buena fluidez y estabilidad operativa, lo que ayuda a mejorar la consistencia durante los experimentos.<\/p>\n<p>P3: \u00bfQu\u00e9 papel suelen desempe\u00f1ar los gr\u00e1nulos de \u00f3xido de litio y titanio en la investigaci\u00f3n experimental?<br \/>\nR3: Este material se utiliza a menudo como materia prima b\u00e1sica para los sistemas de \u00f3xido de litio y titanio con el fin de estudiar la estructura del material, el comportamiento electroqu\u00edmico y la compatibilidad del proceso.<\/p>\n<p>P4: \u00bfQu\u00e9 precauciones se deben tomar al utilizar y almacenar los gr\u00e1nulos de \u00f3xido de litio y titanio?<br \/>\nR4: Se recomienda almacenarlos y manipularlos en un entorno seco y sellado, evitando la humedad o la contaminaci\u00f3n para mantener la estabilidad del material durante los experimentos y su uso. Informes<br \/>\nCada lote de Li4Ti5O12 se suministra con un <span style=\"color: #0000ff;\"><a style=\"color: #0000ff;\" href=\"https:\/\/ulpmat.com\/es\/documentos\/certificado-de-analisis\/\">certificado de an\u00e1lisis (COA)<\/a><\/span><br \/>\ny<span style=\"color: #0000ff;\"><a style=\"color: #0000ff;\" href=\"https:\/\/ulpmat.com\/es\/documentos\/ficha-de-datos-de-seguridad\/\"> una ficha de datos de seguridad (MSDS).<\/a><\/span><br \/>\nSe pueden proporcionar an\u00e1lisis de terceros bajo petici\u00f3n.<br \/>\nInformes opcionales de distribuci\u00f3n de tama\u00f1o y XRD bajo petici\u00f3n.<\/p>\n","protected":false},"excerpt":{"rendered":"<p>Descripci\u00f3n general de los gr\u00e1nulos de \u00f3xido de litio y titanio Los gr\u00e1nulos de \u00f3xido de litio y titanio son un \u00f3xido compuesto formado por litio met\u00e1lico y titanio, un metal de transici\u00f3n de bajo potencial. Este material pertenece a la serie AB2X4 y se puede clasificar como una soluci\u00f3n s\u00f3lida de espinela. Su caracter\u00edstica [&hellip;]<\/p>\n","protected":false},"featured_media":47204,"template":"","meta":{"_acf_changed":false},"product_brand":[],"product_cat":[340],"product_tag":[6451],"class_list":{"0":"post-47203","1":"product","2":"type-product","3":"status-publish","4":"has-post-thumbnail","6":"product_cat-materiales-de-evaporacion","7":"product_tag-oxido-de-titanio-y-litio-titanato-de-litio-lto-granulado","9":"first","10":"instock","11":"shipping-taxable","12":"product-type-variable"},"acf":[],"_links":{"self":[{"href":"https:\/\/ulpmat.com\/es\/wp-json\/wp\/v2\/product\/47203","targetHints":{"allow":["GET"]}}],"collection":[{"href":"https:\/\/ulpmat.com\/es\/wp-json\/wp\/v2\/product"}],"about":[{"href":"https:\/\/ulpmat.com\/es\/wp-json\/wp\/v2\/types\/product"}],"wp:featuredmedia":[{"embeddable":true,"href":"https:\/\/ulpmat.com\/es\/wp-json\/wp\/v2\/media\/47204"}],"wp:attachment":[{"href":"https:\/\/ulpmat.com\/es\/wp-json\/wp\/v2\/media?parent=47203"}],"wp:term":[{"taxonomy":"product_brand","embeddable":true,"href":"https:\/\/ulpmat.com\/es\/wp-json\/wp\/v2\/product_brand?post=47203"},{"taxonomy":"product_cat","embeddable":true,"href":"https:\/\/ulpmat.com\/es\/wp-json\/wp\/v2\/product_cat?post=47203"},{"taxonomy":"product_tag","embeddable":true,"href":"https:\/\/ulpmat.com\/es\/wp-json\/wp\/v2\/product_tag?post=47203"}],"curies":[{"name":"wp","href":"https:\/\/api.w.org\/{rel}","templated":true}]}}