{"id":46672,"date":"2026-01-16T16:11:17","date_gmt":"2026-01-16T08:11:17","guid":{"rendered":"https:\/\/ulpmat.com\/product\/oxido-de-litio-lantano-y-titanio-llto\/"},"modified":"2026-01-16T16:11:17","modified_gmt":"2026-01-16T08:11:17","slug":"oxido-de-litio-lantano-y-titanio-llto","status":"publish","type":"product","link":"https:\/\/ulpmat.com\/es\/producto\/oxido-de-litio-lantano-y-titanio-llto\/","title":{"rendered":"\u00d3xido de litio, lantano y titanio (LLTO)"},"content":{"rendered":"<h2><span style=\"font-size: 14pt;\">Objetivo de pulverizaci\u00f3n de \u00f3xido de litio, lantano y titanio Descripci\u00f3n general<\/span><\/h2>\n<p>Los objetivos de pulverizaci\u00f3n<br \/>\n<span style=\"color: #0000ff;\"><a style=\"color: #0000ff;\" href=\"https:\/\/ulpmat.com\/es\/buscar\/?type=name&#038;keyword=Lithium+Lanthanum+Titanium+Oxide\">de \u00f3xido de litio, lantano y titanio<\/a><\/span><br \/>\nson objetivos cer\u00e1micos dise\u00f1ados para la deposici\u00f3n de capas finas de electrolitos s\u00f3lidos LLTO. Debido a su alta conductividad de iones de litio, estabilidad t\u00e9rmica y compatibilidad con el metal de litio, los objetivos LLTO se utilizan ampliamente en la investigaci\u00f3n y el desarrollo de microbater\u00edas de litio totalmente s\u00f3lidas, dispositivos de almacenamiento de energ\u00eda de capa fina y materiales electroqu\u00edmicos avanzados.<\/p>\n<p>Los blancos de pulverizaci\u00f3n de \u00f3xido de litio, lantano y titanio se fabrican con una estequiometr\u00eda controlada y una estructura cer\u00e1mica densa para garantizar velocidades de pulverizaci\u00f3n constantes, un espesor de pel\u00edcula uniforme y una conductividad i\u00f3nica reproducible en las pel\u00edculas finas depositadas. Son adecuados para sistemas de pulverizaci\u00f3n por radiofrecuencia y magnetr\u00f3n.<\/p>\n<h2><span style=\"font-size: 14pt;\">Caracter\u00edsticas destacadas del producto<\/span><\/h2>\n<p>Alta conductividad de iones de litio en pel\u00edculas finas depositadas<br \/>\nEstructura cer\u00e1mica densa para una pulverizaci\u00f3n estable y uniforme<br \/>\nEstequiometr\u00eda controlada que garantiza una composici\u00f3n de pel\u00edcula reproducible<br \/>\nCompatibles con sistemas de pulverizaci\u00f3n RF y magnetr\u00f3n.<br \/>\nAdecuados para la investigaci\u00f3n de microbater\u00edas y bater\u00edas de estado s\u00f3lido de pel\u00edcula delgada.<br \/>\nBuena adhesi\u00f3n y compatibilidad con el sustrato<\/p>\n<h2><span style=\"font-size: 14pt;\">. Aplicaciones del blanco de pulverizaci\u00f3n de \u00f3xido de litio, lantano y titanio<\/span><\/h2>\n<p><strong>Electrolitos s\u00f3lidos de pel\u00edcula delgada:<\/strong><br \/>\nlos blancos de pulverizaci\u00f3n<br \/>\n<strong>de \u00f3xido de litio, lantano y titanio<\/strong><br \/>\nse utilizan para depositar capas de electrolito s\u00f3lido en microbater\u00edas de litio de estado s\u00f3lido.<br \/>\n<strong>Investigaci\u00f3n sobre almacenamiento de energ\u00eda y <span style=\"color: #0000ff;\"><a style=\"color: #0000ff;\" href=\"https:\/\/ulpmat.com\/es\/solicitud\/materiales-para-baterias\/\">bater\u00edas<\/a><\/span>:<\/strong><br \/>\nlas pel\u00edculas finas producidas a partir de blancos LLTO se aplican en estudios de conductividad i\u00f3nica, estabilidad electroqu\u00edmica e ingenier\u00eda de interfaces.<br \/>\n<strong>Investigaci\u00f3n sobre materiales electroqu\u00edmicos:<\/strong><br \/>\nlos blancos<br \/>\n<strong>de \u00f3xido de litio, lantano y titanio<\/strong><br \/>\nson adecuados para la investigaci\u00f3n avanzada sobre electrolitos de estado s\u00f3lido, electrodos compuestos y materiales funcionales de pel\u00edcula fina.<br \/>\n<strong>Recubrimientos funcionales para microbater\u00edas:<\/strong><br \/>\nse utilizan en el desarrollo de recubrimientos funcionales de pel\u00edcula delgada para aplicaciones de almacenamiento de energ\u00eda y microelectr\u00f3nica.<\/p>\n<h2><span style=\"color: #0000ff; font-size: 14pt;\"><a style=\"color: #0000ff;\" href=\"https:\/\/ulpmat.com\/es\/empresa\/preguntas-frecuentes\/\">Preguntas frecuentes<\/a><\/span><\/h2>\n<p>P1: \u00bfQu\u00e9 m\u00e9todos de pulverizaci\u00f3n son adecuados para los blancos LLTO?<br \/>\nR1: Los blancos LLTO se utilizan com\u00fanmente en sistemas de pulverizaci\u00f3n por radiofrecuencia y magnetr\u00f3n debido a su naturaleza cer\u00e1mica.<\/p>\n<p>P2: \u00bfPueden las pel\u00edculas delgadas de LLTO mantener el contenido de litio durante la pulverizaci\u00f3n?<br \/>\nR2: Un dise\u00f1o adecuado del objetivo y unos par\u00e1metros de pulverizaci\u00f3n optimizados minimizan la p\u00e9rdida de litio y garantizan una composici\u00f3n uniforme de la pel\u00edcula delgada.<\/p>\n<p>P3: \u00bfSon los objetivos LLTO compatibles con las placas de soporte?<br \/>\nR3: S\u00ed, se pueden proporcionar opciones de uni\u00f3n seg\u00fan el tama\u00f1o del objetivo y los requisitos del sistema de pulverizaci\u00f3n.<\/p>\n<p>P4: \u00bfQu\u00e9 sustratos son compatibles con las pel\u00edculas delgadas de LLTO?<br \/>\nR4: Los sustratos comunes incluyen obleas de silicio, vidrio, zafiro y otros sustratos utilizados en la investigaci\u00f3n de bater\u00edas de estado s\u00f3lido de pel\u00edcula delgada.<\/p>\n<h2><span style=\"font-size: 14pt;\">Informe<\/span><\/h2>\n<p>Cada lote se suministra con:<br \/>\n<span style=\"color: #0000ff;\"><a style=\"color: #0000ff;\" href=\"https:\/\/ulpmat.com\/es\/documentos\/certificado-de-analisis\/\"><u>Certificado de an\u00e1lisis (COA)<\/u><\/a><\/span><\/p>\n<p><span style=\"color: #0000ff;\"><a style=\"color: #0000ff;\" href=\"https:\/\/ulpmat.com\/es\/documentos\/ficha-tecnica\/\"><u>Ficha t\u00e9cnica (TDS)<\/u><\/a><\/span><\/p>\n<p><span style=\"color: #0000ff;\"><a style=\"color: #0000ff;\" href=\"https:\/\/ulpmat.com\/es\/documentos\/ficha-de-datos-de-seguridad\/\"><u>Ficha de datos de seguridad (MSDS)<\/u><\/a><\/span><br \/>\nInforme de inspecci\u00f3n de tama\u00f1o<br \/>\nInformes de pruebas de terceros disponibles bajo petici\u00f3n<\/p>\n<h2><span style=\"font-size: 14pt;\">. Ventajas del material<\/span><\/h2>\n<p>Los blancos de pulverizaci\u00f3n de \u00f3xido de litio, lantano y titanio se buscan con frecuencia para electrolitos s\u00f3lidos de pel\u00edcula delgada, investigaci\u00f3n de microbater\u00edas y aplicaciones de bater\u00edas totalmente s\u00f3lidas. Su densa estructura cer\u00e1mica, su estequiometr\u00eda controlada y su compatibilidad con los sistemas de pulverizaci\u00f3n RF\/magnetr\u00f3n respaldan una gran visibilidad t\u00e9cnica y relevancia en las b\u00fasquedas de Google.<\/p>\n","protected":false},"excerpt":{"rendered":"<p>Objetivo de pulverizaci\u00f3n de \u00f3xido de litio, lantano y titanio Descripci\u00f3n general Los objetivos de pulverizaci\u00f3n de \u00f3xido de litio, lantano y titanio son objetivos cer\u00e1micos dise\u00f1ados para la deposici\u00f3n de capas finas de electrolitos s\u00f3lidos LLTO. Debido a su alta conductividad de iones de litio, estabilidad t\u00e9rmica y compatibilidad con el metal de litio, [&hellip;]<\/p>\n","protected":false},"featured_media":46673,"template":"","meta":{"_acf_changed":false},"product_brand":[132],"product_cat":[457],"product_tag":[6235],"class_list":{"0":"post-46672","1":"product","2":"type-product","3":"status-publish","4":"has-post-thumbnail","6":"product_brand-ulpmat","7":"product_cat-blanco-ceramico-para-sputtering","8":"product_tag-catodos-para-sputtering-de-oxido-de-litio-lantano-y-titanio-llto","10":"first","11":"instock","12":"shipping-taxable","13":"product-type-variable"},"acf":[],"_links":{"self":[{"href":"https:\/\/ulpmat.com\/es\/wp-json\/wp\/v2\/product\/46672","targetHints":{"allow":["GET"]}}],"collection":[{"href":"https:\/\/ulpmat.com\/es\/wp-json\/wp\/v2\/product"}],"about":[{"href":"https:\/\/ulpmat.com\/es\/wp-json\/wp\/v2\/types\/product"}],"wp:featuredmedia":[{"embeddable":true,"href":"https:\/\/ulpmat.com\/es\/wp-json\/wp\/v2\/media\/46673"}],"wp:attachment":[{"href":"https:\/\/ulpmat.com\/es\/wp-json\/wp\/v2\/media?parent=46672"}],"wp:term":[{"taxonomy":"product_brand","embeddable":true,"href":"https:\/\/ulpmat.com\/es\/wp-json\/wp\/v2\/product_brand?post=46672"},{"taxonomy":"product_cat","embeddable":true,"href":"https:\/\/ulpmat.com\/es\/wp-json\/wp\/v2\/product_cat?post=46672"},{"taxonomy":"product_tag","embeddable":true,"href":"https:\/\/ulpmat.com\/es\/wp-json\/wp\/v2\/product_tag?post=46672"}],"curies":[{"name":"wp","href":"https:\/\/api.w.org\/{rel}","templated":true}]}}