{"id":46240,"date":"2026-01-16T16:11:25","date_gmt":"2026-01-16T08:11:25","guid":{"rendered":"https:\/\/ulpmat.com\/product\/siliciuro-de-litio\/"},"modified":"2026-01-16T16:11:25","modified_gmt":"2026-01-16T08:11:25","slug":"siliciuro-de-litio","status":"publish","type":"product","link":"https:\/\/ulpmat.com\/es\/producto\/siliciuro-de-litio\/","title":{"rendered":"Siliciuro de litio"},"content":{"rendered":"<h2><span style=\"font-size: 14pt;\">Descripci\u00f3n general de los gr\u00e1nulos de siliciuro de litio<\/span><\/h2>\n<p>Los gr\u00e1nulos<br \/>\n<span style=\"color: #0000ff;\"><a style=\"color: #0000ff;\" href=\"https:\/\/ulpmat.com\/es\/buscar\/?type=name&#038;keyword=Lithium+silicide\">de siliciuro de litio<\/a><\/span><br \/>\nson un novedoso material de \u00e1nodo de alta capacidad que mejora significativamente la densidad energ\u00e9tica de las bater\u00edas de ionen litio. Se utilizan ampliamente en bater\u00edas de potencia, sistemas de almacenamiento de energ\u00eda y dispositivos electr\u00f3nicos port\u00e1tiles de alto rendimiento.<\/p>\n<p>Podemos proporcionar gr\u00e1nulos de LiSi2 de alta pureza y gran consistencia con un tama\u00f1o de part\u00edcula controlable, adecuados tanto para aplicaciones industriales como de investigaci\u00f3n. <span style=\"color: #0000ff;\"><a style=\"color: #0000ff;\" href=\"https:\/\/ulpmat.com\/es\/contacto\/\">P\u00f3ngase en contacto con nosotros<\/a><\/span><br \/>\npara obtener muestras o soluciones personalizadas.<\/p>\n<h2><span style=\"font-size: 14pt;\">Caracter\u00edsticas destacadas del producto<\/span><\/h2>\n<p>Alta capacidad, mayor densidad energ\u00e9tica de la bater\u00eda.<br \/>\nTama\u00f1o de part\u00edcula controlable, excelente dispersabilidad.<br \/>\nAlta estabilidad qu\u00edmica, excelente seguridad.<br \/>\nCompatible con aplicaciones industriales y de investigaci\u00f3n.<br \/>\nEspecificaciones de embalaje personalizables.<br \/>\nRespuesta r\u00e1pida de nuestro equipo t\u00e9cnico<\/p>\n<h2><span style=\"font-size: 14pt;\">. Aplicaciones de los gr\u00e1nulos de siliciuro de litio<\/span><\/h2>\n<p><strong>\u00c1nodo de bater\u00eda de potencia:<\/strong><br \/>\nlas part\u00edculas de LiSi2 se utilizan como materiales de \u00e1nodo en veh\u00edculos el\u00e9ctricos e h\u00edbridos para mejorar la densidad energ\u00e9tica y el rendimiento del ciclo.<br \/>\n<strong>Sistemas de almacenamiento de energ\u00eda<\/strong><br \/>\n: se utilizan en sistemas de almacenamiento de energ\u00eda dom\u00e9sticos e industriales para garantizar un ciclo de alta eficiencia y estabilidad.<br \/>\n<strong>Dispositivos electr\u00f3nicos port\u00e1tiles:<\/strong><br \/>\nse utilizan en bater\u00edas de tel\u00e9fonos inteligentes, tabletas y ordenadores port\u00e1tiles para mejorar la capacidad y la vida \u00fatil del ciclo.<\/p>\n<h2><span style=\"color: #0000ff;\"><a style=\"color: #0000ff;\" href=\"https:\/\/ulpmat.com\/es\/empresa\/preguntas-frecuentes\/\"><span style=\"font-size: 14pt;\">Preguntas frecuentes<\/span><\/a><\/span><\/h2>\n<p>P1: \u00bfPara qu\u00e9 sistemas de bater\u00edas son adecuadas las part\u00edculas de LiSi2?<br \/>\nR1: Adecuadas para sistemas de \u00e1nodos de bater\u00edas de ionen litio, se pueden utilizar junto con materiales compuestos de grafito o silicio.<\/p>\n<p>P2: \u00bfCu\u00e1l es la estabilidad qu\u00edmica?<br \/>\nR2: Alta estabilidad qu\u00edmica de las part\u00edculas, adecuadas para aplicaciones de carga y descarga de ciclo largo.<\/p>\n<p>P3: \u00bfCu\u00e1les son las especificaciones de embalaje?<br \/>\nR3: Podemos proporcionar embalajes peque\u00f1os experimentales y embalajes industriales grandes, personalizados seg\u00fan las necesidades del cliente.<\/p>\n<h2><span style=\"font-size: 14pt;\">Informes<\/span><\/h2>\n<p>Cada lote se suministra con:<br \/>\n<span style=\"color: #0000ff;\"><a style=\"color: #0000ff;\" href=\"https:\/\/ulpmat.com\/es\/documentos\/certificado-de-analisis\/\"><u>Certificado de an\u00e1lisis (COA)<\/u><\/a><\/span><\/p>\n<p><span style=\"color: #0000ff;\"><a style=\"color: #0000ff;\" href=\"https:\/\/ulpmat.com\/es\/documentos\/ficha-tecnica\/\"><u>Ficha t\u00e9cnica (TDS)<\/u><\/a><\/span><\/p>\n<p><span style=\"color: #0000ff;\"><a style=\"color: #0000ff;\" href=\"https:\/\/ulpmat.com\/es\/documentos\/ficha-de-datos-de-seguridad\/\"><u>Ficha de datos de seguridad (MSDS)<\/u><\/a><\/span><br \/>\nInforme de inspecci\u00f3n de tama\u00f1o<br \/>\nInformes de pruebas de terceros disponibles bajo petici\u00f3n<\/p>\n<h2><span style=\"font-size: 14pt;\">. \u00bfPor qu\u00e9 elegirnos?<\/span><\/h2>\n<p>Contamos con muchos a\u00f1os de experiencia en la producci\u00f3n de part\u00edculas para bater\u00edas de litio, con una calidad de producto estable y fiable. Podemos proporcionar soluciones personalizadas seg\u00fan las necesidades del cliente. Nuestro equipo t\u00e9cnico puede responder r\u00e1pidamente, lo que ayuda a avanzar sin problemas en la investigaci\u00f3n cient\u00edfica y las aplicaciones industriales.<\/p>\n","protected":false},"excerpt":{"rendered":"<p>Descripci\u00f3n general de los gr\u00e1nulos de siliciuro de litio Los gr\u00e1nulos de siliciuro de litio son un novedoso material de \u00e1nodo de alta capacidad que mejora significativamente la densidad energ\u00e9tica de las bater\u00edas de ionen litio. Se utilizan ampliamente en bater\u00edas de potencia, sistemas de almacenamiento de energ\u00eda y dispositivos electr\u00f3nicos port\u00e1tiles de alto rendimiento. [&hellip;]<\/p>\n","protected":false},"featured_media":46241,"template":"","meta":{"_acf_changed":false},"product_brand":[132],"product_cat":[340],"product_tag":[6103],"class_list":{"0":"post-46240","1":"product","2":"type-product","3":"status-publish","4":"has-post-thumbnail","6":"product_brand-ulpmat","7":"product_cat-materiales-de-evaporacion","8":"product_tag-siliciuro-de-litio-en-granulos","10":"first","11":"instock","12":"shipping-taxable","13":"product-type-variable"},"acf":[],"_links":{"self":[{"href":"https:\/\/ulpmat.com\/es\/wp-json\/wp\/v2\/product\/46240","targetHints":{"allow":["GET"]}}],"collection":[{"href":"https:\/\/ulpmat.com\/es\/wp-json\/wp\/v2\/product"}],"about":[{"href":"https:\/\/ulpmat.com\/es\/wp-json\/wp\/v2\/types\/product"}],"wp:featuredmedia":[{"embeddable":true,"href":"https:\/\/ulpmat.com\/es\/wp-json\/wp\/v2\/media\/46241"}],"wp:attachment":[{"href":"https:\/\/ulpmat.com\/es\/wp-json\/wp\/v2\/media?parent=46240"}],"wp:term":[{"taxonomy":"product_brand","embeddable":true,"href":"https:\/\/ulpmat.com\/es\/wp-json\/wp\/v2\/product_brand?post=46240"},{"taxonomy":"product_cat","embeddable":true,"href":"https:\/\/ulpmat.com\/es\/wp-json\/wp\/v2\/product_cat?post=46240"},{"taxonomy":"product_tag","embeddable":true,"href":"https:\/\/ulpmat.com\/es\/wp-json\/wp\/v2\/product_tag?post=46240"}],"curies":[{"name":"wp","href":"https:\/\/api.w.org\/{rel}","templated":true}]}}