{"id":45855,"date":"2026-01-20T13:46:08","date_gmt":"2026-01-20T05:46:08","guid":{"rendered":"https:\/\/ulpmat.com\/product\/nitruro-de-silicio-3\/"},"modified":"2026-01-20T13:46:08","modified_gmt":"2026-01-20T05:46:08","slug":"nitruro-de-silicio-3","status":"publish","type":"product","link":"https:\/\/ulpmat.com\/es\/producto\/nitruro-de-silicio-3\/","title":{"rendered":"Nitruro de silicio"},"content":{"rendered":"<h2><span style=\"font-size: 14pt;\">Descripci\u00f3n general de los gr\u00e1nulos de nitruro de silicio<\/span><\/h2>\n<p>Los gr\u00e1nulos<br \/>\n<span style=\"color: #0000ff;\"><a style=\"color: #0000ff;\" href=\"https:\/\/ulpmat.com\/es\/buscar\/?type=name&#038;keyword=Silicon+nitride\">de nitruro de silicio<\/a><\/span><br \/>\nson materiales cer\u00e1micos inorg\u00e1nicos granulares basados en nitruro de silicio, que poseen una buena estabilidad t\u00e9rmica y resistencia estructural. Se utilizan com\u00fanmente en el moldeo de productos cer\u00e1micos, la s\u00edntesis de materiales, la evaporaci\u00f3n y los procesos a alta temperatura.<\/p>\n<p>Podemos suministrar de forma fiable gr\u00e1nulos de nitruro de silicio en diversas especificaciones, lo que facilita la adecuaci\u00f3n de las aplicaciones y la comunicaci\u00f3n t\u00e9cnica. P\u00f3ngase <span style=\"color: #0000ff;\"><a style=\"color: #0000ff;\" href=\"https:\/\/ulpmat.com\/es\/contacto\/\">en contacto con nosotros<\/a><\/span><br \/>\ndirectamente para obtener informaci\u00f3n sobre los productos.<\/p>\n<h2><span style=\"font-size: 14pt;\">Caracter\u00edsticas destacadas del producto<\/span><\/h2>\n<p>Forma de part\u00edcula para facilitar la alimentaci\u00f3n.<br \/>\nBuena estabilidad a altas temperaturas.<br \/>\nFuerte inercia qu\u00edmica.<br \/>\nAdecuado para cer\u00e1mica y procesos a alta temperatura.<br \/>\nF\u00e1cil de manejar, bajo nivel de polvo.<br \/>\nBuena estabilidad de los lotes.<\/p>\n<h2><span style=\"font-size: 14pt;\">Aplicaciones de los gr\u00e1nulos de nitruro de silicio<\/span><\/h2>\n<p><strong>Cer\u00e1mica estructural y de ingenier\u00eda:<\/strong><br \/>\nSe utiliza a menudo como materia prima o aditivo en productos cer\u00e1micos para mejorar su rendimiento a altas temperaturas y su fiabilidad estructural.<\/p>\n<p><strong>Materiales para altas temperaturas y componentes resistentes al desgaste:<\/strong><br \/>\nEn entornos de alta temperatura o alto desgaste, los gr\u00e1nulos de nitruro de silicio son adecuados para la preparaci\u00f3n de materiales relacionados, lo que ayuda a mejorar la vida \u00fatil.<\/p>\n<p><strong>S\u00edntesis de materiales y alimentaci\u00f3n de procesos:<\/strong><br \/>\nLa forma de part\u00edculas facilita la alimentaci\u00f3n precisa durante la s\u00edntesis o las reacciones a alta temperatura, lo que mejora la estabilidad del proceso y la seguridad operativa.<\/p>\n<p><strong>Investigaci\u00f3n cient\u00edfica y aplicaciones experimentales:<\/strong><br \/>\nAdecuado para laboratorios e instituciones de investigaci\u00f3n para la investigaci\u00f3n del rendimiento de los materiales, la optimizaci\u00f3n de procesos y el desarrollo de nuevos materiales cer\u00e1micos.<\/p>\n<h2><span style=\"font-size: 14pt; color: #0000ff;\"><a style=\"color: #0000ff;\" href=\"https:\/\/ulpmat.com\/es\/empresa\/preguntas-frecuentes\/\">Preguntas frecuentes<\/a><\/span><\/h2>\n<p>P1: \u00bfEn qu\u00e9 procesos se utilizan normalmente los gr\u00e1nulos de nitruro de silicio?<br \/>\nR1: Se utilizan principalmente en la formaci\u00f3n de cer\u00e1mica, la preparaci\u00f3n de materiales a alta temperatura y el procesamiento de materiales que requieren alimentaci\u00f3n granular.<\/p>\n<p>P2: \u00bfCu\u00e1l es la diferencia entre los gr\u00e1nulos de nitruro de silicio y el polvo de nitruro de silicio?<br \/>\nR2: La forma granular es m\u00e1s f\u00e1cil de manejar y produce menos polvo, lo que la hace m\u00e1s adecuada para procesos a alta temperatura o escenarios de alimentaci\u00f3n industrial.<\/p>\n<p>P3: \u00bfSon los gr\u00e1nulos de nitruro de silicio adecuados para entornos de alta temperatura?<br \/>\nR3: Los materiales de nitruro de silicio tienen una buena resistencia a las altas temperaturas y son adecuados para su uso en procesos relacionados con altas temperaturas.<\/p>\n<p>P4: \u00bfQu\u00e9 precauciones se deben tomar al almacenar gr\u00e1nulos de nitruro de silicio?<br \/>\nR4: Se recomienda almacenarlos en un entorno sellado y seco para evitar la humedad y los da\u00f1os mec\u00e1nicos.<\/p>\n<h2><span style=\"font-size: 14pt;\">Informe<\/span><\/h2>\n<p>Cada lote se suministra con:<br \/>\n<span style=\"color: #0000ff;\"><a style=\"color: #0000ff;\" href=\"https:\/\/ulpmat.com\/es\/documentos\/certificado-de-analisis\/\"><u>Certificado de an\u00e1lisis (COA)<\/u><\/a><\/span><\/p>\n<p><span style=\"color: #0000ff;\"><a style=\"color: #0000ff;\" href=\"https:\/\/ulpmat.com\/es\/documentos\/ficha-tecnica\/\"><u>Ficha t\u00e9cnica (TDS)<\/u><\/a><\/span><\/p>\n<p><span style=\"color: #0000ff;\"><a style=\"color: #0000ff;\" href=\"https:\/\/ulpmat.com\/es\/documentos\/ficha-de-datos-de-seguridad\/\"><u>Ficha de datos de seguridad (MSDS)<\/u><\/a><\/span><br \/>\nInforme de inspecci\u00f3n de tama\u00f1o<br \/>\nInformes de pruebas de terceros disponibles bajo petici\u00f3n<\/p>\n<h2><span style=\"font-size: 14pt;\">\u00bfPor qu\u00e9 elegirnos?<\/span><\/h2>\n<p>Nos especializamos en el suministro orientado a aplicaciones de part\u00edculas de materiales cer\u00e1micos e inorg\u00e1nicos, haciendo hincapi\u00e9 en el rendimiento estable de los materiales en procesos reales y proporcionando a los clientes productos fiables y un apoyo de comunicaci\u00f3n eficiente.<\/p>\n","protected":false},"excerpt":{"rendered":"<p>Descripci\u00f3n general de los gr\u00e1nulos de nitruro de silicio Los gr\u00e1nulos de nitruro de silicio son materiales cer\u00e1micos inorg\u00e1nicos granulares basados en nitruro de silicio, que poseen una buena estabilidad t\u00e9rmica y resistencia estructural. Se utilizan com\u00fanmente en el moldeo de productos cer\u00e1micos, la s\u00edntesis de materiales, la evaporaci\u00f3n y los procesos a alta temperatura. [&hellip;]<\/p>\n","protected":false},"featured_media":45856,"template":"","meta":{"_acf_changed":false},"product_brand":[132],"product_cat":[340],"product_tag":[6043],"class_list":{"0":"post-45855","1":"product","2":"type-product","3":"status-publish","4":"has-post-thumbnail","6":"product_brand-ulpmat","7":"product_cat-materiales-de-evaporacion","8":"product_tag-nitruro-de-silicio-en-granulos","10":"first","11":"instock","12":"shipping-taxable","13":"product-type-variable"},"acf":[],"_links":{"self":[{"href":"https:\/\/ulpmat.com\/es\/wp-json\/wp\/v2\/product\/45855","targetHints":{"allow":["GET"]}}],"collection":[{"href":"https:\/\/ulpmat.com\/es\/wp-json\/wp\/v2\/product"}],"about":[{"href":"https:\/\/ulpmat.com\/es\/wp-json\/wp\/v2\/types\/product"}],"wp:featuredmedia":[{"embeddable":true,"href":"https:\/\/ulpmat.com\/es\/wp-json\/wp\/v2\/media\/45856"}],"wp:attachment":[{"href":"https:\/\/ulpmat.com\/es\/wp-json\/wp\/v2\/media?parent=45855"}],"wp:term":[{"taxonomy":"product_brand","embeddable":true,"href":"https:\/\/ulpmat.com\/es\/wp-json\/wp\/v2\/product_brand?post=45855"},{"taxonomy":"product_cat","embeddable":true,"href":"https:\/\/ulpmat.com\/es\/wp-json\/wp\/v2\/product_cat?post=45855"},{"taxonomy":"product_tag","embeddable":true,"href":"https:\/\/ulpmat.com\/es\/wp-json\/wp\/v2\/product_tag?post=45855"}],"curies":[{"name":"wp","href":"https:\/\/api.w.org\/{rel}","templated":true}]}}