{"id":45226,"date":"2026-01-20T13:47:51","date_gmt":"2026-01-20T05:47:51","guid":{"rendered":"https:\/\/ulpmat.com\/product\/aleacion-de-silicio-y-germanio-2\/"},"modified":"2026-01-20T13:47:51","modified_gmt":"2026-01-20T05:47:51","slug":"aleacion-de-silicio-y-germanio-2","status":"publish","type":"product","link":"https:\/\/ulpmat.com\/es\/producto\/aleacion-de-silicio-y-germanio-2\/","title":{"rendered":"Aleaci\u00f3n de silicio y germanio"},"content":{"rendered":"<h2><span style=\"font-size: 14pt;\">Descripci\u00f3n general del polvo de aleaci\u00f3n de silicio y germanio<\/span><\/h2>\n<p>El polvo de aleaci\u00f3n<br \/>\n<span style=\"color: #0000ff;\"><a style=\"color: #0000ff;\" href=\"https:\/\/ulpmat.com\/es\/buscar\/?type=name&#038;keyword=Silicon+Germanium\">de silicio y germanio<\/a><\/span><br \/>\nes un polvo de aleaci\u00f3n semiconductor de alto rendimiento con excelentes propiedades termoel\u00e9ctricas, estabilidad t\u00e9rmica y compatibilidad de procesamiento. Se utiliza ampliamente en la investigaci\u00f3n y el desarrollo de materiales termoel\u00e9ctricos, pel\u00edculas delgadas funcionales y dispositivos <span style=\"color: #0000ff;\"><a style=\"color: #0000ff;\" href=\"https:\/\/ulpmat.com\/es\/solicitud\/materiales-semiconductores\/\">semiconductores<\/a><\/span><br \/>\n.<\/p>\n<p>Podemos proporcionar polvo de aleaci\u00f3n de silicio y germanio compatible con el proceso y <span style=\"color: #0000ff;\"><a style=\"color: #0000ff;\" href=\"https:\/\/ulpmat.com\/es\/servicio\/asistencia-tecnica\/\">apoyar<\/a><\/span><br \/>\nla integraci\u00f3n <span style=\"color: #0000ff;\"><a style=\"color: #0000ff;\" href=\"https:\/\/ulpmat.com\/es\/servicio\/asistencia-tecnica\/\">t\u00e9cnica<\/a><\/span><br \/>\ndel tama\u00f1o de las part\u00edculas, la composici\u00f3n y los par\u00e1metros de aplicaci\u00f3n. \u00a1<span style=\"color: #0000ff;\"><a style=\"color: #0000ff;\" href=\"https:\/\/ulpmat.com\/es\/contacto\/\">P\u00f3ngase en contacto con nosotros<\/a><\/span><br \/>\nahora!<\/p>\n<h2><span style=\"font-size: 14pt;\">Caracter\u00edsticas destacadas del producto<\/span><\/h2>\n<p>Excelentes propiedades termoel\u00e9ctricas.<br \/>\nAlta estabilidad t\u00e9rmica.<br \/>\nBuena consistencia de la morfolog\u00eda del polvo.<br \/>\nGran adaptabilidad al proceso.<br \/>\nAdecuado para el desarrollo de pel\u00edculas delgadas funcionales y dispositivos<\/p>\n<h2><span style=\"font-size: 14pt;\">. Aplicaciones del polvo de aleaci\u00f3n de silicio y germanio<\/span><\/h2>\n<p><strong>Desarrollo de materiales termoel\u00e9ctricos:<\/strong><br \/>\nel polvo de aleaci\u00f3n de SiGe se utiliza para preparar dispositivos termoel\u00e9ctricos de alta eficiencia, mejorando la eficiencia de la conversi\u00f3n de energ\u00eda.<br \/>\n<strong>Materiales para dispositivos <span style=\"color: #0000ff;\"><a style=\"color: #0000ff;\" href=\"https:\/\/ulpmat.com\/es\/solicitud\/materiales-semiconductores\/\">semiconductores<\/a><\/span>:<\/strong><br \/>\nadecuado para la investigaci\u00f3n y el desarrollo de dispositivos semiconductores de alto rendimiento y capas funcionales.<br \/>\n<strong>Deposici\u00f3n de pel\u00edculas delgadas y recubrimientos funcionales:<\/strong><br \/>\nse utiliza para preparar pel\u00edculas delgadas funcionales, mejorando las propiedades t\u00e9rmicas y el\u00e9ctricas.<br \/>\nInvestigaci\u00f3n y verificaci\u00f3n de procesos: admite el desarrollo y las pruebas de rendimiento de nuevos procesos de materiales.<\/p>\n<h2><span style=\"color: #0000ff;\"><a style=\"color: #0000ff;\" href=\"https:\/\/ulpmat.com\/es\/empresa\/preguntas-frecuentes\/\"><span style=\"font-size: 14pt;\">Preguntas frecuentes<\/span><\/a><\/span><\/h2>\n<p>P1: \u00bfEn qu\u00e9 campos se utiliza principalmente el polvo de aleaci\u00f3n de silicio y germanio?<br \/>\nR1: Se utiliza principalmente en la investigaci\u00f3n y el desarrollo de materiales termoel\u00e9ctricos, dispositivos semiconductores y pel\u00edculas delgadas funcionales.<\/p>\n<p>P2: \u00bfCu\u00e1l es la estabilidad t\u00e9rmica del polvo de SiGe?<br \/>\nR2: El polvo de aleaci\u00f3n mantiene propiedades f\u00edsicas y qu\u00edmicas estables incluso en condiciones de alta temperatura.<\/p>\n<p>P3: \u00bfLa morfolog\u00eda de las part\u00edculas afecta a las aplicaciones?<br \/>\nR3: Una morfolog\u00eda de part\u00edculas uniforme y estable ayuda a mejorar la consistencia del procesamiento y las propiedades del material.<\/p>\n<p>P4: \u00bfEste polvo de aleaci\u00f3n es adecuado para la preparaci\u00f3n de pel\u00edculas finas?<br \/>\nR4: S\u00ed, se utiliza com\u00fanmente en la deposici\u00f3n de pel\u00edculas finas y la preparaci\u00f3n de capas funcionales para mejorar las propiedades t\u00e9rmicas y el\u00e9ctricas de los materiales.<\/p>\n<h2><span style=\"font-size: 14pt;\">Informe<\/span><\/h2>\n<p>Cada lote se suministra con:<br \/>\n<span style=\"color: #0000ff;\"><a style=\"color: #0000ff;\" href=\"https:\/\/ulpmat.com\/es\/documentos\/certificado-de-analisis\/\"><u>Certificado de an\u00e1lisis (COA)<\/u><\/a><\/span><\/p>\n<p><span style=\"color: #0000ff;\"><a style=\"color: #0000ff;\" href=\"https:\/\/ulpmat.com\/es\/documentos\/ficha-tecnica\/\"><u>Ficha t\u00e9cnica (TDS)<\/u><\/a><\/span><\/p>\n<p><span style=\"color: #0000ff;\"><a style=\"color: #0000ff;\" href=\"https:\/\/ulpmat.com\/es\/documentos\/ficha-de-datos-de-seguridad\/\"><u>Ficha de datos de seguridad (MSDS)<\/u><\/a><\/span><br \/>\nInformes de pruebas de terceros disponibles bajo petici\u00f3n<\/p>\n<h2><span style=\"font-size: 14pt;\">\u00bfPor qu\u00e9 elegirnos?<\/span><\/h2>\n<p>Nos especializamos en materiales en polvo funcionales, estamos familiarizados con los procesos de semiconductores y materiales termoel\u00e9ctricos, y podemos proporcionar polvo de aleaci\u00f3n de silicio y germanio estable y trazable para ayudar a los clientes a obtener un rendimiento constante y fiable de los materiales a lo largo de las etapas de I+D y aplicaci\u00f3n.<\/p>\n","protected":false},"excerpt":{"rendered":"<p>Descripci\u00f3n general del polvo de aleaci\u00f3n de silicio y germanio El polvo de aleaci\u00f3n de silicio y germanio es un polvo de aleaci\u00f3n semiconductor de alto rendimiento con excelentes propiedades termoel\u00e9ctricas, estabilidad t\u00e9rmica y compatibilidad de procesamiento. Se utiliza ampliamente en la investigaci\u00f3n y el desarrollo de materiales termoel\u00e9ctricos, pel\u00edculas delgadas funcionales y dispositivos semiconductores [&hellip;]<\/p>\n","protected":false},"featured_media":45227,"template":"","meta":{"_acf_changed":false},"product_brand":[],"product_cat":[1189],"product_tag":[5958],"class_list":{"0":"post-45226","1":"product","2":"type-product","3":"status-publish","4":"has-post-thumbnail","6":"product_cat-otros-acidos","7":"product_tag-polvo-de-aleacion-de-silicio-y-germanio","9":"first","10":"instock","11":"shipping-taxable","12":"product-type-variable"},"acf":[],"_links":{"self":[{"href":"https:\/\/ulpmat.com\/es\/wp-json\/wp\/v2\/product\/45226","targetHints":{"allow":["GET"]}}],"collection":[{"href":"https:\/\/ulpmat.com\/es\/wp-json\/wp\/v2\/product"}],"about":[{"href":"https:\/\/ulpmat.com\/es\/wp-json\/wp\/v2\/types\/product"}],"wp:featuredmedia":[{"embeddable":true,"href":"https:\/\/ulpmat.com\/es\/wp-json\/wp\/v2\/media\/45227"}],"wp:attachment":[{"href":"https:\/\/ulpmat.com\/es\/wp-json\/wp\/v2\/media?parent=45226"}],"wp:term":[{"taxonomy":"product_brand","embeddable":true,"href":"https:\/\/ulpmat.com\/es\/wp-json\/wp\/v2\/product_brand?post=45226"},{"taxonomy":"product_cat","embeddable":true,"href":"https:\/\/ulpmat.com\/es\/wp-json\/wp\/v2\/product_cat?post=45226"},{"taxonomy":"product_tag","embeddable":true,"href":"https:\/\/ulpmat.com\/es\/wp-json\/wp\/v2\/product_tag?post=45226"}],"curies":[{"name":"wp","href":"https:\/\/api.w.org\/{rel}","templated":true}]}}