{"id":45202,"date":"2026-01-20T13:47:52","date_gmt":"2026-01-20T05:47:52","guid":{"rendered":"https:\/\/ulpmat.com\/product\/aleacion-de-silicio-y-germanio\/"},"modified":"2026-01-20T13:47:52","modified_gmt":"2026-01-20T05:47:52","slug":"aleacion-de-silicio-y-germanio","status":"publish","type":"product","link":"https:\/\/ulpmat.com\/es\/producto\/aleacion-de-silicio-y-germanio\/","title":{"rendered":"Aleaci\u00f3n de silicio y germanio"},"content":{"rendered":"<h2><span style=\"font-size: 14pt;\">Objetivos de pulverizaci\u00f3n de aleaci\u00f3n de silicio y germanio Descripci\u00f3n general<\/span><\/h2>\n<p>Los objetivos de pulverizaci\u00f3n de aleaci\u00f3n<br \/>\n<span style=\"color: #0000ff;\"><a style=\"color: #0000ff;\" href=\"https:\/\/ulpmat.com\/es\/buscar\/?type=name&#038;keyword=Silicon+Germanium\">de silicio y germanio<\/a><\/span><br \/>\nson objetivos de aleaci\u00f3n adecuados para la preparaci\u00f3n de pel\u00edculas delgadas funcionales altamente estables, que poseen una excelente estabilidad t\u00e9rmica y caracter\u00edsticas de deposici\u00f3n uniformes. Se utilizan ampliamente en la preparaci\u00f3n de dispositivos electr\u00f3nicos, recubrimientos funcionales y pel\u00edculas delgadas termoel\u00e9ctricas.<\/p>\n<p>Podemos proporcionar objetivos de pulverizaci\u00f3n de aleaci\u00f3n de silicio y germanio compatibles con el proceso y <span style=\"color: #0000ff;\"><a style=\"color: #0000ff;\" href=\"https:\/\/ulpmat.com\/es\/servicio\/asistencia-tecnica\/\">apoyar<\/a><\/span><br \/>\nla integraci\u00f3n <span style=\"color: #0000ff;\"><a style=\"color: #0000ff;\" href=\"https:\/\/ulpmat.com\/es\/servicio\/asistencia-tecnica\/\">t\u00e9cnica<\/a><\/span><br \/>\nde la estructura del objetivo y los par\u00e1metros de deposici\u00f3n. \u00a1<span style=\"color: #0000ff;\"><a style=\"color: #0000ff;\" href=\"https:\/\/ulpmat.com\/es\/contacto\/\">P\u00f3ngase en contacto con nosotros<\/a><\/span><br \/>\nahora!<\/p>\n<h2><span style=\"font-size: 14pt;\">Caracter\u00edsticas destacadas del producto<\/span><\/h2>\n<p>Composici\u00f3n estable de la pel\u00edcula<br \/>\nAlta estabilidad t\u00e9rmica<br \/>\nRendimiento de deposici\u00f3n uniforme<br \/>\nFuerte compatibilidad con los procesos<br \/>\nAdecuados para diversos procesos de pulverizaci\u00f3n<\/p>\n<h2><span style=\"font-size: 14pt;\">Aplicaciones de los blancos de pulverizaci\u00f3n de aleaci\u00f3n de silicio y germanio<\/span><\/h2>\n<p><strong>Preparaci\u00f3n de pel\u00edculas delgadas funcionales:<\/strong><br \/>\nlos blancos de aleaci\u00f3n de SiGe son adecuados para preparar pel\u00edculas delgadas funcionales termoel\u00e9ctricas y electr\u00f3nicas, mejorando la estabilidad del rendimiento de la pel\u00edcula.<br \/>\n<strong>Deposici\u00f3n de pel\u00edculas delgadas para dispositivos electr\u00f3nicos:<\/strong><br \/>\nadecuados para la deposici\u00f3n de dispositivos semiconductores y capas funcionales, lo que mejora la fiabilidad y la consistencia del rendimiento de los dispositivos.<br \/>\n<strong>I+D de dispositivos termoel\u00e9ctricos:<\/strong><br \/>\nse utilizan para preparar pel\u00edculas delgadas termoel\u00e9ctricas de alto rendimiento, lo que favorece la investigaci\u00f3n y la optimizaci\u00f3n de los procesos.<br \/>\n<strong>Investigaci\u00f3n y validaci\u00f3n de procesos:<\/strong><br \/>\nfavorece la validaci\u00f3n y la optimizaci\u00f3n de los par\u00e1metros de los nuevos materiales y los procesos de pel\u00edculas delgadas.<\/p>\n<h2><span style=\"color: #0000ff; font-size: 14pt;\"><a style=\"color: #0000ff;\" href=\"https:\/\/ulpmat.com\/es\/empresa\/preguntas-frecuentes\/\">Preguntas frecuentes<\/a><\/span><\/h2>\n<p>P1: \u00bfEn qu\u00e9 campos se utilizan principalmente los blancos de pulverizaci\u00f3n de aleaci\u00f3n de silicio y germanio?<br \/>\nR1: Se utilizan principalmente en la investigaci\u00f3n y el desarrollo de pel\u00edculas delgadas, recubrimientos funcionales y pel\u00edculas delgadas termoel\u00e9ctricas para dispositivos electr\u00f3nicos.<\/p>\n<p>P2: \u00bfC\u00f3mo se comporta este blanco en la deposici\u00f3n a alta temperatura?<br \/>\nR2: El blanco de aleaci\u00f3n mantiene la estabilidad estructural y composicional en condiciones de alta temperatura, lo que garantiza una deposici\u00f3n uniforme de la pel\u00edcula delgada.<\/p>\n<p>P3: \u00bfQu\u00e9 procesos de pulverizaci\u00f3n son adecuados para los blancos de aleaci\u00f3n de SiGe?<br \/>\nR3: Son adecuados para la pulverizaci\u00f3n cat\u00f3dica por magnetr\u00f3n y otros procesos convencionales de deposici\u00f3n de pel\u00edculas delgadas.<\/p>\n<p>P4: \u00bfAfecta la estructura del blanco al rendimiento de la pel\u00edcula?<br \/>\nR4: Una estructura de blanco de aleaci\u00f3n bien dise\u00f1ada ayuda a mejorar la uniformidad de la pel\u00edcula y la estabilidad de la deposici\u00f3n.<\/p>\n<h2><span style=\"font-size: 14pt;\">Informes<\/span><\/h2>\n<p>Cada lote se suministra con:<br \/>\n<span style=\"color: #0000ff;\"><a style=\"color: #0000ff;\" href=\"https:\/\/ulpmat.com\/es\/documentos\/certificado-de-analisis\/\"><u>Certificado de an\u00e1lisis (COA)<\/u><\/a><\/span><\/p>\n<p><span style=\"color: #0000ff;\"><a style=\"color: #0000ff;\" href=\"https:\/\/ulpmat.com\/es\/documentos\/ficha-tecnica\/\"><u>Ficha t\u00e9cnica (TDS)<\/u><\/a><\/span><\/p>\n<p><span style=\"color: #0000ff;\"><a style=\"color: #0000ff;\" href=\"https:\/\/ulpmat.com\/es\/documentos\/ficha-de-datos-de-seguridad\/\"><u>Ficha de datos de seguridad (MSDS)<\/u><\/a><\/span><br \/>\nInforme de inspecci\u00f3n de tama\u00f1o<br \/>\nInformes de pruebas de terceros disponibles bajo petici\u00f3n<\/p>\n<h2><span style=\"font-size: 14pt;\">. \u00bfPor qu\u00e9 elegirnos?<\/span><\/h2>\n<p>Contamos con una amplia experiencia t\u00e9cnica y de suministro en el campo de los blancos de pulverizaci\u00f3n de aleaciones, y podemos proporcionar blancos de pulverizaci\u00f3n de aleaci\u00f3n de silicio y germanio estables y trazables para ayudar a los clientes a lograr una alta consistencia y fiabilidad en la deposici\u00f3n de pel\u00edculas delgadas en las etapas de I+D y producci\u00f3n en masa.<\/p>\n","protected":false},"excerpt":{"rendered":"<p>Objetivos de pulverizaci\u00f3n de aleaci\u00f3n de silicio y germanio Descripci\u00f3n general Los objetivos de pulverizaci\u00f3n de aleaci\u00f3n de silicio y germanio son objetivos de aleaci\u00f3n adecuados para la preparaci\u00f3n de pel\u00edculas delgadas funcionales altamente estables, que poseen una excelente estabilidad t\u00e9rmica y caracter\u00edsticas de deposici\u00f3n uniformes. Se utilizan ampliamente en la preparaci\u00f3n de dispositivos electr\u00f3nicos, [&hellip;]<\/p>\n","protected":false},"featured_media":45203,"template":"","meta":{"_acf_changed":false},"product_brand":[132],"product_cat":[570],"product_tag":[5952],"class_list":{"0":"post-45202","1":"product","2":"type-product","3":"status-publish","4":"has-post-thumbnail","6":"product_brand-ulpmat","7":"product_cat-catodos-para-sputtering-de-aleaciones","8":"product_tag-catodos-para-sputtering-de-aleacion-de-silicio-y-germanio","10":"first","11":"instock","12":"shipping-taxable","13":"product-type-variable"},"acf":[],"_links":{"self":[{"href":"https:\/\/ulpmat.com\/es\/wp-json\/wp\/v2\/product\/45202","targetHints":{"allow":["GET"]}}],"collection":[{"href":"https:\/\/ulpmat.com\/es\/wp-json\/wp\/v2\/product"}],"about":[{"href":"https:\/\/ulpmat.com\/es\/wp-json\/wp\/v2\/types\/product"}],"wp:featuredmedia":[{"embeddable":true,"href":"https:\/\/ulpmat.com\/es\/wp-json\/wp\/v2\/media\/45203"}],"wp:attachment":[{"href":"https:\/\/ulpmat.com\/es\/wp-json\/wp\/v2\/media?parent=45202"}],"wp:term":[{"taxonomy":"product_brand","embeddable":true,"href":"https:\/\/ulpmat.com\/es\/wp-json\/wp\/v2\/product_brand?post=45202"},{"taxonomy":"product_cat","embeddable":true,"href":"https:\/\/ulpmat.com\/es\/wp-json\/wp\/v2\/product_cat?post=45202"},{"taxonomy":"product_tag","embeddable":true,"href":"https:\/\/ulpmat.com\/es\/wp-json\/wp\/v2\/product_tag?post=45202"}],"curies":[{"name":"wp","href":"https:\/\/api.w.org\/{rel}","templated":true}]}}