{"id":45016,"date":"2026-01-20T13:47:54","date_gmt":"2026-01-20T05:47:54","guid":{"rendered":"https:\/\/ulpmat.com\/product\/dioxido-de-silicio-5\/"},"modified":"2026-01-20T13:47:54","modified_gmt":"2026-01-20T05:47:54","slug":"dioxido-de-silicio-5","status":"publish","type":"product","link":"https:\/\/ulpmat.com\/es\/producto\/dioxido-de-silicio-5\/","title":{"rendered":"Di\u00f3xido de silicio"},"content":{"rendered":"<h2><span style=\"font-size: 14pt;\">Descripci\u00f3n general de los gr\u00e1nulos de di\u00f3xido de silicio<\/span><\/h2>\n<p>Los gr\u00e1nulos<br \/>\n<span style=\"color: #0000ff;\"><a style=\"color: #0000ff;\" href=\"https:\/\/ulpmat.com\/es\/buscar\/?type=name&#038;keyword=Silicon+Dioxide\">de di\u00f3xido de silicio<\/a><\/span><br \/>\nson materiales particulados inorg\u00e1nicos de alta pureza con una excelente estabilidad qu\u00edmica y t\u00e9rmica. Se utilizan ampliamente en materiales de recubrimiento, cer\u00e1mica electr\u00f3nica, fabricaci\u00f3n de vidrio y pel\u00edculas delgadas funcionales.<\/p>\n<p>Podemos proporcionar gr\u00e1nulos de di\u00f3xido de silicio compatibles con el proceso y apoyar la integraci\u00f3n t\u00e9cnica de las especificaciones de los gr\u00e1nulos, los par\u00e1metros de aplicaci\u00f3n y las tecnolog\u00edas de procesamiento. \u00a1<span style=\"color: #0000ff;\"><a style=\"color: #0000ff;\" href=\"https:\/\/ulpmat.com\/es\/contacto\/\">P\u00f3ngase en contacto con nosotros<\/a><\/span><br \/>\nahora mismo!<\/p>\n<h2><span style=\"font-size: 14pt;\">Caracter\u00edsticas destacadas del producto<\/span><\/h2>\n<p>Alta inercia qu\u00edmica.<br \/>\nExcelente estabilidad t\u00e9rmica.<br \/>\nTama\u00f1o de part\u00edcula uniforme y buena fluidez.<br \/>\nAdecuado para diversos procesos de procesamiento y deposici\u00f3n.<br \/>\nSe puede utilizar en materiales de recubrimiento, cer\u00e1mica y pel\u00edculas delgadas.<\/p>\n<h2><span style=\"font-size: 14pt;\">Aplicaciones de los gr\u00e1nulos de di\u00f3xido de silicio<\/span><\/h2>\n<p><strong>Materiales de recubrimiento:<\/strong><br \/>\nlos gr\u00e1nulos de SiO\u2082 se pueden utilizar para preparar recubrimientos funcionales y pel\u00edculas delgadas protectoras, mejorando las propiedades de la superficie y la durabilidad.<br \/>\n<strong>Cer\u00e1mica electr\u00f3nica:<\/strong><br \/>\ncomo materia prima para materiales cer\u00e1micos, mejora el rendimiento del aislamiento y la estabilidad t\u00e9rmica de los dispositivos.<br \/>\n<strong>Fabricaci\u00f3n de vidrio:<\/strong><br \/>\nse utilizan en la producci\u00f3n de vidrio y materiales \u00f3pticos, mejorando la uniformidad del material y la estabilidad t\u00e9rmica.<br \/>\n<strong>Investigaci\u00f3n y validaci\u00f3n de procesos:<\/strong><br \/>\napoya la investigaci\u00f3n y el desarrollo y la optimizaci\u00f3n de par\u00e1metros de nuevos materiales y procesos de pel\u00edcula fina.<\/p>\n<h2><span style=\"color: #0000ff;\"><a style=\"color: #0000ff;\" href=\"https:\/\/ulpmat.com\/es\/empresa\/preguntas-frecuentes\/\"><span style=\"font-size: 14pt;\">Preguntas frecuentes<\/span><\/a><\/span><\/h2>\n<p>P1: \u00bfPara qu\u00e9 aplicaciones son adecuados los gr\u00e1nulos de di\u00f3xido de silicio?<br \/>\nR1: Se utilizan principalmente en materiales de recubrimiento, cer\u00e1mica electr\u00f3nica, vidrio y preparaci\u00f3n de pel\u00edculas finas funcionales.<\/p>\n<p>P2: \u00bfSon estables las part\u00edculas de SiO\u2082 a altas temperaturas?<br \/>\nR2: Las part\u00edculas mantienen su estabilidad qu\u00edmica y f\u00edsica incluso a altas temperaturas.<\/p>\n<p>P3: \u00bfAfecta la morfolog\u00eda de las part\u00edculas a las aplicaciones?<br \/>\nR3: Una morfolog\u00eda de part\u00edculas uniforme y estable ayuda a mejorar la consistencia del procesamiento y las propiedades del material.<\/p>\n<p>P4: \u00bfSe pueden utilizar las part\u00edculas de SiO\u2082 directamente en pel\u00edculas finas funcionales?<br \/>\nR4: S\u00ed, se pueden utilizar como materia prima para la deposici\u00f3n de pel\u00edculas finas y recubrimientos funcionales.<\/p>\n<h2><span style=\"font-size: 14pt;\">Informe<\/span><\/h2>\n<p>Cada lote se suministra con:<br \/>\n<span style=\"color: #0000ff;\"><a style=\"color: #0000ff;\" href=\"https:\/\/ulpmat.com\/es\/documentos\/certificado-de-analisis\/\"><u>Certificado de an\u00e1lisis (COA)<\/u><\/a><\/span><\/p>\n<p><span style=\"color: #0000ff;\"><a style=\"color: #0000ff;\" href=\"https:\/\/ulpmat.com\/es\/documentos\/ficha-tecnica\/\"><u>Ficha t\u00e9cnica (TDS)<\/u><\/a><\/span><\/p>\n<p><span style=\"color: #0000ff;\"><a style=\"color: #0000ff;\" href=\"https:\/\/ulpmat.com\/es\/documentos\/ficha-de-datos-de-seguridad\/\"><u>Ficha de datos de seguridad (MSDS)<\/u><\/a><\/span><br \/>\nInforme de inspecci\u00f3n de tama\u00f1o<br \/>\nInformes de pruebas de terceros disponibles bajo petici\u00f3n<\/p>\n<h2><span style=\"font-size: 14pt;\">\u00bfPor qu\u00e9 elegirnos?<\/span><\/h2>\n<p>Nos especializamos en el suministro de materiales particulados inorg\u00e1nicos de alto rendimiento, proporcionando part\u00edculas de di\u00f3xido de silicio estables y trazables para ayudar a los clientes a lograr una alta consistencia y fiabilidad en aplicaciones de I+D y procesos.<\/p>\n","protected":false},"excerpt":{"rendered":"<p>Descripci\u00f3n general de los gr\u00e1nulos de di\u00f3xido de silicio Los gr\u00e1nulos de di\u00f3xido de silicio son materiales particulados inorg\u00e1nicos de alta pureza con una excelente estabilidad qu\u00edmica y t\u00e9rmica. Se utilizan ampliamente en materiales de recubrimiento, cer\u00e1mica electr\u00f3nica, fabricaci\u00f3n de vidrio y pel\u00edculas delgadas funcionales. Podemos proporcionar gr\u00e1nulos de di\u00f3xido de silicio compatibles con el [&hellip;]<\/p>\n","protected":false},"featured_media":45017,"template":"","meta":{"_acf_changed":false},"product_brand":[132],"product_cat":[340],"product_tag":[5922],"class_list":{"0":"post-45016","1":"product","2":"type-product","3":"status-publish","4":"has-post-thumbnail","6":"product_brand-ulpmat","7":"product_cat-materiales-de-evaporacion","8":"product_tag-dioxido-de-silicio-en-granulos","10":"first","11":"instock","12":"shipping-taxable","13":"product-type-variable"},"acf":[],"_links":{"self":[{"href":"https:\/\/ulpmat.com\/es\/wp-json\/wp\/v2\/product\/45016","targetHints":{"allow":["GET"]}}],"collection":[{"href":"https:\/\/ulpmat.com\/es\/wp-json\/wp\/v2\/product"}],"about":[{"href":"https:\/\/ulpmat.com\/es\/wp-json\/wp\/v2\/types\/product"}],"wp:featuredmedia":[{"embeddable":true,"href":"https:\/\/ulpmat.com\/es\/wp-json\/wp\/v2\/media\/45017"}],"wp:attachment":[{"href":"https:\/\/ulpmat.com\/es\/wp-json\/wp\/v2\/media?parent=45016"}],"wp:term":[{"taxonomy":"product_brand","embeddable":true,"href":"https:\/\/ulpmat.com\/es\/wp-json\/wp\/v2\/product_brand?post=45016"},{"taxonomy":"product_cat","embeddable":true,"href":"https:\/\/ulpmat.com\/es\/wp-json\/wp\/v2\/product_cat?post=45016"},{"taxonomy":"product_tag","embeddable":true,"href":"https:\/\/ulpmat.com\/es\/wp-json\/wp\/v2\/product_tag?post=45016"}],"curies":[{"name":"wp","href":"https:\/\/api.w.org\/{rel}","templated":true}]}}