{"id":44878,"date":"2026-01-20T13:47:56","date_gmt":"2026-01-20T05:47:56","guid":{"rendered":"https:\/\/ulpmat.com\/product\/dioxido-de-silicio-2\/"},"modified":"2026-01-20T13:47:56","modified_gmt":"2026-01-20T05:47:56","slug":"dioxido-de-silicio-2","status":"publish","type":"product","link":"https:\/\/ulpmat.com\/es\/producto\/dioxido-de-silicio-2\/","title":{"rendered":"Di\u00f3xido de silicio"},"content":{"rendered":"<h2><span style=\"font-size: 14pt;\">Descripci\u00f3n general del objetivo de anillo de di\u00f3xido de silicio<\/span><\/h2>\n<p>El objetivo de anillo<br \/>\n<span style=\"color: #0000ff;\"><a style=\"color: #0000ff;\" href=\"https:\/\/ulpmat.com\/es\/buscar\/?type=name&#038;keyword=Silicon+Dioxide\">de di\u00f3xido de silicio<\/a><\/span><br \/>\nes un objetivo de anillo cer\u00e1mico de alta pureza dise\u00f1ado espec\u00edficamente para sistemas de pulverizaci\u00f3n cat\u00f3dica por centrifugaci\u00f3n con magnetr\u00f3n, que garantiza la uniformidad y la estabilidad del proceso en la deposici\u00f3n de pel\u00edculas delgadas. Se utiliza ampliamente en la preparaci\u00f3n de pel\u00edculas delgadas <span style=\"color: #0000ff;\"><a style=\"color: #0000ff;\" href=\"https:\/\/ulpmat.com\/es\/solicitud\/materiales-opticos\/\">\u00f3pticas<\/a><\/span><br \/>\n, dispositivos electr\u00f3nicos y recubrimientos protectores.<\/p>\n<p>Ofrecemos objetivos de anillo de SiO2 compatibles con varios sistemas de pulverizaci\u00f3n cat\u00f3dica por centrifugaci\u00f3n y brindamos asistencia t\u00e9cnica para la integraci\u00f3n del tama\u00f1o, la estructura y los par\u00e1metros de deposici\u00f3n del objetivo. \u00a1<span style=\"color: #0000ff;\"><a style=\"color: #0000ff;\" href=\"https:\/\/ulpmat.com\/es\/contacto\/\">P\u00f3ngase en contacto con nosotros<\/a><\/span><br \/>\nahora mismo!<\/p>\n<h2><span style=\"font-size: 14pt;\">Caracter\u00edsticas destacadas del producto<\/span><\/h2>\n<p>Dise\u00f1o en forma de anillo, adecuado para sistemas de pulverizaci\u00f3n cat\u00f3dica por centrifugaci\u00f3n.<br \/>\nAlta estabilidad t\u00e9rmica.<br \/>\nAlta uniformidad en la deposici\u00f3n de pel\u00edculas finas.<br \/>\nGran compatibilidad con los procesos.<br \/>\nLotes estables, buena consistencia<\/p>\n<h2><span style=\"font-size: 14pt;\">. Aplicaciones del blanco anular de di\u00f3xido de silicio<\/span><\/h2>\n<p><strong>Deposici\u00f3n de pel\u00edculas finas <span style=\"color: #0000ff;\"><a style=\"color: #0000ff;\" href=\"https:\/\/ulpmat.com\/es\/solicitud\/materiales-opticos\/\">\u00f3pticas<\/a><\/span>:<\/strong><br \/>\nlos blancos anulares de SiO\u2082 se pueden utilizar para preparar pel\u00edculas transparentes, pel\u00edculas antirreflectantes y otras pel\u00edculas finas con funciones \u00f3pticas.<br \/>\n<strong>Capas funcionales de dispositivos electr\u00f3nicos:<\/strong><br \/>\nadecuados para la deposici\u00f3n de capas funcionales en semiconductores y dispositivos electr\u00f3nicos, lo que mejora la consistencia del rendimiento de los dispositivos.<br \/>\n<strong>Recubrimientos protectores:<\/strong><br \/>\nse utilizan para preparar pel\u00edculas delgadas resistentes a la corrosi\u00f3n y protectoras, lo que mejora las propiedades de la superficie del material.<br \/>\n<strong>Investigaci\u00f3n y optimizaci\u00f3n de procesos:<\/strong><br \/>\nadmite la investigaci\u00f3n sobre nuevos procesos de pel\u00edcula delgada y la optimizaci\u00f3n y verificaci\u00f3n de los par\u00e1metros de pulverizaci\u00f3n por centrifugaci\u00f3n.<\/p>\n<h2><span style=\"color: #0000ff;\"><a style=\"color: #0000ff;\" href=\"https:\/\/ulpmat.com\/es\/empresa\/preguntas-frecuentes\/\"><span style=\"font-size: 14pt;\">Preguntas frecuentes<\/span><\/a><\/span><\/h2>\n<p>P1: \u00bfQu\u00e9 aplicaciones de pulverizaci\u00f3n son adecuadas para los objetivos de anillo de SiO\u2082?<br \/>\nR1: Se utilizan principalmente para la deposici\u00f3n por pulverizaci\u00f3n cat\u00f3dica giratoria de pel\u00edculas delgadas \u00f3pticas, capas funcionales para dispositivos electr\u00f3nicos y recubrimientos protectores.<\/p>\n<p>P2: \u00bfCu\u00e1les son las ventajas de los blancos anulares en comparaci\u00f3n con los blancos planos?<br \/>\nR2: El dise\u00f1o del blanco anular es adecuado para los sistemas de pulverizaci\u00f3n cat\u00f3dica giratoria, ya que mejora la uniformidad del espesor de la pel\u00edcula y la utilizaci\u00f3n del material.<\/p>\n<p>P3: \u00bfSon estables los blancos anulares de SiO\u2082 durante la deposici\u00f3n a alta temperatura?<br \/>\nR3: El material cer\u00e1mico de alta pureza garantiza que el blanco mantenga la estabilidad estructural y de deposici\u00f3n en condiciones de alta temperatura.<\/p>\n<p>P4: \u00bfEl dise\u00f1o del blanco anular afecta al rendimiento de la pel\u00edcula?<br \/>\nR4: Una forma anular bien dise\u00f1ada contribuye a una deposici\u00f3n uniforme, mejorando el espesor de la pel\u00edcula y la consistencia de la composici\u00f3n.<\/p>\n<h2><span style=\"font-size: 14pt;\">Informes<\/span><\/h2>\n<p>Cada lote se suministra con:<br \/>\n<span style=\"color: #0000ff;\"><a style=\"color: #0000ff;\" href=\"https:\/\/ulpmat.com\/es\/documentos\/certificado-de-analisis\/\"><u>Certificado de an\u00e1lisis (COA)<\/u><\/a><\/span><\/p>\n<p><span style=\"color: #0000ff;\"><a style=\"color: #0000ff;\" href=\"https:\/\/ulpmat.com\/es\/documentos\/ficha-tecnica\/\"><u>Ficha t\u00e9cnica (TDS)<\/u><\/a><\/span><\/p>\n<p><span style=\"color: #0000ff;\"><a style=\"color: #0000ff;\" href=\"https:\/\/ulpmat.com\/es\/documentos\/ficha-de-datos-de-seguridad\/\"><u>Ficha de datos de seguridad (MSDS)<\/u><\/a><\/span><br \/>\nInforme de inspecci\u00f3n de tama\u00f1o<br \/>\nInformes de pruebas de terceros disponibles bajo petici\u00f3n<\/p>\n<h2><span style=\"font-size: 14pt;\">. \u00bfPor qu\u00e9 elegirnos?<\/span><\/h2>\n<p>Contamos con una amplia experiencia t\u00e9cnica y de suministro en el campo de los objetivos giratorios cer\u00e1micos, y podemos proporcionar objetivos anulares de di\u00f3xido de silicio estables y trazables para ayudar a los clientes a lograr una alta uniformidad y fiabilidad en la deposici\u00f3n de pel\u00edculas finas en sistemas de pulverizaci\u00f3n giratorios.<\/p>\n","protected":false},"excerpt":{"rendered":"<p>Descripci\u00f3n general del objetivo de anillo de di\u00f3xido de silicio El objetivo de anillo de di\u00f3xido de silicio es un objetivo de anillo cer\u00e1mico de alta pureza dise\u00f1ado espec\u00edficamente para sistemas de pulverizaci\u00f3n cat\u00f3dica por centrifugaci\u00f3n con magnetr\u00f3n, que garantiza la uniformidad y la estabilidad del proceso en la deposici\u00f3n de pel\u00edculas delgadas. Se utiliza [&hellip;]<\/p>\n","protected":false},"featured_media":44879,"template":"","meta":{"_acf_changed":false},"product_brand":[132],"product_cat":[457,474],"product_tag":[5904],"class_list":{"0":"post-44878","1":"product","2":"type-product","3":"status-publish","4":"has-post-thumbnail","6":"product_brand-ulpmat","7":"product_cat-blanco-ceramico-para-sputtering","8":"product_cat-blancos-giratorios","9":"product_tag-blanco-anular-de-dioxido-de-silicio","11":"first","12":"instock","13":"shipping-taxable","14":"product-type-variable"},"acf":[],"_links":{"self":[{"href":"https:\/\/ulpmat.com\/es\/wp-json\/wp\/v2\/product\/44878","targetHints":{"allow":["GET"]}}],"collection":[{"href":"https:\/\/ulpmat.com\/es\/wp-json\/wp\/v2\/product"}],"about":[{"href":"https:\/\/ulpmat.com\/es\/wp-json\/wp\/v2\/types\/product"}],"wp:featuredmedia":[{"embeddable":true,"href":"https:\/\/ulpmat.com\/es\/wp-json\/wp\/v2\/media\/44879"}],"wp:attachment":[{"href":"https:\/\/ulpmat.com\/es\/wp-json\/wp\/v2\/media?parent=44878"}],"wp:term":[{"taxonomy":"product_brand","embeddable":true,"href":"https:\/\/ulpmat.com\/es\/wp-json\/wp\/v2\/product_brand?post=44878"},{"taxonomy":"product_cat","embeddable":true,"href":"https:\/\/ulpmat.com\/es\/wp-json\/wp\/v2\/product_cat?post=44878"},{"taxonomy":"product_tag","embeddable":true,"href":"https:\/\/ulpmat.com\/es\/wp-json\/wp\/v2\/product_tag?post=44878"}],"curies":[{"name":"wp","href":"https:\/\/api.w.org\/{rel}","templated":true}]}}