{"id":44857,"date":"2026-01-20T13:47:57","date_gmt":"2026-01-20T05:47:57","guid":{"rendered":"https:\/\/ulpmat.com\/product\/dioxido-de-silicio\/"},"modified":"2026-01-20T13:47:57","modified_gmt":"2026-01-20T05:47:57","slug":"dioxido-de-silicio","status":"publish","type":"product","link":"https:\/\/ulpmat.com\/es\/producto\/dioxido-de-silicio\/","title":{"rendered":"Di\u00f3xido de silicio"},"content":{"rendered":"<h2><span style=\"font-size: 14pt;\">Descripci\u00f3n general de la oblea de di\u00f3xido de silicio<\/span><\/h2>\n<p>La oblea<br \/>\n<span style=\"color: #0000ff;\"><a style=\"color: #0000ff;\" href=\"https:\/\/ulpmat.com\/es\/buscar\/?type=name&#038;keyword=Silicon+Dioxid\"><span style=\"color: #0000ff;\">d<\/span><\/a>e<a style=\"color: #0000ff;\" href=\"https:\/\/ulpmat.com\/es\/buscar\/?type=name&#038;keyword=Silicon+Dioxid\"> <span style=\"color: #0000ff;\">di\u00f3xido<\/span> de silicio<\/a><\/span><br \/>\nes una l\u00e1mina de \u00f3xido de silicio de alta pureza con excelente estabilidad t\u00e9rmica, inercia qu\u00edmica y planitud superficial. Se utiliza ampliamente en la fabricaci\u00f3n de semiconductores, dispositivos microelectr\u00f3nicos y deposici\u00f3n de pel\u00edculas delgadas <span style=\"color: #0000ff;\"><a style=\"color: #0000ff;\" href=\"https:\/\/ulpmat.com\/es\/solicitud\/materiales-opticos\/\">\u00f3pticas<\/a><\/span><br \/>\n.<\/p>\n<p>Ofrecemos obleas de SiO2 en diversas especificaciones y proporcionamos asistencia t\u00e9cnica para la integraci\u00f3n en cuanto a tama\u00f1o, grosor y adecuaci\u00f3n de procesos. \u00a1<span style=\"color: #0000ff;\"><a style=\"color: #0000ff;\" href=\"https:\/\/ulpmat.com\/es\/solicitud\/materiales-opticos\/\">P\u00f3ngase en contacto con nosotros<\/a><\/span><br \/>\nahora mismo!<\/p>\n<h2><span style=\"font-size: 14pt;\">Caracter\u00edsticas destacadas del producto<\/span><\/h2>\n<p>Alta estabilidad t\u00e9rmica e inercia qu\u00edmica.<br \/>\nSuperficie lisa con alta planitud.<br \/>\nTama\u00f1o y grosor personalizables.<br \/>\nAdecuadas para procesos de semiconductores y pel\u00edculas \u00f3pticas delgadas.<br \/>\nFuerte compatibilidad con los procesos.<\/p>\n<h2><span style=\"font-size: 14pt;\">Aplicaciones de las obleas de di\u00f3xido de silicio<\/span><\/h2>\n<p><strong>Fabricaci\u00f3n de dispositivos <span style=\"color: #0000ff;\"><a style=\"color: #0000ff;\" href=\"https:\/\/ulpmat.com\/es\/solicitud\/materiales-semiconductores\/\">semiconductores<\/a><\/span>:<\/strong><br \/>\nlas obleas de SiO\u2082 se pueden utilizar como sustratos o materiales aislantes para dispositivos electr\u00f3nicos, mejorando el rendimiento y la fiabilidad de los mismos.<br \/>\n<strong>Deposici\u00f3n de pel\u00edculas finas microelectr\u00f3nicas:<\/strong><br \/>\nse utilizan para la preparaci\u00f3n de pel\u00edculas finas microelectr\u00f3nicas, lo que garantiza la adhesi\u00f3n de la pel\u00edcula y la uniformidad del espesor.<br \/>\n<strong>Aplicaciones de pel\u00edculas finas <span style=\"color: #0000ff;\"><a style=\"color: #0000ff;\" href=\"https:\/\/ulpmat.com\/es\/solicitud\/materiales-opticos\/\">\u00f3pticas<\/a><\/span>:<\/strong><br \/>\nadecuadas para la preparaci\u00f3n de pel\u00edculas funcionales \u00f3pticas, pel\u00edculas antirreflectantes y pel\u00edculas conductoras transparentes.<br \/>\n<strong>Investigaci\u00f3n y validaci\u00f3n de procesos:<\/strong><br \/>\nApoya la investigaci\u00f3n sobre nuevos materiales y procesos de pel\u00edcula delgada, validando los par\u00e1metros de deposici\u00f3n y los efectos del proceso.<\/p>\n<h2><span style=\"font-size: 14pt;\">Preguntas frecuentes<\/span><\/h2>\n<p>P1: \u00bfEn qu\u00e9 procesos se pueden utilizar las obleas de SiO\u2082?<br \/>\nR1: Se utilizan principalmente en la fabricaci\u00f3n de dispositivos semiconductores, la deposici\u00f3n de pel\u00edculas delgadas microelectr\u00f3nicas y la fabricaci\u00f3n de pel\u00edculas delgadas \u00f3pticas.<\/p>\n<p>P2: \u00bfSon estables las obleas de \u00f3xido de silicio en procesos a alta temperatura?<br \/>\nR2: Las obleas de SiO\u2082 tienen una alta estabilidad t\u00e9rmica y pueden mantener su estructura y rendimiento en procesos a alta temperatura.<\/p>\n<p>P3: \u00bfLa planitud de la superficie de la oblea afecta a la aplicaci\u00f3n?<br \/>\nR3: Una alta planitud garantiza una deposici\u00f3n uniforme de la pel\u00edcula delgada y un rendimiento constante del dispositivo.<\/p>\n<p>P4: \u00bfSe pueden utilizar las obleas de SiO\u2082 directamente para la deposici\u00f3n de pel\u00edculas delgadas?<br \/>\nR4: S\u00ed, son adecuadas para sustratos utilizados en la deposici\u00f3n de pel\u00edculas delgadas semiconductoras y \u00f3pticas funcionales.<\/p>\n<h2><span style=\"font-size: 14pt;\">Informes<\/span><\/h2>\n<p>Cada lote se suministra con:<br \/>\n<span style=\"color: #0000ff;\"><a style=\"color: #0000ff;\" href=\"https:\/\/ulpmat.com\/es\/documentos\/certificado-de-analisis\/\"><u>Certificado de an\u00e1lisis (COA)<\/u><\/a><\/span><\/p>\n<p><span style=\"color: #0000ff;\"><a style=\"color: #0000ff;\" href=\"https:\/\/ulpmat.com\/es\/documentos\/ficha-tecnica\/\"><u>Ficha t\u00e9cnica (TDS)<\/u><\/a><\/span><\/p>\n<p><span style=\"color: #0000ff;\"><a style=\"color: #0000ff;\" href=\"https:\/\/ulpmat.com\/es\/documentos\/ficha-de-datos-de-seguridad\/\"><u>Ficha de datos de seguridad (MSDS)<\/u><\/a><\/span><br \/>\nInforme de inspecci\u00f3n de tama\u00f1o<br \/>\nInformes de pruebas de terceros disponibles bajo petici\u00f3n<\/p>\n<h2><span style=\"font-size: 14pt;\">\u00bfPor qu\u00e9 elegirnos?<\/span><\/h2>\n<p>Contamos con una amplia experiencia en el campo del suministro de obleas de \u00f3xido de silicio y podemos proporcionar obleas de SiO\u2082 altamente estables y trazables para ayudar a los clientes a lograr consistencia y fiabilidad en la deposici\u00f3n de pel\u00edculas delgadas y la fabricaci\u00f3n de dispositivos durante las etapas de I+D y aplicaci\u00f3n.<\/p>\n","protected":false},"excerpt":{"rendered":"<p>Descripci\u00f3n general de la oblea de di\u00f3xido de silicio La oblea de di\u00f3xido de silicio es una l\u00e1mina de \u00f3xido de silicio de alta pureza con excelente estabilidad t\u00e9rmica, inercia qu\u00edmica y planitud superficial. Se utiliza ampliamente en la fabricaci\u00f3n de semiconductores, dispositivos microelectr\u00f3nicos y deposici\u00f3n de pel\u00edculas delgadas \u00f3pticas . Ofrecemos obleas de SiO2 [&hellip;]<\/p>\n","protected":false},"featured_media":44858,"template":"","meta":{"_acf_changed":false},"product_brand":[],"product_cat":[408],"product_tag":[5899],"class_list":{"0":"post-44857","1":"product","2":"type-product","3":"status-publish","4":"has-post-thumbnail","6":"product_cat-otros-materiales","7":"product_tag-oblea-de-dioxido-de-silicio","9":"first","10":"instock","11":"shipping-taxable","12":"product-type-variable"},"acf":[],"_links":{"self":[{"href":"https:\/\/ulpmat.com\/es\/wp-json\/wp\/v2\/product\/44857","targetHints":{"allow":["GET"]}}],"collection":[{"href":"https:\/\/ulpmat.com\/es\/wp-json\/wp\/v2\/product"}],"about":[{"href":"https:\/\/ulpmat.com\/es\/wp-json\/wp\/v2\/types\/product"}],"wp:featuredmedia":[{"embeddable":true,"href":"https:\/\/ulpmat.com\/es\/wp-json\/wp\/v2\/media\/44858"}],"wp:attachment":[{"href":"https:\/\/ulpmat.com\/es\/wp-json\/wp\/v2\/media?parent=44857"}],"wp:term":[{"taxonomy":"product_brand","embeddable":true,"href":"https:\/\/ulpmat.com\/es\/wp-json\/wp\/v2\/product_brand?post=44857"},{"taxonomy":"product_cat","embeddable":true,"href":"https:\/\/ulpmat.com\/es\/wp-json\/wp\/v2\/product_cat?post=44857"},{"taxonomy":"product_tag","embeddable":true,"href":"https:\/\/ulpmat.com\/es\/wp-json\/wp\/v2\/product_tag?post=44857"}],"curies":[{"name":"wp","href":"https:\/\/api.w.org\/{rel}","templated":true}]}}