{"id":44570,"date":"2026-01-23T11:37:46","date_gmt":"2026-01-23T03:37:46","guid":{"rendered":"https:\/\/ulpmat.com\/product\/titanio-metalico\/"},"modified":"2026-01-23T11:37:46","modified_gmt":"2026-01-23T03:37:46","slug":"titanio-metalico","status":"publish","type":"product","link":"https:\/\/ulpmat.com\/es\/producto\/titanio-metalico\/","title":{"rendered":"Titanio met\u00e1lico"},"content":{"rendered":"<h2><span style=\"font-size: 14pt;\">Descripci\u00f3n general del blanco rotatorio de titanio<\/span><\/h2>\n<p>El blanco rotatorio<br \/>\n<span style=\"color: #0000ff;\"><a style=\"color: #0000ff;\" href=\"https:\/\/ulpmat.com\/es\/buscar\/?type=name&#038;keyword=Titanium+metal\">de titanio<\/a><\/span><br \/>\nest\u00e1 dise\u00f1ado para procesos de recubrimiento PVD continuos y de gran superficie, lo que permite una deposici\u00f3n estable y eficiente de pel\u00edculas delgadas de titanio. Se utiliza ampliamente en pantallas planas, recubrimientos de vidrio arquitect\u00f3nico, pel\u00edculas <span style=\"color: #0000ff;\"><a style=\"color: #0000ff;\" href=\"https:\/\/ulpmat.com\/es\/solicitud\/materiales-opticos\/\">\u00f3pticas<\/a><\/span><br \/>\ne ingenier\u00eda de superficies industriales.<\/p>\n<p>Nuestros blancos rotatorios de titanio est\u00e1n dise\u00f1ados para una erosi\u00f3n uniforme y una larga vida \u00fatil. P\u00f3ngase en contacto con nosotros para hablar sobre la compatibilidad del proceso y los requisitos de rendimiento del recubrimiento.<\/p>\n<h2><span style=\"font-size: 14pt;\">Caracter\u00edsticas destacadas del producto<\/span><\/h2>\n<p>Material de titanio de densidad completa<br \/>\nPerfil de erosi\u00f3n uniforme<br \/>\nAlta tasa de utilizaci\u00f3n del objetivo<br \/>\nComportamiento de pulverizaci\u00f3n estable<br \/>\nBaja generaci\u00f3n de defectos<br \/>\nAdecuado para pulverizaci\u00f3n de alta potencia<br \/>\nCapacidad de recubrimiento de grandes superficies<br \/>\nExcelente conductividad t\u00e9rmica<\/p>\n<h2><span style=\"font-size: 14pt;\">Aplicaciones del objetivo giratorio de titanio<\/span><\/h2>\n<p><strong>Recubrimientos para pantallas planas:<\/strong><br \/>\nlos objetivos giratorios de titanio permiten la pulverizaci\u00f3n continua en la fabricaci\u00f3n de pantallas, proporcionando un espesor y una composici\u00f3n estables de la pel\u00edcula en grandes \u00e1reas de sustrato.<br \/>\n<strong>Pel\u00edculas funcionales <span style=\"color: #0000ff;\"><a style=\"color: #0000ff;\" href=\"https:\/\/ulpmat.com\/es\/solicitud\/materiales-opticos\/\">\u00f3pticas<\/a><\/span>:<\/strong><br \/>\nLos objetivos rotativos de titanio permiten la deposici\u00f3n uniforme de capas \u00f3pticas en sistemas de recubrimiento a gran escala, lo que mejora la repetibilidad y el rendimiento del recubrimiento.<br \/>\n<strong>Ingenier\u00eda de superficies industriales:<\/strong><br \/>\nLos recubrimientos de titanio producidos mediante pulverizaci\u00f3n rotativa se aplican para mejorar la resistencia al desgaste, la protecci\u00f3n contra la corrosi\u00f3n y la funcionalidad de la superficie de los componentes industriales.<br \/>\n<strong>L\u00edneas de producci\u00f3n de alto rendimiento:<\/strong><br \/>\nEl dise\u00f1o rotativo permite ciclos de pulverizaci\u00f3n ininterrumpidos m\u00e1s largos, lo que hace que los objetivos rotativos de titanio sean adecuados para entornos de producci\u00f3n en masa.<\/p>\n<h2><span style=\"color: #0000ff;\"><a style=\"color: #0000ff;\" href=\"https:\/\/ulpmat.com\/es\/empresa\/preguntas-frecuentes\/\"><span style=\"font-size: 14pt;\">Preguntas frecuentes<\/span><\/a><\/span><\/h2>\n<p>P1: \u00bfPor qu\u00e9 se prefieren los blancos rotativos para el recubrimiento de titanio en grandes superficies?<br \/>\nR1: Los blancos rotativos proporcionan una erosi\u00f3n m\u00e1s uniforme y una mayor utilizaci\u00f3n del material, lo que ayuda a mantener tasas de deposici\u00f3n estables en sustratos grandes.<\/p>\n<p>P2: \u00bfC\u00f3mo influye la pulverizaci\u00f3n rotativa en la uniformidad del espesor de la pel\u00edcula?<br \/>\nR2: La rotaci\u00f3n continua garantiza un consumo uniforme del blanco, lo que reduce la variaci\u00f3n del espesor y mejora la consistencia de la pel\u00edcula durante ciclos de recubrimiento largos.<\/p>\n<p>P3: \u00bfSon los blancos rotativos de titanio adecuados para un funcionamiento de alta potencia?<br \/>\nR3: S\u00ed, la estructura rotativa mejora la disipaci\u00f3n del calor, lo que permite una pulverizaci\u00f3n estable con densidades de potencia m\u00e1s altas.<\/p>\n<p>P4: \u00bfQu\u00e9 sistemas de recubrimiento utilizan habitualmente blancos rotativos de titanio?<br \/>\nR4: Se utilizan habitualmente en sistemas de pulverizaci\u00f3n en l\u00ednea para el recubrimiento de vidrio, la fabricaci\u00f3n de pantallas y l\u00edneas de PVD a escala industrial.<\/p>\n<h2><span style=\"font-size: 14pt;\">Informe<\/span><\/h2>\n<p>Cada lote se suministra con:<br \/>\n<span style=\"color: #0000ff;\"><a style=\"color: #0000ff;\" href=\"https:\/\/ulpmat.com\/es\/documentos\/certificado-de-analisis\/\"><u>Certificado de an\u00e1lisis (COA)<\/u><\/a><\/span><\/p>\n<p><span style=\"color: #0000ff;\"><a style=\"color: #0000ff;\" href=\"https:\/\/ulpmat.com\/es\/documentos\/ficha-tecnica\/\"><u>Ficha t\u00e9cnica (TDS)<\/u><\/a><\/span><\/p>\n<p><span style=\"color: #0000ff;\"><a style=\"color: #0000ff;\" href=\"https:\/\/ulpmat.com\/es\/documentos\/ficha-de-datos-de-seguridad\/\"><u>Ficha de datos de seguridad (MSDS)<\/u><\/a><\/span><br \/>\nInforme de inspecci\u00f3n de tama\u00f1o<br \/>\nInformes de pruebas de terceros disponibles bajo petici\u00f3n<\/p>\n<h2><span style=\"font-size: 14pt;\">\u00bfPor qu\u00e9 elegirnos?<\/span><\/h2>\n<p>Nos centramos en materiales de pulverizaci\u00f3n rotativos dise\u00f1ados para ofrecer estabilidad y longevidad, lo que permite una deposici\u00f3n uniforme de pel\u00edcula de titanio en entornos de recubrimiento de alto rendimiento.<\/p>\n","protected":false},"excerpt":{"rendered":"<p>Descripci\u00f3n general del blanco rotatorio de titanio El blanco rotatorio de titanio est\u00e1 dise\u00f1ado para procesos de recubrimiento PVD continuos y de gran superficie, lo que permite una deposici\u00f3n estable y eficiente de pel\u00edculas delgadas de titanio. Se utiliza ampliamente en pantallas planas, recubrimientos de vidrio arquitect\u00f3nico, pel\u00edculas \u00f3pticas e ingenier\u00eda de superficies industriales. Nuestros [&hellip;]<\/p>\n","protected":false},"featured_media":44571,"template":"","meta":{"_acf_changed":false},"product_brand":[],"product_cat":[309,474],"product_tag":[5857],"class_list":{"0":"post-44570","1":"product","2":"type-product","3":"status-publish","4":"has-post-thumbnail","6":"product_cat-blanco-metalico-para-sputtering","7":"product_cat-blancos-giratorios","8":"product_tag-blanco-giratorio-de-metal-de-titanio","10":"first","11":"instock","12":"shipping-taxable","13":"product-type-variable"},"acf":[],"_links":{"self":[{"href":"https:\/\/ulpmat.com\/es\/wp-json\/wp\/v2\/product\/44570","targetHints":{"allow":["GET"]}}],"collection":[{"href":"https:\/\/ulpmat.com\/es\/wp-json\/wp\/v2\/product"}],"about":[{"href":"https:\/\/ulpmat.com\/es\/wp-json\/wp\/v2\/types\/product"}],"wp:featuredmedia":[{"embeddable":true,"href":"https:\/\/ulpmat.com\/es\/wp-json\/wp\/v2\/media\/44571"}],"wp:attachment":[{"href":"https:\/\/ulpmat.com\/es\/wp-json\/wp\/v2\/media?parent=44570"}],"wp:term":[{"taxonomy":"product_brand","embeddable":true,"href":"https:\/\/ulpmat.com\/es\/wp-json\/wp\/v2\/product_brand?post=44570"},{"taxonomy":"product_cat","embeddable":true,"href":"https:\/\/ulpmat.com\/es\/wp-json\/wp\/v2\/product_cat?post=44570"},{"taxonomy":"product_tag","embeddable":true,"href":"https:\/\/ulpmat.com\/es\/wp-json\/wp\/v2\/product_tag?post=44570"}],"curies":[{"name":"wp","href":"https:\/\/api.w.org\/{rel}","templated":true}]}}