{"id":44543,"date":"2026-01-23T11:37:47","date_gmt":"2026-01-23T03:37:47","guid":{"rendered":"https:\/\/ulpmat.com\/product\/titanio-aluminio-vanadio\/"},"modified":"2026-01-23T11:37:47","modified_gmt":"2026-01-23T03:37:47","slug":"titanio-aluminio-vanadio","status":"publish","type":"product","link":"https:\/\/ulpmat.com\/es\/producto\/titanio-aluminio-vanadio\/","title":{"rendered":"Titanio Aluminio Vanadio"},"content":{"rendered":"<h2><span style=\"font-size: 14pt;\">Polvo esf\u00e9rico de titanio, aluminio y vanadio Descripci\u00f3n general<\/span><\/h2>\n<p>El polvo esf\u00e9rico<br \/>\n<span style=\"color: #0000ff;\"><a style=\"color: #0000ff;\" href=\"https:\/\/ulpmat.com\/es\/buscar\/?type=name&#038;keyword=Titanium+Aluminium+Vanadium\">de titanio, aluminio y vanadio<\/a><\/span><br \/>\nes un polvo prealeado a base de titanio con una excelente relaci\u00f3n resistencia-peso y resistencia a la corrosi\u00f3n. Se utiliza ampliamente en la fabricaci\u00f3n aditiva, la metalurgia de polvos y los campos aeroespacial y biom\u00e9dico avanzados.<\/p>\n<p>Suministramos polvo esf\u00e9rico de titanio, aluminio y vanadio con morfolog\u00eda y fluidez de part\u00edculas controlables para garantizar un rendimiento de procesamiento estable. <span style=\"color: #0000ff;\"><a style=\"color: #0000ff;\" href=\"https:\/\/ulpmat.com\/es\/contacto\/\">P\u00f3ngase en contacto con nosotros<\/a><\/span><br \/>\npara que le proporcionemos el producto adecuado para sus necesidades de fabricaci\u00f3n.<\/p>\n<h2><span style=\"font-size: 14pt;\">Caracter\u00edsticas destacadas del producto<\/span><\/h2>\n<p>Composici\u00f3n Ti-Al-V prealeada<br \/>\nPart\u00edculas altamente esf\u00e9ricas<br \/>\nExcelente fluidez<br \/>\nDistribuci\u00f3n estrecha del tama\u00f1o de las part\u00edculas<br \/>\nBajo contenido de ox\u00edgeno<br \/>\nAlta densidad aparente<br \/>\nPropiedades de fusi\u00f3n estables<br \/>\nAdecuado para procesos de fabricaci\u00f3n aditiva (AM) y metalurgia de polvos (PM)<\/p>\n<h2><span style=\"font-size: 14pt;\">Aplicaciones del polvo esf\u00e9rico de titanio<\/span><\/h2>\n<p>,<\/p>\n<h2><span style=\"font-size: 14pt;\">aluminio y vanadio<\/span><\/h2>\n<p><strong>Fabricaci\u00f3n aditiva (<span style=\"color: #0000ff;\"><a style=\"color: #0000ff;\" href=\"https:\/\/ulpmat.com\/es\/solicitud\/impresion-3d\/\">impresi\u00f3n 3D<\/a><\/span>):<\/strong><br \/>\nSe utiliza habitualmente en procesos de fusi\u00f3n por l\u00e1ser de lecho de polvo (LPBF) y fusi\u00f3n por haz de electrones (EBM) para producir piezas met\u00e1licas ligeras y de alta resistencia.<br \/>\n<strong>Componentes aeroespaciales:<\/strong><br \/>\nSe utiliza en estructuras aeroespaciales y componentes de motores que requieren alta resistencia mec\u00e1nica, resistencia a la fatiga y baja densidad.<br \/>\n<strong>Implantes biom\u00e9dicos:<\/strong><br \/>\nSe utiliza en la fabricaci\u00f3n de implantes ortop\u00e9dicos y dentales debido a su buena biocompatibilidad y resistencia a la corrosi\u00f3n.<br \/>\n<strong>Metalurgia de polvos:<\/strong><br \/>\nLa morfolog\u00eda esf\u00e9rica mejora la eficiencia de apilamiento y la uniformidad de sinterizaci\u00f3n, lo que la hace adecuada para la metalurgia de polvos y el conformado cercano a la forma final.<\/p>\n<h2><span style=\"font-size: 14pt;\"><strong><span style=\"color: #0000ff;\"><a style=\"color: #0000ff;\" href=\"https:\/\/ulpmat.com\/es\/empresa\/preguntas-frecuentes\/\">Preguntas frecuentes<\/a><\/span><\/strong><\/span><\/h2>\n<p>P1: \u00bfPor qu\u00e9 es importante la morfolog\u00eda esf\u00e9rica para el polvo de Ti-Al-V?<br \/>\nR1: Las part\u00edculas esf\u00e9ricas mejoran la fluidez, la uniformidad de las capas y la consistencia de la distribuci\u00f3n del polvo en los procesos de fabricaci\u00f3n aditiva.<\/p>\n<p>P2: \u00bfSe suministra el polvo de Ti-Al-V como material prealeado?<br \/>\nR2: S\u00ed, normalmente se suministra como polvo prealeado para garantizar una composici\u00f3n qu\u00edmica uniforme y un comportamiento de fusi\u00f3n estable.<\/p>\n<p>P3: \u00bfQu\u00e9 procesos de fabricaci\u00f3n suelen utilizar polvo esf\u00e9rico de Ti-Al-V?<br \/>\nR3: Se utiliza ampliamente en la fabricaci\u00f3n aditiva, la pulvimetalurgia, el prensado isost\u00e1tico en caliente (HIP) y la investigaci\u00f3n sobre el moldeo por inyecci\u00f3n de metal.<\/p>\n<p>P4: \u00bfC\u00f3mo afecta el contenido de ox\u00edgeno a las propiedades del polvo de Ti-Al-V?<br \/>\nR4: Un menor contenido de ox\u00edgeno ayuda a mantener la ductilidad y las propiedades mec\u00e1nicas de las piezas de aleaci\u00f3n de titanio impresas o sinterizadas. Informes<\/p>\n<h2><span style=\"font-size: 14pt;\">Informe<\/span><\/h2>\n<p><span style=\"color: #0000ff;\"><a style=\"color: #0000ff;\" href=\"https:\/\/ulpmat.com\/es\/documentos\/certificado-de-analisis\/\"><u>Certificado de an\u00e1lisis (COA)<\/u><\/a><\/span><\/p>\n<p><span style=\"color: #0000ff;\"><a style=\"color: #0000ff;\" href=\"https:\/\/ulpmat.com\/es\/documentos\/ficha-tecnica\/\"><u>Ficha t\u00e9cnica (TDS)<\/u><\/a><\/span><\/p>\n<p><span style=\"color: #0000ff;\"><a style=\"color: #0000ff;\" href=\"https:\/\/ulpmat.com\/es\/documentos\/ficha-de-datos-de-seguridad\/\"><u>Ficha de datos de seguridad (MSDS)<\/u><\/a><\/span><br \/>\nSe pueden solicitar informes de pruebas de terceros.<\/p>\n<h2><span style=\"font-size: 14pt;\">\u00bfPor qu\u00e9 elegirnos?<\/span><\/h2>\n<p>Nos especializamos en el suministro de polvos esf\u00e9ricos de aleaci\u00f3n de titanio con un control de calidad estable y una estabilidad de lote fiable, lo que respalda la producci\u00f3n industrial y las aplicaciones de investigaci\u00f3n avanzada.<\/p>\n","protected":false},"excerpt":{"rendered":"<p>Polvo esf\u00e9rico de titanio, aluminio y vanadio Descripci\u00f3n general El polvo esf\u00e9rico de titanio, aluminio y vanadio es un polvo prealeado a base de titanio con una excelente relaci\u00f3n resistencia-peso y resistencia a la corrosi\u00f3n. Se utiliza ampliamente en la fabricaci\u00f3n aditiva, la metalurgia de polvos y los campos aeroespacial y biom\u00e9dico avanzados. Suministramos polvo [&hellip;]<\/p>\n","protected":false},"featured_media":44544,"template":"","meta":{"_acf_changed":false},"product_brand":[132],"product_cat":[1151],"product_tag":[5851],"class_list":{"0":"post-44543","1":"product","2":"type-product","3":"status-publish","4":"has-post-thumbnail","6":"product_brand-ulpmat","7":"product_cat-polvo-esferico-para-impresion-3d","8":"product_tag-titanio-aluminio-vanadio-polvo-esferico","10":"first","11":"instock","12":"shipping-taxable","13":"product-type-variable"},"acf":[],"_links":{"self":[{"href":"https:\/\/ulpmat.com\/es\/wp-json\/wp\/v2\/product\/44543","targetHints":{"allow":["GET"]}}],"collection":[{"href":"https:\/\/ulpmat.com\/es\/wp-json\/wp\/v2\/product"}],"about":[{"href":"https:\/\/ulpmat.com\/es\/wp-json\/wp\/v2\/types\/product"}],"wp:featuredmedia":[{"embeddable":true,"href":"https:\/\/ulpmat.com\/es\/wp-json\/wp\/v2\/media\/44544"}],"wp:attachment":[{"href":"https:\/\/ulpmat.com\/es\/wp-json\/wp\/v2\/media?parent=44543"}],"wp:term":[{"taxonomy":"product_brand","embeddable":true,"href":"https:\/\/ulpmat.com\/es\/wp-json\/wp\/v2\/product_brand?post=44543"},{"taxonomy":"product_cat","embeddable":true,"href":"https:\/\/ulpmat.com\/es\/wp-json\/wp\/v2\/product_cat?post=44543"},{"taxonomy":"product_tag","embeddable":true,"href":"https:\/\/ulpmat.com\/es\/wp-json\/wp\/v2\/product_tag?post=44543"}],"curies":[{"name":"wp","href":"https:\/\/api.w.org\/{rel}","templated":true}]}}