{"id":44505,"date":"2026-01-23T11:37:47","date_gmt":"2026-01-23T03:37:47","guid":{"rendered":"https:\/\/ulpmat.com\/product\/oxido-de-titanio-10\/"},"modified":"2026-01-23T11:37:47","modified_gmt":"2026-01-23T03:37:47","slug":"oxido-de-titanio-10","status":"publish","type":"product","link":"https:\/\/ulpmat.com\/es\/producto\/oxido-de-titanio-10\/","title":{"rendered":"\u00d3xido de titanio"},"content":{"rendered":"<h2><span style=\"font-size: 14pt;\">Descripci\u00f3n general de los gr\u00e1nulos de \u00f3xido de titanio<\/span><\/h2>\n<p>Los gr\u00e1nulos<br \/>\n<span style=\"color: #0000ff;\"><a style=\"color: #0000ff;\" href=\"https:\/\/ulpmat.com\/es\/buscar\/?type=name&#038;keyword=Titanium+oxide\">de \u00f3xido de titanio<\/a><\/span><br \/>\nson materiales de \u00f3xido de metal de transici\u00f3n con buena estabilidad el\u00e9ctrica y qu\u00edmica, que se utilizan com\u00fanmente en la preparaci\u00f3n de cer\u00e1micas funcionales y materiales de pel\u00edcula delgada. Este material tiene amplias aplicaciones en dispositivos electr\u00f3nicos, materiales optoelectr\u00f3nicos y campos cient\u00edficos e industriales relacionados.<\/p>\n<p>Podemos proporcionar gr\u00e1nulos de \u00f3xido de titanio con una composici\u00f3n estable y un tama\u00f1o de part\u00edcula uniforme para satisfacer diversos requisitos de proceso. P\u00f3ngase <span style=\"color: #0000ff;\"><a style=\"color: #0000ff;\" href=\"https:\/\/ulpmat.com\/es\/contacto\/\">en contacto con nosotros<\/a><\/span><br \/>\npara analizar casos de aplicaci\u00f3n espec\u00edficos.<\/p>\n<h2><span style=\"font-size: 14pt;\">Caracter\u00edsticas destacadas del producto<\/span><\/h2>\n<p>\u00d3xido de titanio trivalente estable.<br \/>\nMorfolog\u00eda regular de las part\u00edculas.<br \/>\nBuena estabilidad t\u00e9rmica.<br \/>\nPropiedades qu\u00edmicas estables.<br \/>\nAdecuado para procesos a alta temperatura.<br \/>\nBuena consistencia entre lotes.<br \/>\nF\u00e1cil de procesar y moldear posteriormente<\/p>\n<h2><span style=\"font-size: 14pt;\">. Aplicaciones de los gr\u00e1nulos de \u00f3xido de titanio<\/span><\/h2>\n<p><strong>Materiales cer\u00e1micos funcionales:<\/strong><br \/>\nse pueden utilizar para preparar materiales cer\u00e1micos funcionales con propiedades el\u00e9ctricas o estructurales espec\u00edficas para satisfacer las necesidades de condiciones de funcionamiento complejas y a alta temperatura.<br \/>\n<strong>Materiales de recubrimiento y pel\u00edcula fina:<\/strong><br \/>\ncomo material precursor para la evaporaci\u00f3n o la pulverizaci\u00f3n cat\u00f3dica, se puede utilizar para preparar pel\u00edculas finas funcionales relacionadas con el \u00f3xido de titanio para aplicaciones en electr\u00f3nica y \u00f3ptica.<br \/>\n<strong>Investigaci\u00f3n en electr\u00f3nica y <span style=\"color: #0000ff;\"><a style=\"color: #0000ff;\" href=\"https:\/\/ulpmat.com\/es\/solicitud\/materiales-semiconductores\/\">semiconductores<\/a><\/span>:<\/strong><br \/>\ncomo \u00f3xido de metal de transici\u00f3n, se utiliza com\u00fanmente en investigaciones y experimentos relacionados con la estructura electr\u00f3nica, los mecanismos de conductividad y las propiedades de los materiales.<br \/>\n<strong>Investigaci\u00f3n en ciencia de materiales:<\/strong><br \/>\naplicable a la s\u00edntesis de materiales, la investigaci\u00f3n de transiciones de fase y el desarrollo de nuevos materiales de \u00f3xido.<\/p>\n<h2><span style=\"color: #0000ff;\"><a style=\"color: #0000ff;\" href=\"https:\/\/ulpmat.com\/es\/empresa\/preguntas-frecuentes\/\"><span style=\"font-size: 14pt;\">Preguntas frecuentes<\/span><\/a><\/span><\/h2>\n<p>P1: \u00bfEn qu\u00e9 procesos se utilizan normalmente los gr\u00e1nulos de \u00f3xido de titanio?<br \/>\nR1: En la sinterizaci\u00f3n de cer\u00e1mica, precursores para la preparaci\u00f3n de pel\u00edculas delgadas y s\u00edntesis de materiales y experimentos de investigaci\u00f3n cient\u00edfica.<\/p>\n<p>P2: \u00bfCu\u00e1les son las diferencias en las aplicaciones entre Ti\u2082O\u2083 y TiO\u2082?<br \/>\nR2: Ti\u2082\u2082O\u2083 es un \u00f3xido de titanio de baja valencia con diferentes propiedades el\u00e9ctricas y estructurales, que se utiliza a menudo en la investigaci\u00f3n de materiales funcionales espec\u00edficos, mientras que TiO\u2082 se utiliza m\u00e1s com\u00fanmente en fotocat\u00e1lisis y recubrimientos.<\/p>\n<p>P3: \u00bfSon los gr\u00e1nulos de \u00f3xido de titanio adecuados para entornos de alta temperatura?<br \/>\nR3: En condiciones de atm\u00f3sfera controlada, las part\u00edculas de Ti\u2082O\u2083 presentan una buena estabilidad t\u00e9rmica y son adecuadas para procesos de alta temperatura.<\/p>\n<p>P4: \u00bfSon los gr\u00e1nulos de \u00f3xido de titanio adecuados para la investigaci\u00f3n cient\u00edfica o para aplicaciones industriales?<br \/>\nR4: Estas part\u00edculas pueden utilizarse tanto para experimentos de investigaci\u00f3n cient\u00edfica como para materias primas funcionales en sistemas de materiales industriales.<\/p>\n<h2><span style=\"font-size: 14pt;\">Informe<\/span><\/h2>\n<p>Cada lote se suministra con:<br \/>\n<span style=\"color: #0000ff;\"><a style=\"color: #0000ff;\" href=\"https:\/\/ulpmat.com\/es\/documentos\/certificado-de-analisis\/\"><u>Certificado de an\u00e1lisis (COA)<\/u><\/a><\/span><\/p>\n<p><span style=\"color: #0000ff;\"><a style=\"color: #0000ff;\" href=\"https:\/\/ulpmat.com\/es\/documentos\/ficha-tecnica\/\"><u>Ficha t\u00e9cnica (TDS)<\/u><\/a><\/span><\/p>\n<p><span style=\"color: #0000ff;\"><a style=\"color: #0000ff;\" href=\"https:\/\/ulpmat.com\/es\/documentos\/ficha-de-datos-de-seguridad\/\"><u>Ficha de datos de seguridad (MSDS)<\/u><\/a><\/span><br \/>\nInforme de inspecci\u00f3n de tama\u00f1o<br \/>\nInformes de pruebas de terceros disponibles bajo petici\u00f3n<\/p>\n<h2><span style=\"font-size: 14pt;\">\u00bfPor qu\u00e9 elegirnos?<\/span><\/h2>\n<p>Nos centramos en el suministro estable y el control de calidad de materiales funcionales inorg\u00e1nicos, proporcionando un soporte fiable de material particulado Ti\u2082O\u2083 a clientes de investigaci\u00f3n e industriales.<\/p>\n","protected":false},"excerpt":{"rendered":"<p>Descripci\u00f3n general de los gr\u00e1nulos de \u00f3xido de titanio Los gr\u00e1nulos de \u00f3xido de titanio son materiales de \u00f3xido de metal de transici\u00f3n con buena estabilidad el\u00e9ctrica y qu\u00edmica, que se utilizan com\u00fanmente en la preparaci\u00f3n de cer\u00e1micas funcionales y materiales de pel\u00edcula delgada. Este material tiene amplias aplicaciones en dispositivos electr\u00f3nicos, materiales optoelectr\u00f3nicos y [&hellip;]<\/p>\n","protected":false},"featured_media":44506,"template":"","meta":{"_acf_changed":false},"product_brand":[],"product_cat":[340],"product_tag":[5803],"class_list":{"0":"post-44505","1":"product","2":"type-product","3":"status-publish","4":"has-post-thumbnail","6":"product_cat-materiales-de-evaporacion","7":"product_tag-oxido-de-titanio-en-granulos","9":"first","10":"instock","11":"shipping-taxable","12":"product-type-variable"},"acf":[],"_links":{"self":[{"href":"https:\/\/ulpmat.com\/es\/wp-json\/wp\/v2\/product\/44505","targetHints":{"allow":["GET"]}}],"collection":[{"href":"https:\/\/ulpmat.com\/es\/wp-json\/wp\/v2\/product"}],"about":[{"href":"https:\/\/ulpmat.com\/es\/wp-json\/wp\/v2\/types\/product"}],"wp:featuredmedia":[{"embeddable":true,"href":"https:\/\/ulpmat.com\/es\/wp-json\/wp\/v2\/media\/44506"}],"wp:attachment":[{"href":"https:\/\/ulpmat.com\/es\/wp-json\/wp\/v2\/media?parent=44505"}],"wp:term":[{"taxonomy":"product_brand","embeddable":true,"href":"https:\/\/ulpmat.com\/es\/wp-json\/wp\/v2\/product_brand?post=44505"},{"taxonomy":"product_cat","embeddable":true,"href":"https:\/\/ulpmat.com\/es\/wp-json\/wp\/v2\/product_cat?post=44505"},{"taxonomy":"product_tag","embeddable":true,"href":"https:\/\/ulpmat.com\/es\/wp-json\/wp\/v2\/product_tag?post=44505"}],"curies":[{"name":"wp","href":"https:\/\/api.w.org\/{rel}","templated":true}]}}