{"id":44348,"date":"2026-01-23T11:37:50","date_gmt":"2026-01-23T03:37:50","guid":{"rendered":"https:\/\/ulpmat.com\/product\/oxido-de-titanio-7\/"},"modified":"2026-01-23T11:37:50","modified_gmt":"2026-01-23T03:37:50","slug":"oxido-de-titanio-7","status":"publish","type":"product","link":"https:\/\/ulpmat.com\/es\/producto\/oxido-de-titanio-7\/","title":{"rendered":"\u00d3xido de titanio"},"content":{"rendered":"<h2><span style=\"font-size: 14pt;\">Descripci\u00f3n general de los gr\u00e1nulos de \u00f3xido de titanio<\/span><\/h2>\n<p>Los gr\u00e1nulos<br \/>\n<span style=\"color: #0000ff;\"><a style=\"color: #0000ff;\" href=\"https:\/\/ulpmat.com\/es\/buscar\/?type=name&#038;keyword=Titanium+oxide\">de \u00f3xido de titanio<\/a><\/span><br \/>\nson materiales de \u00f3xido de titanio con estados de valencia mixtos, valiosos para la investigaci\u00f3n en t\u00e9rminos de estabilidad t\u00e9rmica y propiedades el\u00e9ctricas. Este material se utiliza ampliamente en campos de investigaci\u00f3n relacionados con cer\u00e1micas funcionales, materiales de cambio de fase y \u00f3xidos de metales de transici\u00f3n.<\/p>\n<p>Podemos proporcionar materiales granulares de Ti3O5 con una composici\u00f3n estable y una morfolog\u00eda de part\u00edculas uniforme para la investigaci\u00f3n y el desarrollo de materiales funcionales. P\u00f3ngase <span style=\"color: #0000ff;\"><a style=\"color: #0000ff;\" href=\"https:\/\/ulpmat.com\/es\/contacto\/\">en contacto con nosotros<\/a><\/span><br \/>\npara solicitar muestras.<\/p>\n<h2><span style=\"font-size: 14pt;\">Caracter\u00edsticas destacadas del producto<\/span><\/h2>\n<p>Estado de valencia mixta.<br \/>\nMorfolog\u00eda de part\u00edculas para un f\u00e1cil procesamiento.<br \/>\nBuena estabilidad t\u00e9rmica.<br \/>\nValor para la investigaci\u00f3n sobre cambios de fase.<br \/>\nComposici\u00f3n qu\u00edmica estable.<br \/>\nConsistencia fiable entre lotes<\/p>\n<h2><span style=\"font-size: 14pt;\">. Aplicaciones de los gr\u00e1nulos de \u00f3xido de titanio<\/span><\/h2>\n<p><strong>Investigaci\u00f3n sobre materiales de cambio de fase y transformaci\u00f3n estructural:<\/strong><br \/>\ndebido a su comportamiento de cambio de fase en diferentes condiciones de temperatura, se utiliza a menudo en investigaciones relacionadas con los mecanismos de cambio de fase y las transformaciones estructurales.<\/p>\n<p><strong>Materiales cer\u00e1micos funcionales:<\/strong><br \/>\nse puede utilizar como materia prima para cer\u00e1micas funcionales con el fin de preparar materiales cer\u00e1micos con propiedades el\u00e9ctricas o estructurales espec\u00edficas.<\/p>\n<p><strong>Investigaci\u00f3n de materiales electr\u00f3nicos y el\u00e9ctricos:<\/strong><br \/>\neste material es adecuado para estudiar la conductividad, las propiedades el\u00e9ctricas y la dependencia de la temperatura de los \u00f3xidos de estado de valencia mixta.<\/p>\n<p><strong>Materiales precursores de pel\u00edculas finas y recubrimientos:<\/strong><br \/>\nse pueden utilizar como material precursor para la evaporaci\u00f3n o la pulverizaci\u00f3n cat\u00f3dica con el fin de preparar pel\u00edculas finas funcionales relacionadas con los \u00f3xidos de titanio.<\/p>\n<p><strong>Investigaci\u00f3n b\u00e1sica en ciencia de materiales:<\/strong><br \/>\nampliamente utilizado en universidades e instituciones de investigaci\u00f3n para la investigaci\u00f3n de materiales en sistemas de \u00f3xidos de metales de transici\u00f3n.<\/p>\n<h2><span style=\"color: #0000ff; font-size: 14pt;\"><a style=\"color: #0000ff;\" href=\"https:\/\/ulpmat.com\/es\/empresa\/preguntas-frecuentes\/\">Preguntas frecuentes<\/a><\/span><\/h2>\n<p>P1: \u00bfA qu\u00e9 categor\u00eda de \u00f3xido de titanio pertenece el Ti\u2083O\u2085?<br \/>\nR1: Pertenece a los materiales de \u00f3xido de titanio con estados de valencia mixtos (Ti\u00b3\u207a\/Ti\u2074\u207a).<\/p>\n<p>P2: \u00bfCu\u00e1l es la diferencia entre Ti\u2083O\u2085 y TiO\u2082, Ti\u2082O\u2083?<br \/>\nR2: En comparaci\u00f3n con TiO\u2082 y Ti\u2082O\u2083, Ti\u2083O\u2085 tiene diferentes relaciones de valencia y estructuras de fase, por lo que presenta diferentes propiedades el\u00e9ctricas y de transici\u00f3n de fase.<\/p>\n<p>P3: \u00bfEsta part\u00edcula se utiliza principalmente para investigaci\u00f3n o para la industria?<br \/>\nR3: Actualmente, se utiliza principalmente en investigaci\u00f3n y desarrollo de materiales funcionales, especialmente en investigaci\u00f3n relacionada con transiciones de fase y propiedades el\u00e9ctricas.<\/p>\n<p>P4: \u00bfLas part\u00edculas de Ti\u2083O\u2085 son adecuadas para la investigaci\u00f3n a altas temperaturas?<br \/>\nR4: En condiciones controladas, este material presenta una buena estabilidad t\u00e9rmica y es adecuado para la investigaci\u00f3n de estructuras de fase y propiedades a altas temperaturas.<\/p>\n<h2><span style=\"font-size: 14pt;\">Informe<\/span><\/h2>\n<p>Cada lote se suministra con:<br \/>\n<span style=\"color: #0000ff;\"><a style=\"color: #0000ff;\" href=\"https:\/\/ulpmat.com\/es\/documentos\/certificado-de-analisis\/\"><u>Certificado de an\u00e1lisis (COA)<\/u><\/a><\/span><\/p>\n<p><span style=\"color: #0000ff;\"><a style=\"color: #0000ff;\" href=\"https:\/\/ulpmat.com\/es\/documentos\/ficha-tecnica\/\"><u>Ficha t\u00e9cnica (TDS)<\/u><\/a><\/span><\/p>\n<p><span style=\"color: #0000ff;\"><a style=\"color: #0000ff;\" href=\"https:\/\/ulpmat.com\/es\/documentos\/ficha-de-datos-de-seguridad\/\"><u>Ficha de datos de seguridad (MSDS)<\/u><\/a><\/span><br \/>\nInforme de inspecci\u00f3n de tama\u00f1o<br \/>\nInformes de pruebas de terceros disponibles bajo petici\u00f3n<\/p>\n<h2><span style=\"font-size: 14pt;\">\u00bfPor qu\u00e9 elegirnos?<\/span><\/h2>\n<p>Nos especializamos en la preparaci\u00f3n estable y la gesti\u00f3n de la calidad de materiales funcionales de \u00f3xido de titanio, proporcionando un soporte material fiable para la investigaci\u00f3n cient\u00edfica y la aplicaci\u00f3n de part\u00edculas de Ti\u2083O\u2085.<\/p>\n","protected":false},"excerpt":{"rendered":"<p>Descripci\u00f3n general de los gr\u00e1nulos de \u00f3xido de titanio Los gr\u00e1nulos de \u00f3xido de titanio son materiales de \u00f3xido de titanio con estados de valencia mixtos, valiosos para la investigaci\u00f3n en t\u00e9rminos de estabilidad t\u00e9rmica y propiedades el\u00e9ctricas. Este material se utiliza ampliamente en campos de investigaci\u00f3n relacionados con cer\u00e1micas funcionales, materiales de cambio de [&hellip;]<\/p>\n","protected":false},"featured_media":44349,"template":"","meta":{"_acf_changed":false},"product_brand":[],"product_cat":[340],"product_tag":[5803],"class_list":{"0":"post-44348","1":"product","2":"type-product","3":"status-publish","4":"has-post-thumbnail","6":"product_cat-materiales-de-evaporacion","7":"product_tag-oxido-de-titanio-en-granulos","9":"first","10":"instock","11":"shipping-taxable","12":"product-type-variable"},"acf":[],"_links":{"self":[{"href":"https:\/\/ulpmat.com\/es\/wp-json\/wp\/v2\/product\/44348","targetHints":{"allow":["GET"]}}],"collection":[{"href":"https:\/\/ulpmat.com\/es\/wp-json\/wp\/v2\/product"}],"about":[{"href":"https:\/\/ulpmat.com\/es\/wp-json\/wp\/v2\/types\/product"}],"wp:featuredmedia":[{"embeddable":true,"href":"https:\/\/ulpmat.com\/es\/wp-json\/wp\/v2\/media\/44349"}],"wp:attachment":[{"href":"https:\/\/ulpmat.com\/es\/wp-json\/wp\/v2\/media?parent=44348"}],"wp:term":[{"taxonomy":"product_brand","embeddable":true,"href":"https:\/\/ulpmat.com\/es\/wp-json\/wp\/v2\/product_brand?post=44348"},{"taxonomy":"product_cat","embeddable":true,"href":"https:\/\/ulpmat.com\/es\/wp-json\/wp\/v2\/product_cat?post=44348"},{"taxonomy":"product_tag","embeddable":true,"href":"https:\/\/ulpmat.com\/es\/wp-json\/wp\/v2\/product_tag?post=44348"}],"curies":[{"name":"wp","href":"https:\/\/api.w.org\/{rel}","templated":true}]}}