{"id":44133,"date":"2026-01-23T11:37:56","date_gmt":"2026-01-23T03:37:56","guid":{"rendered":"https:\/\/ulpmat.com\/product\/titanio-aleacion-de-aluminio-3\/"},"modified":"2026-01-23T11:37:56","modified_gmt":"2026-01-23T03:37:56","slug":"titanio-aleacion-de-aluminio-3","status":"publish","type":"product","link":"https:\/\/ulpmat.com\/es\/producto\/titanio-aleacion-de-aluminio-3\/","title":{"rendered":"Titanio Aleaci\u00f3n de aluminio"},"content":{"rendered":"<h2><span style=\"font-size: 14pt;\">Barras de aleaci\u00f3n de titanio y aluminio Descripci\u00f3n general<\/span><\/h2>\n<p>Las barras de aleaci\u00f3n de<br \/>\n<span style=\"color: #0000ff;\"><a style=\"color: #0000ff;\" href=\"https:\/\/ulpmat.com\/es\/buscar\/?type=name&#038;keyword=Titanium+Aluminum\">titanio y aluminio<\/a><\/span><br \/>\nson materiales ligeros y de alta resistencia, que poseen un excelente rendimiento a altas temperaturas y resistencia a la oxidaci\u00f3n. Se utilizan ampliamente en la industria aeroespacial, en componentes estructurales de alta temperatura, en piezas mec\u00e1nicas de precisi\u00f3n y en el posprocesamiento de productos de pulvimetalurgia.<\/p>\n<p>Ofrecemos varillas de aleaci\u00f3n de titanio y aluminio con una composici\u00f3n uniforme y dimensiones precisas, adecuadas para aplicaciones a altas temperaturas en la investigaci\u00f3n y la industria. P\u00f3ngase<span style=\"color: #0000ff;\"><a style=\"color: #0000ff;\" href=\"https:\/\/ulpmat.com\/es\/contacto\/\"> en contacto con nosotros<\/a><\/span><br \/>\npara obtener especificaciones e informaci\u00f3n t\u00e9cnica.<\/p>\n<h2><span style=\"font-size: 14pt;\">Caracter\u00edsticas destacadas del producto<\/span><\/h2>\n<p>Aleaci\u00f3n de titanio y aluminio ligera y de alta resistencia<br \/>\nExcelente resistencia a altas temperaturas<br \/>\nBuena resistencia a la oxidaci\u00f3n<br \/>\nAlta precisi\u00f3n dimensional y buena maquinabilidad<br \/>\nAdecuada para la industria aeroespacial y la maquinaria de precisi\u00f3n.<br \/>\nConsistencia fiable entre lotes. Longitudes y di\u00e1metros<br \/>\n<span style=\"color: #0000ff;\"><a style=\"color: #0000ff;\" href=\"https:\/\/ulpmat.com\/es\/servicio\/personalizacion\/\">personalizables<\/a><\/span><br \/>\n.<\/p>\n<h2><span style=\"font-size: 14pt;\">Aplicaciones de las barras de aleaci\u00f3n de titanio y aluminio<\/span><\/h2>\n<p><strong>Componentes aeroespaciales de alta temperatura:<\/strong><br \/>\nse pueden mecanizar para obtener componentes estructurales de alta temperatura para motores aeron\u00e1uticos y \u00e1labes de turbina, lo que garantiza su resistencia y su resistencia a altas temperaturas.<br \/>\n<strong>Piezas mec\u00e1nicas de precisi\u00f3n:<\/strong><br \/>\nadecuadas para el mecanizado de piezas ligeras y de alta resistencia en maquinaria de precisi\u00f3n y equipos industriales.<br \/>\n<strong>Postprocesamiento de pulvimetalurgia:<\/strong><br \/>\nse puede utilizar como material de prensado, extrusi\u00f3n o mecanizado para productos de pulvimetalurgia, mejorando el rendimiento de los componentes estructurales.<br \/>\n<strong>Investigaci\u00f3n y desarrollo de materiales:<\/strong><br \/>\nse utiliza para la investigaci\u00f3n de sistemas de aleaciones de titanio y aluminio, pruebas de rendimiento de materiales a alta temperatura y desarrollo de procesos.<\/p>\n<h2><span style=\"color: #0000ff; font-size: 14pt;\"><a style=\"color: #0000ff;\" href=\"https:\/\/ulpmat.com\/es\/empresa\/preguntas-frecuentes\/\">Preguntas frecuentes<\/a><\/span><\/h2>\n<p>P1: \u00bfPara qu\u00e9 tipos de aplicaciones a alta temperatura es adecuada la barra de aleaci\u00f3n de titanio y aluminio?<br \/>\nR1: Es adecuada para entornos aeroespaciales e industriales de alta temperatura, capaz de soportar altas temperaturas y oxidaci\u00f3n.<\/p>\n<p>P2: \u00bfSe puede mecanizar con precisi\u00f3n la barra de TiAl?<br \/>\nR2: S\u00ed, este material tiene buena maquinabilidad y se puede tornear, fresar y rectificar.<\/p>\n<p>P3: \u00bfSe puede utilizar la barra de TiAl para el procesamiento posterior de productos de pulvimetalurgia?<br \/>\nR3: S\u00ed, se puede utilizar para procesos de extrusi\u00f3n, estiramiento o prensado para mejorar el rendimiento del producto.<\/p>\n<p>P4: \u00bfSe puede personalizar el tama\u00f1o de la barra de TiAl?<br \/>\nR4: S\u00ed, se pueden proporcionar diferentes di\u00e1metros, longitudes y tolerancias seg\u00fan los requisitos del cliente.<\/p>\n<h2><span style=\"font-size: 14pt;\">Informe<\/span><\/h2>\n<p>Cada lote se suministra con:<br \/>\n<span style=\"color: #0000ff;\"><a style=\"color: #0000ff;\" href=\"https:\/\/ulpmat.com\/es\/documentos\/certificado-de-analisis\/\"><u>Certificado de an\u00e1lisis (COA)<\/u><\/a><\/span><\/p>\n<p><span style=\"color: #0000ff;\"><a style=\"color: #0000ff;\" href=\"https:\/\/ulpmat.com\/es\/documentos\/ficha-tecnica\/\"><u>Ficha t\u00e9cnica (TDS)<\/u><\/a><\/span><\/p>\n<p><span style=\"color: #0000ff;\"><a style=\"color: #0000ff;\" href=\"https:\/\/ulpmat.com\/es\/documentos\/ficha-de-datos-de-seguridad\/\"><u>Ficha de datos de seguridad (MSDS)<\/u><\/a><\/span><br \/>\nInforme de inspecci\u00f3n de tama\u00f1o<br \/>\nInformes de pruebas de terceros disponibles bajo petici\u00f3n<\/p>\n<h2><span style=\"font-size: 14pt;\">. \u00bfPor qu\u00e9 elegirnos?<\/span><\/h2>\n<p>Nos especializamos en la investigaci\u00f3n y el suministro de materiales de aleaci\u00f3n de titanio y aluminio de alto rendimiento, lo que garantiza la fiabilidad de las barras de TiAl en t\u00e9rminos de composici\u00f3n, dimensiones y propiedades mec\u00e1nicas, proporcionando un apoyo estable para la investigaci\u00f3n cient\u00edfica, las piezas industriales de alta temperatura y el mecanizado de precisi\u00f3n.<\/p>\n","protected":false},"excerpt":{"rendered":"<p>Barras de aleaci\u00f3n de titanio y aluminio Descripci\u00f3n general Las barras de aleaci\u00f3n de titanio y aluminio son materiales ligeros y de alta resistencia, que poseen un excelente rendimiento a altas temperaturas y resistencia a la oxidaci\u00f3n. Se utilizan ampliamente en la industria aeroespacial, en componentes estructurales de alta temperatura, en piezas mec\u00e1nicas de precisi\u00f3n [&hellip;]<\/p>\n","protected":false},"featured_media":44134,"template":"","meta":{"_acf_changed":false},"product_brand":[132],"product_cat":[408],"product_tag":[5791],"class_list":{"0":"post-44133","1":"product","2":"type-product","3":"status-publish","4":"has-post-thumbnail","6":"product_brand-ulpmat","7":"product_cat-otros-materiales","8":"product_tag-varilla-de-aleacion-de-aluminio-y-titanio","10":"first","11":"instock","12":"shipping-taxable","13":"product-type-variable"},"acf":[],"_links":{"self":[{"href":"https:\/\/ulpmat.com\/es\/wp-json\/wp\/v2\/product\/44133","targetHints":{"allow":["GET"]}}],"collection":[{"href":"https:\/\/ulpmat.com\/es\/wp-json\/wp\/v2\/product"}],"about":[{"href":"https:\/\/ulpmat.com\/es\/wp-json\/wp\/v2\/types\/product"}],"wp:featuredmedia":[{"embeddable":true,"href":"https:\/\/ulpmat.com\/es\/wp-json\/wp\/v2\/media\/44134"}],"wp:attachment":[{"href":"https:\/\/ulpmat.com\/es\/wp-json\/wp\/v2\/media?parent=44133"}],"wp:term":[{"taxonomy":"product_brand","embeddable":true,"href":"https:\/\/ulpmat.com\/es\/wp-json\/wp\/v2\/product_brand?post=44133"},{"taxonomy":"product_cat","embeddable":true,"href":"https:\/\/ulpmat.com\/es\/wp-json\/wp\/v2\/product_cat?post=44133"},{"taxonomy":"product_tag","embeddable":true,"href":"https:\/\/ulpmat.com\/es\/wp-json\/wp\/v2\/product_tag?post=44133"}],"curies":[{"name":"wp","href":"https:\/\/api.w.org\/{rel}","templated":true}]}}